{"id":16599,"date":"2026-02-17T13:55:59","date_gmt":"2026-02-17T13:55:59","guid":{"rendered":"https:\/\/comprasyconsejos.store\/product\/akaso-sports-camera-4k-30fps-20mp-wifi-action-camera-30m-aquatic-submersible-camera-with-stabilization-170-wide-angle-ultra-hd-image-quality-for-adventure-enthusiasts\/"},"modified":"2026-02-17T13:56:07","modified_gmt":"2026-02-17T13:56:07","slug":"akaso-sports-camera-4k-30fps-20mp-wifi-action-camera-30m-aquatic-submersible-camera-with-stabilization-170-wide-angle-ultra-hd-image-quality-for-adventure-enthusiasts","status":"publish","type":"product","link":"https:\/\/comprasyconsejos.store\/en\/product\/akaso-sports-camera-4k-30fps-20mp-wifi-action-camera-30m-aquatic-submersible-camera-with-stabilization-170-wide-angle-ultra-hd-image-quality-for-adventure-enthusiasts\/","title":{"rendered":"AKASO Sports Camera 4K 30fps 20MP WiFi Action Camera &#8211; 30M Aquatic Submersible Camera with Stabilization &#8211; 170\u00b0 Wide Angle &#8211; Ultra HD Image Quality for Adventure Enthusiasts"},"content":{"rendered":"<p>Price: <span style=\"color:#b12704\">\u20ac69.99<\/span><br \/><i><small>(as of Feb 17, 2026 13:56:00 UTC &#8211; <span class=\"wp_automatic_amazon_disclaimer\" title=\"Product prices and availability are accurate as of the date\/time indicated and are subject to change. Any price and availability information displayed on [relevant Amazon Site(s), as applicable] at the time of purchase will apply to the purchase of this product.\">Details<\/span>)<\/small><\/i><\/p>\n<p><a href=\"https:\/\/amazon.es\/dp\/B0CK216WL7?tag=man008-21\"><img decoding=\"async\" src=\"https:\/\/valvepress.s3.amazonaws.com\/imgs\/buy_now.png\"><\/a><br \/>\n<\/p>\n<p>                                             From the brand   <\/p>\n<p>                                              <img decoding=\"async\" alt=\"El texto dice \u00abCOMIENZA CON NOSOTROS\u00bb. Imagen de fondo atmosf\u00e9rico oscuro con siluetas de palmeras contra el cielo nocturno.\" src=\"https:\/\/images-na.ssl-images-amazon.com\/images\/G\/01\/x-locale\/common\/grey-pixel.gif\" class=\"a-lazy-loaded\" data-src=\"https:\/\/m.media-amazon.com\/images\/S\/aplus-media-library-service-media\/8fd81364-29ab-4ed0-8312-23d7f7ab826c.__CR0,0,1464,625_PT0_SX1464_V1___.jpg\"><img decoding=\"async\" alt=\"El texto dice \u00abCOMIENZA CON NOSOTROS\u00bb. Imagen de fondo atmosf\u00e9rico oscuro con siluetas de palmeras contra el cielo nocturno.\" src=\"https:\/\/m.media-amazon.com\/images\/S\/aplus-media-library-service-media\/8fd81364-29ab-4ed0-8312-23d7f7ab826c.__CR0,0,1464,625_PT0_SX1464_V1___.jpg\">  <\/p>\n<p>                                              <img decoding=\"async\" alt=\"El texto dice \u00abIR M\u00c1S ALLA\u00bb, seguido de varios p\u00e1rrafos que describen la visi\u00f3n, los valores y las declaraciones de misi\u00f3n en espa\u00f1ol, sobre un fondo oscuro con efectos de iluminaci\u00f3n azul.\" src=\"https:\/\/images-na.ssl-images-amazon.com\/images\/G\/01\/x-locale\/common\/grey-pixel.gif\" class=\"a-lazy-loaded\" data-src=\"https:\/\/m.media-amazon.com\/images\/S\/aplus-media-library-service-media\/7a9e56ba-9971-4f0f-baaf-3f37ec9c27fe.__CR0,0,362,453_PT0_SX362_V1___.png\"><img decoding=\"async\" alt=\"El texto dice \u00abIR M\u00c1S ALLA\u00bb, seguido de varios p\u00e1rrafos que describen la visi\u00f3n, los valores y las declaraciones de misi\u00f3n en espa\u00f1ol, sobre un fondo oscuro con efectos de iluminaci\u00f3n azul.\" src=\"https:\/\/m.media-amazon.com\/images\/S\/aplus-media-library-service-media\/7a9e56ba-9971-4f0f-baaf-3f37ec9c27fe.__CR0,0,362,453_PT0_SX362_V1___.png\">  <\/p>\n<h3> C\u00e1mara de Acci\u00f3n 360 <\/h3>\n<p class=\"apm-brand-story-stores-link\">\n<h3> C\u00e1mara Deportiva <\/h3>\n<p class=\"apm-brand-story-stores-link\">\n<h3> C\u00e1mara Acuatica Sumergible <\/h3>\n<p class=\"apm-brand-story-stores-link\">\n<h3> C\u00e1mara de Acci\u00f3n <\/h3>\n<p class=\"apm-brand-story-stores-link\">\n<h3> Accesorios para AKASO <\/h3>\n<p class=\"apm-brand-story-stores-link\">\n<p> Batteries                                            \u200f                                            :                                            \u200e                                            2 Lithium Polymer batteries required.   <br \/> Product Dimensions                                            \u200f                                            :                                            \u200e                                            4.2 x 6 x 3.1 cm; 41 g   <br \/> Date First Available                                            \u200f                                            :                                            \u200e                                            13 Nov. 2023   <br \/> Manufacturer                                            \u200f                                            :                                            \u200e                                            AKASO   <br \/> ASIN                                            \u200f                                            :                                            \u200e                                            B0CK216WL7   <br \/> Item model number                                            \u200f                                            :                                            \u200e                                            EK7000   <br \/> Guaranteed software updates until                                            \u200f                                            :                                            \u200e                                            unknown   <br \/>       Best Sellers Rank:  1,281 in Electronics (See Top 100 in Electronics)    10 in Action Cameras   1,773 in Climate Pledge Friendly: Shop all      <br \/>  Customer reviews:                                                                                            4.3               4.3 out of 5 stars                                  (3,606)                                              var dpAcrHasRegisteredArcLinkClickAction;                    P.when(&#8216;A&#8217;, &#8216;ready&#8217;).execute(function(A) {                        if (dpAcrHasRegisteredArcLinkClickAction !== true) {                            dpAcrHasRegisteredArcLinkClickAction = true;                            A.declarative(                                &#8216;acrLink-click-metrics&#8217;, &#8216;click&#8217;,                                { \u00aballowLinkDefault\u00bb: true },                                function (event) {                                    if (window.ue) {                                        ue.count(\u00abacrLinkClickCount\u00bb, (ue.count(\u00abacrLinkClickCount\u00bb) || 0) + 1);                                    }                                }                            );                        }                    });                                             P.when(&#8216;A&#8217;, &#8216;cf&#8217;).execute(function(A) {                A.declarative(&#8216;acrStarsLink-click-metrics&#8217;, &#8216;click&#8217;, { \u00aballowLinkDefault\u00bb : true },  function(event){                    if(window.ue) {                        ue.count(\u00abacrStarsLinkWithPopoverClickCount\u00bb, (ue.count(\u00abacrStarsLinkWithPopoverClickCount\u00bb) || 0) + 1);                    }                });            });                          <\/p>\n<p>\u30104K Ultra HD Sports Camera with 170\u00b0 Wide Angle Lens\u3011Video recording up to 4K\/30fps and 2.7K\/30fps and 20MP photos. Shoot professional 4K videos at 30 frames per second, sharp 20MP images and four times more resolutions than conventional HD cameras. Capture your best moments and share them with unmatched clarity.<br \/>\u301030M Waterproof 4K Camera\u3011AKASO Waterproof Sports Camera EK7000 is designed for extreme environments. Equipped with a waterproof shell, it can take photos underwater up to 30 meters deep. Ideal for outdoor activities, such as swimming, surfing, etc. The package also contains a set of 19 accessories that allows you to attach the Action Cam almost anywhere.<br \/>\u3010Electronic Image Stabilization\u3011Enjoy unmatched video stability with built-in Electronic Image Stabilization (EIS) technology. The AKASO EK7000 sports camera ensures smooth and perfectly stable videos, even when shooting fast-moving objects. Don&#8217;t miss any action with exceptional quality.<br \/>\u3010Convenient Wireless Connectivity\u3011Enjoy the built-in WiFi feature to edit and share your recordings in minutes. Simply download the app (AKASO GO), connect to the camera and use your Android or iOS smartphone to view and shoot shots. With a range of up to 10 meters, share your adventures instantly with ease.<br \/>\u3010Improved Lifetime\u3011Enjoy extended battery life with the AKASO EK7000 action camera. Comes with two 1050mAh batteries, each with up to 90 minutes of recording, now you will have twice the time to capture your favorite moments. Don&#8217;t miss the opportunity and record even more with this enhanced autonomy.<\/p>\n\n","protected":false},"excerpt":{"rendered":"<p> From the brand C\u00e1mara de Acci\u00f3n 360 C\u00e1mara Deportiva C\u00e1mara Acuatica Sumergible C\u00e1mara de Acci\u00f3n<\/p>","protected":false},"featured_media":16600,"comment_status":"open","ping_status":"closed","template":"","meta":[],"product_brand":[],"product_cat":[99],"product_tag":[3971,3028,3970,3529,2360,3974,3968,593,3972,681,3020,3030,3025,3975,3022,3128,3027,3023,3032,3018,3033,3029,1856,3024,3035,3034,3021,1270,3026,3019,3969,3096,3973,3031,222,2561,543],"class_list":{"0":"post-16599","1":"product","2":"type-product","3":"status-publish","4":"has-post-thumbnail","6":"product_cat-mirrorless","7":"product_tag-20mp","8":"product_tag-24-70mm-mirrorless","9":"product_tag-30fps","10":"product_tag-30m","11":"product_tag-action","12":"product_tag-adventure","13":"product_tag-akaso","14":"product_tag-angle","15":"product_tag-aquatic","16":"product_tag-camera","17":"product_tag-canon-mirrorless","18":"product_tag-compact-mirrorless","19":"product_tag-e-mount-lens","20":"product_tag-enthusiasts","21":"product_tag-fujifilm-mirrorless","22":"product_tag-image","23":"product_tag-lumix-lens","24":"product_tag-micro-four-thirds-lens","25":"product_tag-mirrorless-body-only","26":"product_tag-mirrorless-camera","27":"product_tag-mirrorless-camera-accessories","28":"product_tag-mirrorless-camera-bundle","29":"product_tag-mirrorless-cameras","30":"product_tag-mirrorless-lens","31":"product_tag-mirrorless-stabilizer","32":"product_tag-mirrorless-tripod","33":"product_tag-nikon-mirrorless","34":"product_tag-quality","35":"product_tag-sony-a6000-lens","36":"product_tag-sony-mirrorless","37":"product_tag-sports","38":"product_tag-stabilization","39":"product_tag-submersible","40":"product_tag-travel-mirrorless","41":"product_tag-ultra","42":"product_tag-wide","43":"product_tag-wifi","45":"first","46":"instock","47":"shipping-taxable","48":"product-type-external"},"_links":{"self":[{"href":"https:\/\/comprasyconsejos.store\/en\/wp-json\/wp\/v2\/product\/16599","targetHints":{"allow":["GET"]}}],"collection":[{"href":"https:\/\/comprasyconsejos.store\/en\/wp-json\/wp\/v2\/product"}],"about":[{"href":"https:\/\/comprasyconsejos.store\/en\/wp-json\/wp\/v2\/types\/product"}],"replies":[{"embeddable":true,"href":"https:\/\/comprasyconsejos.store\/en\/wp-json\/wp\/v2\/comments?post=16599"}],"version-history":[{"count":0,"href":"https:\/\/comprasyconsejos.store\/en\/wp-json\/wp\/v2\/product\/16599\/revisions"}],"wp:featuredmedia":[{"embeddable":true,"href":"https:\/\/comprasyconsejos.store\/en\/wp-json\/wp\/v2\/media\/16600"}],"wp:attachment":[{"href":"https:\/\/comprasyconsejos.store\/en\/wp-json\/wp\/v2\/media?parent=16599"}],"wp:term":[{"taxonomy":"product_brand","embeddable":true,"href":"https:\/\/comprasyconsejos.store\/en\/wp-json\/wp\/v2\/product_brand?post=16599"},{"taxonomy":"product_cat","embeddable":true,"href":"https:\/\/comprasyconsejos.store\/en\/wp-json\/wp\/v2\/product_cat?post=16599"},{"taxonomy":"product_tag","embeddable":true,"href":"https:\/\/comprasyconsejos.store\/en\/wp-json\/wp\/v2\/product_tag?post=16599"}],"curies":[{"name":"wp","href":"https:\/\/api.w.org\/{rel}","templated":true}]}}