{"id":16646,"date":"2026-02-17T13:57:00","date_gmt":"2026-02-17T13:57:00","guid":{"rendered":"https:\/\/comprasyconsejos.store\/product\/wd-my-passport-2tb-external-portable-ssd-external-hard-drive-with-read-speed-up-to-1050mb-s-1000mb-s-write-works-with-pc-xbox-and-playstation-space-gray\/"},"modified":"2026-02-17T13:57:04","modified_gmt":"2026-02-17T13:57:04","slug":"wd-my-passport-2tb-external-portable-ssd-external-hard-drive-with-read-speed-up-to-1050mb-s-1000mb-s-write-works-with-pc-xbox-and-playstation-space-gray","status":"publish","type":"product","link":"https:\/\/comprasyconsejos.store\/en\/product\/wd-my-passport-2tb-external-portable-ssd-external-hard-drive-with-read-speed-up-to-1050mb-s-1000mb-s-write-works-with-pc-xbox-and-playstation-space-gray\/","title":{"rendered":"WD My Passport 2TB External Portable SSD External Hard Drive with Read Speed up to 1050MB\/s 1000MB\/s Write, Works with PC, Xbox and Playstation, Space Gray"},"content":{"rendered":"<p>Price: <span style=\"color:#b12704\">\u20ac184.40<\/span><br \/><i><small>(as of Feb 17, 2026 13:57:01 UTC &#8211; <span class=\"wp_automatic_amazon_disclaimer\" title=\"Product prices and availability are accurate as of the date\/time indicated and are subject to change. Any price and availability information displayed on [relevant Amazon Site(s), as applicable] at the time of purchase will apply to the purchase of this product.\">Details<\/span>)<\/small><\/i><\/p>\n<p><a href=\"https:\/\/amazon.es\/dp\/B08F1VVBL9?tag=man008-21\"><img decoding=\"async\" src=\"https:\/\/valvepress.s3.amazonaws.com\/imgs\/buy_now.png\"><\/a><br \/>\n<\/p>\n<p>                                             From the manufacturer   <\/p>\n<p>                                                                                                       <img decoding=\"async\" alt=\"Header\" src=\"https:\/\/images-na.ssl-images-amazon.com\/images\/G\/01\/x-locale\/common\/grey-pixel.gif\" class=\"a-lazy-loaded\" data-src=\"https:\/\/m.media-amazon.com\/images\/S\/aplus-media\/vc\/923319c1-b103-4de3-b845-80026e0640cc.__CR0,0,1464,600_PT0_SX1464_V1___.jpg\"><img decoding=\"async\" alt=\"Header\" src=\"https:\/\/m.media-amazon.com\/images\/S\/aplus-media\/vc\/923319c1-b103-4de3-b845-80026e0640cc.__CR0,0,1464,600_PT0_SX1464_V1___.jpg\">                                               <\/p>\n<p>The video showcases the product in use.The video guides you through product setup.The video compares multiple products.The video shows the product being unpacked.<\/p>\n<h3 class=\"aplus-h1 aplus-module-1-heading a-text-bold\"> RENDIMIENTO ACELERADO <\/h3>\n<p class=\"aplus-p2 aplus-module-1-description\"> Los archivos m\u00e1s grandes y la cantidad de contenido cada vez mayor exigen un rendimiento de nueva generaci\u00f3n. My Passport SSD ofrece velocidades de lectura de hasta 1050 MB\/s* y de escritura de hasta 1000 MB\/s* para que puedas acceder a tu mundo digital en cualquier momento y lugar. <\/p>\n<p class=\"aplus-p2 aplus-module-1-description\"> *En lo que se refiere a velocidad de transferencia, 1 MB\/s = un mill\u00f3n de bytes por segundo. Seg\u00fan las pruebas internas, el rendimiento puede variar en funci\u00f3n del dispositivo, la capacidad del disco y otros factores <\/p>\n<p>                                           <img decoding=\"async\" alt=\"RENDIMIENTO \" src=\"https:\/\/images-na.ssl-images-amazon.com\/images\/G\/01\/x-locale\/common\/grey-pixel.gif\" class=\"a-lazy-loaded\" data-src=\"https:\/\/m.media-amazon.com\/images\/S\/aplus-media\/vc\/e5d5acbd-dfb5-4f40-920d-36cd15c328df.__CR0,0,800,600_PT0_SX800_V1___.jpg\"><img decoding=\"async\" alt=\"RENDIMIENTO \" src=\"https:\/\/m.media-amazon.com\/images\/S\/aplus-media\/vc\/e5d5acbd-dfb5-4f40-920d-36cd15c328df.__CR0,0,800,600_PT0_SX800_V1___.jpg\">          <\/p>\n<p>                                                                                                       <img decoding=\"async\" alt=\"PROTECCI\u00d3N MEDIANTE CONTRASE\u00d1A Y CIFRADO POR HARDWARE\" src=\"https:\/\/images-na.ssl-images-amazon.com\/images\/G\/01\/x-locale\/common\/grey-pixel.gif\" class=\"a-lazy-loaded\" data-src=\"https:\/\/m.media-amazon.com\/images\/S\/aplus-media\/vc\/2c416ee1-b094-4c8f-90e0-78b436d9446d.__CR0,0,1464,600_PT0_SX1464_V1___.jpg\"><img decoding=\"async\" alt=\"PROTECCI\u00d3N MEDIANTE CONTRASE\u00d1A Y CIFRADO POR HARDWARE\" src=\"https:\/\/m.media-amazon.com\/images\/S\/aplus-media\/vc\/2c416ee1-b094-4c8f-90e0-78b436d9446d.__CR0,0,1464,600_PT0_SX1464_V1___.jpg\">                                                                                    PROTECCI\u00d3N MEDIANTE CONTRASE\u00d1A Y CIFRADO POR HARDWARE                                        <\/p>\n<p class=\"aplus-p2 aplus-module-2-description\"> El valor de tu mundo digital es incalculable. Protege tusdatos con el cifrado por hardware AES de 256 bits mediante contrase\u00f1a y copias de seguridad sencillas. <\/p>\n<h3 class=\"aplus-h1 aplus-module-1-heading a-text-bold\"> DURABILIDAD NUNCA VISTA <\/h3>\n<p class=\"aplus-p2 aplus-module-1-description\"> Lleva tus datos de un sitio a otro con confianza. My Passport SSD tiene un llamativo dise\u00f1o met\u00e1lico lo suficientemente resistente para hacer frente a lo que sea. Resistente a golpes y vibraciones. Resistente a ca\u00eddas de hasta 1,98 m. <\/p>\n<p>                                           <img decoding=\"async\" alt=\"DURABILIDAD NUNCA VISTA\" src=\"https:\/\/images-na.ssl-images-amazon.com\/images\/G\/01\/x-locale\/common\/grey-pixel.gif\" class=\"a-lazy-loaded\" data-src=\"https:\/\/m.media-amazon.com\/images\/S\/aplus-media\/vc\/dd20a193-8f27-475c-8fe9-502d51fae5ff.__CR0,0,800,600_PT0_SX800_V1___.jpg\"><img decoding=\"async\" alt=\"DURABILIDAD NUNCA VISTA\" src=\"https:\/\/m.media-amazon.com\/images\/S\/aplus-media\/vc\/dd20a193-8f27-475c-8fe9-502d51fae5ff.__CR0,0,800,600_PT0_SX800_V1___.jpg\">          <\/p>\n<p>                                                                                                       <img decoding=\"async\" alt=\"COPIA DE SEGURIDAD SENCILLA\" src=\"https:\/\/images-na.ssl-images-amazon.com\/images\/G\/01\/x-locale\/common\/grey-pixel.gif\" class=\"a-lazy-loaded\" data-src=\"https:\/\/m.media-amazon.com\/images\/S\/aplus-media\/vc\/9866dfa7-c237-41ec-95d8-e10c5a8f35e1.__CR0,0,1464,600_PT0_SX1464_V1___.jpg\"><img decoding=\"async\" alt=\"COPIA DE SEGURIDAD SENCILLA\" src=\"https:\/\/m.media-amazon.com\/images\/S\/aplus-media\/vc\/9866dfa7-c237-41ec-95d8-e10c5a8f35e1.__CR0,0,1464,600_PT0_SX1464_V1___.jpg\">                                                                                    COPIA DE SEGURIDAD SENCILLA                                        <\/p>\n<p class=\"aplus-p2 aplus-module-2-description\"> El software incluido** te permite hacer copias de seguridad de tu contenido en el disco o en una cuenta en la nube.*** Config\u00faralo y olv\u00eddate. Compatible con Apple Time Machine (requiere formatear). <\/p>\n<p class=\"aplus-p2 aplus-module-2-description\"> **Requiere activaci\u00f3n online *** Puede que sea necesario registrarte con una app o un servicio online <\/p>\n<p>                                                                                                                                                                                                                                                   EL NUEVO ASPECTO DE LOS SSD DE ALTO RENDIMIENTO    <\/p>\n<p class=\"aplus-p2\"> Dise\u00f1ado con estilo en varios colores, con una carcasa met\u00e1lica elegante y compacta. My Passport SSD se ha dise\u00f1ado desde cero para ser un disco que ofrezca una calidad integral y un rendimiento de confianza. Es un disco seguro fabricado con la fiabilidad de WD. <\/p>\n<p>                                            <img decoding=\"async\" alt=\"EL NUEVO ASPECTO DE LOS SSD DE ALTO RENDIMIENTO\" src=\"https:\/\/m.media-amazon.com\/images\/S\/aplus-media\/vc\/c68ce2ab-074f-40e6-bc32-b351a19a9c93.__CR0,0,800,600_PT0_SX800_V1___.jpg\">                                                                                                  COMPATIBILIDAD DESDE EL PRIMER MOMENTO    <\/p>\n<p class=\"aplus-p2\"> No es necesario configurar nada. Est\u00e1 listo para usarse y es compatible con Windows y Mac. My Passport SSD est\u00e1 equipado con tecnolog\u00eda USB 3.2 Gen-2 e incluye un cable USB-C y un adaptador a USB-A para sistemas anteriores. <\/p>\n<p>                                            <img decoding=\"async\" alt=\"COMPATIBILIDAD DESDE EL PRIMER MOMENTO\" src=\"https:\/\/m.media-amazon.com\/images\/S\/aplus-media\/vc\/ae813c8a-5f9e-4bf8-9231-4246730ba5f7.__CR0,0,800,600_PT0_SX800_V1___.jpg\">                                                                     <\/p>\n<p> Language                                            \u200f                                            :                                            \u200e                                            English, English, English, English, English   <br \/> Product Dimensions                                            \u200f                                            :                                            \u200e                                            8.89 x 4.57 x 0.99 cm; 7.09 g   <br \/> Manufacturer                                            \u200f                                            :                                            \u200e                                            Sandisk   <br \/> ASIN                                            \u200f                                            :                                            \u200e                                            B08F1VVBL9   <br \/> Item model number                                            \u200f                                            :                                            \u200e                                            WDBAGF0020BGY   <br \/> Country of origin                                            \u200f                                            :                                            \u200e                                            Spain   <br \/> Guaranteed software updates until                                            \u200f                                            :                                            \u200e                                            unknown   <br \/>  Customer reviews:                                                                                            4.7               4.7 out of 5 stars                                  (9,718)                                              var dpAcrHasRegisteredArcLinkClickAction;                    P.when(&#8216;A&#8217;, &#8216;ready&#8217;).execute(function(A) {                        if (dpAcrHasRegisteredArcLinkClickAction !== true) {                            dpAcrHasRegisteredArcLinkClickAction = true;                            A.declarative(                                &#8216;acrLink-click-metrics&#8217;, &#8216;click&#8217;,                                { \u00aballowLinkDefault\u00bb: true },                                function (event) {                                    if (window.ue) {                                        ue.count(\u00abacrLinkClickCount\u00bb, (ue.count(\u00abacrLinkClickCount\u00bb) || 0) + 1);                                    }                                }                            );                        }                    });                                             P.when(&#8216;A&#8217;, &#8216;cf&#8217;).execute(function(A) {                A.declarative(&#8216;acrStarsLink-click-metrics&#8217;, &#8216;click&#8217;, { \u00aballowLinkDefault\u00bb : true },  function(event){                    if(window.ue) {                        ue.count(\u00abacrStarsLinkWithPopoverClickCount\u00bb, (ue.count(\u00abacrStarsLinkWithPopoverClickCount\u00bb) || 0) + 1);                    }                });            });                          <\/p>\n<p>ACCELERATED PERFORMANCE: My Passport SSD offers read speeds of up to 1050MB\/s and write speeds of up to 1000MB\/s, as well as capacities up to 2TB so you can access your digital world anytime, anywhere.<br \/>PASSWORD PROTECTION AND HARDWARE Encryption The value of your digital world is incalculable. Protect your data with 256-bit AES hardware encryption using passwords and easy backups.<br \/>NEVER VIEW DURABILITY Take your data from one site to another with confidence. My Passport SSD has a striking metallic design tough enough to tackle whatever it is. Shock and vibration resistant. Drop resistant up to 6.5 ft.<br \/>EASY BACKUP The included backup software makes it easy to back up large files to a cloud service&#8217;s disk or account. Set it up and forget. Compatible with Apple Time Machine (Reformatting Required)<br \/>Stylishly designed in multiple colors, with a sleek and compact metal case. My Passport SSD is designed from the ground up to be a drive that delivers comprehensive quality and reliable performance. It is a safe disc manufactured with the reliability of WD.<br \/>SERIAL COMPATIBILITY No need to configure anything. It is ready to use and is compatible with Windows and Mac. My Passport SSD is equipped with USB 3.2 Gen-2 technology and includes a USB-C cable and USB-A adapter for older systems.<\/p>\n\n","protected":false},"excerpt":{"rendered":"<p> From the manufacturer The video showcases the product in use.The video guides you through product<\/p>","protected":false},"featured_media":16647,"comment_status":"open","ping_status":"closed","template":"","meta":[],"product_brand":[],"product_cat":[81],"product_tag":[3989,1471,1455,909,1457,1468,795,1476,1461,722,794,1459,1452,3987,1885,290,1465,1726,1463,603,198,513,1466,1073,3508,1079],"class_list":{"0":"post-16646","1":"product","2":"type-product","3":"status-publish","4":"has-post-thumbnail","6":"product_cat-ssd-drive","7":"product_tag-1000mbs","8":"product_tag-1050mbs","9":"product_tag-1tb-ssd","10":"product_tag-2tb","11":"product_tag-512gb-ssd","12":"product_tag-best-ssd","13":"product_tag-drive","14":"product_tag-external","15":"product_tag-gaming-ssd","16":"product_tag-gray","17":"product_tag-hard","18":"product_tag-m-2-ssd","19":"product_tag-nvme-ssd","20":"product_tag-passport","21":"product_tag-playstation","22":"product_tag-portable","23":"product_tag-portable-ssd","24":"product_tag-read","25":"product_tag-sata-ssd","26":"product_tag-space","27":"product_tag-speed","28":"product_tag-ssd","29":"product_tag-ssd-price","30":"product_tag-works","31":"product_tag-write","32":"product_tag-xbox","34":"first","35":"instock","36":"shipping-taxable","37":"product-type-external"},"_links":{"self":[{"href":"https:\/\/comprasyconsejos.store\/en\/wp-json\/wp\/v2\/product\/16646","targetHints":{"allow":["GET"]}}],"collection":[{"href":"https:\/\/comprasyconsejos.store\/en\/wp-json\/wp\/v2\/product"}],"about":[{"href":"https:\/\/comprasyconsejos.store\/en\/wp-json\/wp\/v2\/types\/product"}],"replies":[{"embeddable":true,"href":"https:\/\/comprasyconsejos.store\/en\/wp-json\/wp\/v2\/comments?post=16646"}],"version-history":[{"count":0,"href":"https:\/\/comprasyconsejos.store\/en\/wp-json\/wp\/v2\/product\/16646\/revisions"}],"wp:featuredmedia":[{"embeddable":true,"href":"https:\/\/comprasyconsejos.store\/en\/wp-json\/wp\/v2\/media\/16647"}],"wp:attachment":[{"href":"https:\/\/comprasyconsejos.store\/en\/wp-json\/wp\/v2\/media?parent=16646"}],"wp:term":[{"taxonomy":"product_brand","embeddable":true,"href":"https:\/\/comprasyconsejos.store\/en\/wp-json\/wp\/v2\/product_brand?post=16646"},{"taxonomy":"product_cat","embeddable":true,"href":"https:\/\/comprasyconsejos.store\/en\/wp-json\/wp\/v2\/product_cat?post=16646"},{"taxonomy":"product_tag","embeddable":true,"href":"https:\/\/comprasyconsejos.store\/en\/wp-json\/wp\/v2\/product_tag?post=16646"}],"curies":[{"name":"wp","href":"https:\/\/api.w.org\/{rel}","templated":true}]}}