{"id":16660,"date":"2026-02-17T13:57:16","date_gmt":"2026-02-17T13:57:16","guid":{"rendered":"https:\/\/comprasyconsejos.store\/product\/corsair-vengeance-sodimm-16-gb-1x16-gb-ddr4-3200mhz-cl22-memoria-para-portatiles-portatiles-compatible-con-procesadores-intel-core-de-11a-generacion-negro\/"},"modified":"2026-02-17T13:57:18","modified_gmt":"2026-02-17T13:57:18","slug":"corsair-vengeance-sodimm-16-gb-1x16-gb-ddr4-3200mhz-cl22-memoria-para-portatiles-portatiles-compatible-con-procesadores-intel-core-de-11a-generacion-negro","status":"publish","type":"product","link":"https:\/\/comprasyconsejos.store\/en\/product\/corsair-vengeance-sodimm-16-gb-1x16-gb-ddr4-3200mhz-cl22-memoria-para-portatiles-portatiles-compatible-con-procesadores-intel-core-de-11a-generacion-negro\/","title":{"rendered":"Corsair VENGEANCE SODIMM 16 GB (1&#215;16 GB) DDR4 3200MHz CL22 Memoria para port\u00e1tiles\/port\u00e1tiles (Compatible con procesadores Intel Core de 11\u00aa generaci\u00f3n) Negro"},"content":{"rendered":"<p>Price: <span style=\"color:#b12704\">\u20ac129.90<\/span><br \/><i><small>(as of Feb 17, 2026 13:57:16 UTC &#8211; <span class=\"wp_automatic_amazon_disclaimer\" title=\"Product prices and availability are accurate as of the date\/time indicated and are subject to change. Any price and availability information displayed on [relevant Amazon Site(s), as applicable] at the time of purchase will apply to the purchase of this product.\">Details<\/span>)<\/small><\/i><\/p>\n<p><a href=\"https:\/\/amazon.es\/dp\/B09KN7463D?tag=man008-21\"><img decoding=\"async\" src=\"https:\/\/valvepress.s3.amazonaws.com\/imgs\/buy_now.png\"><\/a><br \/>\n<\/p>\n<p>                                             From the manufacturer   <\/p>\n<p>                                                                                                       <img decoding=\"async\" alt=\"DDR4 SODIMM, memoria sodimm, MEMORIA DDR4, memoria ddr4 para port\u00e1tiles\" src=\"https:\/\/images-na.ssl-images-amazon.com\/images\/G\/01\/x-locale\/common\/grey-pixel.gif\" class=\"a-lazy-loaded\" data-src=\"https:\/\/m.media-amazon.com\/images\/S\/aplus-media-library-service-media\/39b0ee48-fcaa-4820-b2c1-1131ff06c52f.__CR0,0,1464,600_PT0_SX1464_V1___.jpg\"><img decoding=\"async\" alt=\"DDR4 SODIMM, memoria sodimm, MEMORIA DDR4, memoria ddr4 para port\u00e1tiles\" src=\"https:\/\/m.media-amazon.com\/images\/S\/aplus-media-library-service-media\/39b0ee48-fcaa-4820-b2c1-1131ff06c52f.__CR0,0,1464,600_PT0_SX1464_V1___.jpg\">                                               <\/p>\n<p>                                                                                                       <img decoding=\"async\" alt=\"memoria para port\u00e1tiles, PCs de formato peque\u00f1o, Intel NUC, sodimm ddr4\" src=\"https:\/\/images-na.ssl-images-amazon.com\/images\/G\/01\/x-locale\/common\/grey-pixel.gif\" class=\"a-lazy-loaded\" data-src=\"https:\/\/m.media-amazon.com\/images\/S\/aplus-media-library-service-media\/1d5f3d11-5114-4ae0-8b98-f8c34ed13f1d.__CR0,0,1464,600_PT0_SX1464_V1___.jpg\"><img decoding=\"async\" alt=\"memoria para port\u00e1tiles, PCs de formato peque\u00f1o, Intel NUC, sodimm ddr4\" src=\"https:\/\/m.media-amazon.com\/images\/S\/aplus-media-library-service-media\/1d5f3d11-5114-4ae0-8b98-f8c34ed13f1d.__CR0,0,1464,600_PT0_SX1464_V1___.jpg\">                                               <\/p>\n<p>                                                                                                       <img decoding=\"async\" alt=\"memoria sodimm, sodimm ram, sodimm ddr4, ddr4 ram\" src=\"https:\/\/images-na.ssl-images-amazon.com\/images\/G\/01\/x-locale\/common\/grey-pixel.gif\" class=\"a-lazy-loaded\" data-src=\"https:\/\/m.media-amazon.com\/images\/S\/aplus-media-library-service-media\/77906878-bb5f-46ed-af6a-35d20125200c.__CR0,0,1464,600_PT0_SX1464_V1___.jpg\"><img decoding=\"async\" alt=\"memoria sodimm, sodimm ram, sodimm ddr4, ddr4 ram\" src=\"https:\/\/m.media-amazon.com\/images\/S\/aplus-media-library-service-media\/77906878-bb5f-46ed-af6a-35d20125200c.__CR0,0,1464,600_PT0_SX1464_V1___.jpg\">                                               <\/p>\n<p>                                                                                                       <img decoding=\"async\" alt=\"DDR4 SODIMM , memoria sodimm, ram ddr4, ddr4\" src=\"https:\/\/images-na.ssl-images-amazon.com\/images\/G\/01\/x-locale\/common\/grey-pixel.gif\" class=\"a-lazy-loaded\" data-src=\"https:\/\/m.media-amazon.com\/images\/S\/aplus-media-library-service-media\/5a5ed069-f31f-499f-aeb4-14fc194315c6.__CR0,0,1464,600_PT0_SX1464_V1___.jpg\"><img decoding=\"async\" alt=\"DDR4 SODIMM , memoria sodimm, ram ddr4, ddr4\" src=\"https:\/\/m.media-amazon.com\/images\/S\/aplus-media-library-service-media\/5a5ed069-f31f-499f-aeb4-14fc194315c6.__CR0,0,1464,600_PT0_SX1464_V1___.jpg\">                                               <\/p>\n<p> Product Dimensions                                            \u200f                                            :                                            \u200e                                            6.76 x 0.4 x 3 cm; 8 g   <br \/> Manufacturer                                            \u200f                                            :                                            \u200e                                            Corsair   <br \/> ASIN                                            \u200f                                            :                                            \u200e                                            B09KN7463D   <br \/> Item model number                                            \u200f                                            :                                            \u200e                                            CMSX16GX4M1A3200C22   <br \/> Guaranteed software updates until                                            \u200f                                            :                                            \u200e                                            unknown   <br \/>  Customer reviews:                                                                                            4.7               4.7 out of 5 stars                                  (8,687)                                              var dpAcrHasRegisteredArcLinkClickAction;                    P.when(&#8216;A&#8217;, &#8216;ready&#8217;).execute(function(A) {                        if (dpAcrHasRegisteredArcLinkClickAction !== true) {                            dpAcrHasRegisteredArcLinkClickAction = true;                            A.declarative(                                &#8216;acrLink-click-metrics&#8217;, &#8216;click&#8217;,                                { \u00aballowLinkDefault\u00bb: true },                                function (event) {                                    if (window.ue) {                                        ue.count(\u00abacrLinkClickCount\u00bb, (ue.count(\u00abacrLinkClickCount\u00bb) || 0) + 1);                                    }                                }                            );                        }                    });                                             P.when(&#8216;A&#8217;, &#8216;cf&#8217;).execute(function(A) {                A.declarative(&#8216;acrStarsLink-click-metrics&#8217;, &#8216;click&#8217;, { \u00aballowLinkDefault\u00bb : true },  function(event){                    if(window.ue) {                        ue.count(\u00abacrStarsLinkWithPopoverClickCount\u00bb, (ue.count(\u00abacrStarsLinkWithPopoverClickCount\u00bb) || 0) + 1);                    }                });            });                          <\/p>\n<p>Compatibilidad: Overclocking autom\u00e1tico con port\u00e1tiles compatibles (no requiere configuraci\u00f3n de la BIOS).<br \/>Dise\u00f1o: Dise\u00f1o delgado y atractivo para garantizar la compatibilidad f\u00edsica con todos los port\u00e1tiles Intel Core 11\u00aa generaci\u00f3n.<br \/>Estabilidad: Cada m\u00f3dulo se construye utilizando una DRAM cuidadosamente seleccionada para permitir una excelente estabilidad.<\/p>\n\n","protected":false},"excerpt":{"rendered":"<p> From the manufacturer Product Dimensions \u200f : \u200e 6.76 x 0.4 x 3 cm; 8<\/p>","protected":false},"featured_media":16661,"comment_status":"open","ping_status":"closed","template":"","meta":[],"product_brand":[],"product_cat":[77],"product_tag":[3996,1480,3991,1541,1481,1545,201,3994,698,1372,535,1478,1479,1484,1482,3997,562,1483,3992,3998,3954,3993,3995,587,1487,1486,1547,1489],"class_list":{"0":"post-16660","1":"product","2":"type-product","3":"status-publish","4":"has-post-thumbnail","6":"product_cat-memory-ram","7":"product_tag-11a","8":"product_tag-16gb-ram","9":"product_tag-1x16","10":"product_tag-3200mhz","11":"product_tag-32gb-ram","12":"product_tag-cl22","13":"product_tag-compatible","14":"product_tag-con","15":"product_tag-core","16":"product_tag-corsair","17":"product_tag-ddr4","18":"product_tag-ddr4-ram","19":"product_tag-ddr5-ram","20":"product_tag-desktop-ram","21":"product_tag-gaming-ram","22":"product_tag-generacion","23":"product_tag-intel","24":"product_tag-laptop-ram","25":"product_tag-memoria","26":"product_tag-negro","27":"product_tag-para","28":"product_tag-portatilesportatiles","29":"product_tag-procesadores","30":"product_tag-ram","31":"product_tag-ram-price","32":"product_tag-rgb-ram","33":"product_tag-sodimm","34":"product_tag-vengeance","36":"first","37":"instock","38":"shipping-taxable","39":"product-type-external"},"_links":{"self":[{"href":"https:\/\/comprasyconsejos.store\/en\/wp-json\/wp\/v2\/product\/16660","targetHints":{"allow":["GET"]}}],"collection":[{"href":"https:\/\/comprasyconsejos.store\/en\/wp-json\/wp\/v2\/product"}],"about":[{"href":"https:\/\/comprasyconsejos.store\/en\/wp-json\/wp\/v2\/types\/product"}],"replies":[{"embeddable":true,"href":"https:\/\/comprasyconsejos.store\/en\/wp-json\/wp\/v2\/comments?post=16660"}],"version-history":[{"count":0,"href":"https:\/\/comprasyconsejos.store\/en\/wp-json\/wp\/v2\/product\/16660\/revisions"}],"wp:featuredmedia":[{"embeddable":true,"href":"https:\/\/comprasyconsejos.store\/en\/wp-json\/wp\/v2\/media\/16661"}],"wp:attachment":[{"href":"https:\/\/comprasyconsejos.store\/en\/wp-json\/wp\/v2\/media?parent=16660"}],"wp:term":[{"taxonomy":"product_brand","embeddable":true,"href":"https:\/\/comprasyconsejos.store\/en\/wp-json\/wp\/v2\/product_brand?post=16660"},{"taxonomy":"product_cat","embeddable":true,"href":"https:\/\/comprasyconsejos.store\/en\/wp-json\/wp\/v2\/product_cat?post=16660"},{"taxonomy":"product_tag","embeddable":true,"href":"https:\/\/comprasyconsejos.store\/en\/wp-json\/wp\/v2\/product_tag?post=16660"}],"curies":[{"name":"wp","href":"https:\/\/api.w.org\/{rel}","templated":true}]}}