{"id":16709,"date":"2026-02-17T13:58:10","date_gmt":"2026-02-17T13:58:10","guid":{"rendered":"https:\/\/comprasyconsejos.store\/product\/yivandi-teclado-bluetooth-inalambrico-para-apple-mac-os-diseno-qwerty-de-ee-uu-teclas-de-tijera-escritura-precisa-bateria-recargable-tiempo-de-trabajo-extralargo-compatible-con-imac-macbook\/"},"modified":"2026-02-17T13:58:16","modified_gmt":"2026-02-17T13:58:16","slug":"yivandi-teclado-bluetooth-inalambrico-para-apple-mac-os-diseno-qwerty-de-ee-uu-teclas-de-tijera-escritura-precisa-bateria-recargable-tiempo-de-trabajo-extralargo-compatible-con-imac-macbook","status":"publish","type":"product","link":"https:\/\/comprasyconsejos.store\/en\/product\/yivandi-teclado-bluetooth-inalambrico-para-apple-mac-os-diseno-qwerty-de-ee-uu-teclas-de-tijera-escritura-precisa-bateria-recargable-tiempo-de-trabajo-extralargo-compatible-con-imac-macbook\/","title":{"rendered":"Yivandi Teclado Bluetooth inal\u00e1mbrico para Apple Mac OS &#8211; Dise\u00f1o QWERTY de EE. UU., Teclas de tijera, escritura precisa, bater\u00eda recargable, tiempo de trabajo extralargo, compatible con iMac\/MacBook"},"content":{"rendered":"<p>Price: <span style=\"color:#b12704\">\u20ac34.99<\/span><br \/><i><small>(as of Feb 17, 2026 13:58:11 UTC &#8211; <span class=\"wp_automatic_amazon_disclaimer\" title=\"Product prices and availability are accurate as of the date\/time indicated and are subject to change. Any price and availability information displayed on [relevant Amazon Site(s), as applicable] at the time of purchase will apply to the purchase of this product.\">Details<\/span>)<\/small><\/i><\/p>\n<p><a href=\"https:\/\/amazon.es\/dp\/B0D224P88H?tag=man008-21\"><img decoding=\"async\" src=\"https:\/\/valvepress.s3.amazonaws.com\/imgs\/buy_now.png\"><\/a><br \/>\n<br \/>\n    <span>Yivandi Teclado Bluetooth inal\u00e1mbrico para Apple Mac OS &#8211; Dise\u00f1o QWERTY de EE. UU., Teclas de tijera, escritura precisa, bater\u00eda recargable, tiempo de trabajo extralargo, compatible con iMac\/MacBook Pro\/Mac Mini o iPad..<\/span>    <br \/> Batteries                                            \u200f                                            :                                            \u200e                                            1 Lithium Polymer batteries required. (included)   <br \/> Language                                            \u200f                                            :                                            \u200e                                            English   <br \/> Product Dimensions                                            \u200f                                            :                                            \u200e                                            35 x 11.5 x 0.19 cm; 460 g   <br \/> Manufacturer                                            \u200f                                            :                                            \u200e                                            YivandiStore   <br \/> ASIN                                            \u200f                                            :                                            \u200e                                            B0D224P88H   <br \/> Item model number                                            \u200f                                            :                                            \u200e                                            BT-348   <br \/> Guaranteed software updates until                                            \u200f                                            :                                            \u200e                                            unknown   <br \/>  Customer reviews:                                                                                            4.3               4.3 out of 5 stars                                  (76)                                              var dpAcrHasRegisteredArcLinkClickAction;                    P.when(&#8216;A&#8217;, &#8216;ready&#8217;).execute(function(A) {                        if (dpAcrHasRegisteredArcLinkClickAction !== true) {                            dpAcrHasRegisteredArcLinkClickAction = true;                            A.declarative(                                &#8216;acrLink-click-metrics&#8217;, &#8216;click&#8217;,                                { \u00aballowLinkDefault\u00bb: true },                                function (event) {                                    if (window.ue) {                                        ue.count(\u00abacrLinkClickCount\u00bb, (ue.count(\u00abacrLinkClickCount\u00bb) || 0) + 1);                                    }                                }                            );                        }                    });                                             P.when(&#8216;A&#8217;, &#8216;cf&#8217;).execute(function(A) {                A.declarative(&#8216;acrStarsLink-click-metrics&#8217;, &#8216;click&#8217;, { \u00aballowLinkDefault\u00bb : true },  function(event){                    if(window.ue) {                        ue.count(\u00abacrStarsLinkWithPopoverClickCount\u00bb, (ue.count(\u00abacrStarsLinkWithPopoverClickCount\u00bb) || 0) + 1);                    }                });            });                          <\/p>\n<p>Teclado Bluetooth inal\u00e1mbrico para Mac OS: Ultilizando la misma soluci\u00f3n Bluetooth (tecnolog\u00eda Broadcom BT 3.0) que el teclado oficial de Apple\/Mac, puedes obtener una experiencia de escritura estable, sin retrasos y precisa. Gasta menos dinero para obtener un excelente rendimiento del teclado para el dispositivo Apple Mac OS.<br \/>Teclado Mac: 102 teclas de tijera siguen el dise\u00f1o Qwerty del sistema operativo Mac est\u00e1ndar de Estados Unidos, asegurando que los h\u00e1bitos de escritura cambien sin problemas al teclado oficial iMac inal\u00e1mbrico o teclado MacBook.<br \/>Teclado recargable: bater\u00eda recargable integrada de iones de litio de 180 mAh, despu\u00e9s de cargarse completamente, el teclado inal\u00e1mbrico para MacBook Pro\/Mac puede durar m\u00e1s de 200 horas.<br \/>Teclado Apple: el teclado inal\u00e1mbrico para Apple se puede aplicar a iMac\/Mac Mini\/BacBook Pro en la versi\u00f3n 10.13 del sistema operativo. 6 o superior, la versi\u00f3n No. Mac OS High Sierra\/Mojave\/Catalina\/Big Sur\/Monterey\/Ventura, antes de comprar, comprueba tu Mac OS<br \/>Instrucciones de las teclas de corte hortcut: 102 teclas (incluyendo 13 teclas de acceso r\u00e1pido) est\u00e1n especialmente dise\u00f1adas para escribir en computadora Mac OS\/port\u00e1til, es una alternativa perfecta para Apple Magic Keyboard, MacBook Keyboard o teclado iMac. Tambi\u00e9n es compatible con el teclado de iPad como un teclado iPad.<\/p>\n\n","protected":false},"excerpt":{"rendered":"<p> Yivandi Teclado Bluetooth inal\u00e1mbrico para Apple Mac OS &#8211; Dise\u00f1o QWERTY de EE. UU., Teclas<\/p>","protected":false},"featured_media":16710,"comment_status":"open","ping_status":"closed","template":"","meta":[],"product_brand":[],"product_cat":[89],"product_tag":[777,776,785,175,778,4028,782,726,784,201,3994,4023,4026,4032,783,4033,4022,774,780,3954,4027,858,4029,779,4021,4024,4030,4025,781,4031,4020],"class_list":{"0":"post-16709","1":"product","2":"type-product","3":"status-publish","4":"has-post-thumbnail","6":"product_cat-all-in-one-pcs","7":"product_tag-all-in-one-desktop","8":"product_tag-all-in-one-pc","9":"product_tag-all-in-one-pc-price","10":"product_tag-apple","11":"product_tag-apple-imac","12":"product_tag-bateria","13":"product_tag-best-all-in-one-computer","14":"product_tag-bluetooth","15":"product_tag-compact-pc","16":"product_tag-compatible","17":"product_tag-con","18":"product_tag-diseno","19":"product_tag-escritura","20":"product_tag-extralargo","21":"product_tag-gaming-all-in-one-pc","22":"product_tag-imacmacbook","23":"product_tag-inalambrico","24":"product_tag-mac","25":"product_tag-office-all-in-one-pc","26":"product_tag-para","27":"product_tag-precisa","28":"product_tag-qwerty","29":"product_tag-recargable","30":"product_tag-slim-all-in-one-pc","31":"product_tag-teclado","32":"product_tag-teclas","33":"product_tag-tiempo","34":"product_tag-tijera","35":"product_tag-touchscreen-all-in-one-pc","36":"product_tag-trabajo","37":"product_tag-yivandi","39":"first","40":"instock","41":"shipping-taxable","42":"product-type-external"},"_links":{"self":[{"href":"https:\/\/comprasyconsejos.store\/en\/wp-json\/wp\/v2\/product\/16709","targetHints":{"allow":["GET"]}}],"collection":[{"href":"https:\/\/comprasyconsejos.store\/en\/wp-json\/wp\/v2\/product"}],"about":[{"href":"https:\/\/comprasyconsejos.store\/en\/wp-json\/wp\/v2\/types\/product"}],"replies":[{"embeddable":true,"href":"https:\/\/comprasyconsejos.store\/en\/wp-json\/wp\/v2\/comments?post=16709"}],"version-history":[{"count":0,"href":"https:\/\/comprasyconsejos.store\/en\/wp-json\/wp\/v2\/product\/16709\/revisions"}],"wp:featuredmedia":[{"embeddable":true,"href":"https:\/\/comprasyconsejos.store\/en\/wp-json\/wp\/v2\/media\/16710"}],"wp:attachment":[{"href":"https:\/\/comprasyconsejos.store\/en\/wp-json\/wp\/v2\/media?parent=16709"}],"wp:term":[{"taxonomy":"product_brand","embeddable":true,"href":"https:\/\/comprasyconsejos.store\/en\/wp-json\/wp\/v2\/product_brand?post=16709"},{"taxonomy":"product_cat","embeddable":true,"href":"https:\/\/comprasyconsejos.store\/en\/wp-json\/wp\/v2\/product_cat?post=16709"},{"taxonomy":"product_tag","embeddable":true,"href":"https:\/\/comprasyconsejos.store\/en\/wp-json\/wp\/v2\/product_tag?post=16709"}],"curies":[{"name":"wp","href":"https:\/\/api.w.org\/{rel}","templated":true}]}}