{"id":16726,"date":"2026-02-17T13:58:30","date_gmt":"2026-02-17T13:58:30","guid":{"rendered":"https:\/\/comprasyconsejos.store\/product\/skytech-chronos-gaming-pc-de-computadora-ryzen-7-5700-37-ghz-46-ghz-turbo-nvidia-rtx-5060-8gb-1-tb-nvme-ssd-16-gb-ddr4-ram-3200-650-w-gold-psu-wi-fi-win-11\/"},"modified":"2026-02-17T13:58:32","modified_gmt":"2026-02-17T13:58:32","slug":"skytech-chronos-gaming-pc-de-computadora-ryzen-7-5700-37-ghz-46-ghz-turbo-nvidia-rtx-5060-8gb-1-tb-nvme-ssd-16-gb-ddr4-ram-3200-650-w-gold-psu-wi-fi-win-11","status":"publish","type":"product","link":"https:\/\/comprasyconsejos.store\/en\/product\/skytech-chronos-gaming-pc-de-computadora-ryzen-7-5700-37-ghz-46-ghz-turbo-nvidia-rtx-5060-8gb-1-tb-nvme-ssd-16-gb-ddr4-ram-3200-650-w-gold-psu-wi-fi-win-11\/","title":{"rendered":"Skytech Chronos Gaming PC de computadora, Ryzen 7 5700 3,7 GHz (4,6 GHz Turbo), NVIDIA RTX 5060 8GB, 1 TB NVMe SSD, 16 GB DDR4 RAM 3200, 650 W Gold PSU, Wi-Fi, Win 11"},"content":{"rendered":"<p>Price: <span style=\"color:#b12704\">\u20ac2,707.13<\/span><br \/><i><small>(as of Feb 17, 2026 13:58:30 UTC &#8211; <span class=\"wp_automatic_amazon_disclaimer\" title=\"Product prices and availability are accurate as of the date\/time indicated and are subject to change. Any price and availability information displayed on [relevant Amazon Site(s), as applicable] at the time of purchase will apply to the purchase of this product.\">Details<\/span>)<\/small><\/i><\/p>\n<p><a href=\"https:\/\/amazon.es\/dp\/B0F8Q53BRZ?tag=man008-21\"><img decoding=\"async\" src=\"https:\/\/valvepress.s3.amazonaws.com\/imgs\/buy_now.png\"><\/a><br \/>\n<br \/>\n    <span>\u00bfPor qu\u00e9 aceptar la mediocridad cuando puedes avanzar con la serie Skytech Chronos? Aprovecha las \u00faltimas arquitecturas, con las tarjetas gr\u00e1ficas de la serie NVIDIA RTX de primer nivel y alimentado por un procesador AMD Ryzen 7. El Skytech Chronos destaca como el equipo de juego definitivo que ofrece un valor de precio a rendimiento sin igual en el mercado actual. <\/p>\n<p>Historia de la marca: <br \/>Skytech Gaming es un fabricante principal de PC para juegos personalizados y predise\u00f1ados. Con nuestro equipo de expertos experimentados que cuentan con a\u00f1os de experiencia colectiva en la industria, estamos comprometidos a ofrecer experiencias de juego inigualables a nuestra estimada clientela. Nuestra amplia gama de PC para juegos le garantiza que podr\u00e1 seleccionar el ideal adaptado a sus necesidades y presupuesto. <\/p>\n<p>Todos los PC que ofrecemos est\u00e1n dise\u00f1ados meticulosamente con componentes de primer nivel y cuentan con una garant\u00eda completa que garantiza un producto de primera calidad. El Skytech Chronos es una computadora de juego de primer nivel de la \u00faltima generaci\u00f3n, dise\u00f1ada para manejar sin esfuerzo juegos populares como Call of Duty, Fortnite, Escape from Tarkov, Grand Theft Auto V, Valorant, World of Warcraft, League of Legends, Apex Legends, PlayerUNKNOWN&#8217;s Battlegrounds, Overwatch 2, Counter-Strike 2, Battlefield V, Minecraft, ELDEN RING Shadow of erdtree, RockRocket League, Baldur&#8217;s Gate 3, Dota 2, HELLDIVERS 2, Monster Hunter, Terraria, Rainbow Six Siege, Dragon&#8217;s Dogma 2, Black Myth Wukong, Marvel Rivals y m\u00e1s en Ultra settings Ofrece una impresionante resoluci\u00f3n Full HD de 1080p con una jugabilidad fluida que supera los 60 FPS. <\/p>\n<p>Especificaciones: <\/p>\n<p>Parte del fabricante#: ST-CHRONOS3-2017-B-AM <br \/>Procesador: Ryzen 7 5700 3.7 GHz (4.6GHz Turbo) CPU <br \/>Memoria: memoria DDR4 RAM 3200 de 16 GB con disipador de calor. <br \/>Gr\u00e1ficos: tarjeta gr\u00e1fica NVIDIA Geforce RTX 5060 8GB GDDR7 (la marca puede variar) <br \/>SSD: SSD NVMe M.2 de 1 TB <br \/>Sistema operativo: Microsoft Windows 11 Home 64-bit <br \/>Caso: Skytech Chronos Case Black Edition con malla frontal <br \/>Soporte inal\u00e1mbrico: 802.11AC <br \/>Ventiladores: ventiladores ARGB para un m\u00e1ximo rendimiento de refrigeraci\u00f3n <\/span><br \/><span>Las im\u00e1genes del producto que se muestran en esta p\u00e1gina son solo para fines ilustrativos y pueden no representar los componentes exactos utilizados durante la fabricaci\u00f3n. Las marcas y modelos de componentes pueden variar de las representaciones del producto en las im\u00e1genes del producto, pero se ajustar\u00e1n a las especificaciones descritas en la descripci\u00f3n principal del producto. Los detalles como los puertos de E\/S pueden variar. Ponte en contacto con nosotros para m\u00e1s detalles. <\/span><br \/> Product Dimensions                                            \u200f                                            :                                            \u200e                                            47.5 x 23.01 x 45.72 cm; 13.7 kg   <br \/> Manufacturer                                            \u200f                                            :                                            \u200e                                            Skytech Gaming   <br \/> ASIN                                            \u200f                                            :                                            \u200e                                            B0F8Q53BRZ   <br \/> Item model number                                            \u200f                                            :                                            \u200e                                            ST-CHRONOS3-2017-B-AM   <br \/> Guaranteed software updates until                                            \u200f                                            :                                            \u200e                                            unknown   <br \/>  Customer reviews:                                                                                            4.6               4.6 out of 5 stars                                  (16)                                              var dpAcrHasRegisteredArcLinkClickAction;                    P.when(&#8216;A&#8217;, &#8216;ready&#8217;).execute(function(A) {                        if (dpAcrHasRegisteredArcLinkClickAction !== true) {                            dpAcrHasRegisteredArcLinkClickAction = true;                            A.declarative(                                &#8216;acrLink-click-metrics&#8217;, &#8216;click&#8217;,                                { \u00aballowLinkDefault\u00bb: true },                                function (event) {                                    if (window.ue) {                                        ue.count(\u00abacrLinkClickCount\u00bb, (ue.count(\u00abacrLinkClickCount\u00bb) || 0) + 1);                                    }                                }                            );                        }                    });                                             P.when(&#8216;A&#8217;, &#8216;cf&#8217;).execute(function(A) {                A.declarative(&#8216;acrStarsLink-click-metrics&#8217;, &#8216;click&#8217;, { \u00aballowLinkDefault\u00bb : true },  function(event){                    if(window.ue) {                        ue.count(\u00abacrStarsLinkWithPopoverClickCount\u00bb, (ue.count(\u00abacrStarsLinkWithPopoverClickCount\u00bb) || 0) + 1);                    }                });            });                          <\/p>\n<p>Procesador de CPU AMD Ryzen 7 5700 3.7GHz (4.6GHz Turbo Boost) | SSD NVMe M.2 de 1 TB \u2013 hasta 30 veces m\u00e1s r\u00e1pido que el disco duro tradicional | Enfriador de aire de alto rendimiento<br \/>Tarjeta gr\u00e1fica NVIDIA Geforce RTX 5060 de 8 GB GDDR7 (la marca puede variar) | Memoria de juegos DDR4 RAM 3200 de 16 GB con disipador de calor | Windows 11 Home de 64 bits<br \/>802.11 AC | Sin Bloatware | Las opciones de salida gr\u00e1fica incluyen 1 x HDMI, y 1 x puerto de visualizaci\u00f3n prometido, los puertos adicionales pueden variar | Puertos USB incluyendo puertos 2.0, 3.0 y 3.2 Gen1 | Audio HD y micr\u00f3fono | Teclado y mouse para juegos gratuitos<br \/>Enfriador de aire de alto rendimiento: m\u00e1ximo flujo de aire y ventiladores ARGB | Skytech Chronos Case Black Edition con malla frontal | 1 a\u00f1o de garant\u00eda en piezas y mano de obra | Soporte t\u00e9cnico gratuito | Montado en los Estados Unidos<br \/>Este potente PC para juegos es capaz de ejecutar todos tus juegos favoritos como Call of Duty, Fortnite, Escape from Tarkov, Grand Theft Auto V, Valorant, World of Warcraft, League of Legends, Apex Legends, PLAYERUNKNOWN&#8217;s Battlegrounds, Overwatch 2, Counter-Strike 2, Battlefield V, Minecraft, ELDEN RING Shadow of the Erdtree, Rocket League, Bale. dur&#8217;s Gate 3 , Dota 2, HELLDIVERS 2, Monster Hunter, Terraria, Rainbow Six Siege, Dragon&#8217;s Dogma 2, Black Myth Wukong, Marvel Rivals, m\u00e1s en configuraciones Ultra, resoluci\u00f3n detallada de 1080p Full HD y una jugabilidad suave de 60+ FPS.<\/p>\n\n","protected":false},"excerpt":{"rendered":"<p> \u00bfPor qu\u00e9 aceptar la mediocridad cuando puedes avanzar con la serie Skytech Chronos? Aprovecha las<\/p>","protected":false},"featured_media":16727,"comment_status":"open","ping_status":"closed","template":"","meta":[],"product_brand":[],"product_cat":[90],"product_tag":[622,613,3906,4042,611,535,617,607,604,609,606,612,818,401,608,821,822,605,824,587,610,621,531,816,513,820,543,586],"class_list":{"0":"post-16726","1":"product","2":"type-product","3":"status-publish","4":"has-post-thumbnail","6":"product_cat-gaming-pcs","7":"product_tag-8gb","8":"product_tag-best-gaming-pc","9":"product_tag-chronos","10":"product_tag-computadora","11":"product_tag-custom-gaming-pc","12":"product_tag-ddr4","13":"product_tag-gaming","14":"product_tag-gaming-desktop","15":"product_tag-gaming-pc","16":"product_tag-gaming-pc-16gb-ram","17":"product_tag-gaming-pc-rtx","18":"product_tag-gaming-pc-ssd","19":"product_tag-ghz","20":"product_tag-gold","21":"product_tag-high-end-gaming-pc","22":"product_tag-nvidia","23":"product_tag-nvme","24":"product_tag-prebuilt-gaming-pc","25":"product_tag-psu","26":"product_tag-ram","27":"product_tag-rgb-gaming-pc","28":"product_tag-rtx","29":"product_tag-ryzen","30":"product_tag-skytech","31":"product_tag-ssd","32":"product_tag-turbo","33":"product_tag-wifi","34":"product_tag-win","36":"first","37":"instock","38":"shipping-taxable","39":"product-type-external"},"_links":{"self":[{"href":"https:\/\/comprasyconsejos.store\/en\/wp-json\/wp\/v2\/product\/16726","targetHints":{"allow":["GET"]}}],"collection":[{"href":"https:\/\/comprasyconsejos.store\/en\/wp-json\/wp\/v2\/product"}],"about":[{"href":"https:\/\/comprasyconsejos.store\/en\/wp-json\/wp\/v2\/types\/product"}],"replies":[{"embeddable":true,"href":"https:\/\/comprasyconsejos.store\/en\/wp-json\/wp\/v2\/comments?post=16726"}],"version-history":[{"count":0,"href":"https:\/\/comprasyconsejos.store\/en\/wp-json\/wp\/v2\/product\/16726\/revisions"}],"wp:featuredmedia":[{"embeddable":true,"href":"https:\/\/comprasyconsejos.store\/en\/wp-json\/wp\/v2\/media\/16727"}],"wp:attachment":[{"href":"https:\/\/comprasyconsejos.store\/en\/wp-json\/wp\/v2\/media?parent=16726"}],"wp:term":[{"taxonomy":"product_brand","embeddable":true,"href":"https:\/\/comprasyconsejos.store\/en\/wp-json\/wp\/v2\/product_brand?post=16726"},{"taxonomy":"product_cat","embeddable":true,"href":"https:\/\/comprasyconsejos.store\/en\/wp-json\/wp\/v2\/product_cat?post=16726"},{"taxonomy":"product_tag","embeddable":true,"href":"https:\/\/comprasyconsejos.store\/en\/wp-json\/wp\/v2\/product_tag?post=16726"}],"curies":[{"name":"wp","href":"https:\/\/api.w.org\/{rel}","templated":true}]}}