{"id":16803,"date":"2026-02-17T14:00:07","date_gmt":"2026-02-17T14:00:07","guid":{"rendered":"https:\/\/comprasyconsejos.store\/product\/cat6-ethernet-patch-cable-6ft-10-pack-cat6-patch-cord-for-data-centers-cat-6-patch-cord-10g-network-patch-cables-for-home-network-and\/"},"modified":"2026-02-17T14:00:10","modified_gmt":"2026-02-17T14:00:10","slug":"cat6-ethernet-patch-cable-6ft-10-pack-cat6-patch-cord-for-data-centers-cat-6-patch-cord-10g-network-patch-cables-for-home-network-and","status":"publish","type":"product","link":"https:\/\/comprasyconsejos.store\/en\/product\/cat6-ethernet-patch-cable-6ft-10-pack-cat6-patch-cord-for-data-centers-cat-6-patch-cord-10g-network-patch-cables-for-home-network-and\/","title":{"rendered":"Cat6 Ethernet Patch Cable 6ft (10 Pack), Cat6 Patch Cord for Data Centers, Cat 6 Patch Cord 10G, Network Patch Cables for Home Network and"},"content":{"rendered":"<p>Price: <span style=\"color:#b12704\">\u20ac39.98<\/span><br \/><i><small>(as of Feb 17, 2026 14:00:07 UTC &#8211; <span class=\"wp_automatic_amazon_disclaimer\" title=\"Product prices and availability are accurate as of the date\/time indicated and are subject to change. Any price and availability information displayed on [relevant Amazon Site(s), as applicable] at the time of purchase will apply to the purchase of this product.\">Details<\/span>)<\/small><\/i><\/p>\n<p><a href=\"https:\/\/amazon.es\/dp\/B0CY1PNCDY?tag=man008-21\"><img decoding=\"async\" src=\"https:\/\/valvepress.s3.amazonaws.com\/imgs\/buy_now.png\"><\/a><br \/>\n<\/p>\n<p>                                             Product Description   <\/p>\n<p>                                                                             <img decoding=\"async\" alt=\"Cables de conexi\u00f3n Cat6\" src=\"https:\/\/images-na.ssl-images-amazon.com\/images\/G\/01\/x-locale\/common\/grey-pixel.gif\" class=\"a-spacing-base a-lazy-loaded\" data-src=\"https:\/\/m.media-amazon.com\/images\/S\/aplus-media-library-service-media\/dca4709f-c435-4648-ae4f-3bb75bbc8679.__CR0,0,1940,1200_PT0_SX970_V1___.jpg\"><img decoding=\"async\" alt=\"Cables de conexi\u00f3n Cat6\" src=\"https:\/\/m.media-amazon.com\/images\/S\/aplus-media-library-service-media\/dca4709f-c435-4648-ae4f-3bb75bbc8679.__CR0,0,1940,1200_PT0_SX970_V1___.jpg\">                                         <\/p>\n<h3 class=\"a-spacing-mini\"> CAT6A UTP PATCH CABLES Dise\u00f1o est\u00e1ndar <\/h3>\n<p class=\"a-spacing-base\"> Las cabinas de conexi\u00f3n UTP Cat6 admiten conectividad Ethernet de hasta 10 Gbps e ideales para aplicaciones de alta velocidad. <\/p>\n<p class=\"a-spacing-base\"> El cable de conexi\u00f3n CAT6 pasa las pruebas de rendimiento para mapas de cables, SIGUIENTE y p\u00e9rdida de retorno. <\/p>\n<p class=\"a-spacing-base\"> Los cables de conexi\u00f3n Cat 6 son un enrutamiento de cableado flexible en espacios reducidos. <\/p>\n<p class=\"a-spacing-base\"> Los cables Ethernet mejoran el flujo de aire en racks de alta densidad y se pueden instalar m\u00e1s f\u00e1cilmente en espacios abarrotados en comparaci\u00f3n con los cables Ethernet de 24 AWG. <\/p>\n<p>                                                                             <img decoding=\"async\" alt=\"Cable Ethernet Cat6a\" src=\"https:\/\/images-na.ssl-images-amazon.com\/images\/G\/01\/x-locale\/common\/grey-pixel.gif\" class=\"a-spacing-base a-lazy-loaded\" data-src=\"https:\/\/m.media-amazon.com\/images\/S\/aplus-media-library-service-media\/4e449ac2-3a49-46cb-bdb8-bd0dbc7523a9.__CR0,0,1940,1200_PT0_SX970_V1___.jpg\"><img decoding=\"async\" alt=\"Cable Ethernet Cat6a\" src=\"https:\/\/m.media-amazon.com\/images\/S\/aplus-media-library-service-media\/4e449ac2-3a49-46cb-bdb8-bd0dbc7523a9.__CR0,0,1940,1200_PT0_SX970_V1___.jpg\">                                         <\/p>\n<h3 class=\"a-spacing-mini\"> 100% cobre puro fabricado <\/h3>\n<p class=\"a-spacing-base\"> Los cables CAT6 est\u00e1n hechos de 26AWG con 100% cobre trenzado. <\/p>\n<p class=\"a-spacing-base\"> Los cables Ethernet CAT6 son aprobados y certificados por Tess. <\/p>\n<p class=\"a-spacing-base\"> El cable de conexi\u00f3n de cobre puro 26AWG es m\u00e1s delgado que el cable 24AWG, lo que ayuda a ahorrar espacio, optimizaci\u00f3n del flujo de aire y m\u00e1s, y mantiene el mismo rendimiento de 10G en la transferencia de datos para un uso de corta duraci\u00f3n. <\/p>\n<p class=\"a-spacing-base\"> El cable de conexi\u00f3n 26AWG ser\u00eda m\u00e1s adecuado para centros de datos de mayor densidad y hogares, y facilitar\u00eda la gesti\u00f3n de cables, ya que ayuda a ahorrar espacio y optimizar el flujo de aire. <\/p>\n<p class=\"a-spacing-base\"> Los conductores de cobre puro proporcionan el mejor rendimiento de transmisi\u00f3n. El enchufe RJ45 cuenta con conectores chapados en oro para evitar la corrosi\u00f3n. <\/p>\n<p class=\"a-spacing-base\"> Los cables de conexi\u00f3n Ethernet Cat6a exceden el est\u00e1ndar ANSI\/TIA-568.2-D. <\/p>\n<p>                                                                             <img decoding=\"async\" alt=\"Cables Ethernet Cat6a\" src=\"https:\/\/images-na.ssl-images-amazon.com\/images\/G\/01\/x-locale\/common\/grey-pixel.gif\" class=\"a-spacing-base a-lazy-loaded\" data-src=\"https:\/\/m.media-amazon.com\/images\/S\/aplus-media-library-service-media\/32aa3c97-d3c9-4b6f-9ddb-f8234589763d.__CR0,0,1940,1200_PT0_SX970_V1___.jpg\"><img decoding=\"async\" alt=\"Cables Ethernet Cat6a\" src=\"https:\/\/m.media-amazon.com\/images\/S\/aplus-media-library-service-media\/32aa3c97-d3c9-4b6f-9ddb-f8234589763d.__CR0,0,1940,1200_PT0_SX970_V1___.jpg\">                                         <\/p>\n<h3 class=\"a-spacing-mini\"> Consejos para elegir el tama\u00f1o de los cables de conexi\u00f3n. <\/h3>\n<p class=\"a-spacing-base\"> Los cables de conexi\u00f3n CAT6 son ligeramente m\u00e1s delgados que los di\u00e1metros exteriores de los cables de conexi\u00f3n Cat 6 est\u00e1ndar, lo que hace que sea flexible para enrutar dispositivos de red en espacios reducidos. El cable Ethernet de 1 pie tambi\u00e9n es beneficioso para una instalaci\u00f3n y administraci\u00f3n eficientes de alta densidad. <\/p>\n<p class=\"a-spacing-base\"> Algunas pautas para elegir la longitud de los cables de conexi\u00f3n cortos para sus centros de datos y el laboratorio dom\u00e9stico. <\/p>\n<p class=\"a-spacing-base\"> 0.5 pies se utiliza para cambiar junto al panel de conexi\u00f3n u otros dispositivos uno al lado del otro (espacio de 1U) <\/p>\n<p class=\"a-spacing-base\"> 1 pie se utiliza para 2U\/3U\/4U gap <\/p>\n<p class=\"a-spacing-base\"> 1.5 pies se utiliza para espacio de 4U\/5U\/6U\/7U <\/p>\n<p class=\"a-spacing-base\"> 2 pies se utiliza para 6U\/7U\/8U\/9U gap <\/p>\n<p class=\"a-spacing-base\"> 1U es igual a 1.75 pulgadas (1.750 in) de altura del bastidor <\/p>\n<p class=\"a-spacing-base\"> contactor chapado en oro <\/p>\n<p class=\"a-spacing-base\"> Bota de alivio de tensi\u00f3n transparente <\/p>\n<p class=\"a-spacing-base\"> Cables de conexi\u00f3n de alta calidad para un panel de conexi\u00f3n de aspecto limpio para cambiar <\/p>\n<p>                                                                             <img decoding=\"async\" alt=\"Cables de conexi\u00f3n Cat6\" src=\"https:\/\/images-na.ssl-images-amazon.com\/images\/G\/01\/x-locale\/common\/grey-pixel.gif\" class=\"a-spacing-base a-lazy-loaded\" data-src=\"https:\/\/m.media-amazon.com\/images\/S\/aplus-media-library-service-media\/de3bab04-c8ec-4708-b4c6-2f9f4cc6fd40.__CR0,0,1940,1200_PT0_SX970_V1___.jpg\"><img decoding=\"async\" alt=\"Cables de conexi\u00f3n Cat6\" src=\"https:\/\/m.media-amazon.com\/images\/S\/aplus-media-library-service-media\/de3bab04-c8ec-4708-b4c6-2f9f4cc6fd40.__CR0,0,1940,1200_PT0_SX970_V1___.jpg\">                                         <\/p>\n<h3 class=\"a-spacing-mini\"> Tess Pass <\/h3>\n<p class=\"a-spacing-base\"> Cable 26 AWG aprobado por TIA para su uso en centros de datos y aplicaciones de redes empresariales. <\/p>\n<p class=\"a-spacing-base\"> Con una longitud corta, los cables patch 26AWG no deben marcar una diferencia en la transferencia de datos en comparaci\u00f3n con el cable Cat6 est\u00e1ndar m\u00e1s grueso. <\/p>\n<p class=\"a-spacing-base\"> Cables Ethernet Cat6 hechos de cables de cobre 100% trenzados y son aprobados y certificados por Tess (resultado de la prueba anterior). <\/p>\n<p>                                                                             <img decoding=\"async\" alt=\"Cat6a Ethernet Cables 2F\" src=\"https:\/\/images-na.ssl-images-amazon.com\/images\/G\/01\/x-locale\/common\/grey-pixel.gif\" class=\"a-spacing-base a-lazy-loaded\" data-src=\"https:\/\/m.media-amazon.com\/images\/S\/aplus-media-library-service-media\/2ac9bbc3-7a13-4d35-a952-f1416fc5ea91.__CR0,0,1940,1200_PT0_SX970_V1___.jpg\"><img decoding=\"async\" alt=\"Cat6a Ethernet Cables 2F\" src=\"https:\/\/m.media-amazon.com\/images\/S\/aplus-media-library-service-media\/2ac9bbc3-7a13-4d35-a952-f1416fc5ea91.__CR0,0,1940,1200_PT0_SX970_V1___.jpg\">                                         <\/p>\n<h3 class=\"a-spacing-mini\"> Dise\u00f1o de arranque transparente visible para iluminaci\u00f3n POE <\/h3>\n<p class=\"a-spacing-base\"> Conectores RJ45 moldeados sin enganches para un ajuste c\u00f3modo y un radio de curvatura m\u00e1ximo. <\/p>\n<p class=\"a-spacing-base\"> Tap\u00f3n transparente sin enganches con funda de alivio de tensi\u00f3n para una m\u00e1xima durabilidad. <\/p>\n<p class=\"a-spacing-base\"> Los cables Ethernet de cobre de 26 AWG est\u00e1n clasificados para aplicaciones PoE \/ 30 vatios y PoE+ \/ 60 vatios. <\/p>\n<p class=\"a-spacing-base\"> Este cable Cat6 en particular es un cable de conexi\u00f3n UTP con funda transparente y protecci\u00f3n adicional para el conector RJ45 y el clip. <\/p>\n<p class=\"a-spacing-base\"> Los conectores siguen el est\u00e1ndar T568B. <\/p>\n<p class=\"a-spacing-base\"> Los conductores individuales son de cobre puro trenzado de 26 AWG. <\/p>\n<p class=\"a-spacing-base\"> Los cables de conexi\u00f3n Cat6 est\u00e1n trenzados para mejorar la flexibilidad. <\/p>\n<p>                                                                             <img decoding=\"async\" alt=\"Cables delgados Cat6 UTP\" src=\"https:\/\/images-na.ssl-images-amazon.com\/images\/G\/01\/x-locale\/common\/grey-pixel.gif\" class=\"a-spacing-base a-lazy-loaded\" data-src=\"https:\/\/m.media-amazon.com\/images\/S\/aplus-media-library-service-media\/38b1a5e5-4a08-4a82-a593-1d7d394737f4.__CR0,0,1940,1200_PT0_SX970_V1___.jpg\"><img decoding=\"async\" alt=\"Cables delgados Cat6 UTP\" src=\"https:\/\/m.media-amazon.com\/images\/S\/aplus-media-library-service-media\/38b1a5e5-4a08-4a82-a593-1d7d394737f4.__CR0,0,1940,1200_PT0_SX970_V1___.jpg\">                                         <\/p>\n<h3 class=\"a-spacing-mini\"> Varios colores y tama\u00f1os disponibles <\/h3>\n<p class=\"a-spacing-base\"> Todas las opciones de tama\u00f1o y color de los cables de conexi\u00f3n Cat6 ayudan a mantener sus centros de datos y sistemas dom\u00e9sticos ordenados y organizados. <\/p>\n<p class=\"a-spacing-base\"> Buena idea para reemplazar todo el cableado cat5\/e\/+ en sitios y en racks. <\/p>\n<p class=\"a-spacing-base\"> Es un gran valor para ejecutar cables cortos desde paneles de conexi\u00f3n hasta interruptores. <\/p>\n<p class=\"a-spacing-base\"> Es un ahorro de tiempo y costos contra la fabricaci\u00f3n de sus propios cables de conexi\u00f3n Cat6. <\/p>\n<p class=\"a-spacing-base\"> Combina con Lysymixs slim keystone y paneles de conexiones. <\/p>\n<p>                         Add To Basket  <\/p>\n<p>                         Add To Basket  <\/p>\n<p>                         Add To Basket  <\/p>\n<p>                         Add To Basket  <\/p>\n<p>                         Add To Basket  <\/p>\n<p>                         Add To Basket  <\/p>\n<p>                             Customer Reviews  <\/p>\n<p>                    4.6 out of 5 stars  188  <\/p>\n<p>                    4.8 out of 5 stars  159  <\/p>\n<p>                    4.4 out of 5 stars  51  <\/p>\n<p>                    4.4 out of 5 stars  64  <\/p>\n<p>                    4.6 out of 5 stars  75  <\/p>\n<p>                    4.6 out of 5 stars  104  <\/p>\n<p>                             Price  <\/p>\n<p>                                    \u20ac63.21\u20ac63.21                  \u20ac72.48\u20ac72.48                  \u20ac101.89\u20ac101.89                  \u20ac78.37\u20ac78.37                  \u20ac49.98\u20ac49.98                  \u20ac221.29\u20ac221.29        <\/p>\n<p>                             Alta velocidad<br \/>\n                                10G               10G               10G               10G               10G               10G        <\/p>\n<p>                             Catagory<br \/>\n                                CAT6               CAT6               CAT6               CAT6               CAT6A               CAT6        <\/p>\n<p>                             Puerto<br \/>\n                                Paquete de 25               24 puertos               24 puertos               24 puertos               24 Paquete                       <\/p>\n<p>                             Contacto<br \/>\n                                pines chapados en oro               pines chapados en oro               pines chapados en oro               pines chapados en oro               pines chapados en oro                 no data<\/p>\n<p> Package Dimensions                                            \u200f                                            :                                            \u200e                                            25.3 x 22.3 x 5.59 cm; 630 g   <br \/> Date First Available                                            \u200f                                            :                                            \u200e                                            16 May 2024   <br \/> Manufacturer                                            \u200f                                            :                                            \u200e                                            Lysymixs   <br \/> ASIN                                            \u200f                                            :                                            \u200e                                            B0CY1PNCDY   <br \/> Item model number                                            \u200f                                            :                                            \u200e                                            icable26-b-6   <br \/>  Customer reviews:                                                                                            4.8               4.8 out of 5 stars                                  (446)                                              var dpAcrHasRegisteredArcLinkClickAction;                    P.when(&#8216;A&#8217;, &#8216;ready&#8217;).execute(function(A) {                        if (dpAcrHasRegisteredArcLinkClickAction !== true) {                            dpAcrHasRegisteredArcLinkClickAction = true;                            A.declarative(                                &#8216;acrLink-click-metrics&#8217;, &#8216;click&#8217;,                                { \u00aballowLinkDefault\u00bb: true },                                function (event) {                                    if (window.ue) {                                        ue.count(\u00abacrLinkClickCount\u00bb, (ue.count(\u00abacrLinkClickCount\u00bb) || 0) + 1);                                    }                                }                            );                        }                    });                                             P.when(&#8216;A&#8217;, &#8216;cf&#8217;).execute(function(A) {                A.declarative(&#8216;acrStarsLink-click-metrics&#8217;, &#8216;click&#8217;, { \u00aballowLinkDefault\u00bb : true },  function(event){                    if(window.ue) {                        ue.count(\u00abacrStarsLinkWithPopoverClickCount\u00bb, (ue.count(\u00abacrStarsLinkWithPopoverClickCount\u00bb) || 0) + 1);                    }                });            });                          <\/p>\n<p>10G TRANSMISSION CAT6 cables are made of 26AWG stranded copper with reliable performance and durability. Cat6 patch cable is ideal for high-speed applications up to 10Gbps and tess pass-through. Cat6 Ethernet patch cables exceed ANSI\/TIA-568.2-D standard.<br \/>Flexible for Easy Routing &#8211; CAT6 patch cables are more flexible than standard 24AWG Cat 6 patch cables, which makes it easy to route network devices in tight places. The 6-foot Ethernet scale is also beneficial for efficient high-density installation and management.<br \/>SNAG-FREE CLEAR PLUG &#8211; The network patch cords are made of clear snag-free plug with strain relief sleeve for maximum durability. Cat6 patch cables with snagless plug are easy to press and unplug. Clear boot of Cat6 patch cable allows to see the light of POE ports easily.<br \/>POE\/POE+ &#8211; Each Cat 6 patch cable is designed with UTP 26AWG stranded copper, twisted pairs, and a slot to minimize crosstalk. 26AWG copper Cat 6 patch cable can be used for PoE applications.<br \/>PERFECT FOR SHORT PATCHES &#8211; Cat6 patch cable makes no difference compared to standard Cat 6 patch cables in short network connection. The network patch cables work perfectly as a short patch cable between the key patch panel and the switch.<br \/>Widely Used &#8211; Cat6 Ethernet cables 6 inch length are typically used in server\/network rooms to connect between patch panels. Cat6 patch cables can also be used to connect modem to a router, switch, server in the home lab or office network.<\/p>\n\n","protected":false},"excerpt":{"rendered":"<p> Product Description CAT6A UTP PATCH CABLES Dise\u00f1o est\u00e1ndar Las cabinas de conexi\u00f3n UTP Cat6 admiten<\/p>","protected":false},"featured_media":16804,"comment_status":"open","ping_status":"closed","template":"","meta":[],"product_brand":[],"product_cat":[69],"product_tag":[3390,189,182,190,3606,4076,4078,2047,174,199,2044,2303,2052,2037,626,2054,1719,2046,178,4077,2049,2050,2042,2040],"class_list":{"0":"post-16803","1":"product","2":"type-product","3":"status-publish","4":"has-post-thumbnail","6":"product_cat-cables-adapters","7":"product_tag-10g","8":"product_tag-6ft","9":"product_tag-cable","10":"product_tag-cables","11":"product_tag-cat","12":"product_tag-cat6","13":"product_tag-centers","14":"product_tag-charging-cable","15":"product_tag-cord","16":"product_tag-data","17":"product_tag-displayport-cable","18":"product_tag-ethernet","19":"product_tag-hdmi-adapter","20":"product_tag-hdmi-cable","21":"product_tag-home","22":"product_tag-multiport-adapter","23":"product_tag-network","24":"product_tag-network-cable","25":"product_tag-pack","26":"product_tag-patch","27":"product_tag-power-cable","28":"product_tag-usb-adapter","29":"product_tag-usb-c-cable","30":"product_tag-usb-cable","32":"first","33":"instock","34":"shipping-taxable","35":"product-type-external"},"_links":{"self":[{"href":"https:\/\/comprasyconsejos.store\/en\/wp-json\/wp\/v2\/product\/16803","targetHints":{"allow":["GET"]}}],"collection":[{"href":"https:\/\/comprasyconsejos.store\/en\/wp-json\/wp\/v2\/product"}],"about":[{"href":"https:\/\/comprasyconsejos.store\/en\/wp-json\/wp\/v2\/types\/product"}],"replies":[{"embeddable":true,"href":"https:\/\/comprasyconsejos.store\/en\/wp-json\/wp\/v2\/comments?post=16803"}],"version-history":[{"count":0,"href":"https:\/\/comprasyconsejos.store\/en\/wp-json\/wp\/v2\/product\/16803\/revisions"}],"wp:featuredmedia":[{"embeddable":true,"href":"https:\/\/comprasyconsejos.store\/en\/wp-json\/wp\/v2\/media\/16804"}],"wp:attachment":[{"href":"https:\/\/comprasyconsejos.store\/en\/wp-json\/wp\/v2\/media?parent=16803"}],"wp:term":[{"taxonomy":"product_brand","embeddable":true,"href":"https:\/\/comprasyconsejos.store\/en\/wp-json\/wp\/v2\/product_brand?post=16803"},{"taxonomy":"product_cat","embeddable":true,"href":"https:\/\/comprasyconsejos.store\/en\/wp-json\/wp\/v2\/product_cat?post=16803"},{"taxonomy":"product_tag","embeddable":true,"href":"https:\/\/comprasyconsejos.store\/en\/wp-json\/wp\/v2\/product_tag?post=16803"}],"curies":[{"name":"wp","href":"https:\/\/api.w.org\/{rel}","templated":true}]}}