{"id":17092,"date":"2026-02-17T14:05:07","date_gmt":"2026-02-17T14:05:07","guid":{"rendered":"https:\/\/comprasyconsejos.store\/product\/amd-ryzen-7-9850x3d\/"},"modified":"2026-02-17T14:05:08","modified_gmt":"2026-02-17T14:05:08","slug":"amd-ryzen-7-9850x3d","status":"publish","type":"product","link":"https:\/\/comprasyconsejos.store\/en\/product\/amd-ryzen-7-9850x3d\/","title":{"rendered":"AMD RYZEN 7 9850X3D"},"content":{"rendered":"<p>Price: <span style=\"color:#b12704\">\u20ac514.95<\/span><br \/><i><small>(as of Feb 17, 2026 14:05:07 UTC &#8211; <span class=\"wp_automatic_amazon_disclaimer\" title=\"Product prices and availability are accurate as of the date\/time indicated and are subject to change. Any price and availability information displayed on [relevant Amazon Site(s), as applicable] at the time of purchase will apply to the purchase of this product.\">Details<\/span>)<\/small><\/i><\/p>\n<p><a href=\"https:\/\/amazon.es\/dp\/B0G8JMLXNQ?tag=man008-21\"><img decoding=\"async\" src=\"https:\/\/valvepress.s3.amazonaws.com\/imgs\/buy_now.png\"><\/a><br \/>\n<br \/>\n<br \/>AMD RYZEN 7 9850X3D 8 Cores\/16 Threads Unblocks, Architecture Zen 5, 104 Mo de cache (L2+L3), TDP 120W, Jusqu&#8217;\u00e0 5.6 GHz en fr\u00e9quence Boost, Socket AM5, Dissipateur non inclus.<br \/>LE MEILLEUR PROCESSEUR DE JEU AU MONDE DEVENU ENCORE PLUS RAPID<br \/>Le roi incontestar du jeu<br \/>Conduisez votre \u00e9quipe \u00e0 la victoire avec le processeur de jeu AMD \u00e0 8 cores, aux fr\u00e9quences d&#8217;horloge les plus \u00e9lev\u00e9es et aux performances l\u00e9gendaires de la technologie 3D V-Cache de 2e g\u00e9n\u00e9ration.<br \/>Augmenter la vitesse d&#8217;horloge jusqu&#8217;\u00e0 5,6 GHz offre des performances monoc\u0153ur plus rapides et une r\u00e9activit\u00e9 renfor\u00e7ant la position de leader d&#8217;AMD dans le jeu<\/p>\n\n","protected":false},"excerpt":{"rendered":"<p> AMD RYZEN 7 9850X3D 8 Cores\/16 Threads Unblocks, Architecture Zen 5, 104 Mo de cache<\/p>","protected":false},"featured_media":17093,"comment_status":"open","ping_status":"closed","template":"","meta":[],"product_brand":[],"product_cat":[80],"product_tag":[4198,530,1390,1397,1396,1391,1392,1393,1389,565,531,1394,1395],"class_list":{"0":"post-17092","1":"product","2":"type-product","3":"status-publish","4":"has-post-thumbnail","6":"product_cat-processors","7":"product_tag-9850x3d","8":"product_tag-amd","9":"product_tag-amd-ryzen-processor","10":"product_tag-best-processor","11":"product_tag-cpu-price","12":"product_tag-gaming-cpu","13":"product_tag-i7-processor","14":"product_tag-i9-processor","15":"product_tag-intel-processor","16":"product_tag-processor","17":"product_tag-ryzen","18":"product_tag-ryzen-7","19":"product_tag-ryzen-9","21":"first","22":"instock","23":"shipping-taxable","24":"product-type-external"},"_links":{"self":[{"href":"https:\/\/comprasyconsejos.store\/en\/wp-json\/wp\/v2\/product\/17092","targetHints":{"allow":["GET"]}}],"collection":[{"href":"https:\/\/comprasyconsejos.store\/en\/wp-json\/wp\/v2\/product"}],"about":[{"href":"https:\/\/comprasyconsejos.store\/en\/wp-json\/wp\/v2\/types\/product"}],"replies":[{"embeddable":true,"href":"https:\/\/comprasyconsejos.store\/en\/wp-json\/wp\/v2\/comments?post=17092"}],"version-history":[{"count":0,"href":"https:\/\/comprasyconsejos.store\/en\/wp-json\/wp\/v2\/product\/17092\/revisions"}],"wp:featuredmedia":[{"embeddable":true,"href":"https:\/\/comprasyconsejos.store\/en\/wp-json\/wp\/v2\/media\/17093"}],"wp:attachment":[{"href":"https:\/\/comprasyconsejos.store\/en\/wp-json\/wp\/v2\/media?parent=17092"}],"wp:term":[{"taxonomy":"product_brand","embeddable":true,"href":"https:\/\/comprasyconsejos.store\/en\/wp-json\/wp\/v2\/product_brand?post=17092"},{"taxonomy":"product_cat","embeddable":true,"href":"https:\/\/comprasyconsejos.store\/en\/wp-json\/wp\/v2\/product_cat?post=17092"},{"taxonomy":"product_tag","embeddable":true,"href":"https:\/\/comprasyconsejos.store\/en\/wp-json\/wp\/v2\/product_tag?post=17092"}],"curies":[{"name":"wp","href":"https:\/\/api.w.org\/{rel}","templated":true}]}}