{"id":17112,"date":"2026-02-17T14:05:19","date_gmt":"2026-02-17T14:05:19","guid":{"rendered":"https:\/\/comprasyconsejos.store\/product\/logitech-mk270-combo-de-teclado-y-mouse-inalambricos-para-windows-2-4-ghz-inalambrico-mouse-compacto-8-teclas-multimedia-y-acceso-directo-duracion-de-la-bateria-de-2-anos-para-pc-portatil\/"},"modified":"2026-02-17T14:05:19","modified_gmt":"2026-02-17T14:05:19","slug":"logitech-mk270-combo-de-teclado-y-mouse-inalambricos-para-windows-2-4-ghz-inalambrico-mouse-compacto-8-teclas-multimedia-y-acceso-directo-duracion-de-la-bateria-de-2-anos-para-pc-portatil","status":"publish","type":"product","link":"https:\/\/comprasyconsejos.store\/en\/product\/logitech-mk270-combo-de-teclado-y-mouse-inalambricos-para-windows-2-4-ghz-inalambrico-mouse-compacto-8-teclas-multimedia-y-acceso-directo-duracion-de-la-bateria-de-2-anos-para-pc-portatil\/","title":{"rendered":"Logitech MK270 &#8211; Combo de Teclado y Mouse inal\u00e1mbricos para Windows, 2.4 GHz inal\u00e1mbrico, Mouse Compacto, 8 Teclas Multimedia y Acceso Directo, duraci\u00f3n de la bater\u00eda de 2 a\u00f1os, para PC, port\u00e1til,"},"content":{"rendered":"<p>Price: <span style=\"color:#b12704\"><\/span><br \/><i><small>(as of  &#8211; <span class=\"wp_automatic_amazon_disclaimer\" title=\"Product prices and availability are accurate as of the date\/time indicated and are subject to change. Any price and availability information displayed on [relevant Amazon Site(s), as applicable] at the time of purchase will apply to the purchase of this product.\">Details<\/span>)<\/small><\/i><\/p>\n<p><a href=\"https:\/\/amazon.es\/dp\/B0D2X7DCG5?tag=man008-21\"><img decoding=\"async\" src=\"https:\/\/valvepress.s3.amazonaws.com\/imgs\/buy_now.png\"><\/a><br \/>\n<br \/>\n<br \/>Plug and Play fiable: el receptor USB proporciona una conexi\u00f3n inal\u00e1mbrica fiable de hasta 33 pies, por lo que puedes olvidarte de ca\u00eddas y retrasos y puedes llevarlo donde quieras que uses tu computadora<br \/>Escribe c\u00f3modamente: el dise\u00f1o de este teclado crea una experiencia de escritura c\u00f3moda gracias a las teclas silenciosas de perfil bajo y el dise\u00f1o est\u00e1ndar con teclas F de tama\u00f1o completo, teclado num\u00e9rico y teclas de flecha<br \/>Duradero y resistente: este teclado inal\u00e1mbrico de tama\u00f1o completo cuenta con un dise\u00f1o resistente a derrames (2), teclas duraderas y patas inclinables resistentes con altura ajustable<br \/>Bater\u00eda de larga duraci\u00f3n: el combo MK270 cuenta con un teclado de 36 meses y bater\u00eda de mouse de 12 meses (3), junto con interruptores de encendido\/apagado que te permiten pasar meses sin la molestia de cambiar las bater\u00edas<br \/>F\u00e1cil de usar: este combo de teclado y mouse inal\u00e1mbrico cuenta con 8 teclas de acceso r\u00e1pido multimedia para acceso instant\u00e1neo a Internet, correo electr\u00f3nico, reproducci\u00f3n\/pausa y volumen para que puedas ver f\u00e1cilmente tus sitios favoritos<\/p>\n\n","protected":false},"excerpt":{"rendered":"<p> Plug and Play fiable: el receptor USB proporciona una conexi\u00f3n inal\u00e1mbrica fiable de hasta 33<\/p>","protected":false},"featured_media":17113,"comment_status":"open","ping_status":"closed","template":"","meta":[],"product_brand":[],"product_cat":[49],"product_tag":[4213,4216,746,4028,743,1003,747,4212,4214,4215,740,818,4022,4211,518,748,739,1002,767,1005,744,3954,4217,742,745,4021,4024,537,741],"class_list":{"0":"post-17112","1":"product","2":"type-product","3":"status-publish","4":"has-post-thumbnail","6":"product_cat-keyboards","7":"product_tag-acceso","8":"product_tag-anos","9":"product_tag-backlit-keyboard","10":"product_tag-bateria","11":"product_tag-bluetooth-keyboard","12":"product_tag-combo","13":"product_tag-compact-keyboard","14":"product_tag-compacto","15":"product_tag-directo","16":"product_tag-duracion","17":"product_tag-gaming-keyboard","18":"product_tag-ghz","19":"product_tag-inalambrico","20":"product_tag-inalambricos","21":"product_tag-keyboard","22":"product_tag-logitech","23":"product_tag-mechanical-keyboard","24":"product_tag-mk270","25":"product_tag-mouse","26":"product_tag-multimedia","27":"product_tag-office-keyboard","28":"product_tag-para","29":"product_tag-portatil","30":"product_tag-rgb-keyboard","31":"product_tag-silent-keyboard","32":"product_tag-teclado","33":"product_tag-teclas","34":"product_tag-windows","35":"product_tag-wireless-keyboard","37":"first","38":"instock","39":"shipping-taxable","40":"product-type-simple"},"_links":{"self":[{"href":"https:\/\/comprasyconsejos.store\/en\/wp-json\/wp\/v2\/product\/17112","targetHints":{"allow":["GET"]}}],"collection":[{"href":"https:\/\/comprasyconsejos.store\/en\/wp-json\/wp\/v2\/product"}],"about":[{"href":"https:\/\/comprasyconsejos.store\/en\/wp-json\/wp\/v2\/types\/product"}],"replies":[{"embeddable":true,"href":"https:\/\/comprasyconsejos.store\/en\/wp-json\/wp\/v2\/comments?post=17112"}],"version-history":[{"count":0,"href":"https:\/\/comprasyconsejos.store\/en\/wp-json\/wp\/v2\/product\/17112\/revisions"}],"wp:featuredmedia":[{"embeddable":true,"href":"https:\/\/comprasyconsejos.store\/en\/wp-json\/wp\/v2\/media\/17113"}],"wp:attachment":[{"href":"https:\/\/comprasyconsejos.store\/en\/wp-json\/wp\/v2\/media?parent=17112"}],"wp:term":[{"taxonomy":"product_brand","embeddable":true,"href":"https:\/\/comprasyconsejos.store\/en\/wp-json\/wp\/v2\/product_brand?post=17112"},{"taxonomy":"product_cat","embeddable":true,"href":"https:\/\/comprasyconsejos.store\/en\/wp-json\/wp\/v2\/product_cat?post=17112"},{"taxonomy":"product_tag","embeddable":true,"href":"https:\/\/comprasyconsejos.store\/en\/wp-json\/wp\/v2\/product_tag?post=17112"}],"curies":[{"name":"wp","href":"https:\/\/api.w.org\/{rel}","templated":true}]}}