{"id":17197,"date":"2026-02-17T14:05:51","date_gmt":"2026-02-17T14:05:51","guid":{"rendered":"https:\/\/comprasyconsejos.store\/product\/zza-monitor-wqhd-curvado-ultra-ancho-de-34-pulgadas-experiencia-de-juego-inmersiva-con-frecuencia-de-actualizacion-de-165-hz-panel-va-y-amd-freesync-premium-hdr10-99-srgb-3440-x-1440\/"},"modified":"2026-02-17T14:06:00","modified_gmt":"2026-02-17T14:06:00","slug":"zza-monitor-wqhd-curvado-ultra-ancho-de-34-pulgadas-experiencia-de-juego-inmersiva-con-frecuencia-de-actualizacion-de-165-hz-panel-va-y-amd-freesync-premium-hdr10-99-srgb-3440-x-1440","status":"publish","type":"product","link":"https:\/\/comprasyconsejos.store\/en\/product\/zza-monitor-wqhd-curvado-ultra-ancho-de-34-pulgadas-experiencia-de-juego-inmersiva-con-frecuencia-de-actualizacion-de-165-hz-panel-va-y-amd-freesync-premium-hdr10-99-srgb-3440-x-1440\/","title":{"rendered":"ZZA Monitor WQHD curvado ultra ancho de 34 pulgadas, experiencia de juego inmersiva con frecuencia de actualizaci\u00f3n de 165 Hz, panel VA y AMD FreeSync Premium | HDR10 | 99% sRGB | 3440 x 1440"},"content":{"rendered":"<p>Price: <span style=\"color:#b12704\">\u20ac481.37<\/span><br \/><i><small>(as of Feb 17, 2026 14:05:51 UTC &#8211; <span class=\"wp_automatic_amazon_disclaimer\" title=\"Product prices and availability are accurate as of the date\/time indicated and are subject to change. Any price and availability information displayed on [relevant Amazon Site(s), as applicable] at the time of purchase will apply to the purchase of this product.\">Details<\/span>)<\/small><\/i><\/p>\n<p><a href=\"https:\/\/amazon.es\/dp\/B0FB8VQSLH?tag=man008-21\"><img decoding=\"async\" src=\"https:\/\/valvepress.s3.amazonaws.com\/imgs\/buy_now.png\"><\/a><br \/>\n<br \/>\n<br \/>Experiencia visual inmersiva: el monitor UWQHD curvado ultra ancho ZZA de 3444 pulgadas ofrece una excelente resoluci\u00f3n de 3440 x 1440, proporcionando una visi\u00f3n extendida e im\u00e1genes n\u00edtidas y detalladas que realmente te sumergen en cada escena. Con su relaci\u00f3n de aspecto 21:9 y pantalla curva, este monitor ofrece un campo de visi\u00f3n m\u00e1s amplio, por lo que es perfecto para jugar, ver pel\u00edculas o realizar m\u00faltiples tareas.<br \/>Calidad visual mejorada: con la tecnolog\u00eda de panel VA, este monitor ofrece un alto contraste y negros profundos, lo que garantiza una calidad de imagen y una experiencia de visualizaci\u00f3n excepcionales. La capacidad del panel VA para reproducir con precisi\u00f3n colores ricos, con un 99% de cobertura de la gama de colores sRGB, lo hace ideal para tareas que requieren una reproducci\u00f3n precisa del color, como el procesamiento de im\u00e1genes y la edici\u00f3n de video.<br \/>Dise\u00f1o sin quemaduras para costuras multipantalla sin costuras: el monitor ZZA cuenta con un elegante dise\u00f1o sin bordes de 3 lados, no solo proporciona un aspecto est\u00e9tico, sino que tambi\u00e9n permite configuraciones multimonitor sin problemas. Ampl\u00eda tu espacio de trabajo o entretenimiento combinando sin esfuerzo varios monitores, mejorando la productividad y la inmersividad.<br \/>Alto rango din\u00e1mico (HDR10): con la tecnolog\u00eda HDR10, este monitor mejora el detalle y el realismo de las im\u00e1genes al reproducir eficazmente una gama m\u00e1s amplia de niveles de brillo, haci\u00e9ndolas m\u00e1s v\u00edvidas y realistas. Ya sea que est\u00e9s jugando, viendo pel\u00edculas o editando fotos, HDR10 saca los mejores detalles en \u00e1reas claras y oscuras, creando una experiencia visual m\u00e1s cautivadora.<br \/>Juego suave y suave: equipado con tecnolog\u00eda AMD FreeSync Premium, el monitor ZZA elimina el desgarro de la pantalla y el tartamudeo, ofreciendo un juego suave y suave. Disfruta de una ventaja competitiva con transiciones de movimiento suaves, capacidad de respuesta mejorada y retraso de entrada reducido. Tanto si eres un jugador casual como un jugador profesional de deportes electr\u00f3nicos, este monitor garantiza una experiencia de juego m\u00e1s agradable e inmersiva.<br \/>El monitor curvo de alta resoluci\u00f3n de 3440 \u00d7 1440 (UWQHD\/4K) es ideal para entretenimiento, dise\u00f1o gr\u00e1fico, edici\u00f3n de fotos\/videos y tareas comerciales, por lo que es una opci\u00f3n vers\u00e1til para estudiantes, profesionales y dise\u00f1adores<br \/>Cambio de luz azul: el monitor de escritorio curvado ZZA de 34 pulgadas reduce la luz azul de tus monitores para protegerte de la tensi\u00f3n ocular, la irritaci\u00f3n y la tensi\u00f3n. Esto te permite trabajar en tus documentos, ver pel\u00edculas o jugar juegos m\u00e1s c\u00f3modamente durante largos per\u00edodos de tiempo.<\/p>\n\n","protected":false},"excerpt":{"rendered":"<p> Experiencia visual inmersiva: el monitor UWQHD curvado ultra ancho ZZA de 3444 pulgadas ofrece una<\/p>","protected":false},"featured_media":17198,"comment_status":"open","ping_status":"closed","template":"","meta":[],"product_brand":[],"product_cat":[54],"product_tag":[1791,4254,530,4249,1789,3994,4248,1787,1788,1792,1784,1786,1783,1790,4250,4253,1922,1925,4252,4251,844,1033,1035,4035,1313,222,1785,2099,4247],"class_list":{"0":"post-17197","1":"product","2":"type-product","3":"status-publish","4":"has-post-thumbnail","6":"product_cat-curved-monitors","7":"product_tag-144hz-curved-monitor","8":"product_tag-actualizacion","9":"product_tag-amd","10":"product_tag-ancho","11":"product_tag-best-curved-monitor","12":"product_tag-con","13":"product_tag-curvado","14":"product_tag-curved-27-inch-monitor","15":"product_tag-curved-32-inch-monitor","16":"product_tag-curved-computer-monitor","17":"product_tag-curved-gaming-monitor","18":"product_tag-curved-led-monitor","19":"product_tag-curved-monitor","20":"product_tag-curved-monitor-price","21":"product_tag-experiencia","22":"product_tag-frecuencia","23":"product_tag-freesync","24":"product_tag-hdr10","25":"product_tag-inmersiva","26":"product_tag-juego","27":"product_tag-monitor","28":"product_tag-panel","29":"product_tag-premium","30":"product_tag-pulgadas","31":"product_tag-srgb","32":"product_tag-ultra","33":"product_tag-ultrawide-curved-monitor","34":"product_tag-wqhd","35":"product_tag-zza","37":"first","38":"instock","39":"shipping-taxable","40":"product-type-external"},"_links":{"self":[{"href":"https:\/\/comprasyconsejos.store\/en\/wp-json\/wp\/v2\/product\/17197","targetHints":{"allow":["GET"]}}],"collection":[{"href":"https:\/\/comprasyconsejos.store\/en\/wp-json\/wp\/v2\/product"}],"about":[{"href":"https:\/\/comprasyconsejos.store\/en\/wp-json\/wp\/v2\/types\/product"}],"replies":[{"embeddable":true,"href":"https:\/\/comprasyconsejos.store\/en\/wp-json\/wp\/v2\/comments?post=17197"}],"version-history":[{"count":0,"href":"https:\/\/comprasyconsejos.store\/en\/wp-json\/wp\/v2\/product\/17197\/revisions"}],"wp:featuredmedia":[{"embeddable":true,"href":"https:\/\/comprasyconsejos.store\/en\/wp-json\/wp\/v2\/media\/17198"}],"wp:attachment":[{"href":"https:\/\/comprasyconsejos.store\/en\/wp-json\/wp\/v2\/media?parent=17197"}],"wp:term":[{"taxonomy":"product_brand","embeddable":true,"href":"https:\/\/comprasyconsejos.store\/en\/wp-json\/wp\/v2\/product_brand?post=17197"},{"taxonomy":"product_cat","embeddable":true,"href":"https:\/\/comprasyconsejos.store\/en\/wp-json\/wp\/v2\/product_cat?post=17197"},{"taxonomy":"product_tag","embeddable":true,"href":"https:\/\/comprasyconsejos.store\/en\/wp-json\/wp\/v2\/product_tag?post=17197"}],"curies":[{"name":"wp","href":"https:\/\/api.w.org\/{rel}","templated":true}]}}