{"id":17227,"date":"2026-02-17T14:06:08","date_gmt":"2026-02-17T14:06:08","guid":{"rendered":"https:\/\/comprasyconsejos.store\/product\/skytech-azure-3-gaming-pc-desktop-ryzen-7-5700-37-ghz-46-ghz-turbo-amd-rx-9060-xt-8gb-1-tb-nvme-ssd-16-gb-ddr4-ram-3200-650-w-gold-psu-wi-fi-win-11\/"},"modified":"2026-02-17T14:06:12","modified_gmt":"2026-02-17T14:06:12","slug":"skytech-azure-3-gaming-pc-desktop-ryzen-7-5700-37-ghz-46-ghz-turbo-amd-rx-9060-xt-8gb-1-tb-nvme-ssd-16-gb-ddr4-ram-3200-650-w-gold-psu-wi-fi-win-11","status":"publish","type":"product","link":"https:\/\/comprasyconsejos.store\/en\/product\/skytech-azure-3-gaming-pc-desktop-ryzen-7-5700-37-ghz-46-ghz-turbo-amd-rx-9060-xt-8gb-1-tb-nvme-ssd-16-gb-ddr4-ram-3200-650-w-gold-psu-wi-fi-win-11\/","title":{"rendered":"Skytech Azure 3 Gaming PC Desktop, Ryzen 7 5700 3,7 GHz (4,6 GHz Turbo), AMD RX 9060 XT 8GB, 1 TB NVMe SSD, 16 GB DDR4 RAM 3200, 650 W Gold PSU, Wi-Fi, Win 11"},"content":{"rendered":"<p>Price: <span style=\"color:#b12704\">\u20ac2,355.19<\/span><br \/><i><small>(as of Feb 17, 2026 14:06:08 UTC &#8211; <span class=\"wp_automatic_amazon_disclaimer\" title=\"Product prices and availability are accurate as of the date\/time indicated and are subject to change. Any price and availability information displayed on [relevant Amazon Site(s), as applicable] at the time of purchase will apply to the purchase of this product.\">Details<\/span>)<\/small><\/i><\/p>\n<p><a href=\"https:\/\/amazon.es\/dp\/B0FDQRNVHN?tag=man008-21\"><img decoding=\"async\" src=\"https:\/\/valvepress.s3.amazonaws.com\/imgs\/buy_now.png\"><\/a><br \/>\n<br \/>\n<br \/>Procesador de CPU AMD Ryzen 7 5700 3.7GHz (4.6GHz Turbo Boost) | SSD NVMe M.2 de 1 TB \u2013 hasta 30 veces m\u00e1s r\u00e1pido que el disco duro tradicional | Enfriador de aire de alto rendimiento<br \/>Tarjeta gr\u00e1fica AMD Radeon RX 9060 XT 8GB GDDR6 (la marca puede variar) | Memoria de juegos DDR4 RAM 3200 de 16 GB con disipador de calor | Windows 11 Home 64 bits<br \/>802.11 AC | Sin Bloatware | Las opciones de salida gr\u00e1fica incluyen 1 x HDMI, y 1 x puerto de visualizaci\u00f3n prometido, los puertos adicionales pueden variar | Puertos USB incluyendo puertos 2.0, 3.0 y 3.2 Gen1 | Audio HD y micr\u00f3fono | Teclado y mouse para juegos gratuitos<br \/>Enfriador de aire de alto rendimiento: m\u00e1ximo flujo de aire y ventiladores ARGB | Funda para juegos Skytech Azure con vidrio templado, negro | 1 a\u00f1o de garant\u00eda en piezas y mano de obra | Soporte t\u00e9cnico gratuito | Montado en los Estados Unidos<br \/>Este potente PC para juegos es capaz de ejecutar todos tus juegos favoritos como Call of Duty, Fortnite, Escape from Tarkov, Grand Theft Auto V, Valorant, World of Warcraft, League of Legends, Apex Legends, PLAYERUNKNOWN&#8217;s Battlegrounds, Overwatch 2, Counter-Strike 2, Battlefield V, Minecraft, ELDEN RING Shadow of the Erdtree, Rocket League, Bale. dur&#8217;s Gate 3 , Dota 2, HELLDIVERS 2, Monster Hunter, Terraria, Rainbow Six Siege, Black Myth Wukong, Marvel Rivals, Stella Blade, m\u00e1s en configuraciones Ultra, resoluci\u00f3n detallada de 1080p Full HD y una jugabilidad suave de 60+ FPS.<\/p>\n\n","protected":false},"excerpt":{"rendered":"<p> Procesador de CPU AMD Ryzen 7 5700 3.7GHz (4.6GHz Turbo Boost) | SSD NVMe M.2<\/p>","protected":false},"featured_media":17228,"comment_status":"open","ping_status":"closed","template":"","meta":[],"product_brand":[],"product_cat":[90],"product_tag":[622,530,817,613,611,535,787,617,607,604,609,606,612,818,401,608,822,605,824,587,610,531,816,513,820,543,586],"class_list":{"0":"post-17227","1":"product","2":"type-product","3":"status-publish","4":"has-post-thumbnail","6":"product_cat-gaming-pcs","7":"product_tag-8gb","8":"product_tag-amd","9":"product_tag-azure","10":"product_tag-best-gaming-pc","11":"product_tag-custom-gaming-pc","12":"product_tag-ddr4","13":"product_tag-desktop","14":"product_tag-gaming","15":"product_tag-gaming-desktop","16":"product_tag-gaming-pc","17":"product_tag-gaming-pc-16gb-ram","18":"product_tag-gaming-pc-rtx","19":"product_tag-gaming-pc-ssd","20":"product_tag-ghz","21":"product_tag-gold","22":"product_tag-high-end-gaming-pc","23":"product_tag-nvme","24":"product_tag-prebuilt-gaming-pc","25":"product_tag-psu","26":"product_tag-ram","27":"product_tag-rgb-gaming-pc","28":"product_tag-ryzen","29":"product_tag-skytech","30":"product_tag-ssd","31":"product_tag-turbo","32":"product_tag-wifi","33":"product_tag-win","35":"first","36":"instock","37":"shipping-taxable","38":"product-type-external"},"_links":{"self":[{"href":"https:\/\/comprasyconsejos.store\/en\/wp-json\/wp\/v2\/product\/17227","targetHints":{"allow":["GET"]}}],"collection":[{"href":"https:\/\/comprasyconsejos.store\/en\/wp-json\/wp\/v2\/product"}],"about":[{"href":"https:\/\/comprasyconsejos.store\/en\/wp-json\/wp\/v2\/types\/product"}],"replies":[{"embeddable":true,"href":"https:\/\/comprasyconsejos.store\/en\/wp-json\/wp\/v2\/comments?post=17227"}],"version-history":[{"count":0,"href":"https:\/\/comprasyconsejos.store\/en\/wp-json\/wp\/v2\/product\/17227\/revisions"}],"wp:featuredmedia":[{"embeddable":true,"href":"https:\/\/comprasyconsejos.store\/en\/wp-json\/wp\/v2\/media\/17228"}],"wp:attachment":[{"href":"https:\/\/comprasyconsejos.store\/en\/wp-json\/wp\/v2\/media?parent=17227"}],"wp:term":[{"taxonomy":"product_brand","embeddable":true,"href":"https:\/\/comprasyconsejos.store\/en\/wp-json\/wp\/v2\/product_brand?post=17227"},{"taxonomy":"product_cat","embeddable":true,"href":"https:\/\/comprasyconsejos.store\/en\/wp-json\/wp\/v2\/product_cat?post=17227"},{"taxonomy":"product_tag","embeddable":true,"href":"https:\/\/comprasyconsejos.store\/en\/wp-json\/wp\/v2\/product_tag?post=17227"}],"curies":[{"name":"wp","href":"https:\/\/api.w.org\/{rel}","templated":true}]}}