{"id":17304,"date":"2026-02-17T14:22:35","date_gmt":"2026-02-17T14:22:35","guid":{"rendered":"https:\/\/comprasyconsejos.store\/product\/western-digital-disco-duro-externo-de-escritorio-elements-de-26-tb-disco-duro-externo-usb-3-0-para-almacenamiento-plug-and-play-wdbwlg0260hbk-nesn\/"},"modified":"2026-02-17T14:22:38","modified_gmt":"2026-02-17T14:22:38","slug":"western-digital-disco-duro-externo-de-escritorio-elements-de-26-tb-disco-duro-externo-usb-3-0-para-almacenamiento-plug-and-play-wdbwlg0260hbk-nesn","status":"publish","type":"product","link":"https:\/\/comprasyconsejos.store\/en\/product\/western-digital-disco-duro-externo-de-escritorio-elements-de-26-tb-disco-duro-externo-usb-3-0-para-almacenamiento-plug-and-play-wdbwlg0260hbk-nesn\/","title":{"rendered":"Western Digital &#8211; Disco Duro Externo de Escritorio Elements de 26 TB, Disco Duro Externo USB 3.0 para Almacenamiento Plug and Play &#8211; WDBWLG0260HBK-NESN"},"content":{"rendered":"<p>Price: <span style=\"color:#b12704\">\u20ac950.39<\/span><br \/><i><small>(as of Feb 17, 2026 14:22:35 UTC &#8211; <span class=\"wp_automatic_amazon_disclaimer\" title=\"Product prices and availability are accurate as of the date\/time indicated and are subject to change. Any price and availability information displayed on [relevant Amazon Site(s), as applicable] at the time of purchase will apply to the purchase of this product.\">Details<\/span>)<\/small><\/i><\/p>\n<p><a href=\"https:\/\/amazon.es\/dp\/B0DYQN227W?tag=man008-21\"><img decoding=\"async\" src=\"https:\/\/valvepress.s3.amazonaws.com\/imgs\/buy_now.png\"><\/a><br \/>\n<br \/>\n<br \/>(1) 1 GB = 1 mil millones de bytes y 1 TB = 1 bill\u00f3n de bytes. La capacidad real del usuario puede ser menor dependiendo del entorno operativo.<br \/>Almacena hasta 26 TB para archivar fotos, videos, m\u00fasica, documentos importantes e hist\u00f3ricos, y mucho m\u00e1s<br \/>Expansibilidad Plug and Play<br \/>SuperSpeed USB 3.2 Gen 1\/USB 3.0 (5 Gbps)<br \/>Garant\u00eda limitada de 2 a\u00f1os<\/p>\n\n","protected":false},"excerpt":{"rendered":"<p> (1) 1 GB = 1 mil millones de bytes y 1 TB = 1 bill\u00f3n<\/p>","protected":false},"featured_media":17305,"comment_status":"open","ping_status":"closed","template":"","meta":[],"product_brand":[],"product_cat":[76],"product_tag":[1515,1516,4304,1519,1865,4300,4301,3504,4303,1517,4302,1514,1513,1522,1518,1520,3954,1139,324,1521,133,4305,2472],"class_list":{"0":"post-17304","1":"product","2":"type-product","3":"status-publish","4":"has-post-thumbnail","6":"product_cat-hdd-drive","7":"product_tag-1tb-hard-drive","8":"product_tag-2tb-hdd","9":"product_tag-almacenamiento","10":"product_tag-desktop-hdd","11":"product_tag-digital","12":"product_tag-disco","13":"product_tag-duro","14":"product_tag-elements","15":"product_tag-escritorio","16":"product_tag-external-hard-drive","17":"product_tag-externo","18":"product_tag-hard-drive","19":"product_tag-hdd","20":"product_tag-hdd-price","21":"product_tag-internal-hard-drive","22":"product_tag-laptop-hdd","23":"product_tag-para","24":"product_tag-play","25":"product_tag-plug","26":"product_tag-storage-hard-drive","27":"product_tag-usb","28":"product_tag-wdbwlg0260hbknesn","29":"product_tag-western","31":"first","32":"instock","33":"shipping-taxable","34":"product-type-external"},"_links":{"self":[{"href":"https:\/\/comprasyconsejos.store\/en\/wp-json\/wp\/v2\/product\/17304","targetHints":{"allow":["GET"]}}],"collection":[{"href":"https:\/\/comprasyconsejos.store\/en\/wp-json\/wp\/v2\/product"}],"about":[{"href":"https:\/\/comprasyconsejos.store\/en\/wp-json\/wp\/v2\/types\/product"}],"replies":[{"embeddable":true,"href":"https:\/\/comprasyconsejos.store\/en\/wp-json\/wp\/v2\/comments?post=17304"}],"version-history":[{"count":0,"href":"https:\/\/comprasyconsejos.store\/en\/wp-json\/wp\/v2\/product\/17304\/revisions"}],"wp:featuredmedia":[{"embeddable":true,"href":"https:\/\/comprasyconsejos.store\/en\/wp-json\/wp\/v2\/media\/17305"}],"wp:attachment":[{"href":"https:\/\/comprasyconsejos.store\/en\/wp-json\/wp\/v2\/media?parent=17304"}],"wp:term":[{"taxonomy":"product_brand","embeddable":true,"href":"https:\/\/comprasyconsejos.store\/en\/wp-json\/wp\/v2\/product_brand?post=17304"},{"taxonomy":"product_cat","embeddable":true,"href":"https:\/\/comprasyconsejos.store\/en\/wp-json\/wp\/v2\/product_cat?post=17304"},{"taxonomy":"product_tag","embeddable":true,"href":"https:\/\/comprasyconsejos.store\/en\/wp-json\/wp\/v2\/product_tag?post=17304"}],"curies":[{"name":"wp","href":"https:\/\/api.w.org\/{rel}","templated":true}]}}