{"id":17423,"date":"2026-02-17T14:49:56","date_gmt":"2026-02-17T14:49:56","guid":{"rendered":"https:\/\/comprasyconsejos.store\/product\/arcity-5v-12v-24v-output-switching-power-supply-unit-adjustable-for-video-multi-games-machine-console-cocktail-cctv-computer-diy-vertical-new5v-16a-12v-6a-24v-2a\/"},"modified":"2026-02-17T14:49:57","modified_gmt":"2026-02-17T14:49:57","slug":"arcity-5v-12v-24v-output-switching-power-supply-unit-adjustable-for-video-multi-games-machine-console-cocktail-cctv-computer-diy-vertical-new5v-16a-12v-6a-24v-2a","status":"publish","type":"product","link":"https:\/\/comprasyconsejos.store\/en\/product\/arcity-5v-12v-24v-output-switching-power-supply-unit-adjustable-for-video-multi-games-machine-console-cocktail-cctv-computer-diy-vertical-new5v-16a-12v-6a-24v-2a\/","title":{"rendered":"Arcity 5V 12V 24V Output Switching Power Supply Unit Adjustable for Video Multi Games Machine Console Cocktail CCTV Computer DIY Vertical New(5V\/16A 12V\/6A 24V\/2A)"},"content":{"rendered":"<p>Price: <span style=\"color:#b12704\">\u20ac66.74<\/span><br \/><i><small>(as of Feb 17, 2026 14:49:56 UTC &#8211; <span class=\"wp_automatic_amazon_disclaimer\" title=\"Product prices and availability are accurate as of the date\/time indicated and are subject to change. Any price and availability information displayed on [relevant Amazon Site(s), as applicable] at the time of purchase will apply to the purchase of this product.\">Details<\/span>)<\/small><\/i><\/p>\n<p><a href=\"https:\/\/amazon.es\/dp\/B0932XCZH8?tag=man008-21\"><img decoding=\"async\" src=\"https:\/\/valvepress.s3.amazonaws.com\/imgs\/buy_now.png\"><\/a><br \/>\n<br \/>\n<br \/>Excelente en disipaci\u00f3n de calor y protecci\u00f3n contra cortocircuitos, alta fiabilidad y alta eficiencia.<br \/>Proporciona una salida est\u00e1ndar s\u00faper limpia\/bajo ruido de 5 V\/16 A 12 V\/6 A 24 V\/2 A y entrada de 90 V-135 V CA o 190 V-260 V CA.<br \/>Protecci\u00f3n contra sobretensiones y protecci\u00f3n contra sobrecorriente.<br \/>Las tiras LED son ideales para receptor de radio, c\u00e1maras CCTV, amplificador de audio, proyectos de computadora, enrutador inal\u00e1mbrico, fuente de alimentaci\u00f3n de audio\/video y mucho m\u00e1s.<br \/>El tama\u00f1o de la fuente de alimentaci\u00f3n es peque\u00f1o, alta estabilidad, bajo ruido de onda y bajo consumo de energ\u00eda.<br \/>Si necesitas un cable de alimentaci\u00f3n para este producto, pide este enlace a continuaci\u00f3n. Gracias<\/p>\n\n","protected":false},"excerpt":{"rendered":"<p> Excelente en disipaci\u00f3n de calor y protecci\u00f3n contra cortocircuitos, alta fiabilidad y alta eficiencia.Proporciona una<\/p>","protected":false},"featured_media":17424,"comment_status":"open","ping_status":"closed","template":"","meta":[],"product_brand":[],"product_cat":[79],"product_tag":[4381,4386,4382,4387,1488,1490,1495,876,4380,1499,4384,4383,539,1500,1886,1086,2234,1494,1909,1492,311,4385,1259,1498,143,1485,824,1505,733,3457,1150,2230],"class_list":{"0":"post-17423","1":"product","2":"type-product","3":"status-publish","4":"has-post-thumbnail","6":"product_cat-pc-power-supply-unit","7":"product_tag-12v","8":"product_tag-12v6a","9":"product_tag-24v","10":"product_tag-24v2a","11":"product_tag-650w-psu","12":"product_tag-750w-psu","13":"product_tag-80-plus-gold-psu","14":"product_tag-adjustable","15":"product_tag-arcity","16":"product_tag-best-psu","17":"product_tag-cctv","18":"product_tag-cocktail","19":"product_tag-computer","20":"product_tag-computer-power-unit","21":"product_tag-console","22":"product_tag-diy","23":"product_tag-games","24":"product_tag-gaming-power-supply","25":"product_tag-machine","26":"product_tag-modular-psu","27":"product_tag-multi","28":"product_tag-new5v16a","29":"product_tag-output","30":"product_tag-pc-power-supply-price","31":"product_tag-power","32":"product_tag-power-supply","33":"product_tag-psu","34":"product_tag-supply","35":"product_tag-switching","36":"product_tag-unit","37":"product_tag-vertical","38":"product_tag-video","40":"first","41":"instock","42":"shipping-taxable","43":"product-type-external"},"_links":{"self":[{"href":"https:\/\/comprasyconsejos.store\/en\/wp-json\/wp\/v2\/product\/17423","targetHints":{"allow":["GET"]}}],"collection":[{"href":"https:\/\/comprasyconsejos.store\/en\/wp-json\/wp\/v2\/product"}],"about":[{"href":"https:\/\/comprasyconsejos.store\/en\/wp-json\/wp\/v2\/types\/product"}],"replies":[{"embeddable":true,"href":"https:\/\/comprasyconsejos.store\/en\/wp-json\/wp\/v2\/comments?post=17423"}],"version-history":[{"count":0,"href":"https:\/\/comprasyconsejos.store\/en\/wp-json\/wp\/v2\/product\/17423\/revisions"}],"wp:featuredmedia":[{"embeddable":true,"href":"https:\/\/comprasyconsejos.store\/en\/wp-json\/wp\/v2\/media\/17424"}],"wp:attachment":[{"href":"https:\/\/comprasyconsejos.store\/en\/wp-json\/wp\/v2\/media?parent=17423"}],"wp:term":[{"taxonomy":"product_brand","embeddable":true,"href":"https:\/\/comprasyconsejos.store\/en\/wp-json\/wp\/v2\/product_brand?post=17423"},{"taxonomy":"product_cat","embeddable":true,"href":"https:\/\/comprasyconsejos.store\/en\/wp-json\/wp\/v2\/product_cat?post=17423"},{"taxonomy":"product_tag","embeddable":true,"href":"https:\/\/comprasyconsejos.store\/en\/wp-json\/wp\/v2\/product_tag?post=17423"}],"curies":[{"name":"wp","href":"https:\/\/api.w.org\/{rel}","templated":true}]}}