{"id":17526,"date":"2026-02-17T15:25:05","date_gmt":"2026-02-17T15:25:05","guid":{"rendered":"https:\/\/comprasyconsejos.store\/product\/mini-2-series-bateria-de-vuelo-inteligente-2-packs-2400mah-bateria-mini-2-mejorada-con-hasta-31-minutos-de-autonomia-totalmente-compatible-con-dji-mini-4kmini-2mini-2-semini-se\/"},"modified":"2026-02-17T15:25:08","modified_gmt":"2026-02-17T15:25:08","slug":"mini-2-series-bateria-de-vuelo-inteligente-2-packs-2400mah-bateria-mini-2-mejorada-con-hasta-31-minutos-de-autonomia-totalmente-compatible-con-dji-mini-4kmini-2mini-2-semini-se","status":"publish","type":"product","link":"https:\/\/comprasyconsejos.store\/en\/product\/mini-2-series-bateria-de-vuelo-inteligente-2-packs-2400mah-bateria-mini-2-mejorada-con-hasta-31-minutos-de-autonomia-totalmente-compatible-con-dji-mini-4kmini-2mini-2-semini-se\/","title":{"rendered":"Mini 2 Series Bater\u00eda de vuelo inteligente 2 Packs 2400mAh Bater\u00eda Mini 2 mejorada con hasta 31 minutos de autonom\u00eda Totalmente compatible con DJI Mini 4K,Mini 2,Mini 2 SE,Mini SE"},"content":{"rendered":"<p>Price: <span style=\"color:#b12704\">\u20ac99.99<\/span><br \/><i><small>(as of Feb 17, 2026 15:25:05 UTC &#8211; <span class=\"wp_automatic_amazon_disclaimer\" title=\"Product prices and availability are accurate as of the date\/time indicated and are subject to change. Any price and availability information displayed on [relevant Amazon Site(s), as applicable] at the time of purchase will apply to the purchase of this product.\">Details<\/span>)<\/small><\/i><\/p>\n<p><a href=\"https:\/\/amazon.es\/dp\/B0DSJ2ZYBS?tag=man008-21\"><img decoding=\"async\" src=\"https:\/\/valvepress.s3.amazonaws.com\/imgs\/buy_now.png\"><\/a><br \/>\n<br \/>\n<br \/>\u3010Full Compatibility Guarantee\u3011 PoweLyt&#8217;s meticulously designed Mini 2 smart flight battery is fully compatible with DJI Mini 4K, Mini 2, Mini 2 SE and Mini SE drones, ensuring a stable and long-lasting flight experience during use.<br \/>\u3010EXCEPTIONAL RESISTANCE\u3011: Mini 4K smart flight battery has a capacity of 2400mAh and supports a maximum flight time of about 31 minutes. Actual flight duration is affected by factors such as speed and weather conditions. Equipped with built-in BMS for intelligent battery management, it allows you to fly with complete peace of mind.<br \/>Battery specifications: Rated voltage: 7.7 V, capacity: 2400 mAh, 18.48 Wh, maximum charging voltage: 8.8 V, single battery weight: 78.5 g. Note: Please fully charge the battery before the first flight and try 2-3 flights at low altitude before flying at high altitude.<br \/>Safe &#038; Reliable Each Mini 2 SE battery has been tested many times by the aircraft and official charger before leaving the factory, and is manufactured with high-quality battery cells with multiple built-in protection mechanisms, including over-discharge, over-voltage, over-current, over-charge, and short-circuit protection, ensuring a safer flight.<br \/>\u3010Package Contents\u3011:2* Mini 2 Intelligent Flight 2400mAh Batteries.<\/p>\n\n","protected":false},"excerpt":{"rendered":"<p> \u3010Full Compatibility Guarantee\u3011 PoweLyt&#8217;s meticulously designed Mini 2 smart flight battery is fully compatible with<\/p>","protected":false},"featured_media":17527,"comment_status":"open","ping_status":"closed","template":"","meta":[],"product_brand":[],"product_cat":[98],"product_tag":[4431,4437,4436,4434,4028,2845,201,3994,2358,2854,2852,2855,2853,2842,2844,2848,2846,2850,2838,2849,2839,2840,4108,2843,4430,4432,215,2851,4433,2740,2841,2847,4438,361,4435,4429],"class_list":{"0":"post-17526","1":"product","2":"type-product","3":"status-publish","4":"has-post-thumbnail","6":"product_cat-drones","7":"product_tag-2400mah","8":"product_tag-2mini","9":"product_tag-4kmini","10":"product_tag-autonomia","11":"product_tag-bateria","12":"product_tag-beginner-drone","13":"product_tag-compatible","14":"product_tag-con","15":"product_tag-dji","16":"product_tag-dji-drone","17":"product_tag-dji-mavic","18":"product_tag-dji-mini-2","19":"product_tag-drone","20":"product_tag-drone-accessories","21":"product_tag-drone-battery","22":"product_tag-drone-gimbal","23":"product_tag-drone-propellers","24":"product_tag-drone-spare-parts","25":"product_tag-drone-with-camera","26":"product_tag-drones-under-200","27":"product_tag-foldable-drone","28":"product_tag-fpv-drone","29":"product_tag-hasta","30":"product_tag-hd-drone","31":"product_tag-inteligente","32":"product_tag-mejorada","33":"product_tag-mini","34":"product_tag-mini-drone","35":"product_tag-minutos","36":"product_tag-packs","37":"product_tag-quadcopter","38":"product_tag-remote-control-drone","39":"product_tag-semini","40":"product_tag-series","41":"product_tag-totalmente","42":"product_tag-vuelo","44":"first","45":"instock","46":"shipping-taxable","47":"product-type-external"},"_links":{"self":[{"href":"https:\/\/comprasyconsejos.store\/en\/wp-json\/wp\/v2\/product\/17526","targetHints":{"allow":["GET"]}}],"collection":[{"href":"https:\/\/comprasyconsejos.store\/en\/wp-json\/wp\/v2\/product"}],"about":[{"href":"https:\/\/comprasyconsejos.store\/en\/wp-json\/wp\/v2\/types\/product"}],"replies":[{"embeddable":true,"href":"https:\/\/comprasyconsejos.store\/en\/wp-json\/wp\/v2\/comments?post=17526"}],"version-history":[{"count":0,"href":"https:\/\/comprasyconsejos.store\/en\/wp-json\/wp\/v2\/product\/17526\/revisions"}],"wp:featuredmedia":[{"embeddable":true,"href":"https:\/\/comprasyconsejos.store\/en\/wp-json\/wp\/v2\/media\/17527"}],"wp:attachment":[{"href":"https:\/\/comprasyconsejos.store\/en\/wp-json\/wp\/v2\/media?parent=17526"}],"wp:term":[{"taxonomy":"product_brand","embeddable":true,"href":"https:\/\/comprasyconsejos.store\/en\/wp-json\/wp\/v2\/product_brand?post=17526"},{"taxonomy":"product_cat","embeddable":true,"href":"https:\/\/comprasyconsejos.store\/en\/wp-json\/wp\/v2\/product_cat?post=17526"},{"taxonomy":"product_tag","embeddable":true,"href":"https:\/\/comprasyconsejos.store\/en\/wp-json\/wp\/v2\/product_tag?post=17526"}],"curies":[{"name":"wp","href":"https:\/\/api.w.org\/{rel}","templated":true}]}}