{"id":17539,"date":"2026-02-17T15:29:27","date_gmt":"2026-02-17T15:29:27","guid":{"rendered":"https:\/\/comprasyconsejos.store\/product\/tp-link-axe5400-router-wifi-6e-de-triple-banda-archer-axe75-router-de-internet-inalambrico-gigabit-router-ax-para-juegos-router-vpn-wpa3\/"},"modified":"2026-02-17T15:29:30","modified_gmt":"2026-02-17T15:29:30","slug":"tp-link-axe5400-router-wifi-6e-de-triple-banda-archer-axe75-router-de-internet-inalambrico-gigabit-router-ax-para-juegos-router-vpn-wpa3","status":"publish","type":"product","link":"https:\/\/comprasyconsejos.store\/en\/product\/tp-link-axe5400-router-wifi-6e-de-triple-banda-archer-axe75-router-de-internet-inalambrico-gigabit-router-ax-para-juegos-router-vpn-wpa3\/","title":{"rendered":"TP-Link AXE5400 Router WiFi 6E de Triple Banda (Archer AXE75) &#8211; Router de Internet inal\u00e1mbrico Gigabit, Router AX para Juegos, Router VPN, WPA3"},"content":{"rendered":"<p>Price: <span style=\"color:#b12704\">\u20ac244.81<\/span><br \/><i><small>(as of Feb 17, 2026 15:29:27 UTC &#8211; <span class=\"wp_automatic_amazon_disclaimer\" title=\"Product prices and availability are accurate as of the date\/time indicated and are subject to change. Any price and availability information displayed on [relevant Amazon Site(s), as applicable] at the time of purchase will apply to the purchase of this product.\">Details<\/span>)<\/small><\/i><\/p>\n<p><a href=\"https:\/\/amazon.es\/dp\/B0B6M2N6PJ?tag=man008-21\"><img decoding=\"async\" src=\"https:\/\/valvepress.s3.amazonaws.com\/imgs\/buy_now.png\"><\/a><br \/>\n<br \/>\n<br \/>Enrutador WiFi 6E de tres bandas: WiFi de hasta 5400 Mbps para una navegaci\u00f3n m\u00e1s r\u00e1pida, streaming, juegos y descarga, todo al mismo tiempo (6 GHz: 2402 Mbps; 5 GHz: 2402 Mbps; 2.4 GHz: 574 Mbps)<br \/>WiFi 6E Unleashed: la nueva banda de 6 GHz aporta m\u00e1s ancho de banda, velocidades m\u00e1s r\u00e1pidas y latencia casi cero; permite juegos y chat de video m\u00e1s sensibles<br \/>Conecta m\u00e1s dispositivos: la tecnolog\u00eda True Tri-Band y OFDMA aumentan la capacidad en 4 veces para permitir la transmisi\u00f3n simult\u00e1nea a a m\u00e1s dispositivos<br \/>M\u00e1s RAM, mejor procesamiento: equipado con una CPU de cuatro n\u00facleos de 1.7 GHz y memoria de alta velocidad de 512 MB<br \/>Servidor VPN y cliente: Archer AXE75 admite servidor VPN y cliente VPN (OpenVPN\/PPTP\/L2TP)<br \/>TP-Link HomeShield: los servicios de seguridad premium de TP-Link mantienen tu red dom\u00e9stica segura con red de vanguardia y protecci\u00f3n IoT. Caracter\u00edsticas: 1. Escaneo de seguridad de red 2. Controles parentales b\u00e1sicos. 3. QoS 4. Informes semanales\/mensuales. 5. Identificaci\u00f3n de dispositivos IoT, el servicio de pago HomeShield Pro anuncia protecciones y caracter\u00edsticas m\u00e1s robustas. Comienza con un camino gratuito de un mes de Homeshield Pro<br \/>Funciona con todos los proveedores de servicios de Internet (se requiere un m\u00f3dem para la mayor\u00eda de los proveedores de servicios de Internet)<br \/>TP-Link Ofrece 2 a\u00f1os de garant\u00eda y soporte t\u00e9cnico gratuito 24\/7<\/p>\n\n","protected":false},"excerpt":{"rendered":"<p> Enrutador WiFi 6E de tres bandas: WiFi de hasta 5400 Mbps para una navegaci\u00f3n m\u00e1s<\/p>","protected":false},"featured_media":17540,"comment_status":"open","ping_status":"closed","template":"","meta":[],"product_brand":[],"product_cat":[71],"product_tag":[2080,2868,2308,4439,4153,2084,2078,2079,1092,2081,2083,4022,2436,4440,2082,3954,2088,2085,2447,904,2306,543,2076,2077,2095],"class_list":{"0":"post-17539","1":"product","2":"type-product","3":"status-publish","4":"has-post-thumbnail","6":"product_cat-wifi-routers","7":"product_tag-5ghz-router","8":"product_tag-archer","9":"product_tag-axe5400","10":"product_tag-axe75","11":"product_tag-banda","12":"product_tag-best-wifi-router","13":"product_tag-dual-band-router","14":"product_tag-gaming-wifi-router","15":"product_tag-gigabit","16":"product_tag-high-speed-router","17":"product_tag-home-wifi-router","18":"product_tag-inalambrico","19":"product_tag-internet","20":"product_tag-juegos","21":"product_tag-mesh-wifi-router","22":"product_tag-para","23":"product_tag-router","24":"product_tag-router-price","25":"product_tag-tplink","26":"product_tag-triple","27":"product_tag-vpn","28":"product_tag-wifi","29":"product_tag-wifi-router","30":"product_tag-wireless-router","31":"product_tag-wpa3","33":"first","34":"instock","35":"shipping-taxable","36":"product-type-external"},"_links":{"self":[{"href":"https:\/\/comprasyconsejos.store\/en\/wp-json\/wp\/v2\/product\/17539","targetHints":{"allow":["GET"]}}],"collection":[{"href":"https:\/\/comprasyconsejos.store\/en\/wp-json\/wp\/v2\/product"}],"about":[{"href":"https:\/\/comprasyconsejos.store\/en\/wp-json\/wp\/v2\/types\/product"}],"replies":[{"embeddable":true,"href":"https:\/\/comprasyconsejos.store\/en\/wp-json\/wp\/v2\/comments?post=17539"}],"version-history":[{"count":0,"href":"https:\/\/comprasyconsejos.store\/en\/wp-json\/wp\/v2\/product\/17539\/revisions"}],"wp:featuredmedia":[{"embeddable":true,"href":"https:\/\/comprasyconsejos.store\/en\/wp-json\/wp\/v2\/media\/17540"}],"wp:attachment":[{"href":"https:\/\/comprasyconsejos.store\/en\/wp-json\/wp\/v2\/media?parent=17539"}],"wp:term":[{"taxonomy":"product_brand","embeddable":true,"href":"https:\/\/comprasyconsejos.store\/en\/wp-json\/wp\/v2\/product_brand?post=17539"},{"taxonomy":"product_cat","embeddable":true,"href":"https:\/\/comprasyconsejos.store\/en\/wp-json\/wp\/v2\/product_cat?post=17539"},{"taxonomy":"product_tag","embeddable":true,"href":"https:\/\/comprasyconsejos.store\/en\/wp-json\/wp\/v2\/product_tag?post=17539"}],"curies":[{"name":"wp","href":"https:\/\/api.w.org\/{rel}","templated":true}]}}