{"id":17838,"date":"2026-02-17T17:11:21","date_gmt":"2026-02-17T17:11:21","guid":{"rendered":"https:\/\/comprasyconsejos.store\/product\/lovaky-combo-de-teclado-y-mouse-inalambricos-mouse-ergonomico-de-tamano-completo-de-2-4-g-teclado-y-mouse-usb-inalambricos-ajustables-de-3-dpi-clic-silencioso-para\/"},"modified":"2026-02-17T17:11:23","modified_gmt":"2026-02-17T17:11:23","slug":"lovaky-combo-de-teclado-y-mouse-inalambricos-mouse-ergonomico-de-tamano-completo-de-2-4-g-teclado-y-mouse-usb-inalambricos-ajustables-de-3-dpi-clic-silencioso-para","status":"publish","type":"product","link":"https:\/\/comprasyconsejos.store\/en\/product\/lovaky-combo-de-teclado-y-mouse-inalambricos-mouse-ergonomico-de-tamano-completo-de-2-4-g-teclado-y-mouse-usb-inalambricos-ajustables-de-3-dpi-clic-silencioso-para\/","title":{"rendered":"Lovaky &#8211; Combo de Teclado y Mouse inal\u00e1mbricos, Mouse ergon\u00f3mico de tama\u00f1o Completo de 2.4 G, Teclado y Mouse USB inal\u00e1mbricos Ajustables de 3 dpi, Clic silencioso para"},"content":{"rendered":"<p>Price: <span style=\"color:#b12704\">\u20ac103.06<\/span><br \/><i><small>(as of Feb 17, 2026 17:11:21 UTC &#8211; <span class=\"wp_automatic_amazon_disclaimer\" title=\"Product prices and availability are accurate as of the date\/time indicated and are subject to change. Any price and availability information displayed on [relevant Amazon Site(s), as applicable] at the time of purchase will apply to the purchase of this product.\">Details<\/span>)<\/small><\/i><\/p>\n<p><a href=\"https:\/\/amazon.es\/dp\/B09KC6PSR9?tag=man008-21\"><img decoding=\"async\" src=\"https:\/\/valvepress.s3.amazonaws.com\/imgs\/buy_now.png\"><\/a><br \/>\n<br \/>\n<br \/>Plug and Play inal\u00e1mbrico de 2.4 G: simplemente conecta el teclado y el mouse inal\u00e1mbricos con un receptor USB (incluido en el compartimento de la bater\u00eda del mouse), para ahorrar el puerto USB de tu computadora. Sin retrasos ni abandonos. Permite una conexi\u00f3n inal\u00e1mbrica fiable de hasta 10 metros sin ning\u00fan controlador.<br \/>Teclado de tama\u00f1o completo de 104 teclas: con dise\u00f1o QWERTY est\u00e1ndar de Estados Unidos, el teclado inal\u00e1mbrico Lovaky hace que cada tecla en el teclado num\u00e9rico sea independiente y bien espaciada, evitando en gran medida presionar la tecla equivocada. El soporte plegable detr\u00e1s del teclado proporciona un \u00e1ngulo de escritura c\u00f3modo para ti, por lo que puedes disfrutar de una escritura c\u00f3moda durante horas.<br \/>El ahorro de energ\u00eda extiende la vida \u00fatil de la bater\u00eda: el teclado y el mouse inal\u00e1mbricos tienen interruptor de encendido para encender\/apagar, ahorrando p\u00e9rdida innecesaria de bater\u00eda. Despu\u00e9s de 10 minutos de inactividad, el combo de teclado inal\u00e1mbrico y mouse entrar\u00e1 autom\u00e1ticamente en modo de suspensi\u00f3n para ahorrar energ\u00eda. El teclado requiere una bater\u00eda AAA y el mouse requiere dos.<br \/>Rat\u00f3n inal\u00e1mbrico silencioso: el mouse de computadora proporciona un clic silencioso, no hay necesidad de preocuparse por molestar a otros para descansar mientras trabajas o juegas. El mouse ajustable DPI proporciona 3 niveles de DPI (800\/1200\/1600) para satisfacer tus diferentes necesidades en t\u00e9rminos de sensibilidad.<br \/>Combo de mouse y teclado inal\u00e1mbrico compatible: incluye un teclado de tama\u00f1o completo y un mouse de alta sensibilidad. Funciona con tu PC, computadora de escritorio, port\u00e1til o port\u00e1til. Compatible con sistemas operativos Windows XP \/ Vista \/ 7 \/ 8 \/10.<br \/>Indicador de alimentaci\u00f3n: la nueva bater\u00eda en el teclado y el mouse, si la conexi\u00f3n normal con la luz roja de alimentaci\u00f3n de la computadora parpadear\u00e1 de 5 a 8 segundos si la computadora no est\u00e1 normalmente conectada a la luz roja de alimentaci\u00f3n encendida durante un momento apagada. El modo de bater\u00eda baja es presionar cualquier tecla de encendido, la luz roja parpadear\u00e1. As\u00ed que cuando empieces a usar, la luz roja de encendido sigue parpadeando durante 5-8 segundos es normal.<\/p>\n\n","protected":false},"excerpt":{"rendered":"<p> Plug and Play inal\u00e1mbrico de 2.4 G: simplemente conecta el teclado y el mouse inal\u00e1mbricos<\/p>","protected":false},"featured_media":17839,"comment_status":"open","ping_status":"closed","template":"","meta":[],"product_brand":[],"product_cat":[49],"product_tag":[4600,746,743,4601,1003,747,4599,775,4597,740,4211,518,4596,739,767,744,3954,742,4207,745,4598,4021,133,741],"class_list":{"0":"post-17838","1":"product","2":"type-product","3":"status-publish","4":"has-post-thumbnail","6":"product_cat-keyboards","7":"product_tag-ajustables","8":"product_tag-backlit-keyboard","9":"product_tag-bluetooth-keyboard","10":"product_tag-clic","11":"product_tag-combo","12":"product_tag-compact-keyboard","13":"product_tag-completo","14":"product_tag-dpi","15":"product_tag-ergonomico","16":"product_tag-gaming-keyboard","17":"product_tag-inalambricos","18":"product_tag-keyboard","19":"product_tag-lovaky","20":"product_tag-mechanical-keyboard","21":"product_tag-mouse","22":"product_tag-office-keyboard","23":"product_tag-para","24":"product_tag-rgb-keyboard","25":"product_tag-silencioso","26":"product_tag-silent-keyboard","27":"product_tag-tamano","28":"product_tag-teclado","29":"product_tag-usb","30":"product_tag-wireless-keyboard","32":"first","33":"instock","34":"shipping-taxable","35":"product-type-external"},"_links":{"self":[{"href":"https:\/\/comprasyconsejos.store\/en\/wp-json\/wp\/v2\/product\/17838","targetHints":{"allow":["GET"]}}],"collection":[{"href":"https:\/\/comprasyconsejos.store\/en\/wp-json\/wp\/v2\/product"}],"about":[{"href":"https:\/\/comprasyconsejos.store\/en\/wp-json\/wp\/v2\/types\/product"}],"replies":[{"embeddable":true,"href":"https:\/\/comprasyconsejos.store\/en\/wp-json\/wp\/v2\/comments?post=17838"}],"version-history":[{"count":0,"href":"https:\/\/comprasyconsejos.store\/en\/wp-json\/wp\/v2\/product\/17838\/revisions"}],"wp:featuredmedia":[{"embeddable":true,"href":"https:\/\/comprasyconsejos.store\/en\/wp-json\/wp\/v2\/media\/17839"}],"wp:attachment":[{"href":"https:\/\/comprasyconsejos.store\/en\/wp-json\/wp\/v2\/media?parent=17838"}],"wp:term":[{"taxonomy":"product_brand","embeddable":true,"href":"https:\/\/comprasyconsejos.store\/en\/wp-json\/wp\/v2\/product_brand?post=17838"},{"taxonomy":"product_cat","embeddable":true,"href":"https:\/\/comprasyconsejos.store\/en\/wp-json\/wp\/v2\/product_cat?post=17838"},{"taxonomy":"product_tag","embeddable":true,"href":"https:\/\/comprasyconsejos.store\/en\/wp-json\/wp\/v2\/product_tag?post=17838"}],"curies":[{"name":"wp","href":"https:\/\/api.w.org\/{rel}","templated":true}]}}