{"id":18362,"date":"2026-02-17T20:32:39","date_gmt":"2026-02-17T20:32:39","guid":{"rendered":"https:\/\/comprasyconsejos.store\/product\/luz-portatil-para-selfies-para-iphone-90-luces-led-de-relleno-de-telefono-anillo-de-luz-para-imagen-de-camara-fotos-de-maquillaje-videoconferencias-uso-de-laptop-reuniones-de-zoom\/"},"modified":"2026-02-17T20:32:41","modified_gmt":"2026-02-17T20:32:41","slug":"luz-portatil-para-selfies-para-iphone-90-luces-led-de-relleno-de-telefono-anillo-de-luz-para-imagen-de-camara-fotos-de-maquillaje-videoconferencias-uso-de-laptop-reuniones-de-zoom","status":"publish","type":"product","link":"https:\/\/comprasyconsejos.store\/en\/product\/luz-portatil-para-selfies-para-iphone-90-luces-led-de-relleno-de-telefono-anillo-de-luz-para-imagen-de-camara-fotos-de-maquillaje-videoconferencias-uso-de-laptop-reuniones-de-zoom\/","title":{"rendered":"Luz Port\u00e1til para Selfies para iPhone: 90 Luces LED de Relleno de Tel\u00e9fono, Anillo de Luz para Imagen de C\u00e1mara, Fotos de Maquillaje, Videoconferencias, Uso de Laptop, Reuniones de Zoom"},"content":{"rendered":"<p>Price: <span style=\"color:#b12704\">\u20ac13.99<\/span><br \/><i><small>(as of Feb 17, 2026 20:32:39 UTC &#8211; <span class=\"wp_automatic_amazon_disclaimer\" title=\"Product prices and availability are accurate as of the date\/time indicated and are subject to change. Any price and availability information displayed on [relevant Amazon Site(s), as applicable] at the time of purchase will apply to the purchase of this product.\">Details<\/span>)<\/small><\/i><\/p>\n<p><a href=\"https:\/\/amazon.es\/dp\/B0DZWY9CNF?tag=man008-21\"><img decoding=\"async\" src=\"https:\/\/valvepress.s3.amazonaws.com\/imgs\/buy_now.png\"><\/a><br \/>\n<br \/>\n<br \/>90 LED Best Light Effect: Supports infinite adjustment of color temperature from 2700K to 6500K, with one-click switching between cold and warm light, satisfying the needs of restoring natural skin tone or creating atmosphere.<br \/>3 adjustable modes: cold light, warm light and sunlight. Cold light can make you more charming, warm light softer, and sunlight more natural. Meet the lighting needs of different environments.<br \/>10 Brightness Levels: 10 levels of brightness adjustment, uniform and soft light, avoiding glare and glare, long-term use does not hurt the eyes. Meet the lighting needs of different atmospheres.<br \/>2-12 Hours Battery Life: In low brightness mode, it can keep working for up to 12 hours, even at the highest brightness, it can maintain a use time of 2 hours. Type-C fast charging takes 2 hours to fully charge, supports simultaneous charging and using.<br \/>Compatibility with various devices: This LED lights will illuminate your beauty in front of photography, online videos, makeup, selfies, video blogging, live streaming, video recording, zoom meetings, camera in photo lights, and more. It can provide you with your favorite lighting effects to enhance the brightness of your skin and restore the most natural colors.<\/p>\n\n","protected":false},"excerpt":{"rendered":"<p> 90 LED Best Light Effect: Supports infinite adjustment of color temperature from 2700K to 6500K,<\/p>","protected":false},"featured_media":18363,"comment_status":"open","ping_status":"closed","template":"","meta":[],"product_brand":[],"product_cat":[96],"product_tag":[1858,4817,4112,1859,1861,1854,1855,4819,4818,147,159,428,4814,4813,4820,1856,3954,1863,4217,1860,4815,4822,3073,4816,1862,4265,1857,4821,1135],"class_list":{"0":"post-18362","1":"product","2":"type-product","3":"status-publish","4":"has-post-thumbnail","6":"product_cat-photo-video","7":"product_tag-action-cameras","8":"product_tag-anillo","9":"product_tag-camara","10":"product_tag-camera-accessories","11":"product_tag-camera-lenses","12":"product_tag-digital-cameras","13":"product_tag-dslr-cameras","14":"product_tag-fotos","15":"product_tag-imagen","16":"product_tag-iphone","17":"product_tag-laptop","18":"product_tag-led","19":"product_tag-luces","20":"product_tag-luz","21":"product_tag-maquillaje","22":"product_tag-mirrorless-cameras","23":"product_tag-para","24":"product_tag-photo-equipment","25":"product_tag-portatil","26":"product_tag-professional-camera","27":"product_tag-relleno","28":"product_tag-reuniones","29":"product_tag-selfies","30":"product_tag-telefono","31":"product_tag-tripods","32":"product_tag-uso","33":"product_tag-video-cameras","34":"product_tag-videoconferencias","35":"product_tag-zoom","37":"first","38":"instock","39":"shipping-taxable","40":"product-type-external"},"_links":{"self":[{"href":"https:\/\/comprasyconsejos.store\/en\/wp-json\/wp\/v2\/product\/18362","targetHints":{"allow":["GET"]}}],"collection":[{"href":"https:\/\/comprasyconsejos.store\/en\/wp-json\/wp\/v2\/product"}],"about":[{"href":"https:\/\/comprasyconsejos.store\/en\/wp-json\/wp\/v2\/types\/product"}],"replies":[{"embeddable":true,"href":"https:\/\/comprasyconsejos.store\/en\/wp-json\/wp\/v2\/comments?post=18362"}],"version-history":[{"count":0,"href":"https:\/\/comprasyconsejos.store\/en\/wp-json\/wp\/v2\/product\/18362\/revisions"}],"wp:featuredmedia":[{"embeddable":true,"href":"https:\/\/comprasyconsejos.store\/en\/wp-json\/wp\/v2\/media\/18363"}],"wp:attachment":[{"href":"https:\/\/comprasyconsejos.store\/en\/wp-json\/wp\/v2\/media?parent=18362"}],"wp:term":[{"taxonomy":"product_brand","embeddable":true,"href":"https:\/\/comprasyconsejos.store\/en\/wp-json\/wp\/v2\/product_brand?post=18362"},{"taxonomy":"product_cat","embeddable":true,"href":"https:\/\/comprasyconsejos.store\/en\/wp-json\/wp\/v2\/product_cat?post=18362"},{"taxonomy":"product_tag","embeddable":true,"href":"https:\/\/comprasyconsejos.store\/en\/wp-json\/wp\/v2\/product_tag?post=18362"}],"curies":[{"name":"wp","href":"https:\/\/api.w.org\/{rel}","templated":true}]}}