{"id":18751,"date":"2026-02-17T23:38:14","date_gmt":"2026-02-17T23:38:14","guid":{"rendered":"https:\/\/comprasyconsejos.store\/product\/skytech-nebula-gaming-pc-de-computadora-ryzen-7-7700-38-ghz-53-ghz-turbo-nvidia-rtx-5060-8gb-1-tb-nvme-ssd-16-gb-ddr5-ram-6000-650-w-gold-psu-wi-fi-win-11\/"},"modified":"2026-02-17T23:38:16","modified_gmt":"2026-02-17T23:38:16","slug":"skytech-nebula-gaming-pc-de-computadora-ryzen-7-7700-38-ghz-53-ghz-turbo-nvidia-rtx-5060-8gb-1-tb-nvme-ssd-16-gb-ddr5-ram-6000-650-w-gold-psu-wi-fi-win-11","status":"publish","type":"product","link":"https:\/\/comprasyconsejos.store\/en\/product\/skytech-nebula-gaming-pc-de-computadora-ryzen-7-7700-38-ghz-53-ghz-turbo-nvidia-rtx-5060-8gb-1-tb-nvme-ssd-16-gb-ddr5-ram-6000-650-w-gold-psu-wi-fi-win-11\/","title":{"rendered":"Skytech Nebula Gaming PC de computadora, Ryzen 7 7700 3,8 GHz (5,3 GHz Turbo), NVIDIA RTX 5060 8GB, 1 TB NVMe SSD, 16 GB DDR5 RAM 6000, 650 W Gold PSU, Wi-Fi, Win 11"},"content":{"rendered":"<p>Price: <span style=\"color:#b12704\">\u20ac3,501.78<\/span><br \/><i><small>(as of Feb 17, 2026 23:38:14 UTC &#8211; <span class=\"wp_automatic_amazon_disclaimer\" title=\"Product prices and availability are accurate as of the date\/time indicated and are subject to change. Any price and availability information displayed on [relevant Amazon Site(s), as applicable] at the time of purchase will apply to the purchase of this product.\">Details<\/span>)<\/small><\/i><\/p>\n<p><a href=\"https:\/\/amazon.es\/dp\/B0F8Q99KS7?tag=man008-21\"><img decoding=\"async\" src=\"https:\/\/valvepress.s3.amazonaws.com\/imgs\/buy_now.png\"><\/a><br \/>\n<br \/>\n<br \/>Procesador de CPU AMD Ryzen 7 7700 3.8GHz (5.3GHz Turbo Boost) | SSD NVMe M.2 de 1 TB \u2013 hasta 30 veces m\u00e1s r\u00e1pido que el disco duro tradicional | Enfriador de aire de alto rendimiento<br \/>Tarjeta gr\u00e1fica NVIDIA Geforce RTX 5060 de 8 GB GDDR7 (la marca puede variar) | Memoria de juegos DDR5 RAM 6000 de 16 GB con disipador de calor | Windows 11 Home de 64 bits<br \/>802.11 AC | Sin Bloatware | Las opciones de salida gr\u00e1fica incluyen 1 x HDMI, y 1 x puerto de visualizaci\u00f3n prometido, los puertos adicionales pueden variar | Puertos USB incluyendo puertos 2.0, 3.0 y 3.2 Gen1 | Audio HD y micr\u00f3fono | Teclado y mouse para juegos gratuitos<br \/>Enfriador de aire de alto rendimiento: m\u00e1ximo flujo de aire y ventiladores ARGB | Skytech Nebula Black Edition con malla frontal | 1 a\u00f1o de garant\u00eda en piezas y mano de obra | Soporte t\u00e9cnico gratuito | Montado en los Estados Unidos<br \/>Este potente PC para juegos es capaz de ejecutar todos tus juegos favoritos como Call of Duty, Fortnite, Escape from Tarkov, Grand Theft Auto V, Valorant, World of Warcraft, League of Legends, Apex Legends, PLAYERUNKNOWN&#8217;s Battlegrounds, Overwatch 2, Counter-Strike 2, Battlefield V, Minecraft, ELDEN RING Shadow of the Erdtree, Rocket League, Bale. dur&#8217;s Gate 3 , Dota 2, HELLDIVERS 2, Monster Hunter, Terraria, Rainbow Six Siege, Dragon&#8217;s Dogma 2, Black Myth Wukong, Marvel Rivals, m\u00e1s en configuraciones Ultra, resoluci\u00f3n detallada de 1080p Full HD y una jugabilidad suave de 60+ FPS.<\/p>\n\n","protected":false},"excerpt":{"rendered":"<p> Procesador de CPU AMD Ryzen 7 7700 3.8GHz (5.3GHz Turbo Boost) | SSD NVMe M.2<\/p>","protected":false},"featured_media":18752,"comment_status":"open","ping_status":"closed","template":"","meta":[],"product_brand":[],"product_cat":[90],"product_tag":[622,613,4042,611,623,617,607,604,609,606,612,818,401,608,1100,821,822,605,824,587,610,621,531,816,513,820,543,586],"class_list":{"0":"post-18751","1":"product","2":"type-product","3":"status-publish","4":"has-post-thumbnail","6":"product_cat-gaming-pcs","7":"product_tag-8gb","8":"product_tag-best-gaming-pc","9":"product_tag-computadora","10":"product_tag-custom-gaming-pc","11":"product_tag-ddr5","12":"product_tag-gaming","13":"product_tag-gaming-desktop","14":"product_tag-gaming-pc","15":"product_tag-gaming-pc-16gb-ram","16":"product_tag-gaming-pc-rtx","17":"product_tag-gaming-pc-ssd","18":"product_tag-ghz","19":"product_tag-gold","20":"product_tag-high-end-gaming-pc","21":"product_tag-nebula","22":"product_tag-nvidia","23":"product_tag-nvme","24":"product_tag-prebuilt-gaming-pc","25":"product_tag-psu","26":"product_tag-ram","27":"product_tag-rgb-gaming-pc","28":"product_tag-rtx","29":"product_tag-ryzen","30":"product_tag-skytech","31":"product_tag-ssd","32":"product_tag-turbo","33":"product_tag-wifi","34":"product_tag-win","36":"first","37":"instock","38":"shipping-taxable","39":"product-type-external"},"_links":{"self":[{"href":"https:\/\/comprasyconsejos.store\/en\/wp-json\/wp\/v2\/product\/18751","targetHints":{"allow":["GET"]}}],"collection":[{"href":"https:\/\/comprasyconsejos.store\/en\/wp-json\/wp\/v2\/product"}],"about":[{"href":"https:\/\/comprasyconsejos.store\/en\/wp-json\/wp\/v2\/types\/product"}],"replies":[{"embeddable":true,"href":"https:\/\/comprasyconsejos.store\/en\/wp-json\/wp\/v2\/comments?post=18751"}],"version-history":[{"count":0,"href":"https:\/\/comprasyconsejos.store\/en\/wp-json\/wp\/v2\/product\/18751\/revisions"}],"wp:featuredmedia":[{"embeddable":true,"href":"https:\/\/comprasyconsejos.store\/en\/wp-json\/wp\/v2\/media\/18752"}],"wp:attachment":[{"href":"https:\/\/comprasyconsejos.store\/en\/wp-json\/wp\/v2\/media?parent=18751"}],"wp:term":[{"taxonomy":"product_brand","embeddable":true,"href":"https:\/\/comprasyconsejos.store\/en\/wp-json\/wp\/v2\/product_brand?post=18751"},{"taxonomy":"product_cat","embeddable":true,"href":"https:\/\/comprasyconsejos.store\/en\/wp-json\/wp\/v2\/product_cat?post=18751"},{"taxonomy":"product_tag","embeddable":true,"href":"https:\/\/comprasyconsejos.store\/en\/wp-json\/wp\/v2\/product_tag?post=18751"}],"curies":[{"name":"wp","href":"https:\/\/api.w.org\/{rel}","templated":true}]}}