{"id":18771,"date":"2026-02-17T23:44:37","date_gmt":"2026-02-17T23:44:37","guid":{"rendered":"https:\/\/comprasyconsejos.store\/product\/funda-acolchada-para-laptop-diseno-de-polilla-y-mariposa-color-azul-marino-bolsa-protectora-ligera-para-ultrabooks-y-cuadernos-grande\/"},"modified":"2026-02-17T23:44:45","modified_gmt":"2026-02-17T23:44:45","slug":"funda-acolchada-para-laptop-diseno-de-polilla-y-mariposa-color-azul-marino-bolsa-protectora-ligera-para-ultrabooks-y-cuadernos-grande","status":"publish","type":"product","link":"https:\/\/comprasyconsejos.store\/en\/product\/funda-acolchada-para-laptop-diseno-de-polilla-y-mariposa-color-azul-marino-bolsa-protectora-ligera-para-ultrabooks-y-cuadernos-grande\/","title":{"rendered":"Funda acolchada para laptop, dise\u00f1o de polilla y mariposa, color azul marino, bolsa protectora ligera para Ultrabooks y cuadernos, grande"},"content":{"rendered":"<p>Price: <span style=\"color:#b12704\">\u20ac9.23<\/span><br \/><i><small>(as of Feb 17, 2026 23:44:37 UTC &#8211; <span class=\"wp_automatic_amazon_disclaimer\" title=\"Product prices and availability are accurate as of the date\/time indicated and are subject to change. Any price and availability information displayed on [relevant Amazon Site(s), as applicable] at the time of purchase will apply to the purchase of this product.\">Details<\/span>)<\/small><\/i><\/p>\n<p><a href=\"https:\/\/amazon.es\/dp\/B0GD71BHLN?tag=man008-21\"><img decoding=\"async\" src=\"https:\/\/valvepress.s3.amazonaws.com\/imgs\/buy_now.png\"><\/a><br \/>\n<br \/>\n<br \/>Disfruta de la seguridad adecuada del dispositivo con m\u00faltiples capas de acolchado suave y n\u00facleo de algod\u00f3n perla de 2 mm que amortigua los port\u00e1tiles de impactos y resbalones accidentales en el viaje diario<br \/>Benef\u00edciate de una cremallera de apertura superior suave que se desliza sin problemas para un acceso r\u00e1pido al dispositivo, sin enganches ni tirones, haciendo transiciones entre reuniones o molestias de viaje<br \/>Aprovecha el perfil ultra delgado y ligero que se desliza f\u00e1cilmente en mochilas, maletines o bolsas sin a\u00f1adir volumen, pero proporciona una cobertura completa del dispositivo<br \/>Conf\u00eda en el exterior de tela negra duradera resistente al agua para bloquear los derrames de luz mientras que el forro de poli\u00e9ster de terciopelo suave evita ara\u00f1azos asegurando una impresi\u00f3n y estructura de larga duraci\u00f3n<br \/>Mant\u00e9n un aspecto fresco con un simple lavado a mano, enjuagando jab\u00f3n suave, colgar para secar a baja temperatura. Instrucciones de planchado para preservar la vibrante impresi\u00f3n de polillas y mariposas azul marino para el uso diario<\/p>\n\n","protected":false},"excerpt":{"rendered":"<p> Disfruta de la seguridad adecuada del dispositivo con m\u00faltiples capas de acolchado suave y n\u00facleo<\/p>","protected":false},"featured_media":18772,"comment_status":"open","ping_status":"closed","template":"","meta":[],"product_brand":[],"product_cat":[87],"product_tag":[5001,4041,557,5005,555,312,5008,4023,5000,5009,159,5007,550,556,5004,5003,3954,5002,554,5006,549,548,552,553,551,4122],"class_list":{"0":"post-18771","1":"product","2":"type-product","3":"status-publish","4":"has-post-thumbnail","6":"product_cat-ultrabook","7":"product_tag-acolchada","8":"product_tag-azul","9":"product_tag-best-ultrabook","10":"product_tag-bolsa","11":"product_tag-business-ultrabook","12":"product_tag-color","13":"product_tag-cuadernos","14":"product_tag-diseno","15":"product_tag-funda","16":"product_tag-grande","17":"product_tag-laptop","18":"product_tag-ligera","19":"product_tag-lightweight-ultrabook","20":"product_tag-long-battery-ultrabook","21":"product_tag-marino","22":"product_tag-mariposa","23":"product_tag-para","24":"product_tag-polilla","25":"product_tag-premium-ultrabook","26":"product_tag-protectora","27":"product_tag-slim-ultrabook","28":"product_tag-ultrabook","29":"product_tag-ultrabook-14-inch","30":"product_tag-ultrabook-i7","31":"product_tag-ultrabook-with-ssd","32":"product_tag-ultrabooks","34":"first","35":"instock","36":"shipping-taxable","37":"product-type-external"},"_links":{"self":[{"href":"https:\/\/comprasyconsejos.store\/en\/wp-json\/wp\/v2\/product\/18771","targetHints":{"allow":["GET"]}}],"collection":[{"href":"https:\/\/comprasyconsejos.store\/en\/wp-json\/wp\/v2\/product"}],"about":[{"href":"https:\/\/comprasyconsejos.store\/en\/wp-json\/wp\/v2\/types\/product"}],"replies":[{"embeddable":true,"href":"https:\/\/comprasyconsejos.store\/en\/wp-json\/wp\/v2\/comments?post=18771"}],"version-history":[{"count":0,"href":"https:\/\/comprasyconsejos.store\/en\/wp-json\/wp\/v2\/product\/18771\/revisions"}],"wp:featuredmedia":[{"embeddable":true,"href":"https:\/\/comprasyconsejos.store\/en\/wp-json\/wp\/v2\/media\/18772"}],"wp:attachment":[{"href":"https:\/\/comprasyconsejos.store\/en\/wp-json\/wp\/v2\/media?parent=18771"}],"wp:term":[{"taxonomy":"product_brand","embeddable":true,"href":"https:\/\/comprasyconsejos.store\/en\/wp-json\/wp\/v2\/product_brand?post=18771"},{"taxonomy":"product_cat","embeddable":true,"href":"https:\/\/comprasyconsejos.store\/en\/wp-json\/wp\/v2\/product_cat?post=18771"},{"taxonomy":"product_tag","embeddable":true,"href":"https:\/\/comprasyconsejos.store\/en\/wp-json\/wp\/v2\/product_tag?post=18771"}],"curies":[{"name":"wp","href":"https:\/\/api.w.org\/{rel}","templated":true}]}}