{"id":19025,"date":"2026-02-18T02:04:49","date_gmt":"2026-02-18T02:04:49","guid":{"rendered":"https:\/\/comprasyconsejos.store\/product\/logitech-mk295-raton-inalambrico-y-teclado-combinado-con-tecnologia-silenttouch-almohadilla-numpad-completa-seguimiento-optico-avanzado-sin-demora-inalambrico-90-menos-ruido-blanco-roto\/"},"modified":"2026-02-18T02:05:02","modified_gmt":"2026-02-18T02:05:02","slug":"logitech-mk295-raton-inalambrico-y-teclado-combinado-con-tecnologia-silenttouch-almohadilla-numpad-completa-seguimiento-optico-avanzado-sin-demora-inalambrico-90-menos-ruido-blanco-roto","status":"publish","type":"product","link":"https:\/\/comprasyconsejos.store\/en\/product\/logitech-mk295-raton-inalambrico-y-teclado-combinado-con-tecnologia-silenttouch-almohadilla-numpad-completa-seguimiento-optico-avanzado-sin-demora-inalambrico-90-menos-ruido-blanco-roto\/","title":{"rendered":"Logitech MK295 &#8211; Rat\u00f3n inal\u00e1mbrico y Teclado Combinado con tecnolog\u00eda SilentTouch, Almohadilla numpad Completa, Seguimiento \u00f3ptico avanzado, sin demora, inal\u00e1mbrico, 90% Menos Ruido, Blanco Roto"},"content":{"rendered":"<p>Price: <span style=\"color:#b12704\">\u20ac33.89<\/span><br \/><i><small>(as of Feb 18, 2026 02:04:49 UTC &#8211; <span class=\"wp_automatic_amazon_disclaimer\" title=\"Product prices and availability are accurate as of the date\/time indicated and are subject to change. Any price and availability information displayed on [relevant Amazon Site(s), as applicable] at the time of purchase will apply to the purchase of this product.\">Details<\/span>)<\/small><\/i><\/p>\n<p><a href=\"https:\/\/amazon.es\/dp\/B089KTJWHK?tag=man008-21\"><img decoding=\"async\" src=\"https:\/\/valvepress.s3.amazonaws.com\/imgs\/buy_now.png\"><\/a><br \/>\n<\/p>\n\n","protected":false},"excerpt":{"rendered":"<p><\/p>","protected":false},"featured_media":19026,"comment_status":"open","ping_status":"closed","template":"","meta":[],"product_brand":[],"product_cat":[49],"product_tag":[5113,5117,746,5121,743,5111,747,5114,3994,5118,740,4022,518,748,739,5119,1280,1141,744,5116,4264,742,5122,5120,5115,745,1200,5021,4021,5112,741],"class_list":{"0":"post-19025","1":"product","2":"type-product","3":"status-publish","4":"has-post-thumbnail","6":"product_cat-keyboards","7":"product_tag-almohadilla","8":"product_tag-avanzado","9":"product_tag-backlit-keyboard","10":"product_tag-blanco","11":"product_tag-bluetooth-keyboard","12":"product_tag-combinado","13":"product_tag-compact-keyboard","14":"product_tag-completa","15":"product_tag-con","16":"product_tag-demora","17":"product_tag-gaming-keyboard","18":"product_tag-inalambrico","19":"product_tag-keyboard","20":"product_tag-logitech","21":"product_tag-mechanical-keyboard","22":"product_tag-menos","23":"product_tag-mk295","24":"product_tag-numpad","25":"product_tag-office-keyboard","26":"product_tag-optico","27":"product_tag-raton","28":"product_tag-rgb-keyboard","29":"product_tag-roto","30":"product_tag-ruido","31":"product_tag-seguimiento","32":"product_tag-silent-keyboard","33":"product_tag-silenttouch","34":"product_tag-sin","35":"product_tag-teclado","36":"product_tag-tecnologia","37":"product_tag-wireless-keyboard","39":"first","40":"instock","41":"shipping-taxable","42":"product-type-external"},"_links":{"self":[{"href":"https:\/\/comprasyconsejos.store\/en\/wp-json\/wp\/v2\/product\/19025","targetHints":{"allow":["GET"]}}],"collection":[{"href":"https:\/\/comprasyconsejos.store\/en\/wp-json\/wp\/v2\/product"}],"about":[{"href":"https:\/\/comprasyconsejos.store\/en\/wp-json\/wp\/v2\/types\/product"}],"replies":[{"embeddable":true,"href":"https:\/\/comprasyconsejos.store\/en\/wp-json\/wp\/v2\/comments?post=19025"}],"version-history":[{"count":0,"href":"https:\/\/comprasyconsejos.store\/en\/wp-json\/wp\/v2\/product\/19025\/revisions"}],"wp:featuredmedia":[{"embeddable":true,"href":"https:\/\/comprasyconsejos.store\/en\/wp-json\/wp\/v2\/media\/19026"}],"wp:attachment":[{"href":"https:\/\/comprasyconsejos.store\/en\/wp-json\/wp\/v2\/media?parent=19025"}],"wp:term":[{"taxonomy":"product_brand","embeddable":true,"href":"https:\/\/comprasyconsejos.store\/en\/wp-json\/wp\/v2\/product_brand?post=19025"},{"taxonomy":"product_cat","embeddable":true,"href":"https:\/\/comprasyconsejos.store\/en\/wp-json\/wp\/v2\/product_cat?post=19025"},{"taxonomy":"product_tag","embeddable":true,"href":"https:\/\/comprasyconsejos.store\/en\/wp-json\/wp\/v2\/product_tag?post=19025"}],"curies":[{"name":"wp","href":"https:\/\/api.w.org\/{rel}","templated":true}]}}