{"id":19239,"date":"2026-02-18T03:56:59","date_gmt":"2026-02-18T03:56:59","guid":{"rendered":"https:\/\/comprasyconsejos.store\/product\/high-performance-quiet-pc-fan\/"},"modified":"2026-02-18T03:57:00","modified_gmt":"2026-02-18T03:57:00","slug":"high-performance-quiet-pc-fan","status":"publish","type":"product","link":"https:\/\/comprasyconsejos.store\/en\/product\/high-performance-quiet-pc-fan\/","title":{"rendered":"High Performance Quiet PC Fan"},"content":{"rendered":"<p>Price: <span style=\"color:#b12704\">\u20ac49.39<\/span><br \/><i><small>(as of Feb 18, 2026 03:56:59 UTC &#8211; <span class=\"wp_automatic_amazon_disclaimer\" title=\"Product prices and availability are accurate as of the date\/time indicated and are subject to change. Any price and availability information displayed on [relevant Amazon Site(s), as applicable] at the time of purchase will apply to the purchase of this product.\">Details<\/span>)<\/small><\/i><\/p>\n<p><a href=\"https:\/\/amazon.es\/dp\/B07D493BDX?tag=man008-21\"><img decoding=\"async\" src=\"https:\/\/valvepress.s3.amazonaws.com\/imgs\/buy_now.png\"><\/a><br \/>\n<br \/>\n<br \/>Alta velocidad de 1600 rpm: ventiladores de CC de 120 x 120 x 25 mm, 1600 RPM, cada ventilador ofrece un potente flujo de aire de 47 CFM (flujo de aire total de 94 CFM) mientras mantiene un bajo nivel de ruido para su uso en fuentes de alimentaci\u00f3n de computadora u otros disipadores de calor de equipos electr\u00f3nicos.<br \/>12 V CC: el ventilador de CC de 12 V CC y 0,25 A de tama\u00f1o peque\u00f1o est\u00e1 hecho de material PBT, que tiene buen aislamiento y resistencia al calor, calidad duradera, y puede proporcionar un nivel de ruido silencioso de 33 dBA a velocidades de ventilador de hasta 1600 RPM.<br \/>\u3010F\u00e1cil conector de 2 pines\u3011: ventilador de CC de 120 mm de 2 pines XH2.54 conector externo con protecci\u00f3n de conexi\u00f3n, f\u00e1cil instalaci\u00f3n y operaci\u00f3n de reemplazo, incluso mal conectado, el ventilador no se quema, pero simplemente no funciona.<br \/>Amplia aplicaci\u00f3n: ventilador termost\u00e1tico de 12 V para garantizar el efecto de enfriamiento deseado. Este ventilador se puede utilizar para amplificadores, refrigeradores, refrigeradores de caravana, ventiladores de congelador, as\u00ed como ventiladores de fuente de alimentaci\u00f3n, ventiladores de repuesto de fuente de alimentaci\u00f3n.<br \/>El paquete incluye: 2 ventiladores de alta velocidad de 120 mm, 2 protectores de metal, 8 tornillos, se pueden utilizar ampliamente en chasis de CPU de computadora de escritorio, disipadores de calor de equipos electr\u00f3nicos u otra refrigeraci\u00f3n industrial.<\/p>\n\n","protected":false},"excerpt":{"rendered":"<p> Alta velocidad de 1600 rpm: ventiladores de CC de 120 x 120 x 25 mm,<\/p>","protected":false},"featured_media":19240,"comment_status":"open","ping_status":"closed","template":"","meta":[],"product_brand":[],"product_cat":[65],"product_tag":[2003,2005,2013,1998,2015,2009,910,197,2011,2000,1551,769,2007,2001],"class_list":{"0":"post-19239","1":"product","2":"type-product","3":"status-publish","4":"has-post-thumbnail","6":"product_cat-case-fan","7":"product_tag-120mm-case-fan","8":"product_tag-140mm-case-fan","9":"product_tag-best-case-fan","10":"product_tag-case-fan","11":"product_tag-computer-cooling-fan","12":"product_tag-cooling-fan-for-pc","13":"product_tag-fan","14":"product_tag-high","15":"product_tag-high-airflow-case-fan","16":"product_tag-pc-case-fan","17":"product_tag-performance","18":"product_tag-quiet","19":"product_tag-quiet-case-fan","20":"product_tag-rgb-case-fan","22":"first","23":"instock","24":"shipping-taxable","25":"product-type-external"},"_links":{"self":[{"href":"https:\/\/comprasyconsejos.store\/en\/wp-json\/wp\/v2\/product\/19239","targetHints":{"allow":["GET"]}}],"collection":[{"href":"https:\/\/comprasyconsejos.store\/en\/wp-json\/wp\/v2\/product"}],"about":[{"href":"https:\/\/comprasyconsejos.store\/en\/wp-json\/wp\/v2\/types\/product"}],"replies":[{"embeddable":true,"href":"https:\/\/comprasyconsejos.store\/en\/wp-json\/wp\/v2\/comments?post=19239"}],"version-history":[{"count":0,"href":"https:\/\/comprasyconsejos.store\/en\/wp-json\/wp\/v2\/product\/19239\/revisions"}],"wp:featuredmedia":[{"embeddable":true,"href":"https:\/\/comprasyconsejos.store\/en\/wp-json\/wp\/v2\/media\/19240"}],"wp:attachment":[{"href":"https:\/\/comprasyconsejos.store\/en\/wp-json\/wp\/v2\/media?parent=19239"}],"wp:term":[{"taxonomy":"product_brand","embeddable":true,"href":"https:\/\/comprasyconsejos.store\/en\/wp-json\/wp\/v2\/product_brand?post=19239"},{"taxonomy":"product_cat","embeddable":true,"href":"https:\/\/comprasyconsejos.store\/en\/wp-json\/wp\/v2\/product_cat?post=19239"},{"taxonomy":"product_tag","embeddable":true,"href":"https:\/\/comprasyconsejos.store\/en\/wp-json\/wp\/v2\/product_tag?post=19239"}],"curies":[{"name":"wp","href":"https:\/\/api.w.org\/{rel}","templated":true}]}}