{"id":19541,"date":"2026-02-18T05:58:52","date_gmt":"2026-02-18T05:58:52","guid":{"rendered":"https:\/\/comprasyconsejos.store\/product\/lector-de-tarjetas-interno-usb3-0-diseno-panel-frontal-para-carcasas-pc-compatible-con-memoria-pequena-lector-transferencia-velocidad-rapida\/"},"modified":"2026-02-18T05:58:57","modified_gmt":"2026-02-18T05:58:57","slug":"lector-de-tarjetas-interno-usb3-0-diseno-panel-frontal-para-carcasas-pc-compatible-con-memoria-pequena-lector-transferencia-velocidad-rapida","status":"publish","type":"product","link":"https:\/\/comprasyconsejos.store\/en\/product\/lector-de-tarjetas-interno-usb3-0-diseno-panel-frontal-para-carcasas-pc-compatible-con-memoria-pequena-lector-transferencia-velocidad-rapida\/","title":{"rendered":"Lector De Tarjetas Interno USB3.0 Dise\u00f1o Panel Frontal para Carcasas PC Compatible con Memoria Peque\u00f1a Lector Transferencia Velocidad R\u00e1pida"},"content":{"rendered":"<p>Price: <span style=\"color:#b12704\">\u20ac18.99<\/span><br \/><i><small>(as of Feb 18, 2026 05:58:52 UTC &#8211; <span class=\"wp_automatic_amazon_disclaimer\" title=\"Product prices and availability are accurate as of the date\/time indicated and are subject to change. Any price and availability information displayed on [relevant Amazon Site(s), as applicable] at the time of purchase will apply to the purchase of this product.\">Details<\/span>)<\/small><\/i><\/p>\n<p><a href=\"https:\/\/amazon.es\/dp\/B0FVTV1N3X?tag=man008-21\"><img decoding=\"async\" src=\"https:\/\/valvepress.s3.amazonaws.com\/imgs\/buy_now.png\"><\/a><br \/>\n<br \/>\n<br \/>Admite f\u00e1cil instalaci\u00f3n, compatible con la mayor\u00eda de los chasis de computadora<br \/>Este lector de tarjetas admite tarjetas de memoria peque\u00f1as, lo que lo hace compatible con tel\u00e9fonos inteligentes, c\u00e1maras, y m\u00e1s, satisfaciendo diversas necesidades<br \/>Para fot\u00f3grafos y dise\u00f1adores que necesitan importar y editar con frecuencia archivos de v\u00eddeo grandes, mejorando la eficiencia del trabajo<br \/>Experimente transferencias de datos r\u00e1pidas con nuestro lector de tarjetas USB3.0, que ofrece velocidad de hasta 5 Gbps para y escribir archivos grandes sin problemas<br \/>La velocidad de transmisi\u00f3n de MS y m\u00e1s puede alcanzar 10-20 M\/S despu\u00e9s de usar chip AU6477DL, y puede alcanzar 80-120 M\/S usando puerto de transmisi\u00f3n USB3.0<\/p>\n\n","protected":false},"excerpt":{"rendered":"<p> Admite f\u00e1cil instalaci\u00f3n, compatible con la mayor\u00eda de los chasis de computadoraEste lector de tarjetas<\/p>","protected":false},"featured_media":19542,"comment_status":"open","ping_status":"closed","template":"","meta":[],"product_brand":[],"product_cat":[91],"product_tag":[803,801,5325,805,201,3994,800,4023,5324,5323,5321,3992,808,799,806,1033,3954,5326,5328,807,802,5322,5327,1159,4659,804],"class_list":{"0":"post-19541","1":"product","2":"type-product","3":"status-publish","4":"has-post-thumbnail","6":"product_cat-office-pcs","7":"product_tag-budget-office-pc","8":"product_tag-business-desktop-pc","9":"product_tag-carcasas","10":"product_tag-compact-desktop-pc","11":"product_tag-compatible","12":"product_tag-con","13":"product_tag-desktop-computer-for-office","14":"product_tag-diseno","15":"product_tag-frontal","16":"product_tag-interno","17":"product_tag-lector","18":"product_tag-memoria","19":"product_tag-office-computer-setup","20":"product_tag-office-pc","21":"product_tag-office-pc-ssd","22":"product_tag-panel","23":"product_tag-para","24":"product_tag-pequena","25":"product_tag-rapida","26":"product_tag-reliable-office-pc","27":"product_tag-small-office-pc","28":"product_tag-tarjetas","29":"product_tag-transferencia","30":"product_tag-usb3-0","31":"product_tag-velocidad","32":"product_tag-windows-office-pc","34":"first","35":"instock","36":"shipping-taxable","37":"product-type-external"},"_links":{"self":[{"href":"https:\/\/comprasyconsejos.store\/en\/wp-json\/wp\/v2\/product\/19541","targetHints":{"allow":["GET"]}}],"collection":[{"href":"https:\/\/comprasyconsejos.store\/en\/wp-json\/wp\/v2\/product"}],"about":[{"href":"https:\/\/comprasyconsejos.store\/en\/wp-json\/wp\/v2\/types\/product"}],"replies":[{"embeddable":true,"href":"https:\/\/comprasyconsejos.store\/en\/wp-json\/wp\/v2\/comments?post=19541"}],"version-history":[{"count":0,"href":"https:\/\/comprasyconsejos.store\/en\/wp-json\/wp\/v2\/product\/19541\/revisions"}],"wp:featuredmedia":[{"embeddable":true,"href":"https:\/\/comprasyconsejos.store\/en\/wp-json\/wp\/v2\/media\/19542"}],"wp:attachment":[{"href":"https:\/\/comprasyconsejos.store\/en\/wp-json\/wp\/v2\/media?parent=19541"}],"wp:term":[{"taxonomy":"product_brand","embeddable":true,"href":"https:\/\/comprasyconsejos.store\/en\/wp-json\/wp\/v2\/product_brand?post=19541"},{"taxonomy":"product_cat","embeddable":true,"href":"https:\/\/comprasyconsejos.store\/en\/wp-json\/wp\/v2\/product_cat?post=19541"},{"taxonomy":"product_tag","embeddable":true,"href":"https:\/\/comprasyconsejos.store\/en\/wp-json\/wp\/v2\/product_tag?post=19541"}],"curies":[{"name":"wp","href":"https:\/\/api.w.org\/{rel}","templated":true}]}}