{"id":19636,"date":"2026-02-18T06:20:40","date_gmt":"2026-02-18T06:20:40","guid":{"rendered":"https:\/\/comprasyconsejos.store\/product\/cable-hdmi-8k-2-1-disponible-de-1-5-pies-3-3-pies-6-6-pies-10-pies-16-pies-20-pies-de-longitudes-para-seleccion-cable-hdmi-trenzado-de-ultra-alta-velocidad-de-48-gbps-8k-a-60-hz-4k\/"},"modified":"2026-02-18T06:20:43","modified_gmt":"2026-02-18T06:20:43","slug":"cable-hdmi-8k-2-1-disponible-de-1-5-pies-3-3-pies-6-6-pies-10-pies-16-pies-20-pies-de-longitudes-para-seleccion-cable-hdmi-trenzado-de-ultra-alta-velocidad-de-48-gbps-8k-a-60-hz-4k","status":"publish","type":"product","link":"https:\/\/comprasyconsejos.store\/en\/product\/cable-hdmi-8k-2-1-disponible-de-1-5-pies-3-3-pies-6-6-pies-10-pies-16-pies-20-pies-de-longitudes-para-seleccion-cable-hdmi-trenzado-de-ultra-alta-velocidad-de-48-gbps-8k-a-60-hz-4k\/","title":{"rendered":"Cable HDMI 8K 2.1, disponible de 1.5 pies, 3.3 pies, 6.6 pies, 10 pies, 16 pies, 20 pies de longitudes para selecci\u00f3n, cable HDMI trenzado de ultra alta velocidad de 48 Gbps, 8K a 60 Hz\/4K"},"content":{"rendered":"<p>Price: <span style=\"color:#b12704\">\u20ac41.45<\/span><br \/><i><small>(as of Feb 18, 2026 06:20:40 UTC &#8211; <span class=\"wp_automatic_amazon_disclaimer\" title=\"Product prices and availability are accurate as of the date\/time indicated and are subject to change. Any price and availability information displayed on [relevant Amazon Site(s), as applicable] at the time of purchase will apply to the purchase of this product.\">Details<\/span>)<\/small><\/i><\/p>\n<p><a href=\"https:\/\/amazon.es\/dp\/B0CNX38Z3B?tag=man008-21\"><img decoding=\"async\" src=\"https:\/\/valvepress.s3.amazonaws.com\/imgs\/buy_now.png\"><\/a><br \/>\n<br \/>\n<br \/>\ud83d\ude80[Revoluci\u00f3n actualizada-HDMI 2.1]: el cable HDMI 2.1 Green Jiss 8k cumple con el est\u00e1ndar HDMI 2.1 y es la versi\u00f3n m\u00e1s alta actualmente en el mundo. En comparaci\u00f3n con la versi\u00f3n anterior HDMI 2.0, su velocidad de transmisi\u00f3n ha dado un salto cualitativo, directamente de 18 Gbps a 48 Gbps. Adem\u00e1s, el cable HDMI 2.1 contiene y actualiza todas las funciones de la versi\u00f3n HDMI anterior, y es totalmente compatible con la versi\u00f3n HDMI 2.0b\/2.0a\/2.0\/1.4\/1.3\/1.2\/1.1.<br \/>\ud83d\ude80[Cable HDMI real de 8K a 60Hz]: este cable HDMI 8K utiliza la tecnolog\u00eda m\u00e1s vanguardista para procesar con precisi\u00f3n cada part\u00edcula de se\u00f1al y mostrar claramente cada fuente de se\u00f1al, transferir a la velocidad del rayo. Puede lograr una resoluci\u00f3n de 7680 x 4320, soporta alta frecuencia 8K a 60Hz, 4K a 120Hz, 8K HDR \u00fanico y actualizado, EARC, VRR y tecnolog\u00eda de procesamiento de color de 12 bits, y tiene un mayor nivel de mejora en audio y color, escenas de video, escenas 3D son m\u00e1s realistas<br \/>\ud83d\ude80[ Material de alta calidad y duradero]: el n\u00facleo del cable est\u00e1 hecho de cobre esta\u00f1ado de 30 AWG. La interfaz est\u00e1 hecha de chapado en oro de 24 quilates, transmisi\u00f3n estable y no se oxida. Efecto de bloqueo de frecuencia s\u00faper fuerte, excelente transmisi\u00f3n de alta frecuencia. El cable HDMI 2.1 de ultra alta velocidad est\u00e1 hecho con malla de algod\u00f3n trenzado y de alta resistencia para envolver el PVC interior firmemente. Dise\u00f1o de cola antiflexi\u00f3n, prueba de rotura 25000+, duradero y de moda<br \/>Compatibilidad universal: compatible con todos tus dispositivos HDMI. Reproductores Blu-ray, Fire TV, Apple TV, PS5, PS4, XBox One, Nintendo Switch, computadora, laptop, monitor, proyector y mucho m\u00e1s. Haz que el juego sea m\u00e1s suave, sin desgarros, sin tartamudeos, sin dislocaci\u00f3n, cables HDMI indispensables para equipos dom\u00e9sticos y de oficina.<br \/>Estricto control de calidad: los cables HDMI 8K de Green Jiss est\u00e1n fabricados con estrictos est\u00e1ndares de control de calidad. Cada cable e incluso cada pieza ha sido sometido a rigurosas pruebas. Hemos combinado cada pieza impecable en un cable HDMI 8K perfecto. Luego pase las pruebas de rendimiento en el laboratorio y pres\u00e9ntelos despu\u00e9s de aprobar el examen.<\/p>\n\n","protected":false},"excerpt":{"rendered":"<p> \ud83d\ude80[Revoluci\u00f3n actualizada-HDMI 2.1]: el cable HDMI 2.1 Green Jiss 8k cumple con el est\u00e1ndar HDMI<\/p>\n","protected":false},"featured_media":19637,"comment_status":"open","ping_status":"closed","template":"","meta":[],"product_brand":[],"product_cat":[69],"product_tag":[4658,182,2047,2044,5361,2090,544,2052,2037,5366,5363,2054,2046,3954,5362,2049,5364,5365,222,2050,2042,2040,4659],"class_list":{"0":"post-19636","1":"product","2":"type-product","3":"status-publish","4":"has-post-thumbnail","6":"product_cat-cables-adapters","7":"product_tag-alta","8":"product_tag-cable","9":"product_tag-charging-cable","10":"product_tag-displayport-cable","11":"product_tag-disponible","12":"product_tag-gbps","13":"product_tag-hdmi","14":"product_tag-hdmi-adapter","15":"product_tag-hdmi-cable","16":"product_tag-hz4k","17":"product_tag-longitudes","18":"product_tag-multiport-adapter","19":"product_tag-network-cable","20":"product_tag-para","21":"product_tag-pies","22":"product_tag-power-cable","23":"product_tag-seleccion","24":"product_tag-trenzado","25":"product_tag-ultra","26":"product_tag-usb-adapter","27":"product_tag-usb-c-cable","28":"product_tag-usb-cable","29":"product_tag-velocidad","31":"first","32":"instock","33":"shipping-taxable","34":"product-type-external"},"_links":{"self":[{"href":"https:\/\/comprasyconsejos.store\/en\/wp-json\/wp\/v2\/product\/19636","targetHints":{"allow":["GET"]}}],"collection":[{"href":"https:\/\/comprasyconsejos.store\/en\/wp-json\/wp\/v2\/product"}],"about":[{"href":"https:\/\/comprasyconsejos.store\/en\/wp-json\/wp\/v2\/types\/product"}],"replies":[{"embeddable":true,"href":"https:\/\/comprasyconsejos.store\/en\/wp-json\/wp\/v2\/comments?post=19636"}],"version-history":[{"count":0,"href":"https:\/\/comprasyconsejos.store\/en\/wp-json\/wp\/v2\/product\/19636\/revisions"}],"wp:featuredmedia":[{"embeddable":true,"href":"https:\/\/comprasyconsejos.store\/en\/wp-json\/wp\/v2\/media\/19637"}],"wp:attachment":[{"href":"https:\/\/comprasyconsejos.store\/en\/wp-json\/wp\/v2\/media?parent=19636"}],"wp:term":[{"taxonomy":"product_brand","embeddable":true,"href":"https:\/\/comprasyconsejos.store\/en\/wp-json\/wp\/v2\/product_brand?post=19636"},{"taxonomy":"product_cat","embeddable":true,"href":"https:\/\/comprasyconsejos.store\/en\/wp-json\/wp\/v2\/product_cat?post=19636"},{"taxonomy":"product_tag","embeddable":true,"href":"https:\/\/comprasyconsejos.store\/en\/wp-json\/wp\/v2\/product_tag?post=19636"}],"curies":[{"name":"wp","href":"https:\/\/api.w.org\/{rel}","templated":true}]}}