{"id":19765,"date":"2026-02-18T06:54:35","date_gmt":"2026-02-18T06:54:35","guid":{"rendered":"https:\/\/comprasyconsejos.store\/product\/lector-adaptador-memory-stick-pro-duo-lector-de-tarjetas-sd-tf-ms-cf-xd-5-en-1-para-iphone-ordenador-dispositivo-usb-c-lector-de-tarjetas-xd-lightningusb-ausb-c-de-aluminio\/"},"modified":"2026-02-18T06:54:43","modified_gmt":"2026-02-18T06:54:43","slug":"lector-adaptador-memory-stick-pro-duo-lector-de-tarjetas-sd-tf-ms-cf-xd-5-en-1-para-iphone-ordenador-dispositivo-usb-c-lector-de-tarjetas-xd-lightningusb-ausb-c-de-aluminio","status":"publish","type":"product","link":"https:\/\/comprasyconsejos.store\/en\/product\/lector-adaptador-memory-stick-pro-duo-lector-de-tarjetas-sd-tf-ms-cf-xd-5-en-1-para-iphone-ordenador-dispositivo-usb-c-lector-de-tarjetas-xd-lightningusb-ausb-c-de-aluminio\/","title":{"rendered":"Lector adaptador Memory Stick Pro Duo: lector de tarjetas SD\/TF\/MS\/CF\/XD 5 en 1 para iPhone\/ordenador\/dispositivo USB-C, lector de tarjetas XD Lightning+USB A+USB C de aluminio"},"content":{"rendered":"<p>Price: <span style=\"color:#b12704\">\u20ac21.99<\/span><br \/><i><small>(as of Feb 18, 2026 06:54:35 UTC &#8211; <span class=\"wp_automatic_amazon_disclaimer\" title=\"Product prices and availability are accurate as of the date\/time indicated and are subject to change. Any price and availability information displayed on [relevant Amazon Site(s), as applicable] at the time of purchase will apply to the purchase of this product.\">Details<\/span>)<\/small><\/i><\/p>\n<p><a href=\"https:\/\/amazon.es\/dp\/B0F93TBGGF?tag=man008-21\"><img decoding=\"async\" src=\"https:\/\/valvepress.s3.amazonaws.com\/imgs\/buy_now.png\"><\/a><br \/>\n<br \/>\n<br \/>Lector m\u00faltiple de tarjetas de aluminio 5 en 1: este adaptador Memory Stick Pro Duo est\u00e1 equipado con ranuras para tarjetas SD\/Micro SD\/MS\/CF\/XD y es compatible con tarjetas SD\/SDHS\/SDXC, Micro SD, Memory Stick\/Memory Stick Pro\/Memory Stick Pro-HG\/Memory Stick Duo\/Memory Stick Pro Duo, Compact Flash y XD Picture.<br \/>Adaptador con tres conectores Lightning\/USB-C\/USB-A: este lector Memory Stick Pro Duo de Sony es compatible con iPhone, iPad, tel\u00e9fonos Android, PC, MacBook y Surface a trav\u00e9s de Lightning\/USB-C\/USB-A. Este lector Memory Stick Pro Duo todo en uno elimina la necesidad de utilizar varios adaptadores y te permite transferir fotos y v\u00eddeos entre todos tus dispositivos.<br \/>Transferencia s\u00faper r\u00e1pida a 480 Mbps: este adaptador Memory Stick Pro Duo ofrece velocidades de transferencia profesionales de 480 Mbps para v\u00eddeos 4K y fotos RAW. La avanzada tecnolog\u00eda del lector Memory Stick Pro Duo garantiza que los archivos de tu c\u00e1mara se transfieran a la velocidad del rayo a tu iPhone o ordenador.<br \/>Comodidad Plug-and-Play: el lector de tarjetas SD ofrece m\u00faltiples interfaces y no requiere Wi-Fi, red ni controladores, es compatible con la funci\u00f3n OTG, se conecta directamente al dispositivo Type C \/ USB A \/ Lightning y est\u00e1 listo para usar de inmediato, transfiriendo f\u00e1cilmente fotos, v\u00eddeos e informaci\u00f3n de archivos.<br \/>Lector de tarjetas de aleaci\u00f3n de aluminio de alta calidad: El adaptador Memory Stick Pro est\u00e1 fabricado con aleaci\u00f3n de aluminio de alta calidad, lo que proporciona una excelente disipaci\u00f3n del calor y blindaje electromagn\u00e9tico. Esto hace que el lector de tarjetas xd sea m\u00e1s estable y duradero, lo que garantiza una vida \u00fatil m\u00e1s larga. Podr\u00e1 utilizarlo durante a\u00f1os sin preocuparse de que se estropee.<\/p>\n\n","protected":false},"excerpt":{"rendered":"<p> Lector m\u00faltiple de tarjetas de aluminio 5 en 1: este adaptador Memory Stick Pro Duo<\/p>","protected":false},"featured_media":19766,"comment_status":"open","ping_status":"closed","template":"","meta":[],"product_brand":[],"product_cat":[47],"product_tag":[4152,5220,5433,1399,5429,1411,5431,1413,5321,5432,511,1407,1409,1415,1416,3954,1417,163,1405,5430,2131,5322,1403,188],"class_list":{"0":"post-19765","1":"product","2":"type-product","3":"status-publish","4":"has-post-thumbnail","6":"product_cat-card-readers","7":"product_tag-adaptador","8":"product_tag-aluminio","9":"product_tag-ausb","10":"product_tag-card-reader","11":"product_tag-duo","12":"product_tag-fast-card-reader","13":"product_tag-iphoneordenadordispositivo","14":"product_tag-laptop-card-reader","15":"product_tag-lector","16":"product_tag-lightningusb","17":"product_tag-memory","18":"product_tag-memory-card-reader","19":"product_tag-micro-sd-card-reader","20":"product_tag-multi-card-reader","21":"product_tag-otg-card-reader","22":"product_tag-para","23":"product_tag-portable-card-reader","24":"product_tag-pro","25":"product_tag-sd-card-reader","26":"product_tag-sdtfmscfxd","27":"product_tag-stick","28":"product_tag-tarjetas","29":"product_tag-usb-card-reader","30":"product_tag-usbc","32":"first","33":"instock","34":"shipping-taxable","35":"product-type-external"},"_links":{"self":[{"href":"https:\/\/comprasyconsejos.store\/en\/wp-json\/wp\/v2\/product\/19765","targetHints":{"allow":["GET"]}}],"collection":[{"href":"https:\/\/comprasyconsejos.store\/en\/wp-json\/wp\/v2\/product"}],"about":[{"href":"https:\/\/comprasyconsejos.store\/en\/wp-json\/wp\/v2\/types\/product"}],"replies":[{"embeddable":true,"href":"https:\/\/comprasyconsejos.store\/en\/wp-json\/wp\/v2\/comments?post=19765"}],"version-history":[{"count":0,"href":"https:\/\/comprasyconsejos.store\/en\/wp-json\/wp\/v2\/product\/19765\/revisions"}],"wp:featuredmedia":[{"embeddable":true,"href":"https:\/\/comprasyconsejos.store\/en\/wp-json\/wp\/v2\/media\/19766"}],"wp:attachment":[{"href":"https:\/\/comprasyconsejos.store\/en\/wp-json\/wp\/v2\/media?parent=19765"}],"wp:term":[{"taxonomy":"product_brand","embeddable":true,"href":"https:\/\/comprasyconsejos.store\/en\/wp-json\/wp\/v2\/product_brand?post=19765"},{"taxonomy":"product_cat","embeddable":true,"href":"https:\/\/comprasyconsejos.store\/en\/wp-json\/wp\/v2\/product_cat?post=19765"},{"taxonomy":"product_tag","embeddable":true,"href":"https:\/\/comprasyconsejos.store\/en\/wp-json\/wp\/v2\/product_tag?post=19765"}],"curies":[{"name":"wp","href":"https:\/\/api.w.org\/{rel}","templated":true}]}}