{"id":19921,"date":"2026-02-18T07:33:18","date_gmt":"2026-02-18T07:33:18","guid":{"rendered":"https:\/\/comprasyconsejos.store\/product\/brother-mfcl2860dw-impresora-multifuncion-laser-monocromo-wifi-con-fax-impresion-automatica-a-doble-cara-y-adf-de-50-hojas\/"},"modified":"2026-02-18T07:33:30","modified_gmt":"2026-02-18T07:33:30","slug":"brother-mfcl2860dw-impresora-multifuncion-laser-monocromo-wifi-con-fax-impresion-automatica-a-doble-cara-y-adf-de-50-hojas","status":"publish","type":"product","link":"https:\/\/comprasyconsejos.store\/en\/product\/brother-mfcl2860dw-impresora-multifuncion-laser-monocromo-wifi-con-fax-impresion-automatica-a-doble-cara-y-adf-de-50-hojas\/","title":{"rendered":"Brother MFCL2860DW, Impresora multifunci\u00f3n l\u00e1ser monocromo WiFi con fax, impresi\u00f3n autom\u00e1tica a doble cara y ADF de 50 hojas"},"content":{"rendered":"<p>Price: <span style=\"color:#b12704\"><del>\u20ac265.00<\/del> - \u20ac249.00<\/span><br \/><i><small>(as of Feb 18, 2026 07:33:19 UTC &#8211; <span class=\"wp_automatic_amazon_disclaimer\" title=\"Product prices and availability are accurate as of the date\/time indicated and are subject to change. Any price and availability information displayed on [relevant Amazon Site(s), as applicable] at the time of purchase will apply to the purchase of this product.\">Details<\/span>)<\/small><\/i><\/p>\n<p><a href=\"https:\/\/amazon.es\/dp\/B0CK75X488?tag=man008-21\"><img decoding=\"async\" src=\"https:\/\/valvepress.s3.amazonaws.com\/imgs\/buy_now.png\"><\/a><br \/>\n<br \/>\n<br \/>Print speed up to 34ppm<br \/>Automatic double-sided printing<br \/>Up to 50-sheet Automatic Document Feeder (ADF) (11)<br \/>6 Color LED Touch Screen<br \/>Wired network, 5GHz WiFi, Wi-Fi Direct and mobile connection<\/p>\n\n","protected":false},"excerpt":{"rendered":"<p> Print speed up to 34ppmAutomatic double-sided printingUp to 50-sheet Automatic Document Feeder (ADF) (11)6 Color<\/p>","protected":false},"featured_media":19922,"comment_status":"open","ping_status":"closed","template":"","meta":[],"product_brand":[],"product_cat":[58],"product_tag":[5078,5523,1973,1967,1956,1975,5524,1968,3994,4111,1972,1971,3742,4551,5522,5519,1978,1964,1974,5518,5521,5520,1970,543,1969],"class_list":{"0":"post-19921","1":"product","2":"type-product","3":"status-publish","4":"has-post-thumbnail","6":"product_cat-laser-printers","7":"product_tag-adf","8":"product_tag-automatica","9":"product_tag-best-laser-printer","10":"product_tag-black-and-white-laser-printer","11":"product_tag-brother","12":"product_tag-business-laser-printer","13":"product_tag-cara","14":"product_tag-color-laser-printer","15":"product_tag-con","16":"product_tag-doble","17":"product_tag-duplex-laser-printer","18":"product_tag-fast-laser-printer","19":"product_tag-fax","20":"product_tag-hojas","21":"product_tag-impresion","22":"product_tag-impresora","23":"product_tag-laser","24":"product_tag-laser-printer","25":"product_tag-laser-printer-price","26":"product_tag-mfcl2860dw","27":"product_tag-monocromo","28":"product_tag-multifuncion","29":"product_tag-office-laser-printer","30":"product_tag-wifi","31":"product_tag-wireless-laser-printer","33":"first","34":"instock","35":"sale","36":"shipping-taxable","37":"product-type-external"},"_links":{"self":[{"href":"https:\/\/comprasyconsejos.store\/en\/wp-json\/wp\/v2\/product\/19921","targetHints":{"allow":["GET"]}}],"collection":[{"href":"https:\/\/comprasyconsejos.store\/en\/wp-json\/wp\/v2\/product"}],"about":[{"href":"https:\/\/comprasyconsejos.store\/en\/wp-json\/wp\/v2\/types\/product"}],"replies":[{"embeddable":true,"href":"https:\/\/comprasyconsejos.store\/en\/wp-json\/wp\/v2\/comments?post=19921"}],"version-history":[{"count":0,"href":"https:\/\/comprasyconsejos.store\/en\/wp-json\/wp\/v2\/product\/19921\/revisions"}],"wp:featuredmedia":[{"embeddable":true,"href":"https:\/\/comprasyconsejos.store\/en\/wp-json\/wp\/v2\/media\/19922"}],"wp:attachment":[{"href":"https:\/\/comprasyconsejos.store\/en\/wp-json\/wp\/v2\/media?parent=19921"}],"wp:term":[{"taxonomy":"product_brand","embeddable":true,"href":"https:\/\/comprasyconsejos.store\/en\/wp-json\/wp\/v2\/product_brand?post=19921"},{"taxonomy":"product_cat","embeddable":true,"href":"https:\/\/comprasyconsejos.store\/en\/wp-json\/wp\/v2\/product_cat?post=19921"},{"taxonomy":"product_tag","embeddable":true,"href":"https:\/\/comprasyconsejos.store\/en\/wp-json\/wp\/v2\/product_tag?post=19921"}],"curies":[{"name":"wp","href":"https:\/\/api.w.org\/{rel}","templated":true}]}}