{"id":19962,"date":"2026-02-18T07:43:59","date_gmt":"2026-02-18T07:43:59","guid":{"rendered":"https:\/\/comprasyconsejos.store\/product\/lindos-calcetines-de-navidad-para-lavavajillas-cubierta-magnetica-impermeable-calcomania-magnetica-para-refrigerador-decoracion-de-gabinete-electrodomesticos-calcomanias-para-el-hogar\/"},"modified":"2026-02-18T07:44:05","modified_gmt":"2026-02-18T07:44:05","slug":"lindos-calcetines-de-navidad-para-lavavajillas-cubierta-magnetica-impermeable-calcomania-magnetica-para-refrigerador-decoracion-de-gabinete-electrodomesticos-calcomanias-para-el-hogar","status":"publish","type":"product","link":"https:\/\/comprasyconsejos.store\/en\/product\/lindos-calcetines-de-navidad-para-lavavajillas-cubierta-magnetica-impermeable-calcomania-magnetica-para-refrigerador-decoracion-de-gabinete-electrodomesticos-calcomanias-para-el-hogar\/","title":{"rendered":"Lindos calcetines de Navidad para lavavajillas, cubierta magn\u00e9tica impermeable, calcoman\u00eda magn\u00e9tica para refrigerador, decoraci\u00f3n de gabinete, electrodom\u00e9sticos, calcoman\u00edas para el hogar,"},"content":{"rendered":"<p>Price: <span style=\"color:#b12704\">\u20ac30.95<\/span><br \/><i><small>(as of Feb 18, 2026 07:44:00 UTC &#8211; <span class=\"wp_automatic_amazon_disclaimer\" title=\"Product prices and availability are accurate as of the date\/time indicated and are subject to change. Any price and availability information displayed on [relevant Amazon Site(s), as applicable] at the time of purchase will apply to the purchase of this product.\">Details<\/span>)<\/small><\/i><\/p>\n<p><a href=\"https:\/\/amazon.es\/dp\/B0DJX7VDHW?tag=man008-21\"><img decoding=\"async\" src=\"https:\/\/valvepress.s3.amazonaws.com\/imgs\/buy_now.png\"><\/a><br \/>\n<\/p>\n\n","protected":false},"excerpt":{"rendered":"<p><\/p>","protected":false},"featured_media":19963,"comment_status":"open","ping_status":"closed","template":"","meta":[],"product_brand":[],"product_cat":[82],"product_tag":[1838,5537,5543,5548,5540,5545,5547,5546,5549,1839,1830,1833,5542,1831,5539,5536,5541,1836,5538,3954,5544,1835,1832,1837,1834],"class_list":{"0":"post-19962","1":"product","2":"type-product","3":"status-publish","4":"has-post-thumbnail","6":"product_cat-home-appliance","7":"product_tag-air-conditioners","8":"product_tag-calcetines","9":"product_tag-calcomania","10":"product_tag-calcomanias","11":"product_tag-cubierta","12":"product_tag-decoracion","13":"product_tag-electrodomesticos","14":"product_tag-gabinete","15":"product_tag-hogar","16":"product_tag-home-appliance-deals","17":"product_tag-home-appliances","18":"product_tag-home-electronics","19":"product_tag-impermeable","20":"product_tag-kitchen-appliances","21":"product_tag-lavavajillas","22":"product_tag-lindos","23":"product_tag-magnetica","24":"product_tag-microwave-ovens","25":"product_tag-navidad","26":"product_tag-para","27":"product_tag-refrigerador","28":"product_tag-refrigerators","29":"product_tag-small-home-appliances","30":"product_tag-vacuum-cleaners","31":"product_tag-washing-machines","33":"first","34":"instock","35":"shipping-taxable","36":"product-type-external"},"_links":{"self":[{"href":"https:\/\/comprasyconsejos.store\/en\/wp-json\/wp\/v2\/product\/19962","targetHints":{"allow":["GET"]}}],"collection":[{"href":"https:\/\/comprasyconsejos.store\/en\/wp-json\/wp\/v2\/product"}],"about":[{"href":"https:\/\/comprasyconsejos.store\/en\/wp-json\/wp\/v2\/types\/product"}],"replies":[{"embeddable":true,"href":"https:\/\/comprasyconsejos.store\/en\/wp-json\/wp\/v2\/comments?post=19962"}],"version-history":[{"count":0,"href":"https:\/\/comprasyconsejos.store\/en\/wp-json\/wp\/v2\/product\/19962\/revisions"}],"wp:featuredmedia":[{"embeddable":true,"href":"https:\/\/comprasyconsejos.store\/en\/wp-json\/wp\/v2\/media\/19963"}],"wp:attachment":[{"href":"https:\/\/comprasyconsejos.store\/en\/wp-json\/wp\/v2\/media?parent=19962"}],"wp:term":[{"taxonomy":"product_brand","embeddable":true,"href":"https:\/\/comprasyconsejos.store\/en\/wp-json\/wp\/v2\/product_brand?post=19962"},{"taxonomy":"product_cat","embeddable":true,"href":"https:\/\/comprasyconsejos.store\/en\/wp-json\/wp\/v2\/product_cat?post=19962"},{"taxonomy":"product_tag","embeddable":true,"href":"https:\/\/comprasyconsejos.store\/en\/wp-json\/wp\/v2\/product_tag?post=19962"}],"curies":[{"name":"wp","href":"https:\/\/api.w.org\/{rel}","templated":true}]}}