{"id":20218,"date":"2026-02-18T08:41:08","date_gmt":"2026-02-18T08:41:08","guid":{"rendered":"https:\/\/comprasyconsejos.store\/product\/msi-mag-274updf-e16m-gaming-monitor-27-4k-uhd-rapid-ips-panel-3840-x-2160-0-5ms-response-time-displayhdr-1000-mini-led-dual-mode-hdmi-2-1-dp-1-4a-usb-c-15w-pd\/"},"modified":"2026-02-18T08:41:14","modified_gmt":"2026-02-18T08:41:14","slug":"msi-mag-274updf-e16m-gaming-monitor-27-4k-uhd-rapid-ips-panel-3840-x-2160-0-5ms-response-time-displayhdr-1000-mini-led-dual-mode-hdmi-2-1-dp-1-4a-usb-c-15w-pd","status":"publish","type":"product","link":"https:\/\/comprasyconsejos.store\/en\/product\/msi-mag-274updf-e16m-gaming-monitor-27-4k-uhd-rapid-ips-panel-3840-x-2160-0-5ms-response-time-displayhdr-1000-mini-led-dual-mode-hdmi-2-1-dp-1-4a-usb-c-15w-pd\/","title":{"rendered":"MSI MAG 274UPDF E16M Gaming Monitor 27&#8243; 4K UHD, Rapid IPS Panel 3840 x 2160, 0.5ms Response Time, DisplayHDR 1000, Mini-LED, Dual Mode, HDMI 2.1, DP 1.4a, USB-C (15W PD)"},"content":{"rendered":"<p>Price: <span style=\"color:#b12704\"><del>\u20ac778.00<\/del> - \u20ac489.99<\/span><br \/><i><small>(as of Feb 18, 2026 08:41:08 UTC &#8211; <span class=\"wp_automatic_amazon_disclaimer\" title=\"Product prices and availability are accurate as of the date\/time indicated and are subject to change. Any price and availability information displayed on [relevant Amazon Site(s), as applicable] at the time of purchase will apply to the purchase of this product.\">Details<\/span>)<\/small><\/i><\/p>\n<p><a href=\"https:\/\/amazon.es\/dp\/B0BSWVLC81?tag=man008-21\"><img decoding=\"async\" src=\"https:\/\/valvepress.s3.amazonaws.com\/imgs\/buy_now.png\"><\/a><br \/>\n<br \/>\n<br \/>PANTALLA MINI-LED \u2013 MSI MAG 274UPDF E16M est\u00e1 equipado con panel Mini-LED con 1.152 zonas de atenuaci\u00f3n local full-array para mayor contraste y negros m\u00e1s profundos; tambi\u00e9n ofrece una mayor nitidez visual y una mejor precisi\u00f3n crom\u00e1tica<br \/>Modo dual: panel IPS r\u00e1pido (relaci\u00f3n 16:9) con modo dual (UHD@160Hz \/ FHD@320Hz), que garantiza alta resoluci\u00f3n y seguimiento fluido del visor. El tiempo de respuesta reducido en 0,5 ms (GtG, Min.) es ideal para competiciones de esports<br \/>AMPIA GAMMA COLORES \u2013 MAG 274UPDF E16M admite hasta 1,07 mil millones de colores con una cobertura 143% sRGB para im\u00e1genes m\u00e1s inmersivas y detalladas; integra la tecnolog\u00eda Less Blue Light y la tecnolog\u00eda Anti-Flicker para reducir la fatiga visual<br \/>CONTRASTO DIN\u00c1MICO &#038; AI VISION &#8211; El panel Rapid IPS ofrece excelente contraste nativo de 1000:1 y admite contraste din\u00e1mico de hasta 100.000.000:1; MSI AI Vision mejora los detalles en las \u00e1reas oscuras y optimiza el brillo y los colores<br \/>CONECTIVIDAD HDMI CEC \u2013 Las opciones de interfaz para PC, consola y port\u00e1til incluyen DisplayPort 1.4a, puertos HDMI 2.1 con soporte CEC y USB Type-C con Power Delivery de 15W; en la parte posterior del monitor hay un joystick de 5 direcciones para la navegaci\u00f3n<\/p>\n\n","protected":false},"excerpt":{"rendered":"<p> PANTALLA MINI-LED \u2013 MSI MAG 274UPDF E16M est\u00e1 equipado con panel Mini-LED con 1.152 zonas<\/p>","protected":false},"featured_media":20219,"comment_status":"open","ping_status":"closed","template":"","meta":[],"product_brand":[],"product_cat":[55],"product_tag":[2336,1436,1934,236,1936,1935,1939,5655,1802,1940,1784,3624,298,5656,617,1933,544,703,1937,429,5657,738,844,1262,1033,878,3863,1938,3101,684,188],"class_list":{"0":"post-20218","1":"product","2":"type-product","3":"status-publish","4":"has-post-thumbnail","6":"product_cat-gaming-monitors","7":"product_tag-0-5ms","8":"product_tag-1-4a","9":"product_tag-144hz-gaming-monitor","10":"product_tag-15w","11":"product_tag-1ms-gaming-monitor","12":"product_tag-240hz-gaming-monitor","13":"product_tag-27-inch-gaming-monitor","14":"product_tag-274updf","15":"product_tag-4k-gaming-monitor","16":"product_tag-best-gaming-monitor","17":"product_tag-curved-gaming-monitor","18":"product_tag-displayhdr","19":"product_tag-dual","20":"product_tag-e16m","21":"product_tag-gaming","22":"product_tag-gaming-monitor","23":"product_tag-hdmi","24":"product_tag-ips","25":"product_tag-ips-gaming-monitor","26":"product_tag-mag","27":"product_tag-miniled","28":"product_tag-mode","29":"product_tag-monitor","30":"product_tag-msi","31":"product_tag-panel","32":"product_tag-rapid","33":"product_tag-response","34":"product_tag-rgb-gaming-monitor","35":"product_tag-time","36":"product_tag-uhd","37":"product_tag-usbc","39":"first","40":"instock","41":"sale","42":"shipping-taxable","43":"product-type-external"},"_links":{"self":[{"href":"https:\/\/comprasyconsejos.store\/en\/wp-json\/wp\/v2\/product\/20218","targetHints":{"allow":["GET"]}}],"collection":[{"href":"https:\/\/comprasyconsejos.store\/en\/wp-json\/wp\/v2\/product"}],"about":[{"href":"https:\/\/comprasyconsejos.store\/en\/wp-json\/wp\/v2\/types\/product"}],"replies":[{"embeddable":true,"href":"https:\/\/comprasyconsejos.store\/en\/wp-json\/wp\/v2\/comments?post=20218"}],"version-history":[{"count":0,"href":"https:\/\/comprasyconsejos.store\/en\/wp-json\/wp\/v2\/product\/20218\/revisions"}],"wp:featuredmedia":[{"embeddable":true,"href":"https:\/\/comprasyconsejos.store\/en\/wp-json\/wp\/v2\/media\/20219"}],"wp:attachment":[{"href":"https:\/\/comprasyconsejos.store\/en\/wp-json\/wp\/v2\/media?parent=20218"}],"wp:term":[{"taxonomy":"product_brand","embeddable":true,"href":"https:\/\/comprasyconsejos.store\/en\/wp-json\/wp\/v2\/product_brand?post=20218"},{"taxonomy":"product_cat","embeddable":true,"href":"https:\/\/comprasyconsejos.store\/en\/wp-json\/wp\/v2\/product_cat?post=20218"},{"taxonomy":"product_tag","embeddable":true,"href":"https:\/\/comprasyconsejos.store\/en\/wp-json\/wp\/v2\/product_tag?post=20218"}],"curies":[{"name":"wp","href":"https:\/\/api.w.org\/{rel}","templated":true}]}}