{"id":20313,"date":"2026-02-18T09:02:02","date_gmt":"2026-02-18T09:02:02","guid":{"rendered":"https:\/\/comprasyconsejos.store\/product\/auriculares-inalambricos-bluetooth-auriculares-bluetooth-5-3-4-mic-con-reduccion-de-ruido-enc-50h-con-graves-cascos-inalambricos-bluetooth-ip7-impermeable-carga-rapida-usb-c-ajuste-comodo\/"},"modified":"2026-02-18T09:02:05","modified_gmt":"2026-02-18T09:02:05","slug":"auriculares-inalambricos-bluetooth-auriculares-bluetooth-5-3-4-mic-con-reduccion-de-ruido-enc-50h-con-graves-cascos-inalambricos-bluetooth-ip7-impermeable-carga-rapida-usb-c-ajuste-comodo","status":"publish","type":"product","link":"https:\/\/comprasyconsejos.store\/en\/product\/auriculares-inalambricos-bluetooth-auriculares-bluetooth-5-3-4-mic-con-reduccion-de-ruido-enc-50h-con-graves-cascos-inalambricos-bluetooth-ip7-impermeable-carga-rapida-usb-c-ajuste-comodo\/","title":{"rendered":"Auriculares Inal\u00e1mbricos Bluetooth, Auriculares Bluetooth 5.3, 4 Mic con Reducci\u00f3n de Ruido ENC, 50H con Graves, Cascos Inalambricos Bluetooth IP7 Impermeable, Carga R\u00e1pida USB-C, Ajuste C\u00f3modo"},"content":{"rendered":"<p>Price: <span style=\"color:#b12704\"><del>\u20ac49.99<\/del> - \u20ac22.79<\/span><br \/><i><small>(as of Feb 18, 2026 09:02:03 UTC &#8211; <span class=\"wp_automatic_amazon_disclaimer\" title=\"Product prices and availability are accurate as of the date\/time indicated and are subject to change. Any price and availability information displayed on [relevant Amazon Site(s), as applicable] at the time of purchase will apply to the purchase of this product.\">Details<\/span>)<\/small><\/i><\/p>\n<p><a href=\"https:\/\/amazon.es\/dp\/B0CCDNJS75?tag=man008-21\"><img decoding=\"async\" src=\"https:\/\/valvepress.s3.amazonaws.com\/imgs\/buy_now.png\"><\/a><br \/>\n<br \/>\n<br \/>\u3010LED CHARGING DISPLAY &#038; 50 HOURS PLAY\u3011Bluetooth headphones feature a dual LED display that accurately displays the battery level of both the charging compartment and the Bluetooth headset. In addition, X08 headphones have a unique battery life of 8 hours, and the charging compartment provides an additional 50 hours of use.<br \/>85% More Bass &#038; Clearer Calls &#8211; Wireless headphones with 14.2mm graphene diaphragm for 85% more bass and Bluetooth wireless headphones with ENC hybrid dual microphone passively cancels 90% of background noise for clearer calls.<br \/>COMFORTABLE FIT &#038; IP7 WATERPROOF: In-ear headphones are ergonomic, disperse 45% of the pressure for a comfortable fit that fits 99% of the ear canal, sports wireless headphones feature IP7 nano-coating technology to isolate components from damage caused by air moisture.<br \/>2024 New Bluetooth 5.3 &#038; One-Step Pairing &#8211; Wireless bluetooth headset incorporate the latest version of Bluetooth 5.3 technology, which is 200% more stable than 5.0 version, offering a low-latency listening experience and stable calls. After the initial connection, remove in-ear headphones and they will automatically connect to your device.<br \/>Smart Touch Control with Wide Compatibility: With intelligent touch control design, it is easy to operate without picking up the mobile phone. Wireless Bluetooth headphones pair easily with a variety of Bluetooth devices without worrying about compatibility issues. Including iOS\/Android, tablets and laptops.<\/p>\n\n","protected":false},"excerpt":{"rendered":"<p> \u3010LED CHARGING DISPLAY &#038; 50 HOURS PLAY\u3011Bluetooth headphones feature a dual LED display that accurately<\/p>","protected":false},"featured_media":20314,"comment_status":"open","ping_status":"closed","template":"","meta":[],"product_brand":[],"product_cat":[48],"product_tag":[5692,5695,5580,720,726,714,5223,5694,5696,3994,995,712,5693,711,717,5542,4211,5387,861,715,719,716,5328,5691,718,5120,188,713],"class_list":{"0":"post-20313","1":"product","2":"type-product","3":"status-publish","4":"has-post-thumbnail","6":"product_cat-headsets","7":"product_tag-50h","8":"product_tag-ajuste","9":"product_tag-auriculares","10":"product_tag-best-headset","11":"product_tag-bluetooth","12":"product_tag-bluetooth-headset","13":"product_tag-carga","14":"product_tag-cascos","15":"product_tag-comodo","16":"product_tag-con","17":"product_tag-enc","18":"product_tag-gaming-headset","19":"product_tag-graves","20":"product_tag-headset","21":"product_tag-headset-with-mic","22":"product_tag-impermeable","23":"product_tag-inalambricos","24":"product_tag-ip7","25":"product_tag-mic","26":"product_tag-noise-cancelling-headset","27":"product_tag-over-ear-headset","28":"product_tag-pc-headset","29":"product_tag-rapida","30":"product_tag-reduccion","31":"product_tag-rgb-gaming-headset","32":"product_tag-ruido","33":"product_tag-usbc","34":"product_tag-wireless-headset","36":"first","37":"instock","38":"sale","39":"shipping-taxable","40":"product-type-external"},"_links":{"self":[{"href":"https:\/\/comprasyconsejos.store\/en\/wp-json\/wp\/v2\/product\/20313","targetHints":{"allow":["GET"]}}],"collection":[{"href":"https:\/\/comprasyconsejos.store\/en\/wp-json\/wp\/v2\/product"}],"about":[{"href":"https:\/\/comprasyconsejos.store\/en\/wp-json\/wp\/v2\/types\/product"}],"replies":[{"embeddable":true,"href":"https:\/\/comprasyconsejos.store\/en\/wp-json\/wp\/v2\/comments?post=20313"}],"version-history":[{"count":0,"href":"https:\/\/comprasyconsejos.store\/en\/wp-json\/wp\/v2\/product\/20313\/revisions"}],"wp:featuredmedia":[{"embeddable":true,"href":"https:\/\/comprasyconsejos.store\/en\/wp-json\/wp\/v2\/media\/20314"}],"wp:attachment":[{"href":"https:\/\/comprasyconsejos.store\/en\/wp-json\/wp\/v2\/media?parent=20313"}],"wp:term":[{"taxonomy":"product_brand","embeddable":true,"href":"https:\/\/comprasyconsejos.store\/en\/wp-json\/wp\/v2\/product_brand?post=20313"},{"taxonomy":"product_cat","embeddable":true,"href":"https:\/\/comprasyconsejos.store\/en\/wp-json\/wp\/v2\/product_cat?post=20313"},{"taxonomy":"product_tag","embeddable":true,"href":"https:\/\/comprasyconsejos.store\/en\/wp-json\/wp\/v2\/product_tag?post=20313"}],"curies":[{"name":"wp","href":"https:\/\/api.w.org\/{rel}","templated":true}]}}