{"id":20506,"date":"2026-02-18T09:55:46","date_gmt":"2026-02-18T09:55:46","guid":{"rendered":"https:\/\/comprasyconsejos.store\/product\/tarjeta-grafica-radeon-hd-6570-hdmi-dual-ddr3-1g-de-64-bits-tarjetas-de-video-pc-perfil-bajo-gpu-de-computadora-pci-express-x-16-60w-de-baja-potencia-plug-play-refrigeracion-por-aire-de-un\/"},"modified":"2026-02-18T09:55:47","modified_gmt":"2026-02-18T09:55:47","slug":"tarjeta-grafica-radeon-hd-6570-hdmi-dual-ddr3-1g-de-64-bits-tarjetas-de-video-pc-perfil-bajo-gpu-de-computadora-pci-express-x-16-60w-de-baja-potencia-plug-play-refrigeracion-por-aire-de-un","status":"publish","type":"product","link":"https:\/\/comprasyconsejos.store\/en\/product\/tarjeta-grafica-radeon-hd-6570-hdmi-dual-ddr3-1g-de-64-bits-tarjetas-de-video-pc-perfil-bajo-gpu-de-computadora-pci-express-x-16-60w-de-baja-potencia-plug-play-refrigeracion-por-aire-de-un\/","title":{"rendered":"Tarjeta gr\u00e1fica Radeon HD 6570, HDMI dual, DDR3 1G de 64 bits, tarjetas de video PC, perfil bajo, GPU de computadora, PCI Express x 16, 60W de baja potencia, Plug &#038; Play, refrigeraci\u00f3n por aire de un solo ventilador"},"content":{"rendered":"<p>Price: <span style=\"color:#b12704\">\u20ac100.54<\/span><br \/><i><small>(as of Feb 18, 2026 09:55:46 UTC &#8211; <span class=\"wp_automatic_amazon_disclaimer\" title=\"Product prices and availability are accurate as of the date\/time indicated and are subject to change. Any price and availability information displayed on [relevant Amazon Site(s), as applicable] at the time of purchase will apply to the purchase of this product.\">Details<\/span>)<\/small><\/i><\/p>\n<p><a href=\"https:\/\/amazon.es\/dp\/B0B12FY9SF?tag=man008-21\"><img decoding=\"async\" src=\"https:\/\/valvepress.s3.amazonaws.com\/imgs\/buy_now.png\"><\/a><br \/>\n<br \/>\n<br \/>1 GB D3 de 64 bits: tarjeta gr\u00e1fica de video alimentada por chipset AMD HD serie 6000, tiene un reloj de memoria m\u00e1ximo de 1334 MHz y procesadores de flujo de 480.<br \/>Compatibilidad: esta tarjeta gr\u00e1fica HDMI dual es compatible con Win 7, 8, 10. Debido al soporte de controladores descontinuado, no se pueden admitir los \u00faltimos sistemas operativos. La versi\u00f3n del controlador de gpu es Catalyst 15.7.1 o Crimson 16.2.1 Beta, solo es compatible con DirectX 11.<br \/>2 salidas HDMI: los nuevos componentes el\u00e9ctricos de alta calidad y la placa PCB garantizan su seguridad y estabilidad. GPU soporta m\u00faltiples pantallas, 1 salida de audio. La resoluci\u00f3n m\u00e1xima es de 1920 x 1080 p\u00edxeles.<br \/>F\u00e1cil de instalar: esta tarjeta gr\u00e1fica GPU solo tiene 60 W de potencia, sin fuente de alimentaci\u00f3n externa, por lo que se liberar\u00e1 menos calor y larga vida \u00fatil. La tarjeta gr\u00e1fica de perfil bajo es para fundas de factor de forma peque\u00f1o con ranuras PCIe.<br \/>Presupuesto s\u00faper razonable para la oficina: buena opci\u00f3n de valor para ti con un presupuesto que necesita un impulso adicional en el rendimiento de la pantalla, como trabajo de oficina, edici\u00f3n de video, codificaci\u00f3n, uso diario y actualizaci\u00f3n de computadoras antiguas.<\/p>\n\n","protected":false},"excerpt":{"rendered":"<p> 1 GB D3 de 64 bits: tarjeta gr\u00e1fica de video alimentada por chipset AMD HD<\/p>","protected":false},"featured_media":20507,"comment_status":"open","ping_status":"closed","template":"","meta":[],"product_brand":[],"product_cat":[75],"product_tag":[300,1432,5792,1427,5788,5787,1433,5785,4042,1245,298,1401,1428,599,5784,1425,544,1426,2585,5786,1139,324,5791,5789,897,5790,1429,1430,1431,4829,5783,5322,4204,2230],"class_list":{"0":"post-20506","1":"product","2":"type-product","3":"status-publish","4":"has-post-thumbnail","6":"product_cat-graphics-cards","7":"product_tag-60w","8":"product_tag-8gb-graphics-card","9":"product_tag-aire","10":"product_tag-amd-radeon-gpu","11":"product_tag-baja","12":"product_tag-bajo","13":"product_tag-best-gpu","14":"product_tag-bits","15":"product_tag-computadora","16":"product_tag-ddr3","17":"product_tag-dual","18":"product_tag-express","19":"product_tag-gaming-graphics-card","20":"product_tag-gpu","21":"product_tag-grafica","22":"product_tag-graphics-card","23":"product_tag-hdmi","24":"product_tag-nvidia-rtx-graphics-card","25":"product_tag-pci","26":"product_tag-perfil","27":"product_tag-play","28":"product_tag-plug","29":"product_tag-por","30":"product_tag-potencia","31":"product_tag-radeon","32":"product_tag-refrigeracion","33":"product_tag-rtx-4060","34":"product_tag-rtx-4070","35":"product_tag-rtx-4080","36":"product_tag-solo","37":"product_tag-tarjeta","38":"product_tag-tarjetas","39":"product_tag-ventilador","40":"product_tag-video","42":"first","43":"instock","44":"shipping-taxable","45":"product-type-external"},"_links":{"self":[{"href":"https:\/\/comprasyconsejos.store\/en\/wp-json\/wp\/v2\/product\/20506","targetHints":{"allow":["GET"]}}],"collection":[{"href":"https:\/\/comprasyconsejos.store\/en\/wp-json\/wp\/v2\/product"}],"about":[{"href":"https:\/\/comprasyconsejos.store\/en\/wp-json\/wp\/v2\/types\/product"}],"replies":[{"embeddable":true,"href":"https:\/\/comprasyconsejos.store\/en\/wp-json\/wp\/v2\/comments?post=20506"}],"version-history":[{"count":0,"href":"https:\/\/comprasyconsejos.store\/en\/wp-json\/wp\/v2\/product\/20506\/revisions"}],"wp:featuredmedia":[{"embeddable":true,"href":"https:\/\/comprasyconsejos.store\/en\/wp-json\/wp\/v2\/media\/20507"}],"wp:attachment":[{"href":"https:\/\/comprasyconsejos.store\/en\/wp-json\/wp\/v2\/media?parent=20506"}],"wp:term":[{"taxonomy":"product_brand","embeddable":true,"href":"https:\/\/comprasyconsejos.store\/en\/wp-json\/wp\/v2\/product_brand?post=20506"},{"taxonomy":"product_cat","embeddable":true,"href":"https:\/\/comprasyconsejos.store\/en\/wp-json\/wp\/v2\/product_cat?post=20506"},{"taxonomy":"product_tag","embeddable":true,"href":"https:\/\/comprasyconsejos.store\/en\/wp-json\/wp\/v2\/product_tag?post=20506"}],"curies":[{"name":"wp","href":"https:\/\/api.w.org\/{rel}","templated":true}]}}