{"id":20799,"date":"2026-02-18T11:08:48","date_gmt":"2026-02-18T11:08:48","guid":{"rendered":"https:\/\/comprasyconsejos.store\/product\/dell-optiplex-5250-todo-en-uno-desktop-con-pantalla-de-215-procesador-intel-core-i5-7500-8gb-de-ram-ssd-de-256-gb-wifi-bluetooth-teclado-qwerty-de-ee-uu-windows-11-pro-reacondicionado\/"},"modified":"2026-02-18T11:08:52","modified_gmt":"2026-02-18T11:08:52","slug":"dell-optiplex-5250-todo-en-uno-desktop-con-pantalla-de-215-procesador-intel-core-i5-7500-8gb-de-ram-ssd-de-256-gb-wifi-bluetooth-teclado-qwerty-de-ee-uu-windows-11-pro-reacondicionado","status":"publish","type":"product","link":"https:\/\/comprasyconsejos.store\/en\/product\/dell-optiplex-5250-todo-en-uno-desktop-con-pantalla-de-215-procesador-intel-core-i5-7500-8gb-de-ram-ssd-de-256-gb-wifi-bluetooth-teclado-qwerty-de-ee-uu-windows-11-pro-reacondicionado\/","title":{"rendered":"Dell Optiplex 5250 Todo-en-Uno Desktop con pantalla de 21,5 \u00bb, procesador Intel Core i5-7500, 8GB de RAM, SSD de 256 GB, WiFi, Bluetooth, teclado QWERTY de EE. UU., Windows 11 Pro (reacondicionado)"},"content":{"rendered":"<p>Price: <span style=\"color:#b12704\">\u20ac279.00<\/span><br \/><i><small>(as of Feb 18, 2026 11:08:49 UTC &#8211; <span class=\"wp_automatic_amazon_disclaimer\" title=\"Product prices and availability are accurate as of the date\/time indicated and are subject to change. Any price and availability information displayed on [relevant Amazon Site(s), as applicable] at the time of purchase will apply to the purchase of this product.\">Details<\/span>)<\/small><\/i><\/p>\n<p><a href=\"https:\/\/amazon.es\/dp\/B0G2RFLTHS?tag=man008-21\"><img decoding=\"async\" src=\"https:\/\/valvepress.s3.amazonaws.com\/imgs\/buy_now.png\"><\/a><br \/>\n<br \/>\n<br \/>Teclado: el teclado original es un teclado americano con una multitud de pegatinas de dise\u00f1o de teclado para adaptarse a sus diferentes h\u00e1bitos. Incluye pegatinas AZERTY para el dise\u00f1o de teclado franc\u00e9s, pegatinas QWERTZ para el dise\u00f1o de teclado alem\u00e1n, pegatinas para el dise\u00f1o del teclado espa\u00f1ol y pegatinas para el dise\u00f1o del teclado italiano.<br \/>Redise\u00f1ado profesionalmente: PC de sobremesa todo en uno Dell Optiplex 5250 con procesador Intel Core i5-7500, teclado y rat\u00f3n. Este equipo de sobremesa ha sido inspeccionado, probado y limpiado por proveedores calificados de Amazon.<br \/>ALTO RENDIMIENTO: PC de escritorio todo en uno Dell Optiplex 5250 con 8 GB de RAM para ejecutar m\u00faltiples aplicaciones y pesta\u00f1as de navegador simult\u00e1neamente. Personalizado con 256 GB de almacenamiento SSD para almacenar aplicaciones, fotos, m\u00fasica y pel\u00edculas. Equipado con 8 GB para multitarea a toda velocidad y sin ralentizaciones.<br \/>Reacondicionado: el adaptador de corriente y el cargador de los productos reacondicionados pueden no ser originales, pero son compatibles con el ordenador y completamente funcionales. El producto se env\u00eda en un embalaje est\u00e1ndar, no en su embalaje original.<br \/>Sistema operativo: el port\u00e1til Dell est\u00e1 equipado con Windows 11 Pro de 64 bits con soporte multiling\u00fce para ingl\u00e9s, espa\u00f1ol y franc\u00e9s. Ofrece m\u00e1s funciones y opciones de seguridad para que los usuarios puedan proteger mejor sus datos personales y empresariales, y es adecuado para entornos de trabajo m\u00e1s complejos y exigentes.<br \/>Nota: el ordenador de sobremesa viene con un adaptador USB WIFI+USB BT, que se encuentra en un peque\u00f1o paquete transparente. Por favor, busque cuidadosamente para evitar p\u00e9rdidas. Si tiene alguna pregunta, no dude en ponerse en contacto con nosotros lo antes posible, estaremos encantados de ayudarle!<\/p>\n\n","protected":false},"excerpt":{"rendered":"<p> Teclado: el teclado original es un teclado americano con una multitud de pegatinas de dise\u00f1o<\/p>","protected":false},"featured_media":20800,"comment_status":"open","ping_status":"closed","template":"","meta":[],"product_brand":[],"product_cat":[89],"product_tag":[622,777,776,785,778,782,726,784,3994,698,809,787,783,5917,562,780,810,4109,163,4037,858,587,5918,779,513,4021,5916,781,543,537],"class_list":{"0":"post-20799","1":"product","2":"type-product","3":"status-publish","4":"has-post-thumbnail","6":"product_cat-all-in-one-pcs","7":"product_tag-8gb","8":"product_tag-all-in-one-desktop","9":"product_tag-all-in-one-pc","10":"product_tag-all-in-one-pc-price","11":"product_tag-apple-imac","12":"product_tag-best-all-in-one-computer","13":"product_tag-bluetooth","14":"product_tag-compact-pc","15":"product_tag-con","16":"product_tag-core","17":"product_tag-dell","18":"product_tag-desktop","19":"product_tag-gaming-all-in-one-pc","20":"product_tag-i57500","21":"product_tag-intel","22":"product_tag-office-all-in-one-pc","23":"product_tag-optiplex","24":"product_tag-pantalla","25":"product_tag-pro","26":"product_tag-procesador","27":"product_tag-qwerty","28":"product_tag-ram","29":"product_tag-reacondicionado","30":"product_tag-slim-all-in-one-pc","31":"product_tag-ssd","32":"product_tag-teclado","33":"product_tag-todoenuno","34":"product_tag-touchscreen-all-in-one-pc","35":"product_tag-wifi","36":"product_tag-windows","38":"first","39":"instock","40":"shipping-taxable","41":"product-type-external"},"_links":{"self":[{"href":"https:\/\/comprasyconsejos.store\/en\/wp-json\/wp\/v2\/product\/20799","targetHints":{"allow":["GET"]}}],"collection":[{"href":"https:\/\/comprasyconsejos.store\/en\/wp-json\/wp\/v2\/product"}],"about":[{"href":"https:\/\/comprasyconsejos.store\/en\/wp-json\/wp\/v2\/types\/product"}],"replies":[{"embeddable":true,"href":"https:\/\/comprasyconsejos.store\/en\/wp-json\/wp\/v2\/comments?post=20799"}],"version-history":[{"count":0,"href":"https:\/\/comprasyconsejos.store\/en\/wp-json\/wp\/v2\/product\/20799\/revisions"}],"wp:featuredmedia":[{"embeddable":true,"href":"https:\/\/comprasyconsejos.store\/en\/wp-json\/wp\/v2\/media\/20800"}],"wp:attachment":[{"href":"https:\/\/comprasyconsejos.store\/en\/wp-json\/wp\/v2\/media?parent=20799"}],"wp:term":[{"taxonomy":"product_brand","embeddable":true,"href":"https:\/\/comprasyconsejos.store\/en\/wp-json\/wp\/v2\/product_brand?post=20799"},{"taxonomy":"product_cat","embeddable":true,"href":"https:\/\/comprasyconsejos.store\/en\/wp-json\/wp\/v2\/product_cat?post=20799"},{"taxonomy":"product_tag","embeddable":true,"href":"https:\/\/comprasyconsejos.store\/en\/wp-json\/wp\/v2\/product_tag?post=20799"}],"curies":[{"name":"wp","href":"https:\/\/api.w.org\/{rel}","templated":true}]}}