{"id":21026,"date":"2026-02-18T12:16:25","date_gmt":"2026-02-18T12:16:25","guid":{"rendered":"https:\/\/comprasyconsejos.store\/product\/tecknet-raton-con-cable-raton-ergonomico-de-6400-dpi-con-6-botones-silencioso-4-ratones-verticales-ajustables-dpi-compatible-con-windows-chrome-laptop-ordenador\/"},"modified":"2026-02-18T12:16:30","modified_gmt":"2026-02-18T12:16:30","slug":"tecknet-raton-con-cable-raton-ergonomico-de-6400-dpi-con-6-botones-silencioso-4-ratones-verticales-ajustables-dpi-compatible-con-windows-chrome-laptop-ordenador","status":"publish","type":"product","link":"https:\/\/comprasyconsejos.store\/en\/product\/tecknet-raton-con-cable-raton-ergonomico-de-6400-dpi-con-6-botones-silencioso-4-ratones-verticales-ajustables-dpi-compatible-con-windows-chrome-laptop-ordenador\/","title":{"rendered":"TECKNET Rat\u00f3n con cable, rat\u00f3n ergon\u00f3mico de 6400 DPI con 6 botones, silencioso, 4 ratones verticales ajustables DPI compatible con Windows\/Chrome\/Laptop\/Ordenador"},"content":{"rendered":"<p>Price: <span style=\"color:#b12704\">\u20ac12.06<\/span><br \/><i><small>(as of Feb 18, 2026 12:16:25 UTC &#8211; <span class=\"wp_automatic_amazon_disclaimer\" title=\"Product prices and availability are accurate as of the date\/time indicated and are subject to change. Any price and availability information displayed on [relevant Amazon Site(s), as applicable] at the time of purchase will apply to the purchase of this product.\">Details<\/span>)<\/small><\/i><\/p>\n<p><a href=\"https:\/\/amazon.es\/dp\/B0CMC1F5WB?tag=man008-21\"><img decoding=\"async\" src=\"https:\/\/valvepress.s3.amazonaws.com\/imgs\/buy_now.png\"><\/a><br \/>\n<br \/>\n<br \/>[DPI m\u00e1s alto y 4 niveles ajustables] &#8211; DPI: 6400\/3200\/1600\/1000. Este mouse ergon\u00f3mico con cable cuenta con 4 ajustes de DPI ajustables para satisfacer tus necesidades diarias. La tecnolog\u00eda mejorada de este mouse con cable garantiza un seguimiento suave y preciso en varias superficies. Al cambiar el DPI, la luz LED parpadear\u00e1, con el n\u00famero de destellos correspondiente al nivel de DPI.<br \/>Rat\u00f3n silencioso: los clics de este mouse vertical son pr\u00e1cticamente silenciosos, lo que permite que se utilice incluso en entornos silenciosos como bibliotecas. El uso de este mouse ergon\u00f3mico con cable reduce las molestias para uno mismo y los dem\u00e1s, lo que permite un mejor enfoque en la tarea en cuesti\u00f3n.<br \/>Dise\u00f1o ergon\u00f3mico: el mouse ergon\u00f3mico adopta un dise\u00f1o ergon\u00f3mico que acerca tu palma a un \u00e1ngulo vertical con el escritorio, lo que permite movimientos m\u00e1s suaves y flexibles. Esto ayuda a reducir las molestias del brazo, aliviando eficazmente el dolor de mu\u00f1eca. El mouse ergon\u00f3mico vertical es una opci\u00f3n ideal para un uso prolongado de la computadora. (Nota: el mouse es m\u00e1s adecuado para manos de tama\u00f1o mediano a grande)<br \/>Amplia compatibilidad y advertencia de baja energ\u00eda: el mouse vertical con cable es compatible con varios dispositivos, incluyendo Windows\/Mac\/Chrome\/Linux\/laptop\/computadora. (Los botones laterales no son compatibles con macOS)<br \/>Plug &#038; Play: este mouse ergon\u00f3mico para computadora es extremadamente c\u00f3modo de usar. Simplemente conecta el cable USB de 1,5 m incluido y empieza a usarlo sin necesidad de instalaci\u00f3n de controlador. El mouse vertical ergon\u00f3mico es suave y duradero, lo que te proporciona una experiencia de usuario duradera.<br \/>[Soporte de 36 meses] &#8211; Si encuentras alg\u00fan problema al usar el producto, no dudes en ponerte en contacto con nuestro equipo de servicio al cliente profesional, disfrutando de una garant\u00eda de 36 meses (solo registrado)<\/p>\n\n","protected":false},"excerpt":{"rendered":"<p> [DPI m\u00e1s alto y 4 niveles ajustables] &#8211; DPI: 6400\/3200\/1600\/1000. Este mouse ergon\u00f3mico con cable<\/p>\n","protected":false},"featured_media":21027,"comment_status":"open","ping_status":"closed","template":"","meta":[],"product_brand":[],"product_cat":[50],"product_tag":[4600,765,759,6003,182,201,756,3994,775,761,4597,758,4264,6004,763,760,4207,764,766,762,6005,6006,757],"class_list":{"0":"post-21026","1":"product","2":"type-product","3":"status-publish","4":"has-post-thumbnail","6":"product_cat-mouse","7":"product_tag-ajustables","8":"product_tag-best-gaming-mouse","9":"product_tag-bluetooth-mouse","10":"product_tag-botones","11":"product_tag-cable","12":"product_tag-compatible","13":"product_tag-computer-mouse","14":"product_tag-con","15":"product_tag-dpi","16":"product_tag-ergonomic-mouse","17":"product_tag-ergonomico","18":"product_tag-gaming-mouse","19":"product_tag-raton","20":"product_tag-ratones","21":"product_tag-rechargeable-mouse","22":"product_tag-rgb-mouse","23":"product_tag-silencioso","24":"product_tag-silent-mouse","25":"product_tag-tecknet","26":"product_tag-usb-mouse","27":"product_tag-verticales","28":"product_tag-windowschromelaptopordenador","29":"product_tag-wireless-mouse","31":"first","32":"instock","33":"shipping-taxable","34":"product-type-external"},"_links":{"self":[{"href":"https:\/\/comprasyconsejos.store\/en\/wp-json\/wp\/v2\/product\/21026","targetHints":{"allow":["GET"]}}],"collection":[{"href":"https:\/\/comprasyconsejos.store\/en\/wp-json\/wp\/v2\/product"}],"about":[{"href":"https:\/\/comprasyconsejos.store\/en\/wp-json\/wp\/v2\/types\/product"}],"replies":[{"embeddable":true,"href":"https:\/\/comprasyconsejos.store\/en\/wp-json\/wp\/v2\/comments?post=21026"}],"version-history":[{"count":0,"href":"https:\/\/comprasyconsejos.store\/en\/wp-json\/wp\/v2\/product\/21026\/revisions"}],"wp:featuredmedia":[{"embeddable":true,"href":"https:\/\/comprasyconsejos.store\/en\/wp-json\/wp\/v2\/media\/21027"}],"wp:attachment":[{"href":"https:\/\/comprasyconsejos.store\/en\/wp-json\/wp\/v2\/media?parent=21026"}],"wp:term":[{"taxonomy":"product_brand","embeddable":true,"href":"https:\/\/comprasyconsejos.store\/en\/wp-json\/wp\/v2\/product_brand?post=21026"},{"taxonomy":"product_cat","embeddable":true,"href":"https:\/\/comprasyconsejos.store\/en\/wp-json\/wp\/v2\/product_cat?post=21026"},{"taxonomy":"product_tag","embeddable":true,"href":"https:\/\/comprasyconsejos.store\/en\/wp-json\/wp\/v2\/product_tag?post=21026"}],"curies":[{"name":"wp","href":"https:\/\/api.w.org\/{rel}","templated":true}]}}