{"id":21051,"date":"2026-02-18T12:23:25","date_gmt":"2026-02-18T12:23:25","guid":{"rendered":"https:\/\/comprasyconsejos.store\/product\/samsung-sm-x406n-galaxy-tab-s10-lite-6128gb-enterprise-edition-5g-gray\/"},"modified":"2026-02-18T12:23:25","modified_gmt":"2026-02-18T12:23:25","slug":"samsung-sm-x406n-galaxy-tab-s10-lite-6128gb-enterprise-edition-5g-gray","status":"publish","type":"product","link":"https:\/\/comprasyconsejos.store\/en\/product\/samsung-sm-x406n-galaxy-tab-s10-lite-6128gb-enterprise-edition-5g-gray\/","title":{"rendered":"Samsung SM-X406N Galaxy Tab S10 lite 6+128GB Enterprise Edition 5G gray"},"content":{"rendered":"<p>Price: <span style=\"color:#b12704\">\u20ac297.00<\/span><br \/><i><small>(as of Feb 18, 2026 12:23:25 UTC &#8211; <span class=\"wp_automatic_amazon_disclaimer\" title=\"Product prices and availability are accurate as of the date\/time indicated and are subject to change. Any price and availability information displayed on [relevant Amazon Site(s), as applicable] at the time of purchase will apply to the purchase of this product.\">Details<\/span>)<\/small><\/i><\/p>\n<p><a href=\"https:\/\/amazon.es\/dp\/B0FTLZHG5C?tag=man008-21\"><img decoding=\"async\" src=\"https:\/\/valvepress.s3.amazonaws.com\/imgs\/buy_now.png\"><\/a><br \/>\n<br \/>\n<br \/>L\u00e1piz capacitivo, pantalla de alta resoluci\u00f3n, autonom\u00eda prolongada<\/p>\n\n","protected":false},"excerpt":{"rendered":"<p> L\u00e1piz capacitivo, pantalla de alta resoluci\u00f3n, autonom\u00eda prolongada<\/p>","protected":false},"featured_media":21052,"comment_status":"open","ping_status":"closed","template":"","meta":[],"product_brand":[],"product_cat":[93],"product_tag":[651,5983,646,648,650,964,3428,165,655,722,3977,832,249,647,6020,831,652,653,649,654],"class_list":{"0":"post-21051","1":"product","2":"type-product","3":"status-publish","4":"has-post-thumbnail","6":"product_cat-android-tablets","7":"product_tag-10-inch-tablet","8":"product_tag-6128gb","9":"product_tag-android-tablet","10":"product_tag-best-android-tablet","11":"product_tag-budget-android-tablet","12":"product_tag-edition","13":"product_tag-enterprise","14":"product_tag-galaxy","15":"product_tag-gaming-tablet","16":"product_tag-gray","17":"product_tag-lite","18":"product_tag-s10","19":"product_tag-samsung","20":"product_tag-samsung-android-tablet","21":"product_tag-smx406n","22":"product_tag-tab","23":"product_tag-tablet-for-kids","24":"product_tag-tablet-for-study","25":"product_tag-tablet-with-sim","26":"product_tag-tablet-with-stylus","28":"first","29":"instock","30":"shipping-taxable","31":"product-type-external"},"_links":{"self":[{"href":"https:\/\/comprasyconsejos.store\/en\/wp-json\/wp\/v2\/product\/21051","targetHints":{"allow":["GET"]}}],"collection":[{"href":"https:\/\/comprasyconsejos.store\/en\/wp-json\/wp\/v2\/product"}],"about":[{"href":"https:\/\/comprasyconsejos.store\/en\/wp-json\/wp\/v2\/types\/product"}],"replies":[{"embeddable":true,"href":"https:\/\/comprasyconsejos.store\/en\/wp-json\/wp\/v2\/comments?post=21051"}],"version-history":[{"count":0,"href":"https:\/\/comprasyconsejos.store\/en\/wp-json\/wp\/v2\/product\/21051\/revisions"}],"wp:featuredmedia":[{"embeddable":true,"href":"https:\/\/comprasyconsejos.store\/en\/wp-json\/wp\/v2\/media\/21052"}],"wp:attachment":[{"href":"https:\/\/comprasyconsejos.store\/en\/wp-json\/wp\/v2\/media?parent=21051"}],"wp:term":[{"taxonomy":"product_brand","embeddable":true,"href":"https:\/\/comprasyconsejos.store\/en\/wp-json\/wp\/v2\/product_brand?post=21051"},{"taxonomy":"product_cat","embeddable":true,"href":"https:\/\/comprasyconsejos.store\/en\/wp-json\/wp\/v2\/product_cat?post=21051"},{"taxonomy":"product_tag","embeddable":true,"href":"https:\/\/comprasyconsejos.store\/en\/wp-json\/wp\/v2\/product_tag?post=21051"}],"curies":[{"name":"wp","href":"https:\/\/api.w.org\/{rel}","templated":true}]}}