{"id":21284,"date":"2026-02-18T13:35:35","date_gmt":"2026-02-18T13:35:35","guid":{"rendered":"https:\/\/comprasyconsejos.store\/product\/offtek-32gb-memoria-ram-de-repuesto-para-hp-compaq-pavilion-gaming-tg01-072rcn-ddr4-21300-pc4-2666-non-ecc-memoria-para-ordenador-de-sobremesa\/"},"modified":"2026-02-18T13:35:38","modified_gmt":"2026-02-18T13:35:38","slug":"offtek-32gb-memoria-ram-de-repuesto-para-hp-compaq-pavilion-gaming-tg01-072rcn-ddr4-21300-pc4-2666-non-ecc-memoria-para-ordenador-de-sobremesa","status":"publish","type":"product","link":"https:\/\/comprasyconsejos.store\/en\/product\/offtek-32gb-memoria-ram-de-repuesto-para-hp-compaq-pavilion-gaming-tg01-072rcn-ddr4-21300-pc4-2666-non-ecc-memoria-para-ordenador-de-sobremesa\/","title":{"rendered":"OFFTEK 32GB Memoria RAM de Repuesto para HP-Compaq Pavilion Gaming TG01-072rcn (DDR4-21300 (PC4-2666) &#8211; Non-ECC) Memoria para Ordenador de sobremesa"},"content":{"rendered":"<p>Price: <span style=\"color:#b12704\">\u20ac326.92<\/span><br \/><i><small>(as of Feb 18, 2026 13:35:36 UTC &#8211; <span class=\"wp_automatic_amazon_disclaimer\" title=\"Product prices and availability are accurate as of the date\/time indicated and are subject to change. Any price and availability information displayed on [relevant Amazon Site(s), as applicable] at the time of purchase will apply to the purchase of this product.\">Details<\/span>)<\/small><\/i><\/p>\n<p><a href=\"https:\/\/amazon.es\/dp\/B08Q4L2JPD?tag=man008-21\"><img decoding=\"async\" src=\"https:\/\/valvepress.s3.amazonaws.com\/imgs\/buy_now.png\"><\/a><br \/>\n<br \/>\n<br \/>F\u00e1cil instalaci\u00f3n. La RAM es una de las formas m\u00e1s f\u00e1ciles de actualizar su m\u00e1quina. No se requiere actualizaci\u00f3n de software o sistema operativo. (Plug &#038; Play). Gu\u00edas de instalaci\u00f3n de OFFTEK.<br \/>Mejore el rendimiento general de la m\u00e1quina. Tiempos de puesta en marcha m\u00e1s r\u00e1pidos. Productividad incrementada. Aumento de la multitarea. Prolonga la vida de la m\u00e1quina.<br \/>Garant\u00eda limitada de por vida: aseg\u00farese de que su memoria dure toda la vida. Nuestra garant\u00eda limitada de por vida garantiza que si su memoria falla, la reemplazaremos o repararemos sin cargo siempre que siga fabricada.<br \/>La memoria OFFTEK se fabrica con componentes de primera calidad. Las pruebas a nivel de m\u00f3dulo garantizan una fiabilidad a largo plazo respaldada por m\u00e1s de 25 a\u00f1os de experiencia en memoria.<br \/>100% de compatibilidad: cada producto de memoria dise\u00f1ado espec\u00edficamente para su m\u00e1quina se prueba individualmente para garantizar el 100% de confiabilidad y compatibilidad con su computadora y sistema operativo.<\/p>\n\n","protected":false},"excerpt":{"rendered":"<p> F\u00e1cil instalaci\u00f3n. La RAM es una de las formas m\u00e1s f\u00e1ciles de actualizar su m\u00e1quina.<\/p>","protected":false},"featured_media":21285,"comment_status":"open","ping_status":"closed","template":"","meta":[],"product_brand":[],"product_cat":[90],"product_tag":[902,613,611,6106,617,607,604,609,606,612,608,6103,3992,2382,6101,6108,3954,6104,6107,605,587,6102,610,6109,6105],"class_list":{"0":"post-21284","1":"product","2":"type-product","3":"status-publish","4":"has-post-thumbnail","6":"product_cat-gaming-pcs","7":"product_tag-32gb","8":"product_tag-best-gaming-pc","9":"product_tag-custom-gaming-pc","10":"product_tag-ddr421300","11":"product_tag-gaming","12":"product_tag-gaming-desktop","13":"product_tag-gaming-pc","14":"product_tag-gaming-pc-16gb-ram","15":"product_tag-gaming-pc-rtx","16":"product_tag-gaming-pc-ssd","17":"product_tag-high-end-gaming-pc","18":"product_tag-hpcompaq","19":"product_tag-memoria","20":"product_tag-nonecc","21":"product_tag-offtek","22":"product_tag-ordenador","23":"product_tag-para","24":"product_tag-pavilion","25":"product_tag-pc42666","26":"product_tag-prebuilt-gaming-pc","27":"product_tag-ram","28":"product_tag-repuesto","29":"product_tag-rgb-gaming-pc","30":"product_tag-sobremesa","31":"product_tag-tg01072rcn","33":"first","34":"instock","35":"shipping-taxable","36":"product-type-external"},"_links":{"self":[{"href":"https:\/\/comprasyconsejos.store\/en\/wp-json\/wp\/v2\/product\/21284","targetHints":{"allow":["GET"]}}],"collection":[{"href":"https:\/\/comprasyconsejos.store\/en\/wp-json\/wp\/v2\/product"}],"about":[{"href":"https:\/\/comprasyconsejos.store\/en\/wp-json\/wp\/v2\/types\/product"}],"replies":[{"embeddable":true,"href":"https:\/\/comprasyconsejos.store\/en\/wp-json\/wp\/v2\/comments?post=21284"}],"version-history":[{"count":0,"href":"https:\/\/comprasyconsejos.store\/en\/wp-json\/wp\/v2\/product\/21284\/revisions"}],"wp:featuredmedia":[{"embeddable":true,"href":"https:\/\/comprasyconsejos.store\/en\/wp-json\/wp\/v2\/media\/21285"}],"wp:attachment":[{"href":"https:\/\/comprasyconsejos.store\/en\/wp-json\/wp\/v2\/media?parent=21284"}],"wp:term":[{"taxonomy":"product_brand","embeddable":true,"href":"https:\/\/comprasyconsejos.store\/en\/wp-json\/wp\/v2\/product_brand?post=21284"},{"taxonomy":"product_cat","embeddable":true,"href":"https:\/\/comprasyconsejos.store\/en\/wp-json\/wp\/v2\/product_cat?post=21284"},{"taxonomy":"product_tag","embeddable":true,"href":"https:\/\/comprasyconsejos.store\/en\/wp-json\/wp\/v2\/product_tag?post=21284"}],"curies":[{"name":"wp","href":"https:\/\/api.w.org\/{rel}","templated":true}]}}