{"id":21486,"date":"2026-02-18T14:31:11","date_gmt":"2026-02-18T14:31:11","guid":{"rendered":"https:\/\/comprasyconsejos.store\/product\/offtek-8gb-memoria-ram-de-repuesto-para-hp-compaq-pavilion-notebook-16-a0051wm-gaming-ddr4-25600-pc4-3200-memoria-para-portatil\/"},"modified":"2026-02-18T14:31:12","modified_gmt":"2026-02-18T14:31:12","slug":"offtek-8gb-memoria-ram-de-repuesto-para-hp-compaq-pavilion-notebook-16-a0051wm-gaming-ddr4-25600-pc4-3200-memoria-para-portatil","status":"publish","type":"product","link":"https:\/\/comprasyconsejos.store\/en\/product\/offtek-8gb-memoria-ram-de-repuesto-para-hp-compaq-pavilion-notebook-16-a0051wm-gaming-ddr4-25600-pc4-3200-memoria-para-portatil\/","title":{"rendered":"OFFTEK 8GB Memoria RAM de Repuesto para HP-Compaq Pavilion Notebook 16-a0051wm Gaming (DDR4-25600 (PC4-3200)) Memoria para port\u00e1til"},"content":{"rendered":"<p>Price: <span style=\"color:#b12704\">\u20ac85.91<\/span><br \/><i><small>(as of Feb 18, 2026 14:31:11 UTC &#8211; <span class=\"wp_automatic_amazon_disclaimer\" title=\"Product prices and availability are accurate as of the date\/time indicated and are subject to change. Any price and availability information displayed on [relevant Amazon Site(s), as applicable] at the time of purchase will apply to the purchase of this product.\">Details<\/span>)<\/small><\/i><\/p>\n<p><a href=\"https:\/\/amazon.es\/dp\/B0C547TFVK?tag=man008-21\"><img decoding=\"async\" src=\"https:\/\/valvepress.s3.amazonaws.com\/imgs\/buy_now.png\"><\/a><br \/>\n<br \/>\n<br \/>F\u00e1cil instalaci\u00f3n. La RAM es una de las formas m\u00e1s f\u00e1ciles de actualizar su m\u00e1quina. No se requiere actualizaci\u00f3n de software o sistema operativo. (Plug &#038; Play). Gu\u00edas de instalaci\u00f3n de OFFTEK.<br \/>Mejore el rendimiento general de la m\u00e1quina. Tiempos de puesta en marcha m\u00e1s r\u00e1pidos. Productividad incrementada. Aumento de la multitarea. Prolonga la vida de la m\u00e1quina.<br \/>Garant\u00eda limitada de por vida: aseg\u00farese de que su memoria dure toda la vida. Nuestra garant\u00eda limitada de por vida garantiza que si su memoria falla, la reemplazaremos o repararemos sin cargo siempre que siga fabricada.<br \/>La memoria OFFTEK se fabrica con componentes de primera calidad. Las pruebas a nivel de m\u00f3dulo garantizan una fiabilidad a largo plazo respaldada por m\u00e1s de 25 a\u00f1os de experiencia en memoria.<br \/>100% de compatibilidad: cada producto de memoria dise\u00f1ado espec\u00edficamente para su m\u00e1quina se prueba individualmente para garantizar el 100% de confiabilidad y compatibilidad con su computadora y sistema operativo.<\/p>\n\n","protected":false},"excerpt":{"rendered":"<p> F\u00e1cil instalaci\u00f3n. La RAM es una de las formas m\u00e1s f\u00e1ciles de actualizar su m\u00e1quina.<\/p>","protected":false},"featured_media":21487,"comment_status":"open","ping_status":"closed","template":"","meta":[],"product_brand":[],"product_cat":[77],"product_tag":[6184,1480,1481,622,1478,6185,1479,1484,617,1482,6103,1483,3992,1067,6101,3954,6104,6186,4217,587,1487,6102,1486],"class_list":{"0":"post-21486","1":"product","2":"type-product","3":"status-publish","4":"has-post-thumbnail","6":"product_cat-memory-ram","7":"product_tag-16a0051wm","8":"product_tag-16gb-ram","9":"product_tag-32gb-ram","10":"product_tag-8gb","11":"product_tag-ddr4-ram","12":"product_tag-ddr425600","13":"product_tag-ddr5-ram","14":"product_tag-desktop-ram","15":"product_tag-gaming","16":"product_tag-gaming-ram","17":"product_tag-hpcompaq","18":"product_tag-laptop-ram","19":"product_tag-memoria","20":"product_tag-notebook","21":"product_tag-offtek","22":"product_tag-para","23":"product_tag-pavilion","24":"product_tag-pc43200","25":"product_tag-portatil","26":"product_tag-ram","27":"product_tag-ram-price","28":"product_tag-repuesto","29":"product_tag-rgb-ram","31":"first","32":"instock","33":"shipping-taxable","34":"product-type-external"},"_links":{"self":[{"href":"https:\/\/comprasyconsejos.store\/en\/wp-json\/wp\/v2\/product\/21486","targetHints":{"allow":["GET"]}}],"collection":[{"href":"https:\/\/comprasyconsejos.store\/en\/wp-json\/wp\/v2\/product"}],"about":[{"href":"https:\/\/comprasyconsejos.store\/en\/wp-json\/wp\/v2\/types\/product"}],"replies":[{"embeddable":true,"href":"https:\/\/comprasyconsejos.store\/en\/wp-json\/wp\/v2\/comments?post=21486"}],"version-history":[{"count":0,"href":"https:\/\/comprasyconsejos.store\/en\/wp-json\/wp\/v2\/product\/21486\/revisions"}],"wp:featuredmedia":[{"embeddable":true,"href":"https:\/\/comprasyconsejos.store\/en\/wp-json\/wp\/v2\/media\/21487"}],"wp:attachment":[{"href":"https:\/\/comprasyconsejos.store\/en\/wp-json\/wp\/v2\/media?parent=21486"}],"wp:term":[{"taxonomy":"product_brand","embeddable":true,"href":"https:\/\/comprasyconsejos.store\/en\/wp-json\/wp\/v2\/product_brand?post=21486"},{"taxonomy":"product_cat","embeddable":true,"href":"https:\/\/comprasyconsejos.store\/en\/wp-json\/wp\/v2\/product_cat?post=21486"},{"taxonomy":"product_tag","embeddable":true,"href":"https:\/\/comprasyconsejos.store\/en\/wp-json\/wp\/v2\/product_tag?post=21486"}],"curies":[{"name":"wp","href":"https:\/\/api.w.org\/{rel}","templated":true}]}}