{"id":21500,"date":"2026-02-18T14:39:04","date_gmt":"2026-02-18T14:39:04","guid":{"rendered":"https:\/\/comprasyconsejos.store\/product\/adaptador-de-lector-de-tarjetas-multiple-usb-3-0-de-velocidad-rapida-para-dispositivos-de-telefono-para-lector-de-tarjetas-sdtf-ms-cfxd\/"},"modified":"2026-02-18T14:39:11","modified_gmt":"2026-02-18T14:39:11","slug":"adaptador-de-lector-de-tarjetas-multiple-usb-3-0-de-velocidad-rapida-para-dispositivos-de-telefono-para-lector-de-tarjetas-sdtf-ms-cfxd","status":"publish","type":"product","link":"https:\/\/comprasyconsejos.store\/en\/product\/adaptador-de-lector-de-tarjetas-multiple-usb-3-0-de-velocidad-rapida-para-dispositivos-de-telefono-para-lector-de-tarjetas-sdtf-ms-cfxd\/","title":{"rendered":"Adaptador de lector de tarjetas m\u00faltiple USB 3.0 de velocidad r\u00e1pida para dispositivos de tel\u00e9fono para lector de tarjetas SDTF MS CFXD"},"content":{"rendered":"<p>Price: <span style=\"color:#b12704\">\u20ac19.52<\/span><br \/><i><small>(as of Feb 18, 2026 14:39:04 UTC &#8211; <span class=\"wp_automatic_amazon_disclaimer\" title=\"Product prices and availability are accurate as of the date\/time indicated and are subject to change. Any price and availability information displayed on [relevant Amazon Site(s), as applicable] at the time of purchase will apply to the purchase of this product.\">Details<\/span>)<\/small><\/i><\/p>\n<p><a href=\"https:\/\/amazon.es\/dp\/B0FLXQF7ZV?tag=man008-21\"><img decoding=\"async\" src=\"https:\/\/valvepress.s3.amazonaws.com\/imgs\/buy_now.png\"><\/a><br \/>\n<br \/>\n<br \/>Este lector de tarjetas soporta m\u00faltiples tipos de tarjetas, incluyendo SDTF, MS, CFXD, asegurando la compatibilidad con una amplia gama de dispositivos y c\u00e1maras<br \/>De aluminio, este lector de tarjetas no solo ofrece una excelente disipaci\u00f3n del calor, sino que tambi\u00e9n garantiza un rendimiento prolongado, por lo que es accesorio para profesionales y aficionados por igual<br \/>Transferencia de datos con adaptador Memory Sticks, con puerto USB 3.0 para velocidades r\u00e1pidas de hasta 5 Gbps, para gestionar archivos grandes de manera eficiente<br \/>para fot\u00f3grafos, vide\u00f3grafos y entusiastas que requieren una gesti\u00f3n r\u00e1pida de datos<br \/>Ya sea en el estudio o de viaje, este lector de tarjetas port\u00e1til cabe f\u00e1cilmente en tu bolsillo, por lo que es una herramienta esencial para importaciones r\u00e1pidas de fotos y videos<\/p>\n\n","protected":false},"excerpt":{"rendered":"<p> Este lector de tarjetas soporta m\u00faltiples tipos de tarjetas, incluyendo SDTF, MS, CFXD, asegurando la<\/p>","protected":false},"featured_media":21501,"comment_status":"open","ping_status":"closed","template":"","meta":[],"product_brand":[],"product_cat":[47],"product_tag":[4152,1399,6190,5924,1411,1413,5321,1407,1409,1415,241,1416,3954,1417,5328,1405,3460,5322,4816,133,1403,4659],"class_list":{"0":"post-21500","1":"product","2":"type-product","3":"status-publish","4":"has-post-thumbnail","6":"product_cat-card-readers","7":"product_tag-adaptador","8":"product_tag-card-reader","9":"product_tag-cfxd","10":"product_tag-dispositivos","11":"product_tag-fast-card-reader","12":"product_tag-laptop-card-reader","13":"product_tag-lector","14":"product_tag-memory-card-reader","15":"product_tag-micro-sd-card-reader","16":"product_tag-multi-card-reader","17":"product_tag-multiple","18":"product_tag-otg-card-reader","19":"product_tag-para","20":"product_tag-portable-card-reader","21":"product_tag-rapida","22":"product_tag-sd-card-reader","23":"product_tag-sdtf","24":"product_tag-tarjetas","25":"product_tag-telefono","26":"product_tag-usb","27":"product_tag-usb-card-reader","28":"product_tag-velocidad","30":"first","31":"instock","32":"shipping-taxable","33":"product-type-external"},"_links":{"self":[{"href":"https:\/\/comprasyconsejos.store\/en\/wp-json\/wp\/v2\/product\/21500","targetHints":{"allow":["GET"]}}],"collection":[{"href":"https:\/\/comprasyconsejos.store\/en\/wp-json\/wp\/v2\/product"}],"about":[{"href":"https:\/\/comprasyconsejos.store\/en\/wp-json\/wp\/v2\/types\/product"}],"replies":[{"embeddable":true,"href":"https:\/\/comprasyconsejos.store\/en\/wp-json\/wp\/v2\/comments?post=21500"}],"version-history":[{"count":0,"href":"https:\/\/comprasyconsejos.store\/en\/wp-json\/wp\/v2\/product\/21500\/revisions"}],"wp:featuredmedia":[{"embeddable":true,"href":"https:\/\/comprasyconsejos.store\/en\/wp-json\/wp\/v2\/media\/21501"}],"wp:attachment":[{"href":"https:\/\/comprasyconsejos.store\/en\/wp-json\/wp\/v2\/media?parent=21500"}],"wp:term":[{"taxonomy":"product_brand","embeddable":true,"href":"https:\/\/comprasyconsejos.store\/en\/wp-json\/wp\/v2\/product_brand?post=21500"},{"taxonomy":"product_cat","embeddable":true,"href":"https:\/\/comprasyconsejos.store\/en\/wp-json\/wp\/v2\/product_cat?post=21500"},{"taxonomy":"product_tag","embeddable":true,"href":"https:\/\/comprasyconsejos.store\/en\/wp-json\/wp\/v2\/product_tag?post=21500"}],"curies":[{"name":"wp","href":"https:\/\/api.w.org\/{rel}","templated":true}]}}