{"id":22146,"date":"2026-02-18T17:11:47","date_gmt":"2026-02-18T17:11:47","guid":{"rendered":"https:\/\/comprasyconsejos.store\/product\/thomson-ai-mini-pc-w3-%d0%b0-d-ryzen-7-260-8c-16t-fine-to-5-1-ghz-32gb-ddr5-5600mhz-512gb-ssd-m-2-mini-computer-desktop-wifi-6e-w-11pro-%d0%b0-d-radeo-780m-triplo-schermo-usb4-hdmi2-1-dp-t\/"},"modified":"2026-02-18T17:11:55","modified_gmt":"2026-02-18T17:11:55","slug":"thomson-ai-mini-pc-w3-%d0%b0-d-ryzen-7-260-8c-16t-fine-to-5-1-ghz-32gb-ddr5-5600mhz-512gb-ssd-m-2-mini-computer-desktop-wifi-6e-w-11pro-%d0%b0-d-radeo-780m-triplo-schermo-usb4-hdmi2-1-dp-t","status":"publish","type":"product","link":"https:\/\/comprasyconsejos.store\/en\/product\/thomson-ai-mini-pc-w3-%d0%b0-d-ryzen-7-260-8c-16t-fine-to-5-1-ghz-32gb-ddr5-5600mhz-512gb-ssd-m-2-mini-computer-desktop-wifi-6e-w-11pro-%d0%b0-d-radeo-780m-triplo-schermo-usb4-hdmi2-1-dp-t\/","title":{"rendered":"THOMSON AI Mini PC W3, \u0410 D Ryzen 7 260 (8C\/16T, Fine to 5.1 GHz), 32GB DDR5 5600MHz 512GB SSD M.2 Mini Computer Desktop WiFi 6E, W-11Pro, \u0410 D Radeo 780M, Triplo Schermo, USB4, HDMI2.1, DP, TDP 54W"},"content":{"rendered":"<p>Price: <span style=\"color:#b12704\">\u20ac599.99<\/span><br \/><i><small>(as of Feb 18, 2026 17:11:48 UTC &#8211; <span class=\"wp_automatic_amazon_disclaimer\" title=\"Product prices and availability are accurate as of the date\/time indicated and are subject to change. Any price and availability information displayed on [relevant Amazon Site(s), as applicable] at the time of purchase will apply to the purchase of this product.\">Details<\/span>)<\/small><\/i><\/p>\n<p><a href=\"https:\/\/amazon.es\/dp\/B0GGP5TGTB?tag=man008-21\"><img decoding=\"async\" src=\"https:\/\/valvepress.s3.amazonaws.com\/imgs\/buy_now.png\"><\/a><br \/>\n<br \/>\n<br \/>\u3010Ryzen 7 260 processore with AI engine\u3011THOMSON W3 \u00e8 dotato di un processore \u0410\u043cD Ryzen 7 260 basato sull&#8217;architettura \u00abZen 4\u00bb advanced (8 core\/16 thread, 16 MB di cache L3, boost fino a 5.1 GHz). Dotato del motore AI \u0410 D Ryzen, raggiunge una tripla integrazione di potenza di calcolo CPU+GPU+NPU (fine to 38 TOPS). Rispetto ai tradizionali Mini PC, il W3 offre prestazioni di elaborazione AI superiori ed efficienza energetica, sia che si tratti di analisi dei dati, rendering 3D o sviluppo di programmazione intelligente, gli utenti possono sperimentare la solida produttivit\u00e0 conssentita dalla synergy a Triple Chip<br \/>\u30108K Ultra HD e scheda graffia \u00c1 Radeon 780M\u3011Il mini PC K3 \u00e8 dotato di una GPU \u00c1 Radeon 780M (RDNA architettura 3, 12 core\/768 stream processor, fine frequency at 2700 MHz), che offre prestazioni superiori del 21%. Rispetto alla precedent Radeon 680M and rivaleggia with the discrete entry-level graphic schede Gestisce senza problemi la maggior parte dei giochi tradizionali e supporta l&#8217;uscita a triplo schermo (USB4 Type-C + HDMI 2.1 + DP 2.0), con doppie interfacce che consentono un visualizzazione ultra-nitida a 8K at 60 Hz. Offrendo esperienze visive eccezionali e un funzionamento senza interruzioni, \u00e8 la scelta ideale per una produttivit\u00e0 efficiente un intrattenimento di alta qualit\u00e0.<br \/>\u301032GB DDR5 5600MHz + 1TB SSD\u3011Il W3 Mini PC \u00e8 dotato di RAM DDR5 5600 MHz dual-channel da 32GB (16GB*2) (espandibile fino a 96GB), guaranteendo prestazioni multitasking senza interruzioni. L&#8217;SSD M.2 NVMe PCIe 4.0 x4 gives 1 TB (espandibile fino a 4 TB) offre un enormous space di archiviazione con eccezionali velocit\u00e0 di lettura\/scrittura, riducendo significantly i tempi di avvio del sistema, i tempi di caricamento dei giochi e i ritardi nel trasferimento dei file per una Maggiore efficienza.<br \/>\u3010High speed connectivity: WiFi 6E and Bluetooth 5.2\u3011Il WiFi 6E supports the triple band (2.4 GHz\/5 GHz\/6 GHz), offering gigabit speed with an eccezional stability. With canali estesi, il WiFi 6E offre velocit\u00e0 quasi 1,5 volte superior to Wi-Fi 6 e riduce la latenza fino to 75% utilizzando uno spettro 6E dedicato, garantendo prestazioni senza interruzioni per applicazioni in tempo reale come videoconferenze e giochi. Il Bluetooth 5.2 offre un copertura estesa e un trasferimento dati pi\u00f9 veloce, consentendo connessioni senza sforzo con pi\u00f9 dispositivi, inclusi tastiere e mouse wireless, supportando il funzionamento simultaneo.<br \/>\u3010Porte complete, pi\u00f9 possibilit\u00e0\u3011Nonostante le dimensioni compatte, vanta una gamma completa di porte, tra cui 1 USB4 Type-C port (40 Gbps), 2 port USB 3.2 Gen2 Type-A (10 Gbps), 1 LAN port 2.5 GbE, 1 DP2.0, 4 port USB 3.2 Gen1 Type-A, 1 HDMI 2.1 port, 1 DC input and 1 audio jack gives 3.5 mm. Collega facilmente pi\u00f9 dispositivi esterni contemporaneamente, creating a highly efficient workstation or centre di intrattenimento.<br \/>\u3010Cosa ottieni\u3011Mini PC THOMSON W3, 1 EU adapter, 1 VESA support, 1 manual utente, 1 HDMI cavo. Offriamo 12 mesi di garanzia e un servizio clienti cordiale 24 ore su 24, 7 giorni su 7. Per qualsiasi domanda, non esitate a contattarci.<\/p>\n\n","protected":false},"excerpt":{"rendered":"<p> \u3010Ryzen 7 260 processore with AI engine\u3011THOMSON W3 \u00e8 dotato di un processore \u0410\u043cD Ryzen<\/p>","protected":false},"featured_media":22147,"comment_status":"open","ping_status":"closed","template":"","meta":[],"product_brand":[],"product_cat":[91],"product_tag":[902,536,6416,2574,6412,1058,803,801,805,539,623,787,800,6409,818,6415,1119,215,808,799,806,6411,807,531,6414,802,513,5075,6408,6413,798,6410,543,804],"class_list":{"0":"post-22146","1":"product","2":"type-product","3":"status-publish","4":"has-post-thumbnail","6":"product_cat-office-pcs","7":"product_tag-32gb","8":"product_tag-512gb","9":"product_tag-54w","10":"product_tag-5600mhz","11":"product_tag-780m","12":"product_tag-8c16t","13":"product_tag-budget-office-pc","14":"product_tag-business-desktop-pc","15":"product_tag-compact-desktop-pc","16":"product_tag-computer","17":"product_tag-ddr5","18":"product_tag-desktop","19":"product_tag-desktop-computer-for-office","20":"product_tag-fine","21":"product_tag-ghz","22":"product_tag-hdmi2-1","23":"product_tag-m-2","24":"product_tag-mini","25":"product_tag-office-computer-setup","26":"product_tag-office-pc","27":"product_tag-office-pc-ssd","28":"product_tag-radeo","29":"product_tag-reliable-office-pc","30":"product_tag-ryzen","31":"product_tag-schermo","32":"product_tag-small-office-pc","33":"product_tag-ssd","34":"product_tag-tdp","35":"product_tag-thomson","36":"product_tag-triplo","37":"product_tag-usb4","38":"product_tag-w11pro","39":"product_tag-wifi","40":"product_tag-windows-office-pc","42":"first","43":"instock","44":"shipping-taxable","45":"product-type-external"},"_links":{"self":[{"href":"https:\/\/comprasyconsejos.store\/en\/wp-json\/wp\/v2\/product\/22146","targetHints":{"allow":["GET"]}}],"collection":[{"href":"https:\/\/comprasyconsejos.store\/en\/wp-json\/wp\/v2\/product"}],"about":[{"href":"https:\/\/comprasyconsejos.store\/en\/wp-json\/wp\/v2\/types\/product"}],"replies":[{"embeddable":true,"href":"https:\/\/comprasyconsejos.store\/en\/wp-json\/wp\/v2\/comments?post=22146"}],"version-history":[{"count":0,"href":"https:\/\/comprasyconsejos.store\/en\/wp-json\/wp\/v2\/product\/22146\/revisions"}],"wp:featuredmedia":[{"embeddable":true,"href":"https:\/\/comprasyconsejos.store\/en\/wp-json\/wp\/v2\/media\/22147"}],"wp:attachment":[{"href":"https:\/\/comprasyconsejos.store\/en\/wp-json\/wp\/v2\/media?parent=22146"}],"wp:term":[{"taxonomy":"product_brand","embeddable":true,"href":"https:\/\/comprasyconsejos.store\/en\/wp-json\/wp\/v2\/product_brand?post=22146"},{"taxonomy":"product_cat","embeddable":true,"href":"https:\/\/comprasyconsejos.store\/en\/wp-json\/wp\/v2\/product_cat?post=22146"},{"taxonomy":"product_tag","embeddable":true,"href":"https:\/\/comprasyconsejos.store\/en\/wp-json\/wp\/v2\/product_tag?post=22146"}],"curies":[{"name":"wp","href":"https:\/\/api.w.org\/{rel}","templated":true}]}}