{"id":22481,"date":"2026-02-18T18:24:28","date_gmt":"2026-02-18T18:24:28","guid":{"rendered":"https:\/\/comprasyconsejos.store\/product\/android-16-tablet-13-4-octa-core-2-2ghz-fhd-1920x1200-120hz-display-24gb-ram-128gb-rom-2tb-tf-2-in-1-with-tablet-with-keyboard-and-pencil-4g-lte-wifi-5g-widevine-l1-8300mah-16mp\/"},"modified":"2026-02-18T18:24:39","modified_gmt":"2026-02-18T18:24:39","slug":"android-16-tablet-13-4-octa-core-2-2ghz-fhd-1920x1200-120hz-display-24gb-ram-128gb-rom-2tb-tf-2-in-1-with-tablet-with-keyboard-and-pencil-4g-lte-wifi-5g-widevine-l1-8300mah-16mp","status":"publish","type":"product","link":"https:\/\/comprasyconsejos.store\/en\/product\/android-16-tablet-13-4-octa-core-2-2ghz-fhd-1920x1200-120hz-display-24gb-ram-128gb-rom-2tb-tf-2-in-1-with-tablet-with-keyboard-and-pencil-4g-lte-wifi-5g-widevine-l1-8300mah-16mp\/","title":{"rendered":"Android 16 Tablet 13.4&#8243; Octa-Core 2.2GHz, FHD+ 1920\u00d71200 120Hz Display, 24GB RAM + 128GB ROM (2TB TF), 2 in 1 with Tablet with Keyboard and Pencil, 4G LTE + WiFi 5G, Widevine L1\/8300mAh\/16MP \u2013 PAD 200"},"content":{"rendered":"<p>Price: <span style=\"color:#b12704\"><del>\u20ac309.99<\/del> - \u20ac229.99<\/span><br \/><i><small>(as of Feb 18, 2026 18:24:28 UTC &#8211; <span class=\"wp_automatic_amazon_disclaimer\" title=\"Product prices and availability are accurate as of the date\/time indicated and are subject to change. Any price and availability information displayed on [relevant Amazon Site(s), as applicable] at the time of purchase will apply to the purchase of this product.\">Details<\/span>)<\/small><\/i><\/p>\n<p><a href=\"https:\/\/amazon.es\/dp\/B0G78TGLKH?tag=man008-21\"><img decoding=\"async\" src=\"https:\/\/valvepress.s3.amazonaws.com\/imgs\/buy_now.png\"><\/a><br \/>\n<br \/>\n<br \/>\u3010Latest Android 16 + DokeOS 5.0 + Doke AI 2.0\u3011 The Android 16 OSCAL Pad 200 tablet incorporates the latest Android 16 system along with the exclusive DokeOS 5.0, optimized to offer greater fluidity, security and stability. Combined with its use as a tablet with keyboard and pen, it integrates Doke AI 2.0 with native access to DeepSeek-R1, ChatGPT and Gemini, offering advanced AI features such as smart summaries, real-time translation and content creation, ideal for both work and study. A modern Android tablet, designed to meet new digital needs.<br \/>\u241e\u301013.4&#8243; 120Hz FHD+ + Widevine L1 Display\u3011 Enjoy a large 13.4-inch tablet with FHD+ 1920\u00d71200 resolution, 120Hz refresh and 240Hz touch sampling for a smooth and accurate visual experience. The T\u00dcV S\u00dcD certification for low blue light protects your eyes during long sessions. With Widevine L1, this tablet lets you watch Netflix, Prime Video and Disney+ in Full HD, accompanied by dual BOX speakers for immersive sound.<br \/>\u301024GB RAM + 128GB ROM + 2.2GHz Octa-Core Power\u3011 Equipped with 2.2GHz Octa-Core processor and 24GB RAM (physical 6GB + 18GB virtual), this android tablet delivers smooth performance even in intensive multitasking. Its 128GB of internal storage, expandable up to 2TB via TF card, allows you to store files, apps and multimedia content without worry. Ideal as a tablet for students and demanding users.<br \/>Tablet with keyboard and mouse and PC 3.0 mode: this tablet includes a complete accessory kit: keyboard, mouse, stylus pen, protective case, headphones, screen protector and more. With a 7.9mm ultra-thin design and only 750g in weight, it is easy to carry. PC Mode 3.0 transforms the tablet into a productive tool, perfect for study, remote work and everyday use.<br \/>\u30104G LTE + Connectivity &#038; 4 Year Warranty\u3011 Stay connected anywhere thanks to this SIM card tablet compatible with 4G LTE Dual SIM, WiFi and stable Bluetooth. This android tablet also integrates GPS navigation systems for precision on the go and outdoor use. In addition, it includes 4 years warranty (2 standard years + 2 additional years) and 24\/7 online professional support, offering a secure, reliable and long-lasting long-term experience.<\/p>\n\n","protected":false},"excerpt":{"rendered":"<p> \u3010Latest Android 16 + DokeOS 5.0 + Doke AI 2.0\u3011 The Android 16 OSCAL Pad<\/p>","protected":false},"featured_media":22482,"comment_status":"open","ping_status":"closed","template":"","meta":[],"product_brand":[],"product_cat":[93],"product_tag":[651,1634,700,6205,601,909,391,646,648,650,561,639,655,518,6527,1043,659,277,1178,587,913,647,157,652,653,649,654,916,543],"class_list":{"0":"post-22481","1":"product","2":"type-product","3":"status-publish","4":"has-post-thumbnail","6":"product_cat-android-tablets","7":"product_tag-10-inch-tablet","8":"product_tag-120hz","9":"product_tag-128gb","10":"product_tag-2-2ghz","11":"product_tag-24gb","12":"product_tag-2tb","13":"product_tag-android","14":"product_tag-android-tablet","15":"product_tag-best-android-tablet","16":"product_tag-budget-android-tablet","17":"product_tag-display","18":"product_tag-fhd","19":"product_tag-gaming-tablet","20":"product_tag-keyboard","21":"product_tag-l18300mah16mp","22":"product_tag-lte","23":"product_tag-octacore","24":"product_tag-pad","25":"product_tag-pencil","26":"product_tag-ram","27":"product_tag-rom","28":"product_tag-samsung-android-tablet","29":"product_tag-tablet","30":"product_tag-tablet-for-kids","31":"product_tag-tablet-for-study","32":"product_tag-tablet-with-sim","33":"product_tag-tablet-with-stylus","34":"product_tag-widevine","35":"product_tag-wifi","37":"first","38":"instock","39":"sale","40":"shipping-taxable","41":"product-type-external"},"_links":{"self":[{"href":"https:\/\/comprasyconsejos.store\/en\/wp-json\/wp\/v2\/product\/22481","targetHints":{"allow":["GET"]}}],"collection":[{"href":"https:\/\/comprasyconsejos.store\/en\/wp-json\/wp\/v2\/product"}],"about":[{"href":"https:\/\/comprasyconsejos.store\/en\/wp-json\/wp\/v2\/types\/product"}],"replies":[{"embeddable":true,"href":"https:\/\/comprasyconsejos.store\/en\/wp-json\/wp\/v2\/comments?post=22481"}],"version-history":[{"count":0,"href":"https:\/\/comprasyconsejos.store\/en\/wp-json\/wp\/v2\/product\/22481\/revisions"}],"wp:featuredmedia":[{"embeddable":true,"href":"https:\/\/comprasyconsejos.store\/en\/wp-json\/wp\/v2\/media\/22482"}],"wp:attachment":[{"href":"https:\/\/comprasyconsejos.store\/en\/wp-json\/wp\/v2\/media?parent=22481"}],"wp:term":[{"taxonomy":"product_brand","embeddable":true,"href":"https:\/\/comprasyconsejos.store\/en\/wp-json\/wp\/v2\/product_brand?post=22481"},{"taxonomy":"product_cat","embeddable":true,"href":"https:\/\/comprasyconsejos.store\/en\/wp-json\/wp\/v2\/product_cat?post=22481"},{"taxonomy":"product_tag","embeddable":true,"href":"https:\/\/comprasyconsejos.store\/en\/wp-json\/wp\/v2\/product_tag?post=22481"}],"curies":[{"name":"wp","href":"https:\/\/api.w.org\/{rel}","templated":true}]}}