{"id":22539,"date":"2026-02-18T18:40:03","date_gmt":"2026-02-18T18:40:03","guid":{"rendered":"https:\/\/comprasyconsejos.store\/product\/generico-reproductor-de-dvd-para-portatilunidades-de-disco-externas-portatilesgrabadora-cd-portatil-usb-c-3-0-con-ranura-para-tarjetas-sd-tf-y-3-puertos-usbcompatible-con-macwindows-y-linux\/"},"modified":"2026-02-18T18:40:12","modified_gmt":"2026-02-18T18:40:12","slug":"generico-reproductor-de-dvd-para-portatilunidades-de-disco-externas-portatilesgrabadora-cd-portatil-usb-c-3-0-con-ranura-para-tarjetas-sd-tf-y-3-puertos-usbcompatible-con-macwindows-y-linux","status":"publish","type":"product","link":"https:\/\/comprasyconsejos.store\/en\/product\/generico-reproductor-de-dvd-para-portatilunidades-de-disco-externas-portatilesgrabadora-cd-portatil-usb-c-3-0-con-ranura-para-tarjetas-sd-tf-y-3-puertos-usbcompatible-con-macwindows-y-linux\/","title":{"rendered":"Gen\u00e9rico Reproductor De DVD para Port\u00e1Til,Unidades De Disco Externas Port\u00e1Tiles,Grabadora CD Port\u00e1Til USB C 3.0 con Ranura para Tarjetas SD\/TF Y 3 Puertos USB,Compatible con Mac,Windows Y Linux"},"content":{"rendered":"<p>Price: <span style=\"color:#b12704\">\u20ac38.99<\/span><br \/><i><small>(as of Feb 18, 2026 18:40:03 UTC &#8211; <span class=\"wp_automatic_amazon_disclaimer\" title=\"Product prices and availability are accurate as of the date\/time indicated and are subject to change. Any price and availability information displayed on [relevant Amazon Site(s), as applicable] at the time of purchase will apply to the purchase of this product.\">Details<\/span>)<\/small><\/i><\/p>\n<p><a href=\"https:\/\/amazon.es\/dp\/B0GDFK3KPN?tag=man008-21\"><img decoding=\"async\" src=\"https:\/\/valvepress.s3.amazonaws.com\/imgs\/buy_now.png\"><\/a><br \/>\n<br \/>\n<br \/>Ideal para trabajadores de oficina y estudiantes que manejan datos en discos con frecuencia, as\u00ed como para creadores de contenido que desean producir sus propias compilaciones de m\u00fasica o v\u00eddeo.<br \/>Fabricada con ABS duradero, nuestra unidad de disco externa port\u00e1til es perfecta para quienes buscan compatibilidad y comodidad.<br \/>Esta unidad multifuncional ofrece una transferencia de datos de alta velocidad y estabilidad, gracias a su tecnolog\u00eda avanzada, lo que garantiza un acceso r\u00e1pido y fiable a sus archivos multimedia.<br \/>Mejora tu experiencia digital con nuestras unidades de disco externas, para todas tus necesidades de lectura y escritura de discos, con conectividad USB y Tipo C.<br \/>Ya sea que est\u00e9 en la oficina archivando documentos importantes, creando proyectos multimedia o necesite una unidad externa para su port\u00e1til mientras viaja, este dispositivo le ser\u00e1 de gran utilidad.<\/p>\n\n","protected":false},"excerpt":{"rendered":"<p> Ideal para trabajadores de oficina y estudiantes que manejan datos en discos con frecuencia, as\u00ed<\/p>","protected":false},"featured_media":22540,"comment_status":"open","ping_status":"closed","template":"","meta":[],"product_brand":[],"product_cat":[70],"product_tag":[2109,3994,2117,4300,2121,2119,2111,2105,2101,2113,6550,6547,2138,6554,3954,2107,4217,6551,6549,4828,6552,6548,3460,5322,133,2115,2103,6553],"class_list":{"0":"post-22539","1":"product","2":"type-product","3":"status-publish","4":"has-post-thumbnail","6":"product_cat-disc-drives","7":"product_tag-blu-ray-drive","8":"product_tag-con","9":"product_tag-disc-drive-for-laptop","10":"product_tag-disco","11":"product_tag-dvd","12":"product_tag-dvd-drive-price","13":"product_tag-dvd-writer","14":"product_tag-external-cd-drive","15":"product_tag-external-dvd-drive","16":"product_tag-external-optical-drive","17":"product_tag-externas","18":"product_tag-generico","19":"product_tag-linux","20":"product_tag-macwindows","21":"product_tag-para","22":"product_tag-portable-disc-drive","23":"product_tag-portatil","24":"product_tag-portatilesgrabadora","25":"product_tag-portatilunidades","26":"product_tag-puertos","27":"product_tag-ranura","28":"product_tag-reproductor","29":"product_tag-sdtf","30":"product_tag-tarjetas","31":"product_tag-usb","32":"product_tag-usb-cd-writer","33":"product_tag-usb-dvd-drive","34":"product_tag-usbcompatible","36":"first","37":"instock","38":"shipping-taxable","39":"product-type-external"},"_links":{"self":[{"href":"https:\/\/comprasyconsejos.store\/en\/wp-json\/wp\/v2\/product\/22539","targetHints":{"allow":["GET"]}}],"collection":[{"href":"https:\/\/comprasyconsejos.store\/en\/wp-json\/wp\/v2\/product"}],"about":[{"href":"https:\/\/comprasyconsejos.store\/en\/wp-json\/wp\/v2\/types\/product"}],"replies":[{"embeddable":true,"href":"https:\/\/comprasyconsejos.store\/en\/wp-json\/wp\/v2\/comments?post=22539"}],"version-history":[{"count":0,"href":"https:\/\/comprasyconsejos.store\/en\/wp-json\/wp\/v2\/product\/22539\/revisions"}],"wp:featuredmedia":[{"embeddable":true,"href":"https:\/\/comprasyconsejos.store\/en\/wp-json\/wp\/v2\/media\/22540"}],"wp:attachment":[{"href":"https:\/\/comprasyconsejos.store\/en\/wp-json\/wp\/v2\/media?parent=22539"}],"wp:term":[{"taxonomy":"product_brand","embeddable":true,"href":"https:\/\/comprasyconsejos.store\/en\/wp-json\/wp\/v2\/product_brand?post=22539"},{"taxonomy":"product_cat","embeddable":true,"href":"https:\/\/comprasyconsejos.store\/en\/wp-json\/wp\/v2\/product_cat?post=22539"},{"taxonomy":"product_tag","embeddable":true,"href":"https:\/\/comprasyconsejos.store\/en\/wp-json\/wp\/v2\/product_tag?post=22539"}],"curies":[{"name":"wp","href":"https:\/\/api.w.org\/{rel}","templated":true}]}}