{"id":22800,"date":"2026-02-18T19:43:07","date_gmt":"2026-02-18T19:43:07","guid":{"rendered":"https:\/\/comprasyconsejos.store\/product\/external-cd-dvd-drive-for-laptop-usb-3-0-and-type-c-optical-dvd-drive-rom-burner-rewriter-for-laptop-pc-mac-os-macbook-windowsxp-2003-win-7-8-8-1-10vistalinuxmac-10-os-system\/"},"modified":"2026-02-18T19:43:16","modified_gmt":"2026-02-18T19:43:16","slug":"external-cd-dvd-drive-for-laptop-usb-3-0-and-type-c-optical-dvd-drive-rom-burner-rewriter-for-laptop-pc-mac-os-macbook-windowsxp-2003-win-7-8-8-1-10vistalinuxmac-10-os-system","status":"publish","type":"product","link":"https:\/\/comprasyconsejos.store\/en\/product\/external-cd-dvd-drive-for-laptop-usb-3-0-and-type-c-optical-dvd-drive-rom-burner-rewriter-for-laptop-pc-mac-os-macbook-windowsxp-2003-win-7-8-8-1-10vistalinuxmac-10-os-system\/","title":{"rendered":"External CD DVD Drive for Laptop USB 3.0 and Type-C Optical DVD Drive ROM Burner Rewriter for Laptop PC Mac OS MacBook WindowsXP \/2003, Win 7\/8\/8.1\/10,Vista,Linux,Mac 10 OS System"},"content":{"rendered":"<p>Price: <span style=\"color:#b12704\">\u20ac27.75<\/span><br \/><i><small>(as of Feb 18, 2026 19:43:08 UTC &#8211; <span class=\"wp_automatic_amazon_disclaimer\" title=\"Product prices and availability are accurate as of the date\/time indicated and are subject to change. Any price and availability information displayed on [relevant Amazon Site(s), as applicable] at the time of purchase will apply to the purchase of this product.\">Details<\/span>)<\/small><\/i><\/p>\n<p><a href=\"https:\/\/amazon.es\/dp\/B0G5XG1G7Z?tag=man008-21\"><img decoding=\"async\" src=\"https:\/\/valvepress.s3.amazonaws.com\/imgs\/buy_now.png\"><\/a><br \/>\n<br \/>\n<br \/>Este reproductor de DVD de CD ultra delgado para port\u00e1til tiene un dise\u00f1o fresco y elegante, el cable de datos USB est\u00e1 integrado en la unidad \u00f3ptica externa, que es f\u00e1cil de usar y f\u00e1cil de transportar. Este reproductor de DVD USB externo es la mejor opci\u00f3n para el hogar, la oficina, los viajes y la donaci\u00f3n de regalos<br \/>2 en 1 USB &#038; Tipo-C: El cable de datos integrado de la unidad de CD\/DVD externa con interfaz USB y tipo C doble, facilita la conexi\u00f3n del reproductor de DVD externo en diferentes computadoras port\u00e1tiles y PC sin adaptadores. Y no se preocupe por perder cables de datos. Tambi\u00e9n hemos equipado deliberadamente un cable de alimentaci\u00f3n, por lo que algunas computadoras con una fuente de alimentaci\u00f3n insuficiente no tienen que preocuparse por no poder usarlo<br \/>Dado que la mayor\u00eda de los nuevos port\u00e1tiles y ordenadores de sobremesa ya no vienen con reproductores de CD \/ DVD integrados para leer\/escribir CD y DVD, el reproductor de CD externo Custom Catch es una excelente soluci\u00f3n. No se necesita ning\u00fan conductor adicional. El reproductor de DVD externo es ideal para escuchar m\u00fasica, ver pel\u00edculas, realizar copias de seguridad de datos o instalar sistemas.<br \/>Plug and Play reproductor de DVD externo para port\u00e1til No es necesario instalar el controlador, simplemente conecte la computadora, se reconocer\u00e1 autom\u00e1ticamente en segundos. Puede usar f\u00e1cilmente nuestro controlador de CD\/DVD para ver pel\u00edculas, grabar archivos, instalar software o crear un CD de copia de seguridad que cubra todas sus necesidades de grabaci\u00f3n y reproducci\u00f3n.<br \/>Compatibilidad universal: Este es un reproductor de CD\/DVD\/lector\/escritor\/reescritor\/grabador externo completo. Es compatible con CD \u00b1R \/ RW, CD-ROM, DVD \u00b1R \/ RW, DVD-ROM, DVD-RAM, VCD. Esta unidad de disco externa admite diferentes dispositivos como Macbook, iMac, computadora port\u00e1til, escritorio, PC y computadora port\u00e1til, etc. Es compatible con Windows 11\/10\/8\/7\/XP, Vista 7\/8, Linux, Mac OS 10.6 o superior.<\/p>\n\n","protected":false},"excerpt":{"rendered":"<p> Este reproductor de DVD de CD ultra delgado para port\u00e1til tiene un dise\u00f1o fresco y<\/p>","protected":false},"featured_media":22801,"comment_status":"open","ping_status":"closed","template":"","meta":[],"product_brand":[],"product_cat":[70],"product_tag":[6658,2109,2128,2117,795,2121,2119,2111,1476,2105,2101,2113,159,774,160,891,2107,2225,913,1578,381,133,2115,2103,586,6657],"class_list":{"0":"post-22800","1":"product","2":"type-product","3":"status-publish","4":"has-post-thumbnail","6":"product_cat-disc-drives","7":"product_tag-788-110vistalinuxmac","8":"product_tag-blu-ray-drive","9":"product_tag-burner","10":"product_tag-disc-drive-for-laptop","11":"product_tag-drive","12":"product_tag-dvd","13":"product_tag-dvd-drive-price","14":"product_tag-dvd-writer","15":"product_tag-external","16":"product_tag-external-cd-drive","17":"product_tag-external-dvd-drive","18":"product_tag-external-optical-drive","19":"product_tag-laptop","20":"product_tag-mac","21":"product_tag-macbook","22":"product_tag-optical","23":"product_tag-portable-disc-drive","24":"product_tag-rewriter","25":"product_tag-rom","26":"product_tag-system","27":"product_tag-typec","28":"product_tag-usb","29":"product_tag-usb-cd-writer","30":"product_tag-usb-dvd-drive","31":"product_tag-win","32":"product_tag-windowsxp","34":"first","35":"instock","36":"shipping-taxable","37":"product-type-external"},"_links":{"self":[{"href":"https:\/\/comprasyconsejos.store\/en\/wp-json\/wp\/v2\/product\/22800","targetHints":{"allow":["GET"]}}],"collection":[{"href":"https:\/\/comprasyconsejos.store\/en\/wp-json\/wp\/v2\/product"}],"about":[{"href":"https:\/\/comprasyconsejos.store\/en\/wp-json\/wp\/v2\/types\/product"}],"replies":[{"embeddable":true,"href":"https:\/\/comprasyconsejos.store\/en\/wp-json\/wp\/v2\/comments?post=22800"}],"version-history":[{"count":0,"href":"https:\/\/comprasyconsejos.store\/en\/wp-json\/wp\/v2\/product\/22800\/revisions"}],"wp:featuredmedia":[{"embeddable":true,"href":"https:\/\/comprasyconsejos.store\/en\/wp-json\/wp\/v2\/media\/22801"}],"wp:attachment":[{"href":"https:\/\/comprasyconsejos.store\/en\/wp-json\/wp\/v2\/media?parent=22800"}],"wp:term":[{"taxonomy":"product_brand","embeddable":true,"href":"https:\/\/comprasyconsejos.store\/en\/wp-json\/wp\/v2\/product_brand?post=22800"},{"taxonomy":"product_cat","embeddable":true,"href":"https:\/\/comprasyconsejos.store\/en\/wp-json\/wp\/v2\/product_cat?post=22800"},{"taxonomy":"product_tag","embeddable":true,"href":"https:\/\/comprasyconsejos.store\/en\/wp-json\/wp\/v2\/product_tag?post=22800"}],"curies":[{"name":"wp","href":"https:\/\/api.w.org\/{rel}","templated":true}]}}