{"id":22983,"date":"2026-02-18T20:22:00","date_gmt":"2026-02-18T20:22:00","guid":{"rendered":"https:\/\/comprasyconsejos.store\/product\/ukcoco-25-piezas-de-patas-antivibracion-para-carcasa-de-pc-amortiguacion-antideslizantes-y-compatibles-orificio-de-5-mm-soporte-estable-para-torre-de-computadora-en-entorno-gaming\/"},"modified":"2026-02-18T20:22:09","modified_gmt":"2026-02-18T20:22:09","slug":"ukcoco-25-piezas-de-patas-antivibracion-para-carcasa-de-pc-amortiguacion-antideslizantes-y-compatibles-orificio-de-5-mm-soporte-estable-para-torre-de-computadora-en-entorno-gaming","status":"publish","type":"product","link":"https:\/\/comprasyconsejos.store\/en\/product\/ukcoco-25-piezas-de-patas-antivibracion-para-carcasa-de-pc-amortiguacion-antideslizantes-y-compatibles-orificio-de-5-mm-soporte-estable-para-torre-de-computadora-en-entorno-gaming\/","title":{"rendered":"UKCOCO 25 Piezas de Patas Antivibraci\u00f3n para Carcasa de PC Amortiguaci\u00f3n, Antideslizantes y Compatibles Orificio de 5 Mm, Soporte Estable para Torre de Computadora en Entorno Gaming"},"content":{"rendered":"<p>Price: <span style=\"color:#b12704\">\u20ac8.19<\/span><br \/><i><small>(as of Feb 18, 2026 20:22:00 UTC &#8211; <span class=\"wp_automatic_amazon_disclaimer\" title=\"Product prices and availability are accurate as of the date\/time indicated and are subject to change. Any price and availability information displayed on [relevant Amazon Site(s), as applicable] at the time of purchase will apply to the purchase of this product.\">Details<\/span>)<\/small><\/i><\/p>\n<p><a href=\"https:\/\/amazon.es\/dp\/B0GL7NLBBD?tag=man008-21\"><img decoding=\"async\" src=\"https:\/\/valvepress.s3.amazonaws.com\/imgs\/buy_now.png\"><\/a><br \/>\n<br \/>\n<br \/>Estructura de soporte estable: el elevador de pies de la caja de la computadora proporciona un soporte fuerte, manteniendo estable la caja de su computadora de escritorio y evitando movimientos no deseados, incluso en superficies resbaladizas, pies de caja de computadora de escritorio para juegos, almohadillas para pies que absorben los golpes<br \/>Proceso de actualizaci\u00f3n simple: las patas de la caja inferior son f\u00e1ciles de instalar, lo que permite un ensamblaje r\u00e1pido para reforzar el reemplazo de las patas de la torre de su PC tanto en entornos dom\u00e9sticos como de oficina, protector de pie de caja, almohadillas para pies<br \/>Tecnolog\u00eda antideslizante segura: con almohadillas antideslizantes para la carcasa de la computadora y almohadillas para los pies de la pc, estos pies garantizan que los pies del chasis de su computadora se mantengan firmemente en su lugar incluso en \u00e1reas de mucho tr\u00e1fico, reemplazo de pies de carcasa de computadora de escritorio, alfombrillas para pies de electr\u00f3nica<br \/>Generaci\u00f3n de inserci\u00f3n r\u00e1pida: los pies de caja de PC con inserci\u00f3n y los pies de reemplazo de caja de PC est\u00e1n dise\u00f1ados para una f\u00e1cil instalaci\u00f3n, lo que permite a los usuarios actualizar los pies de la caja inferior con un m\u00ednimo de tiempo y esfuerzo, soporte para pies de computadora, almohadillas para pies de muebles<br \/>F\u00e1cil actualizaci\u00f3n: pies de carcasa de PC de escritorio de repuesto, puede extender de manera econ\u00f3mica la vida \u00fatil de m\u00faltiples dispositivos y evitar reemplazos frecuentes, lo que los convierte en una soluci\u00f3n ideal para pies de computadora, pies de chasis de computadora, pies de computadora port\u00e1til<\/p>\n\n","protected":false},"excerpt":{"rendered":"<p> Estructura de soporte estable: el elevador de pies de la caja de la computadora proporciona<\/p>","protected":false},"featured_media":22984,"comment_status":"open","ping_status":"closed","template":"","meta":[],"product_brand":[],"product_cat":[74],"product_tag":[1370,6736,6737,6734,1364,1371,6735,6738,4042,1367,6742,6740,617,1363,1365,1369,6739,3954,6733,1362,4203,1366,4824,1368,6741,6732],"class_list":{"0":"post-22983","1":"product","2":"type-product","3":"status-publish","4":"has-post-thumbnail","6":"product_cat-cases","7":"product_tag-airflow-pc-case","8":"product_tag-amortiguacion","9":"product_tag-antideslizantes","10":"product_tag-antivibracion","11":"product_tag-atx-case","12":"product_tag-best-pc-case","13":"product_tag-carcasa","14":"product_tag-compatibles","15":"product_tag-computadora","16":"product_tag-computer-cabinet","17":"product_tag-entorno","18":"product_tag-estable","19":"product_tag-gaming","20":"product_tag-gaming-pc-case","21":"product_tag-mid-tower-case","22":"product_tag-mini-itx-case","23":"product_tag-orificio","24":"product_tag-para","25":"product_tag-patas","26":"product_tag-pc-case","27":"product_tag-piezas","28":"product_tag-rgb-pc-case","29":"product_tag-soporte","30":"product_tag-tempered-glass-case","31":"product_tag-torre","32":"product_tag-ukcoco","34":"first","35":"instock","36":"shipping-taxable","37":"product-type-external"},"_links":{"self":[{"href":"https:\/\/comprasyconsejos.store\/en\/wp-json\/wp\/v2\/product\/22983","targetHints":{"allow":["GET"]}}],"collection":[{"href":"https:\/\/comprasyconsejos.store\/en\/wp-json\/wp\/v2\/product"}],"about":[{"href":"https:\/\/comprasyconsejos.store\/en\/wp-json\/wp\/v2\/types\/product"}],"replies":[{"embeddable":true,"href":"https:\/\/comprasyconsejos.store\/en\/wp-json\/wp\/v2\/comments?post=22983"}],"version-history":[{"count":0,"href":"https:\/\/comprasyconsejos.store\/en\/wp-json\/wp\/v2\/product\/22983\/revisions"}],"wp:featuredmedia":[{"embeddable":true,"href":"https:\/\/comprasyconsejos.store\/en\/wp-json\/wp\/v2\/media\/22984"}],"wp:attachment":[{"href":"https:\/\/comprasyconsejos.store\/en\/wp-json\/wp\/v2\/media?parent=22983"}],"wp:term":[{"taxonomy":"product_brand","embeddable":true,"href":"https:\/\/comprasyconsejos.store\/en\/wp-json\/wp\/v2\/product_brand?post=22983"},{"taxonomy":"product_cat","embeddable":true,"href":"https:\/\/comprasyconsejos.store\/en\/wp-json\/wp\/v2\/product_cat?post=22983"},{"taxonomy":"product_tag","embeddable":true,"href":"https:\/\/comprasyconsejos.store\/en\/wp-json\/wp\/v2\/product_tag?post=22983"}],"curies":[{"name":"wp","href":"https:\/\/api.w.org\/{rel}","templated":true}]}}