{"id":23577,"date":"2026-02-18T22:42:35","date_gmt":"2026-02-18T22:42:35","guid":{"rendered":"https:\/\/comprasyconsejos.store\/product\/hp-eliteone-800-g1-todo-ordenador-de-sobremesa-fhd-de-23-1920-x-1080-intel-core-i5-4570s-8-gb-ram-ssd-de-256-gb-teclado-qwerty-de-ee-uu-raton-usb-wifi-windows-11-pro-refurbished\/"},"modified":"2026-02-18T22:42:38","modified_gmt":"2026-02-18T22:42:38","slug":"hp-eliteone-800-g1-todo-ordenador-de-sobremesa-fhd-de-23-1920-x-1080-intel-core-i5-4570s-8-gb-ram-ssd-de-256-gb-teclado-qwerty-de-ee-uu-raton-usb-wifi-windows-11-pro-refurbished","status":"publish","type":"product","link":"https:\/\/comprasyconsejos.store\/en\/product\/hp-eliteone-800-g1-todo-ordenador-de-sobremesa-fhd-de-23-1920-x-1080-intel-core-i5-4570s-8-gb-ram-ssd-de-256-gb-teclado-qwerty-de-ee-uu-raton-usb-wifi-windows-11-pro-refurbished\/","title":{"rendered":"HP EliteOne 800 G1 todo &#8211; Ordenador de sobremesa, FHD de 23&#8243; (1920 x 1080), Intel Core i5-4570S, 8 GB RAM, SSD de 256 GB, teclado QWERTY de EE. UU., Rat\u00f3n, USB WiFi, Windows 11 Pro (Refurbished)"},"content":{"rendered":"<p>Price: <span style=\"color:#b12704\">\u20ac245.00<\/span><br \/><i><small>(as of Feb 18, 2026 22:42:35 UTC &#8211; <span class=\"wp_automatic_amazon_disclaimer\" title=\"Product prices and availability are accurate as of the date\/time indicated and are subject to change. Any price and availability information displayed on [relevant Amazon Site(s), as applicable] at the time of purchase will apply to the purchase of this product.\">Details<\/span>)<\/small><\/i><\/p>\n<p><a href=\"https:\/\/amazon.es\/dp\/B0GJCYNSG2?tag=man008-21\"><img decoding=\"async\" src=\"https:\/\/valvepress.s3.amazonaws.com\/imgs\/buy_now.png\"><\/a><br \/>\n<br \/>\n<br \/>\u3010Teclado flexible disponible\u3011 &#8211; El ordenador de sobremesa todo en uno HP EliteOne 800 G1 viene con un teclado original de EE. UU. Para satisfacer las diferentes preferencias de escritura, tambi\u00e9n ofrecemos una variedad de pegatinas de dise\u00f1o de teclado, incluidas las disposiciones AZERTY (franc\u00e9s), QWERTZ (alem\u00e1n), espa\u00f1ola e italiana, garantizando as\u00ed una experiencia c\u00f3moda y familiar para los usuarios.<br \/>\u30108 GB de RAM y 256 GB de SSD\u3011: este nuevo ordenador de sobremesa multifunci\u00f3n HP EliteOne 800 G1 con teclado y rat\u00f3n, cuenta con 8 GB de RAM y una SSD de 256 GB, lo que le permite utilizar varios navegadores y software al mismo tiempo con confianza. El potente disco duro le ofrece suficiente espacio para descargar archivos<br \/>\u3010Intel Core i5-4570S\u3011: este ordenador de sobremesa HP EliteOne est\u00e1 equipado con un procesador Intel Core i5-4570S estable que funciona hasta 2.9-3.6 GHz, con 4 n\u00facleos, 4 subprocesos y 6 MB de cach\u00e9. El HP todo en uno cumple con los requisitos de funcionamiento r\u00e1pido y estable de la mayor\u00eda de los programas.<br \/>\u3010M\u00faltiples puertos\u3011: Este ordenador de sobremesa HP reacondicionado tiene las siguientes caracter\u00edsticas t\u00e9cnicas: 6\u00d7USB3.0, DisplayPort, RJ-45, Combo headphone\/mic port, Power Connector con tecnolog\u00eda Multi-Stream. Los PC HP All One le permiten aprovechar al m\u00e1ximo los beneficios de la tecnolog\u00eda.<br \/>\u3010Seguridad avanzada de Windows 11 Pro\u3011 Este sobremesa reacondicionado equipado con Windows 11 Pro ofrece m\u00e1s funciones y opciones de seguridad para ayudar a los usuarios a proteger mejor la seguridad de sus datos personales y profesionales. Se inicia y reactiva r\u00e1pidamente, tiene m\u00e1s funciones de seguridad integradas para protegerlo y se puede administrar y configurar a trav\u00e9s de directivas de grupo, lo que facilita la gesti\u00f3n y el control centralizados para los usuarios empresariales. Es compatible con varios idiomas, incluidos ingl\u00e9s, franc\u00e9s, espa\u00f1ol, alem\u00e1n, etc.<br \/>\u3010USB WIFI\u3011: El producto viene con un USB WIFI + USB BT en una peque\u00f1a bolsa dentro del paquete. Por favor, retire el embalaje con cuidado ya que podr\u00eda tener fugas. Puede buscar una conexi\u00f3n a WIFI. Tenga en cuenta que si no puede encontrar la tarjeta de conexi\u00f3n wifi despu\u00e9s de recibir la mercanc\u00eda, p\u00f3ngase en contacto con nosotros inmediatamente<br \/>\u3010Caracter\u00edsticas del producto reacondicionado\u3011 Tenga en cuenta que el producto reacondicionado ha sido sometido a inspecci\u00f3n, pruebas y limpieza profesionales. Los accesorios pueden no ser originales, pero son compatibles y completamente funcionales. El producto ser\u00e1 entregado en una caja est\u00e1ndar con medidas antivibraci\u00f3n. No se entrega en su embalaje original.<\/p>\n\n","protected":false},"excerpt":{"rendered":"<p> \u3010Teclado flexible disponible\u3011 &#8211; El ordenador de sobremesa todo en uno HP EliteOne 800 G1<\/p>","protected":false},"featured_media":23578,"comment_status":"open","ping_status":"closed","template":"","meta":[],"product_brand":[],"product_cat":[89],"product_tag":[777,776,785,778,782,784,698,1020,639,783,6967,562,780,6108,163,858,587,4264,1052,779,6109,513,4021,5266,781,133,543,537],"class_list":{"0":"post-23577","1":"product","2":"type-product","3":"status-publish","4":"has-post-thumbnail","6":"product_cat-all-in-one-pcs","7":"product_tag-all-in-one-desktop","8":"product_tag-all-in-one-pc","9":"product_tag-all-in-one-pc-price","10":"product_tag-apple-imac","11":"product_tag-best-all-in-one-computer","12":"product_tag-compact-pc","13":"product_tag-core","14":"product_tag-eliteone","15":"product_tag-fhd","16":"product_tag-gaming-all-in-one-pc","17":"product_tag-i54570s","18":"product_tag-intel","19":"product_tag-office-all-in-one-pc","20":"product_tag-ordenador","21":"product_tag-pro","22":"product_tag-qwerty","23":"product_tag-ram","24":"product_tag-raton","25":"product_tag-refurbished","26":"product_tag-slim-all-in-one-pc","27":"product_tag-sobremesa","28":"product_tag-ssd","29":"product_tag-teclado","30":"product_tag-todo","31":"product_tag-touchscreen-all-in-one-pc","32":"product_tag-usb","33":"product_tag-wifi","34":"product_tag-windows","36":"first","37":"instock","38":"shipping-taxable","39":"product-type-external"},"_links":{"self":[{"href":"https:\/\/comprasyconsejos.store\/en\/wp-json\/wp\/v2\/product\/23577","targetHints":{"allow":["GET"]}}],"collection":[{"href":"https:\/\/comprasyconsejos.store\/en\/wp-json\/wp\/v2\/product"}],"about":[{"href":"https:\/\/comprasyconsejos.store\/en\/wp-json\/wp\/v2\/types\/product"}],"replies":[{"embeddable":true,"href":"https:\/\/comprasyconsejos.store\/en\/wp-json\/wp\/v2\/comments?post=23577"}],"version-history":[{"count":0,"href":"https:\/\/comprasyconsejos.store\/en\/wp-json\/wp\/v2\/product\/23577\/revisions"}],"wp:featuredmedia":[{"embeddable":true,"href":"https:\/\/comprasyconsejos.store\/en\/wp-json\/wp\/v2\/media\/23578"}],"wp:attachment":[{"href":"https:\/\/comprasyconsejos.store\/en\/wp-json\/wp\/v2\/media?parent=23577"}],"wp:term":[{"taxonomy":"product_brand","embeddable":true,"href":"https:\/\/comprasyconsejos.store\/en\/wp-json\/wp\/v2\/product_brand?post=23577"},{"taxonomy":"product_cat","embeddable":true,"href":"https:\/\/comprasyconsejos.store\/en\/wp-json\/wp\/v2\/product_cat?post=23577"},{"taxonomy":"product_tag","embeddable":true,"href":"https:\/\/comprasyconsejos.store\/en\/wp-json\/wp\/v2\/product_tag?post=23577"}],"curies":[{"name":"wp","href":"https:\/\/api.w.org\/{rel}","templated":true}]}}