{"id":23586,"date":"2026-02-18T22:57:14","date_gmt":"2026-02-18T22:57:14","guid":{"rendered":"https:\/\/comprasyconsejos.store\/product\/skytech-gaming-nebula-2-gaming-pc-intel-i5-14400f-2-5ghz-nvidia-rtx-5050-8gb-1tb-nvme-ssd-16gb-ddr5-ram-5200-650w-gold-psu-wi-fi-win-11-gaming-desktop\/"},"modified":"2026-02-18T22:57:15","modified_gmt":"2026-02-18T22:57:15","slug":"skytech-gaming-nebula-2-gaming-pc-intel-i5-14400f-2-5ghz-nvidia-rtx-5050-8gb-1tb-nvme-ssd-16gb-ddr5-ram-5200-650w-gold-psu-wi-fi-win-11-gaming-desktop","status":"publish","type":"product","link":"https:\/\/comprasyconsejos.store\/en\/product\/skytech-gaming-nebula-2-gaming-pc-intel-i5-14400f-2-5ghz-nvidia-rtx-5050-8gb-1tb-nvme-ssd-16gb-ddr5-ram-5200-650w-gold-psu-wi-fi-win-11-gaming-desktop\/","title":{"rendered":"Skytech Gaming Nebula 2 Gaming PC, Intel i5 14400F 2.5GHz, NVIDIA RTX 5050 8GB, 1TB NVMe SSD, 16GB DDR5 RAM 5200, 650W Gold PSU, Wi-Fi, Win 11, Gaming Desktop"},"content":{"rendered":"<p>Price: <span style=\"color:#b12704\">\u20ac2,549.41<\/span><br \/><i><small>(as of Feb 18, 2026 22:57:14 UTC &#8211; <span class=\"wp_automatic_amazon_disclaimer\" title=\"Product prices and availability are accurate as of the date\/time indicated and are subject to change. Any price and availability information displayed on [relevant Amazon Site(s), as applicable] at the time of purchase will apply to the purchase of this product.\">Details<\/span>)<\/small><\/i><\/p>\n<p><a href=\"https:\/\/amazon.es\/dp\/B0FM3MNKG5?tag=man008-21\"><img decoding=\"async\" src=\"https:\/\/valvepress.s3.amazonaws.com\/imgs\/buy_now.png\"><\/a><br \/>\n<br \/>\n<br \/>Procesador Intel Core i5 14400F de 2.5 GHz (4.7 GHz Turbo Boost) | SSD NVMe M.2 de 1 TB, hasta 30 veces m\u00e1s r\u00e1pido que el disco duro tradicional | Enfriador de aire de alto rendimiento<br \/>Tarjeta gr\u00e1fica NVIDIA GeForce RTX 5050 de 8 GB GDDR6 (la marca puede variar) | Memoria para juegos DDR5 RAM 5200 de 16 GB con disipador de calor | Windows 11 Home de 64 bits<br \/>802.11 AC | Sin Bloatware | Las opciones de salida gr\u00e1fica incluyen 1 HDMI y 1 puerto de pantalla prometido, los puertos adicionales pueden variar | Puertos USB incluyendo puertos 2.0, 3.0 y 3.2 Gen1 | Audio y micr\u00f3fono HD | Teclado y mouse para juegos gratis<br \/>Enfriador de aire de alto rendimiento: m\u00e1ximo flujo de aire y ventiladores ARGB | Skytech Nebula 2 Black Edition con malla frontal | 1 a\u00f1o de garant\u00eda en piezas y mano de obra | Soporte t\u00e9cnico gratuito | Montado en los Estados Unidos<br \/>Este potente PC para juegos es capaz de ejecutar todos tus juegos favoritos como Call of Duty, Fortnite, Escape from Tarkov, Grand Theft Auto V, Valorant, World of Warcraft, League of Legends, Apex Legends, PLAYERUNKNOWN&#8217;s Battlegrounds, Overwatch 2, Counter-Strike 2, Battlefield V, Minecraft, ELDEN RING Shadow of the Erdtree, Rocket Leam. ague, Baldur&#8217;s Gate 3, Dota 2, HELLDIVERS 2, Monster Hunter, Terraria, Rainbow Six Siege, Black Myth Wukong, Marvel Rivals, Stellar Blade, m\u00e1s en configuraciones Ultra, resoluci\u00f3n Full HD detallada de 1080p y juego suave de 60+ FPS.<\/p>\n\n","protected":false},"excerpt":{"rendered":"<p> Procesador Intel Core i5 14400F de 2.5 GHz (4.7 GHz Turbo Boost) | SSD NVMe<\/p>","protected":false},"featured_media":23587,"comment_status":"open","ping_status":"closed","template":"","meta":[],"product_brand":[],"product_cat":[90],"product_tag":[3797,509,602,6969,823,622,613,611,623,787,617,607,604,609,606,612,401,608,562,1100,821,822,605,824,587,610,621,816,513,543,586],"class_list":{"0":"post-23586","1":"product","2":"type-product","3":"status-publish","4":"has-post-thumbnail","6":"product_cat-gaming-pcs","7":"product_tag-14400f","8":"product_tag-16gb","9":"product_tag-1tb","10":"product_tag-2-5ghz","11":"product_tag-650w","12":"product_tag-8gb","13":"product_tag-best-gaming-pc","14":"product_tag-custom-gaming-pc","15":"product_tag-ddr5","16":"product_tag-desktop","17":"product_tag-gaming","18":"product_tag-gaming-desktop","19":"product_tag-gaming-pc","20":"product_tag-gaming-pc-16gb-ram","21":"product_tag-gaming-pc-rtx","22":"product_tag-gaming-pc-ssd","23":"product_tag-gold","24":"product_tag-high-end-gaming-pc","25":"product_tag-intel","26":"product_tag-nebula","27":"product_tag-nvidia","28":"product_tag-nvme","29":"product_tag-prebuilt-gaming-pc","30":"product_tag-psu","31":"product_tag-ram","32":"product_tag-rgb-gaming-pc","33":"product_tag-rtx","34":"product_tag-skytech","35":"product_tag-ssd","36":"product_tag-wifi","37":"product_tag-win","39":"first","40":"instock","41":"shipping-taxable","42":"product-type-external"},"_links":{"self":[{"href":"https:\/\/comprasyconsejos.store\/en\/wp-json\/wp\/v2\/product\/23586","targetHints":{"allow":["GET"]}}],"collection":[{"href":"https:\/\/comprasyconsejos.store\/en\/wp-json\/wp\/v2\/product"}],"about":[{"href":"https:\/\/comprasyconsejos.store\/en\/wp-json\/wp\/v2\/types\/product"}],"replies":[{"embeddable":true,"href":"https:\/\/comprasyconsejos.store\/en\/wp-json\/wp\/v2\/comments?post=23586"}],"version-history":[{"count":0,"href":"https:\/\/comprasyconsejos.store\/en\/wp-json\/wp\/v2\/product\/23586\/revisions"}],"wp:featuredmedia":[{"embeddable":true,"href":"https:\/\/comprasyconsejos.store\/en\/wp-json\/wp\/v2\/media\/23587"}],"wp:attachment":[{"href":"https:\/\/comprasyconsejos.store\/en\/wp-json\/wp\/v2\/media?parent=23586"}],"wp:term":[{"taxonomy":"product_brand","embeddable":true,"href":"https:\/\/comprasyconsejos.store\/en\/wp-json\/wp\/v2\/product_brand?post=23586"},{"taxonomy":"product_cat","embeddable":true,"href":"https:\/\/comprasyconsejos.store\/en\/wp-json\/wp\/v2\/product_cat?post=23586"},{"taxonomy":"product_tag","embeddable":true,"href":"https:\/\/comprasyconsejos.store\/en\/wp-json\/wp\/v2\/product_tag?post=23586"}],"curies":[{"name":"wp","href":"https:\/\/api.w.org\/{rel}","templated":true}]}}