{"id":23774,"date":"2026-02-19T01:04:41","date_gmt":"2026-02-19T01:04:41","guid":{"rendered":"https:\/\/comprasyconsejos.store\/product\/eleganz-armario-para-ordenador-con-cajon-de-madera-armario-de-almacenamiento-para-oficina-y-oficina-en-casa-35-x-45-x-77-cm-negro-ideal-para-oficinas-grandes\/"},"modified":"2026-02-19T01:04:44","modified_gmt":"2026-02-19T01:04:44","slug":"eleganz-armario-para-ordenador-con-cajon-de-madera-armario-de-almacenamiento-para-oficina-y-oficina-en-casa-35-x-45-x-77-cm-negro-ideal-para-oficinas-grandes","status":"publish","type":"product","link":"https:\/\/comprasyconsejos.store\/en\/product\/eleganz-armario-para-ordenador-con-cajon-de-madera-armario-de-almacenamiento-para-oficina-y-oficina-en-casa-35-x-45-x-77-cm-negro-ideal-para-oficinas-grandes\/","title":{"rendered":"Eleganz Armario para ordenador con caj\u00f3n de madera \u2013 Armario de almacenamiento para oficina y oficina en casa (35 x 45 x 77 cm, negro) \u2013 Ideal para oficinas grandes"},"content":{"rendered":"<p>Price: <span style=\"color:#b12704\">\u20ac81.37<\/span><br \/><i><small>(as of Feb 19, 2026 01:04:41 UTC &#8211; <span class=\"wp_automatic_amazon_disclaimer\" title=\"Product prices and availability are accurate as of the date\/time indicated and are subject to change. Any price and availability information displayed on [relevant Amazon Site(s), as applicable] at the time of purchase will apply to the purchase of this product.\">Details<\/span>)<\/small><\/i><\/p>\n<p><a href=\"https:\/\/amazon.es\/dp\/B0GC4MK4KP?tag=man008-21\"><img decoding=\"async\" src=\"https:\/\/valvepress.s3.amazonaws.com\/imgs\/buy_now.png\"><\/a><br \/>\n<br \/>\n<br \/>El armario para ordenador con caj\u00f3n est\u00e1 hecho de material de madera resistente, un material duradero y ecol\u00f3gico con una superficie lisa que es resistente a la humedad, la deformaci\u00f3n y las grietas. Ideal para uso permanente en oficinas o oficinas en casa.<br \/>Con unas dimensiones de 35 x 45 x 77 cm, este armario para PC ahorra espacio ofrece un espacio de almacenamiento \u00f3ptimo: un compartimento abierto (63 cm de alto) para la carcasa del ordenador, un estante para documentos y un caj\u00f3n (capacidad de carga de 5 kg) para piezas peque\u00f1as, perfecto para trabajar organizado en oficinas peque\u00f1as.<br \/>El negro moderno y las l\u00edneas limpias hacen de este armario para ordenador un mueble elegante para las tendencias de la vida 2025. Se puede combinar con cualquier escritorio, ya sea como una elegante mesa auxiliar o un espacio de almacenamiento funcional para accesorios t\u00e9cnicos.<br \/>F\u00e1cil de montar con instrucciones claras (idioma espa\u00f1ol no garantizado). La superficie lisa se puede limpiar f\u00e1cilmente con un pa\u00f1o h\u00famedo. Consejo: utiliza el soporte de pared incluido para una m\u00e1xima protecci\u00f3n antivuelco (carga total de 60 kg).<br \/>Regalo pr\u00e1ctico para principiantes. Empaquetado de forma segura y listo para usar. La construcci\u00f3n estable (material de madera) garantiza un uso prolongado como un ayudante fiable en el lugar de trabajo.<\/p>\n\n","protected":false},"excerpt":{"rendered":"<p> El armario para ordenador con caj\u00f3n est\u00e1 hecho de material de madera resistente, un material<\/p>","protected":false},"featured_media":23775,"comment_status":"open","ping_status":"closed","template":"","meta":[],"product_brand":[],"product_cat":[74],"product_tag":[1370,4304,7045,1364,1371,7046,7049,1367,3994,7044,1363,7051,1093,7047,1365,1369,3998,7048,7050,6108,3954,1362,1366,1368],"class_list":{"0":"post-23774","1":"product","2":"type-product","3":"status-publish","4":"has-post-thumbnail","6":"product_cat-cases","7":"product_tag-airflow-pc-case","8":"product_tag-almacenamiento","9":"product_tag-armario","10":"product_tag-atx-case","11":"product_tag-best-pc-case","12":"product_tag-cajon","13":"product_tag-casa","14":"product_tag-computer-cabinet","15":"product_tag-con","16":"product_tag-eleganz","17":"product_tag-gaming-pc-case","18":"product_tag-grandes","19":"product_tag-ideal","20":"product_tag-madera","21":"product_tag-mid-tower-case","22":"product_tag-mini-itx-case","23":"product_tag-negro","24":"product_tag-oficina","25":"product_tag-oficinas","26":"product_tag-ordenador","27":"product_tag-para","28":"product_tag-pc-case","29":"product_tag-rgb-pc-case","30":"product_tag-tempered-glass-case","32":"first","33":"instock","34":"shipping-taxable","35":"product-type-external"},"_links":{"self":[{"href":"https:\/\/comprasyconsejos.store\/en\/wp-json\/wp\/v2\/product\/23774","targetHints":{"allow":["GET"]}}],"collection":[{"href":"https:\/\/comprasyconsejos.store\/en\/wp-json\/wp\/v2\/product"}],"about":[{"href":"https:\/\/comprasyconsejos.store\/en\/wp-json\/wp\/v2\/types\/product"}],"replies":[{"embeddable":true,"href":"https:\/\/comprasyconsejos.store\/en\/wp-json\/wp\/v2\/comments?post=23774"}],"version-history":[{"count":0,"href":"https:\/\/comprasyconsejos.store\/en\/wp-json\/wp\/v2\/product\/23774\/revisions"}],"wp:featuredmedia":[{"embeddable":true,"href":"https:\/\/comprasyconsejos.store\/en\/wp-json\/wp\/v2\/media\/23775"}],"wp:attachment":[{"href":"https:\/\/comprasyconsejos.store\/en\/wp-json\/wp\/v2\/media?parent=23774"}],"wp:term":[{"taxonomy":"product_brand","embeddable":true,"href":"https:\/\/comprasyconsejos.store\/en\/wp-json\/wp\/v2\/product_brand?post=23774"},{"taxonomy":"product_cat","embeddable":true,"href":"https:\/\/comprasyconsejos.store\/en\/wp-json\/wp\/v2\/product_cat?post=23774"},{"taxonomy":"product_tag","embeddable":true,"href":"https:\/\/comprasyconsejos.store\/en\/wp-json\/wp\/v2\/product_tag?post=23774"}],"curies":[{"name":"wp","href":"https:\/\/api.w.org\/{rel}","templated":true}]}}