{"id":23861,"date":"2026-02-19T02:11:29","date_gmt":"2026-02-19T02:11:29","guid":{"rendered":"https:\/\/comprasyconsejos.store\/product\/eoocoo-ultra-thin-case-compatible-with-macbook-air-13-inch-m4-m3-m2-2025-2024-2022-hard-shell-for-mac-book-air-13-6-inch-case-a3240-a3113-a2681-midnight-blue-matte-cover-mac-midnight\/"},"modified":"2026-02-19T02:11:32","modified_gmt":"2026-02-19T02:11:32","slug":"eoocoo-ultra-thin-case-compatible-with-macbook-air-13-inch-m4-m3-m2-2025-2024-2022-hard-shell-for-mac-book-air-13-6-inch-case-a3240-a3113-a2681-midnight-blue-matte-cover-mac-midnight","status":"publish","type":"product","link":"https:\/\/comprasyconsejos.store\/en\/product\/eoocoo-ultra-thin-case-compatible-with-macbook-air-13-inch-m4-m3-m2-2025-2024-2022-hard-shell-for-mac-book-air-13-6-inch-case-a3240-a3113-a2681-midnight-blue-matte-cover-mac-midnight\/","title":{"rendered":"EooCoo Ultra Thin Case Compatible with MacBook Air 13 Inch M4 M3 M2 2025 2024 2022 Hard Shell for Mac Book Air 13.6 inch Case A3240 A3113 A2681 &#8211; Midnight Blue Matte Cover [Mac Midnight]"},"content":{"rendered":"<p>Price: <span style=\"color:#b12704\">\u20ac19.99<\/span><br \/><i><small>(as of Feb 19, 2026 02:11:29 UTC &#8211; <span class=\"wp_automatic_amazon_disclaimer\" title=\"Product prices and availability are accurate as of the date\/time indicated and are subject to change. Any price and availability information displayed on [relevant Amazon Site(s), as applicable] at the time of purchase will apply to the purchase of this product.\">Details<\/span>)<\/small><\/i><\/p>\n<p><a href=\"https:\/\/amazon.es\/dp\/B0CY1XS6H1?tag=man008-21\"><img decoding=\"async\" src=\"https:\/\/valvepress.s3.amazonaws.com\/imgs\/buy_now.png\"><\/a><br \/>\n<\/p>\n<p>                                             Product Description   <\/p>\n<p>The video showcases the product in use.The video guides you through product setup.The video compares multiple products.The video shows the product being unpacked. Funda MacBook Air 13 M4 M3 M2 A3240 A3113 A2681 Merchant video<\/p>\n<p>                                                                                                       <img decoding=\"async\" alt=\"Elegante port\u00e1til con teclado iluminado. El texto indica la compatibilidad con el modelo A3240 A3113 A2681. El fondo oscuro resalta el perfil delgado del dispositivo\" src=\"https:\/\/images-na.ssl-images-amazon.com\/images\/G\/01\/x-locale\/common\/grey-pixel.gif\" class=\"a-lazy-loaded\" data-src=\"https:\/\/m.media-amazon.com\/images\/S\/aplus-media-library-service-media\/2c753362-f088-4391-be29-7397c653cd2b.__CR0,0,1464,600_PT0_SX1464_V1___.jpg\"><img decoding=\"async\" alt=\"Elegante port\u00e1til con teclado iluminado. El texto indica la compatibilidad con el modelo A3240 A3113 A2681. El fondo oscuro resalta el perfil delgado del dispositivo\" src=\"https:\/\/m.media-amazon.com\/images\/S\/aplus-media-library-service-media\/2c753362-f088-4391-be29-7397c653cd2b.__CR0,0,1464,600_PT0_SX1464_V1___.jpg\">                                               <\/p>\n<p>                                                                                                                  <img decoding=\"async\" alt=\"Elegante port\u00e1til en color azul oscuro, que se muestra desde un \u00e1ngulo lateral. El texto destaca las siguientes caracter\u00edsticas: \u00abSin Bordes\u00bb, \u00abUltra Ligero\u00bb y \u00abBater\u00eda larga\u00bb.\" src=\"https:\/\/m.media-amazon.com\/images\/S\/aplus-media-library-service-media\/698e7e0d-baec-497d-8539-2f75240ffd68.__CR0,0,1464,600_PT0_SX1464_V1___.jpg\">                                                    <img decoding=\"async\" alt=\"Primer plano de dos dispositivos electr\u00f3nicos ultrafinos, posiblemente tel\u00e9fonos inteligentes o tabletas. El texto destaca la funci\u00f3n \u00abArmadura ultrafina\u00bb (marco ultrafino).\" src=\"https:\/\/m.media-amazon.com\/images\/S\/aplus-media-library-service-media\/455442e5-5f87-4ea5-a81d-1a8768c9f74f.__CR0,0,1464,600_PT0_SX1464_V1___.jpg\">                                                    <img decoding=\"async\" alt=\"Primer plano de un elegante port\u00e1til de color oscuro con teclado iluminado. El texto en espa\u00f1ol menciona\" src=\"https:\/\/m.media-amazon.com\/images\/S\/aplus-media-library-service-media\/f937ad22-b358-432b-a30d-f726770cc677.__CR0,0,1464,600_PT0_SX1464_V1___.jpg\">                                                    <img decoding=\"async\" alt=\"elegante con un dise\u00f1o de cobertura total, que se muestra desde varios \u00e1ngulos. Color azul oscuro o gris, perfil delgado, con el logotipo de la marca visible en la tapa.\" src=\"https:\/\/m.media-amazon.com\/images\/S\/aplus-media-library-service-media\/6d34be1e-cd41-4df8-9918-7797d8985b8e.__CR0,0,1464,600_PT0_SX1464_V1___.jpg\"><br \/>\n                            1 mantener la belleza <\/p>\n<p>                            2 Ultrafina <\/p>\n<p>                            3 Corte preciso <\/p>\n<p>                            4 Protecci\u00f3n integral <\/p>\n<p>                                                                                                       <img decoding=\"async\" alt=\"Imagen de tres paneles que muestra un port\u00e1til azul oscuro en diferentes entornos: en el regazo de una persona, en un escritorio y en una silla\" src=\"https:\/\/images-na.ssl-images-amazon.com\/images\/G\/01\/x-locale\/common\/grey-pixel.gif\" class=\"a-lazy-loaded\" data-src=\"https:\/\/m.media-amazon.com\/images\/S\/aplus-media-library-service-media\/992fba18-e6a7-45db-ae54-615763082491.__CR0,0,1464,600_PT0_SX1464_V1___.jpg\"><img decoding=\"async\" alt=\"Imagen de tres paneles que muestra un port\u00e1til azul oscuro en diferentes entornos: en el regazo de una persona, en un escritorio y en una silla\" src=\"https:\/\/m.media-amazon.com\/images\/S\/aplus-media-library-service-media\/992fba18-e6a7-45db-ae54-615763082491.__CR0,0,1464,600_PT0_SX1464_V1___.jpg\">                                               <\/p>\n<h3 class=\"a-text-center aplus-h1 a-text-bold\"> M\u00e1s opciones para MacBook Air 13 M4 A3240 \/ M3 A3113 \/ M2 A2681 (2022-2025) <\/h3>\n<p>                         Add To Basket  <\/p>\n<p>                         Add To Basket  <\/p>\n<p>                         Add To Basket  <\/p>\n<p>                         Add To Basket  <\/p>\n<p>                         Add To Basket  <\/p>\n<p>                         Add To Basket  <\/p>\n<p>                         Add To Basket  <\/p>\n<p>                                     Price  <\/p>\n<p>                                                        \u20ac9.98\u20ac9.98     <\/p>\n<p>                                                        \u20ac20.89\u20ac20.89     <\/p>\n<p>                                                        \u20ac10.18\u20ac10.18     <\/p>\n<p>                                                        \u20ac19.99\u20ac19.99     <\/p>\n<p>                                                        \u20ac15.98\u20ac15.98     <\/p>\n<p>                                                        \u20ac19.99\u20ac19.99     <\/p>\n<p>                                                        \u20ac11.98\u20ac11.98     <\/p>\n<p>                                     Modelo  <\/p>\n<p>                                                A2681 A3113 A3240 A2941 A2442    <\/p>\n<p>                                                A2681 A3113 A3240    <\/p>\n<p>                                                A2681 A3113 A3240    <\/p>\n<p>                                                A2681 A3113 A3240    <\/p>\n<p>                                                A2681 A3113 A3240    <\/p>\n<p>                                                A2681 A3113 A3240    <\/p>\n<p>                                                A2681 A3113 A3240    <\/p>\n<p>                                     Chip  <\/p>\n<p>                                                M2 \/ M3 \/ M4    <\/p>\n<p>                                                M2 \/ M3 \/ M4    <\/p>\n<p>                                                M2 \/ M3 \/ M4    <\/p>\n<p>                                                M2 \/ M3 \/ M4    <\/p>\n<p>                                                M2 \/ M3 \/ M4    <\/p>\n<p>                                                M2 \/ M3 \/ M4    <\/p>\n<p>                                                M2 \/ M3 \/ M4    <\/p>\n<p>                                     A\u00f1o de lanzamiento  <\/p>\n<p>                                                2022-2025    <\/p>\n<p>                                                2022 2024 2025    <\/p>\n<p>                                                2022 2024 2025    <\/p>\n<p>                                                2022 2024 2025    <\/p>\n<p>                                                2022 2024 2025    <\/p>\n<p>                                                2022 2024 2025    <\/p>\n<p>                                                2022 2024 2025    <\/p>\n<p>                                     Tama\u00f1o de pantalla  <\/p>\n<p>                                                \/    <\/p>\n<p>                                                13,6\u201c    <\/p>\n<p>                                                13,6\u201c    <\/p>\n<p>                                                13,6\u201c    <\/p>\n<p>                                                13,6\u201c    <\/p>\n<p>                                                13,6\u201c    <\/p>\n<p>                                                13,6\u201c    <\/p>\n<p>                                     Funda protectora?  <\/p>\n<p>                                                    \u2718      <\/p>\n<p>                                                    \u2714       <\/p>\n<p>                                                    \u2714       <\/p>\n<p>                                                    \u2714       <\/p>\n<p>                                                    \u2714       <\/p>\n<p>                                                    \u2714       <\/p>\n<p>                                                    \u2714       <\/p>\n<p> Package Dimensions                                            \u200f                                            :                                            \u200e                                            31.2 x 22 x 2.2 cm; 270 g   <br \/> Date First Available                                            \u200f                                            :                                            \u200e                                            14 Mar. 2024   <br \/> Manufacturer                                            \u200f                                            :                                            \u200e                                            EooCoo   <br \/> ASIN                                            \u200f                                            :                                            \u200e                                            B0CY1XS6H1   <br \/> Item model number                                            \u200f                                            :                                            \u200e                                            M4 A3240, M3 A3113, M2 A2681   <br \/> Country of origin                                            \u200f                                            :                                            \u200e                                            China   <br \/>       Best Sellers Rank:  2,406 in Climate Pledge Friendly (See Top 100 in Climate Pledge Friendly)    11 in Laptop Hard Shell Cases   2,406 in Climate Pledge Friendly: Shop all      <br \/>  Customer reviews:                                                                                            4.4               4.4 out of 5 stars                                  (1,593)                                              var dpAcrHasRegisteredArcLinkClickAction;                    P.when(&#8216;A&#8217;, &#8216;ready&#8217;).execute(function(A) {                        if (dpAcrHasRegisteredArcLinkClickAction !== true) {                            dpAcrHasRegisteredArcLinkClickAction = true;                            A.declarative(                                &#8216;acrLink-click-metrics&#8217;, &#8216;click&#8217;,                                { \u00aballowLinkDefault\u00bb: true },                                function (event) {                                    if (window.ue) {                                        ue.count(\u00abacrLinkClickCount\u00bb, (ue.count(\u00abacrLinkClickCount\u00bb) || 0) + 1);                                    }                                }                            );                        }                    });                                             P.when(&#8216;A&#8217;, &#8216;cf&#8217;).execute(function(A) {                A.declarative(&#8216;acrStarsLink-click-metrics&#8217;, &#8216;click&#8217;, { \u00aballowLinkDefault\u00bb : true },  function(event){                    if(window.ue) {                        ue.count(\u00abacrStarsLinkWithPopoverClickCount\u00bb, (ue.count(\u00abacrStarsLinkWithPopoverClickCount\u00bb) || 0) + 1);                    }                });            });                          <\/p>\n<p>\u3010Which MacBook is suitable for?\u3011Only compatible with MacBook Air 13 2025-2022, Model(Chip):A2681(M2), A3113(M3), A3240(M4), Released in 2022 2024 2025. \u2714\ufe0f Please check the Mac book model \u00abAXXXX\u00bb on the back before purchase. \u274c Not compatible with other Mac models \u274c Not compatible with the previous Mac Air 13 2020-2010 (M1 A2337, A2179, A1932, A1369, A1466 &#8230;) \u274c Air 15 M2\/M3\/M4 2023-2025 \u274c Pro 13 M2 \/M1 2022-2016 \u274c Pro 14 \/ 16 2025-2021 (M4\/M3\/M2\/M1)<br \/>\u3010Official Mac Book Color\u3011The protective case adopts official macair color to maintain the elegance and artistry of Mac Air 13 m4 m3 m2<br \/>\u3010Ultra-thin at 0.12 cm\u3011 Thanks to the new nano-injection molding, it has a thickness of 0.01 cm and adapts to your Macair13 as if it were the skin<br \/>\u3010Real Machine-Like Texture\u3011 Using high-precision solar texture technology, this protective cover has the same matte texture as Mac laptop. At the same time, the protective case effectively resists scratches and weakens fingerprints<br \/>\u3010PRECISION FORMED\u3011 The ventilation holes are designed on the hinge, which has a better heat dissipation effect than traditional protective cases. Precisely cut, all ports work properly<\/p>\n\n","protected":false},"excerpt":{"rendered":"<p> Product Description The video showcases the product in use.The video guides you through product setup.The<\/p>","protected":false},"featured_media":23862,"comment_status":"open","ping_status":"closed","template":"","meta":[],"product_brand":[],"product_cat":[84],"product_tag":[4208,3215,3214,216,496,498,497,367,1735,994,201,1016,7073,794,584,774,160,502,503,504,499,500,501,505,3055,710,4209,1263,222],"class_list":{"0":"post-23861","1":"product","2":"type-product","3":"status-publish","4":"has-post-thumbnail","6":"product_cat-apple-macbook","7":"product_tag-a2681","8":"product_tag-a3113","9":"product_tag-a3240","10":"product_tag-air","11":"product_tag-apple-macbook","12":"product_tag-apple-macbook-air","13":"product_tag-apple-macbook-pro","14":"product_tag-blue","15":"product_tag-book","16":"product_tag-case","17":"product_tag-compatible","18":"product_tag-cover","19":"product_tag-eoocoo","20":"product_tag-hard","21":"product_tag-inch","22":"product_tag-mac","23":"product_tag-macbook","24":"product_tag-macbook-13-inch","25":"product_tag-macbook-15-inch","26":"product_tag-macbook-16-inch","27":"product_tag-macbook-m1","28":"product_tag-macbook-m2","29":"product_tag-macbook-m3","30":"product_tag-macbook-price","31":"product_tag-matte","32":"product_tag-midnight","33":"product_tag-shell","34":"product_tag-thin","35":"product_tag-ultra","37":"first","38":"instock","39":"shipping-taxable","40":"product-type-external"},"_links":{"self":[{"href":"https:\/\/comprasyconsejos.store\/en\/wp-json\/wp\/v2\/product\/23861","targetHints":{"allow":["GET"]}}],"collection":[{"href":"https:\/\/comprasyconsejos.store\/en\/wp-json\/wp\/v2\/product"}],"about":[{"href":"https:\/\/comprasyconsejos.store\/en\/wp-json\/wp\/v2\/types\/product"}],"replies":[{"embeddable":true,"href":"https:\/\/comprasyconsejos.store\/en\/wp-json\/wp\/v2\/comments?post=23861"}],"version-history":[{"count":0,"href":"https:\/\/comprasyconsejos.store\/en\/wp-json\/wp\/v2\/product\/23861\/revisions"}],"wp:featuredmedia":[{"embeddable":true,"href":"https:\/\/comprasyconsejos.store\/en\/wp-json\/wp\/v2\/media\/23862"}],"wp:attachment":[{"href":"https:\/\/comprasyconsejos.store\/en\/wp-json\/wp\/v2\/media?parent=23861"}],"wp:term":[{"taxonomy":"product_brand","embeddable":true,"href":"https:\/\/comprasyconsejos.store\/en\/wp-json\/wp\/v2\/product_brand?post=23861"},{"taxonomy":"product_cat","embeddable":true,"href":"https:\/\/comprasyconsejos.store\/en\/wp-json\/wp\/v2\/product_cat?post=23861"},{"taxonomy":"product_tag","embeddable":true,"href":"https:\/\/comprasyconsejos.store\/en\/wp-json\/wp\/v2\/product_tag?post=23861"}],"curies":[{"name":"wp","href":"https:\/\/api.w.org\/{rel}","templated":true}]}}