{"id":23867,"date":"2026-02-19T02:20:50","date_gmt":"2026-02-19T02:20:50","guid":{"rendered":"https:\/\/comprasyconsejos.store\/product\/ivoler-3-pieces-screen-protector-for-iphone-16-with-3-pieces-camera-lens-protector-and-installation-frame-tempered-glass-anti-scratch-9h-hardness-ultra-hd\/"},"modified":"2026-02-19T02:21:03","modified_gmt":"2026-02-19T02:21:03","slug":"ivoler-3-pieces-screen-protector-for-iphone-16-with-3-pieces-camera-lens-protector-and-installation-frame-tempered-glass-anti-scratch-9h-hardness-ultra-hd","status":"publish","type":"product","link":"https:\/\/comprasyconsejos.store\/en\/product\/ivoler-3-pieces-screen-protector-for-iphone-16-with-3-pieces-camera-lens-protector-and-installation-frame-tempered-glass-anti-scratch-9h-hardness-ultra-hd\/","title":{"rendered":"ivoler 3 Pieces Screen Protector for iPhone 16 with 3 Pieces Camera Lens Protector and Installation Frame, Tempered Glass Anti-Scratch, 9H Hardness, Ultra HD"},"content":{"rendered":"<p>Price: <span style=\"color:#b12704\"><del>\u20ac7.99<\/del> - \u20ac6.99<\/span><br \/><i><small>(as of Feb 19, 2026 02:20:50 UTC &#8211; <span class=\"wp_automatic_amazon_disclaimer\" title=\"Product prices and availability are accurate as of the date\/time indicated and are subject to change. Any price and availability information displayed on [relevant Amazon Site(s), as applicable] at the time of purchase will apply to the purchase of this product.\">Details<\/span>)<\/small><\/i><\/p>\n<p><a href=\"https:\/\/amazon.es\/dp\/B0CX58LK6N?tag=man008-21\"><img decoding=\"async\" src=\"https:\/\/valvepress.s3.amazonaws.com\/imgs\/buy_now.png\"><\/a><br \/>\n<\/p>\n<p>                                             Product Description   <\/p>\n<p>                         Add To Basket  <\/p>\n<p>                         Add To Basket  <\/p>\n<p>                         Add To Basket  <\/p>\n<p>                         Add To Basket  <\/p>\n<p>                         Add To Basket  <\/p>\n<p>                         Add To Basket  <\/p>\n<p>                             Customer Reviews  <\/p>\n<p>                    4.4 out of 5 stars  19,010  <\/p>\n<p>                    4.4 out of 5 stars  23,815  <\/p>\n<p>                    4.3 out of 5 stars  2,709  <\/p>\n<p>                    4.4 out of 5 stars  19,010  <\/p>\n<p>                    4.4 out of 5 stars  23,815  <\/p>\n<p>                    4.4 out of 5 stars  19,010  <\/p>\n<p>                             Price  <\/p>\n<p>                                    \u20ac6.99\u20ac6.99                  \u20ac4.99\u20ac4.99                  \u20ac7.59\u20ac7.59                  \u20ac7.99\u20ac7.99                  \u20ac5.95\u20ac5.95                  \u20ac7.59\u20ac7.59        <\/p>\n<p>                             El paquete Incluye<br \/>\n                                3Cristal,3C\u00e1maras,1Marco F\u00e1ci                2Cristal,1Marco F\u00e1ci                2Cristal,1Marco F\u00e1ci               3Cristal,3C\u00e1maras,1Marco F\u00e1ci                2Cristal,1Marco F\u00e1ci               3Cristal,3C\u00e1maras,1Marco F\u00e1ci        <\/p>\n<p>                             Tel\u00e9fonos Compatibles<br \/>\n                                iPhone 16               iPhone 16               iPhone 16               iPhone 16 Plus               iPhone 16 Plus               iPhone 16 Pro Max        <\/p>\n<p>                             Material<br \/>\n                                Vidrio Templado               Vidrio Templado               Vidrio Templado               Vidrio Templado               Vidrio Templado               Vidrio Templado        <\/p>\n<p>                             Dureza del Droducto<br \/>\n                                9H               9H               9H               9H               9H               9H        <\/p>\n<p>                             Tama\u00f1o de Pantalla<br \/>\n                                6.1 Pulgadas               6.1 Pulgadas               6.1 Pulgadas               6.7 Pulgadas               6.7 Pulgadas               6.9 Pulgadas        <\/p>\n<p>                                                                             <img decoding=\"async\" alt=\"1\" src=\"https:\/\/images-na.ssl-images-amazon.com\/images\/G\/01\/x-locale\/common\/grey-pixel.gif\" class=\"a-spacing-base a-lazy-loaded\" data-src=\"https:\/\/m.media-amazon.com\/images\/S\/aplus-media-library-service-media\/cb457b73-400c-496b-b66b-56e114f8a534.__CR0,0,970,600_PT0_SX970_V1___.jpg\"><img decoding=\"async\" alt=\"1\" src=\"https:\/\/m.media-amazon.com\/images\/S\/aplus-media-library-service-media\/cb457b73-400c-496b-b66b-56e114f8a534.__CR0,0,970,600_PT0_SX970_V1___.jpg\">                                                                    <\/p>\n<p>                                                                             <img decoding=\"async\" alt=\"2\" src=\"https:\/\/images-na.ssl-images-amazon.com\/images\/G\/01\/x-locale\/common\/grey-pixel.gif\" class=\"a-spacing-base a-lazy-loaded\" data-src=\"https:\/\/m.media-amazon.com\/images\/S\/aplus-media-library-service-media\/47531fe7-c09d-4f11-b79e-e0fe826aa4ee.__CR0,0,970,600_PT0_SX970_V1___.jpg\"><img decoding=\"async\" alt=\"2\" src=\"https:\/\/m.media-amazon.com\/images\/S\/aplus-media-library-service-media\/47531fe7-c09d-4f11-b79e-e0fe826aa4ee.__CR0,0,970,600_PT0_SX970_V1___.jpg\">                                                                    <\/p>\n<p>                                                                             <img decoding=\"async\" alt=\"3\" src=\"https:\/\/images-na.ssl-images-amazon.com\/images\/G\/01\/x-locale\/common\/grey-pixel.gif\" class=\"a-spacing-base a-lazy-loaded\" data-src=\"https:\/\/m.media-amazon.com\/images\/S\/aplus-media-library-service-media\/db285d22-73bd-4163-8607-cf8c91bba337.__CR0,0,970,600_PT0_SX970_V1___.jpg\"><img decoding=\"async\" alt=\"3\" src=\"https:\/\/m.media-amazon.com\/images\/S\/aplus-media-library-service-media\/db285d22-73bd-4163-8607-cf8c91bba337.__CR0,0,970,600_PT0_SX970_V1___.jpg\">                                                                    <\/p>\n<p>                                                                             <img decoding=\"async\" alt=\"4\" src=\"https:\/\/images-na.ssl-images-amazon.com\/images\/G\/01\/x-locale\/common\/grey-pixel.gif\" class=\"a-spacing-base a-lazy-loaded\" data-src=\"https:\/\/m.media-amazon.com\/images\/S\/aplus-media-library-service-media\/71d0ba61-0214-4cbe-8653-dee2f6609d77.__CR0,0,970,600_PT0_SX970_V1___.jpg\"><img decoding=\"async\" alt=\"4\" src=\"https:\/\/m.media-amazon.com\/images\/S\/aplus-media-library-service-media\/71d0ba61-0214-4cbe-8653-dee2f6609d77.__CR0,0,970,600_PT0_SX970_V1___.jpg\">                                                                    <\/p>\n<p>                                                                             <img decoding=\"async\" alt=\"5\" src=\"https:\/\/images-na.ssl-images-amazon.com\/images\/G\/01\/x-locale\/common\/grey-pixel.gif\" class=\"a-spacing-base a-lazy-loaded\" data-src=\"https:\/\/m.media-amazon.com\/images\/S\/aplus-media-library-service-media\/aec3b44f-7118-4b66-adcb-726ad740e387.__CR0,0,970,600_PT0_SX970_V1___.jpg\"><img decoding=\"async\" alt=\"5\" src=\"https:\/\/m.media-amazon.com\/images\/S\/aplus-media-library-service-media\/aec3b44f-7118-4b66-adcb-726ad740e387.__CR0,0,970,600_PT0_SX970_V1___.jpg\">                                                                    <\/p>\n<p>                                                                             <img decoding=\"async\" alt=\"6\" src=\"https:\/\/images-na.ssl-images-amazon.com\/images\/G\/01\/x-locale\/common\/grey-pixel.gif\" class=\"a-spacing-base a-lazy-loaded\" data-src=\"https:\/\/m.media-amazon.com\/images\/S\/aplus-media-library-service-media\/8df02045-d6dd-4dee-874e-62a8dd279c0a.__CR0,0,970,600_PT0_SX970_V1___.jpg\"><img decoding=\"async\" alt=\"6\" src=\"https:\/\/m.media-amazon.com\/images\/S\/aplus-media-library-service-media\/8df02045-d6dd-4dee-874e-62a8dd279c0a.__CR0,0,970,600_PT0_SX970_V1___.jpg\">                                                                    <\/p>\n<p> Product Dimensions                                            \u200f                                            :                                            \u200e                                            15.38 x 7.78 x 1.27 cm; 130 g   <br \/> Manufacturer                                            \u200f                                            :                                            \u200e                                            iVoler   <br \/> ASIN                                            \u200f                                            :                                            \u200e                                            B0CX58LK6N   <br \/> Item model number                                            \u200f                                            :                                            \u200e                                            iPhone 16 6.1&#8243;   <br \/> Country\/Region of Origin                                            \u200f                                            :                                            \u200e                                            China   <br \/> Guaranteed software updates until                                            \u200f                                            :                                            \u200e                                            unknown   <br \/>  Customer reviews:                                                                                            4.4               4.4 out of 5 stars                                  (19,010)                                              var dpAcrHasRegisteredArcLinkClickAction;                    P.when(&#8216;A&#8217;, &#8216;ready&#8217;).execute(function(A) {                        if (dpAcrHasRegisteredArcLinkClickAction !== true) {                            dpAcrHasRegisteredArcLinkClickAction = true;                            A.declarative(                                &#8216;acrLink-click-metrics&#8217;, &#8216;click&#8217;,                                { \u00aballowLinkDefault\u00bb: true },                                function (event) {                                    if (window.ue) {                                        ue.count(\u00abacrLinkClickCount\u00bb, (ue.count(\u00abacrLinkClickCount\u00bb) || 0) + 1);                                    }                                }                            );                        }                    });                                             P.when(&#8216;A&#8217;, &#8216;cf&#8217;).execute(function(A) {                A.declarative(&#8216;acrStarsLink-click-metrics&#8217;, &#8216;click&#8217;, { \u00aballowLinkDefault\u00bb : true },  function(event){                    if(window.ue) {                        ue.count(\u00abacrStarsLinkWithPopoverClickCount\u00bb, (ue.count(\u00abacrStarsLinkWithPopoverClickCount\u00bb) || 0) + 1);                    }                });            });                          <\/p>\n<p>IMPORTANT NOTE: Compatible with the iPhone 16 smartphone. Includes 3 pieces camera lens protectors, provides maximum coverage protection. Due to the round edge of the smartphone, the screen protector will not cover the entire screen, but only the flat area. Please watch our INSTALLATION VIDEO carefully before installing screen protector.<br \/>[Easy Bubble-Free Installation] &#8212; Comes with an alignment frame, a cleaning cloth and a dust cleaner, which will help make your installation super easy and in one step without bubble and dust trouble. When installed, it will automatically adsorb the air, without producing any white halo, no adhesive, no bubbles. It is designed to be slightly smaller than the screen of your phone to help prevent bubbles and to fit most phone cases.<br \/>[9H Hardness &#038; 2.5D Curved Edge] &#8212; Made of 0.33mm thick premium quality tempered glass, the 9H hardness highly effectively resists scratches from sharp objects such as knives and keys. Its surface is composed with a thin layer of nanometer oil which is very easy to clean and reduce fingerprints. Thanks to its special 2.5D design, this screen protector achieves a very comfortable touch feeling on the edge of the screen and original glass.<br \/>[HD Clarity &#038; High Sensitivity] &#8212; The premium 0.33mm thick tempered glass has high definition which makes the original screen color preserved. It allows 3D touch and this provides great sensitivity for quick responses and a touch with 100% screen accuracy.<br \/>[What you get] &#8212; 3x iVoler Tempered Glass Screen Protector, 3x Camera Lens Protectors, 1x Positioning Frame, Wet Wipes, Microfiber Cloth, Dust Absorber &#038; Sticker Guide, User Manual. We are committed to providing each customer with the highest level of customer service. If there is any other problem, just contact us, we promise to give you a good solution.<\/p>\n\n","protected":false},"excerpt":{"rendered":"<p> Product Description Add To Basket Add To Basket Add To Basket Add To Basket Add<\/p>","protected":false},"featured_media":23868,"comment_status":"open","ping_status":"closed","template":"","meta":[],"product_brand":[],"product_cat":[104],"product_tag":[3081,681,1573,1677,5690,2805,147,3004,3003,3015,3008,3007,3010,3011,3000,3001,3013,3016,3014,3005,3002,3009,3017,3006,7074,2160,4871,1021,3012,842,1676,222],"class_list":{"0":"post-23867","1":"product","2":"type-product","3":"status-publish","4":"has-post-thumbnail","6":"product_cat-apple-iphone","7":"product_tag-antiscratch","8":"product_tag-camera","9":"product_tag-frame","10":"product_tag-glass","11":"product_tag-hardness","12":"product_tag-installation","13":"product_tag-iphone","14":"product_tag-iphone-13-accessories","15":"product_tag-iphone-14-case","16":"product_tag-iphone-adapter","17":"product_tag-iphone-battery-pack","18":"product_tag-iphone-cable","19":"product_tag-iphone-camera-lens","20":"product_tag-iphone-car-mount","21":"product_tag-iphone-case","22":"product_tag-iphone-charger","23":"product_tag-iphone-earbuds","24":"product_tag-iphone-gaming-controller","25":"product_tag-iphone-magsafe","26":"product_tag-iphone-pro-max-case","27":"product_tag-iphone-screen-protector","28":"product_tag-iphone-tempered-glass","29":"product_tag-iphone-tripod","30":"product_tag-iphone-wireless-charger","31":"product_tag-ivoler","32":"product_tag-lens","33":"product_tag-pieces","34":"product_tag-protector","35":"product_tag-refurbished-iphone","36":"product_tag-screen","37":"product_tag-tempered","38":"product_tag-ultra","40":"first","41":"instock","42":"sale","43":"shipping-taxable","44":"product-type-external"},"_links":{"self":[{"href":"https:\/\/comprasyconsejos.store\/en\/wp-json\/wp\/v2\/product\/23867","targetHints":{"allow":["GET"]}}],"collection":[{"href":"https:\/\/comprasyconsejos.store\/en\/wp-json\/wp\/v2\/product"}],"about":[{"href":"https:\/\/comprasyconsejos.store\/en\/wp-json\/wp\/v2\/types\/product"}],"replies":[{"embeddable":true,"href":"https:\/\/comprasyconsejos.store\/en\/wp-json\/wp\/v2\/comments?post=23867"}],"version-history":[{"count":0,"href":"https:\/\/comprasyconsejos.store\/en\/wp-json\/wp\/v2\/product\/23867\/revisions"}],"wp:featuredmedia":[{"embeddable":true,"href":"https:\/\/comprasyconsejos.store\/en\/wp-json\/wp\/v2\/media\/23868"}],"wp:attachment":[{"href":"https:\/\/comprasyconsejos.store\/en\/wp-json\/wp\/v2\/media?parent=23867"}],"wp:term":[{"taxonomy":"product_brand","embeddable":true,"href":"https:\/\/comprasyconsejos.store\/en\/wp-json\/wp\/v2\/product_brand?post=23867"},{"taxonomy":"product_cat","embeddable":true,"href":"https:\/\/comprasyconsejos.store\/en\/wp-json\/wp\/v2\/product_cat?post=23867"},{"taxonomy":"product_tag","embeddable":true,"href":"https:\/\/comprasyconsejos.store\/en\/wp-json\/wp\/v2\/product_tag?post=23867"}],"curies":[{"name":"wp","href":"https:\/\/api.w.org\/{rel}","templated":true}]}}