{"id":23891,"date":"2026-02-19T02:27:48","date_gmt":"2026-02-19T02:27:48","guid":{"rendered":"https:\/\/comprasyconsejos.store\/product\/hitachi-lg-gp60-external-dvd-drive-slim-portable-dvd-burner-writer-player-for-laptop-windows-and-mac-os-compatible-usb-2-0-8x-read-write-speed-silver\/"},"modified":"2026-02-19T02:27:49","modified_gmt":"2026-02-19T02:27:49","slug":"hitachi-lg-gp60-external-dvd-drive-slim-portable-dvd-burner-writer-player-for-laptop-windows-and-mac-os-compatible-usb-2-0-8x-read-write-speed-silver","status":"publish","type":"product","link":"https:\/\/comprasyconsejos.store\/en\/product\/hitachi-lg-gp60-external-dvd-drive-slim-portable-dvd-burner-writer-player-for-laptop-windows-and-mac-os-compatible-usb-2-0-8x-read-write-speed-silver\/","title":{"rendered":"Hitachi-LG GP60 External DVD Drive, Slim Portable DVD Burner\/Writer\/Player for Laptop, Windows and Mac OS Compatible, USB 2.0, 8x Read\/Write Speed &#8211; Silver"},"content":{"rendered":"<p>Price: <span style=\"color:#b12704\">\u20ac34.45<\/span><br \/><i><small>(as of Feb 19, 2026 02:27:48 UTC &#8211; <span class=\"wp_automatic_amazon_disclaimer\" title=\"Product prices and availability are accurate as of the date\/time indicated and are subject to change. Any price and availability information displayed on [relevant Amazon Site(s), as applicable] at the time of purchase will apply to the purchase of this product.\">Details<\/span>)<\/small><\/i><\/p>\n<p><a href=\"https:\/\/amazon.es\/dp\/B01H3QNMHQ?tag=man008-21\"><img decoding=\"async\" src=\"https:\/\/valvepress.s3.amazonaws.com\/imgs\/buy_now.png\"><\/a><br \/>\n<\/p>\n<p>                                             From the manufacturer   <\/p>\n<p>                                                  <img decoding=\"async\" alt=\"1\" src=\"https:\/\/images-na.ssl-images-amazon.com\/images\/G\/01\/x-locale\/common\/grey-pixel.gif\" class=\"a-lazy-loaded\" data-src=\"https:\/\/m.media-amazon.com\/images\/S\/aplus-media\/vc\/3733a7a4-fb6f-4ca0-91f1-e10731ef013c.__CR0,188,1920,594_PT0_SX970_V1___.png\"><img decoding=\"async\" alt=\"1\" src=\"https:\/\/m.media-amazon.com\/images\/S\/aplus-media\/vc\/3733a7a4-fb6f-4ca0-91f1-e10731ef013c.__CR0,188,1920,594_PT0_SX970_V1___.png\">  <\/p>\n<h3> Conectividad TV <\/h3>\n<p> Disfrute de sus contenidos multimedia en sus televisores, marcos de fotos digitales y PCs simplemente conectando su unidad con un cable USB. <\/p>\n<p class=\"apm-text-center\">\n                                                      <img decoding=\"async\" alt=\"1\" src=\"https:\/\/images-na.ssl-images-amazon.com\/images\/G\/01\/x-locale\/common\/grey-pixel.gif\" class=\"a-lazy-loaded\" data-src=\"https:\/\/m.media-amazon.com\/images\/S\/aplus-media\/vc\/7e86a0cb-b92a-4ecb-b5f3-f8fd8d3e4984.__CR0,0,805,805_PT0_SX220_V1___.png\"><img decoding=\"async\" alt=\"1\" src=\"https:\/\/m.media-amazon.com\/images\/S\/aplus-media\/vc\/7e86a0cb-b92a-4ecb-b5f3-f8fd8d3e4984.__CR0,0,805,805_PT0_SX220_V1___.png\">  <\/p>\n<p>                                                    Silent Play                                     <\/p>\n<p class=\"a-size-small\"> La tecnolog\u00eda Silent Play ayuda a reducir el ruido durante la reproducci\u00f3n al reconocer diferentes contenidos multimedia y ajustar autom\u00e1ticamente la velocidad de reproducci\u00f3n deacuerdo con suscriterios para un  rendimiento \u00f3ptimo. <\/p>\n<p class=\"apm-text-center\">\n                                                      <img decoding=\"async\" alt=\"2\" src=\"https:\/\/images-na.ssl-images-amazon.com\/images\/G\/01\/x-locale\/common\/grey-pixel.gif\" class=\"a-lazy-loaded\" data-src=\"https:\/\/m.media-amazon.com\/images\/S\/aplus-media\/vc\/689be7ff-c15f-4710-b363-2aba217159d6.__CR0,0,1000,1000_PT0_SX220_V1___.png\"><img decoding=\"async\" alt=\"2\" src=\"https:\/\/m.media-amazon.com\/images\/S\/aplus-media\/vc\/689be7ff-c15f-4710-b363-2aba217159d6.__CR0,0,1000,1000_PT0_SX220_V1___.png\">  <\/p>\n<p>                                                    Compatible con Super Multi                                     <\/p>\n<p class=\"a-size-small\"> Las unidades \u00f3pticas Hitachi-LG Super Multi Compatibility pueden leer y grabar diferentes tipos de formatos de disco en un pr\u00e1ctico paquete. 1. DVD+R 2. RW DVD-RAM 3. RW DVD-R Esto le da la opci\u00f3n de elegir el medio m\u00e1s adecuado para cada tarea. <\/p>\n<p class=\"apm-text-center\">\n                                                      <img decoding=\"async\" alt=\"3\" src=\"https:\/\/images-na.ssl-images-amazon.com\/images\/G\/01\/x-locale\/common\/grey-pixel.gif\" class=\"a-lazy-loaded\" data-src=\"https:\/\/m.media-amazon.com\/images\/S\/aplus-media\/vc\/c7f17e56-0c1f-46d3-824d-2ec86f30dcfc.__CR443,147,725,725_PT0_SX220_V1___.png\"><img decoding=\"async\" alt=\"3\" src=\"https:\/\/m.media-amazon.com\/images\/S\/aplus-media\/vc\/c7f17e56-0c1f-46d3-824d-2ec86f30dcfc.__CR443,147,725,725_PT0_SX220_V1___.png\">  <\/p>\n<p>                                                    Extremadamente port\u00e1til                                     <\/p>\n<p class=\"a-size-small\"> Solo 200 gramos de peso por evoluci\u00f3n mec\u00e1nica lo convierten en un compa\u00f1ero c\u00f3modo para los ordenadores port\u00e1tiles ultrafinos. <\/p>\n<p class=\"apm-text-center\">\n                                                      <img decoding=\"async\" alt=\"4\" src=\"https:\/\/images-na.ssl-images-amazon.com\/images\/G\/01\/x-locale\/common\/grey-pixel.gif\" class=\"a-lazy-loaded\" data-src=\"https:\/\/m.media-amazon.com\/images\/S\/aplus-media\/vc\/08f91af9-c375-44dd-af0d-45d7d89a051b.__CR905,0,814,814_PT0_SX220_V1___.png\"><img decoding=\"async\" alt=\"4\" src=\"https:\/\/m.media-amazon.com\/images\/S\/aplus-media\/vc\/08f91af9-c375-44dd-af0d-45d7d89a051b.__CR905,0,814,814_PT0_SX220_V1___.png\">  <\/p>\n<p>                                                    Protection sup\u00e9rieure des donn\u00e9es avec le support M-DISC                                     <\/p>\n<p class=\"a-size-small\"> Le M-DISC utilise une surface d\u00b4enregistrement semblable \u00e0 de la roche au lieu d\u00b4un colorant organique pour graver vos donn\u00e9es sur un disque. Le M-DISC a \u00e9t\u00e9 test\u00e9 et prouv\u00e9 sup\u00e9rieur aux DVD standard actuellement sur le march\u00e9. <\/p>\n<p>                                                  <img decoding=\"async\" alt=\"5\" src=\"https:\/\/images-na.ssl-images-amazon.com\/images\/G\/01\/x-locale\/common\/grey-pixel.gif\" class=\"a-lazy-loaded\" data-src=\"https:\/\/m.media-amazon.com\/images\/S\/aplus-media\/vc\/d038f0d3-68bc-45e6-a66e-290a1ea1464b.__CR0,148,1903,589_PT0_SX970_V1___.png\"><img decoding=\"async\" alt=\"5\" src=\"https:\/\/m.media-amazon.com\/images\/S\/aplus-media\/vc\/d038f0d3-68bc-45e6-a66e-290a1ea1464b.__CR0,148,1903,589_PT0_SX970_V1___.png\">  <\/p>\n<p>                                                  <img decoding=\"async\" alt=\"Velocidad de escritura 8x\" src=\"https:\/\/images-na.ssl-images-amazon.com\/images\/G\/01\/x-locale\/common\/grey-pixel.gif\" class=\"a-lazy-loaded\" data-src=\"https:\/\/m.media-amazon.com\/images\/S\/aplus-media\/vc\/174f2d42-7521-4905-b71a-53710d09b70f.__CR0,129,1920,594_PT0_SX970_V1___.png\"><img decoding=\"async\" alt=\"Velocidad de escritura 8x\" src=\"https:\/\/m.media-amazon.com\/images\/S\/aplus-media\/vc\/174f2d42-7521-4905-b71a-53710d09b70f.__CR0,129,1920,594_PT0_SX970_V1___.png\">  <\/p>\n<h3> Velocidad de escritura 8x <\/h3>\n<p> Grabe m\u00e1s discos en menos tiempo con velocidad de grabaci\u00f3n 8x DVD-Max. <\/p>\n<p>                                                  <img decoding=\"async\" alt=\"6\" src=\"https:\/\/images-na.ssl-images-amazon.com\/images\/G\/01\/x-locale\/common\/grey-pixel.gif\" class=\"a-lazy-loaded\" data-src=\"https:\/\/m.media-amazon.com\/images\/S\/aplus-media\/vc\/2e125dfb-19d0-4b75-bd3d-27f832d2cbb4.__CR0,127,1903,589_PT0_SX970_V1___.png\"><img decoding=\"async\" alt=\"6\" src=\"https:\/\/m.media-amazon.com\/images\/S\/aplus-media\/vc\/2e125dfb-19d0-4b75-bd3d-27f832d2cbb4.__CR0,127,1903,589_PT0_SX970_V1___.png\">  <\/p>\n<p> Batteries                                            \u200f                                            :                                            \u200e                                            1 Lithium Ion batteries required.   <br \/> Is discontinued by manufacturer                                            \u200f                                            :                                            \u200e                                            No   <br \/> Language                                            \u200f                                            :                                            \u200e                                            English, English, English, English, English   <br \/> Product Dimensions                                            \u200f                                            :                                            \u200e                                            4.2 x 1.8 x 13.5 cm; 200 g   <br \/> Manufacturer                                            \u200f                                            :                                            \u200e                                            Hitachi-LG   <br \/> ASIN                                            \u200f                                            :                                            \u200e                                            B01H3QNMHQ   <br \/> Item model number                                            \u200f                                            :                                            \u200e                                            GP60NW60.AUAE12W   <br \/> Guaranteed software updates until                                            \u200f                                            :                                            \u200e                                            unknown   <br \/>  Customer reviews:                                                                                            4.3               4.3 out of 5 stars                                  (3,261)                                              var dpAcrHasRegisteredArcLinkClickAction;                    P.when(&#8216;A&#8217;, &#8216;ready&#8217;).execute(function(A) {                        if (dpAcrHasRegisteredArcLinkClickAction !== true) {                            dpAcrHasRegisteredArcLinkClickAction = true;                            A.declarative(                                &#8216;acrLink-click-metrics&#8217;, &#8216;click&#8217;,                                { \u00aballowLinkDefault\u00bb: true },                                function (event) {                                    if (window.ue) {                                        ue.count(\u00abacrLinkClickCount\u00bb, (ue.count(\u00abacrLinkClickCount\u00bb) || 0) + 1);                                    }                                }                            );                        }                    });                                             P.when(&#8216;A&#8217;, &#8216;cf&#8217;).execute(function(A) {                A.declarative(&#8216;acrStarsLink-click-metrics&#8217;, &#8216;click&#8217;, { \u00aballowLinkDefault\u00bb : true },  function(event){                    if(window.ue) {                        ue.count(\u00abacrStarsLinkWithPopoverClickCount\u00bb, (ue.count(\u00abacrStarsLinkWithPopoverClickCount\u00bb) || 0) + 1);                    }                });            });                          <\/p>\n<p>TV Connectivity Play your media on your TV, laptop or digital photo frame by simply connecting the unit with a USB cable (USB 2.0 interface compatible with USB 3.0)<br \/>M-DISC Support M discs have been tested and proven to last longer than standard DVDs. They offer superior data protection and longer life for photos, videos and data files<br \/>Silent Play technology reduces noise during playback by adjusting playback speed to optimal performance for various multimedia applications<br \/>Super Multicompatibility Read and burn DVD+\/-R, DVD+\/-R-DL, DVD-RAM and CD-R discs in one convenient package, with a DVD+\/-R burning speed of 8x<br \/>Compatible with Windows 10 and MAC OS, slim and lightweight design, product weight 200g<br \/>NOTE Use different USB ports when connecting the unit to a device. Do not connect the USB cables in any way other than the one described above.<\/p>\n\n","protected":false},"excerpt":{"rendered":"<p> From the manufacturer Conectividad TV Disfrute de sus contenidos multimedia en sus televisores, marcos de<\/p>","protected":false},"featured_media":23892,"comment_status":"open","ping_status":"closed","template":"","meta":[],"product_brand":[],"product_cat":[70],"product_tag":[2109,6034,201,2117,795,2121,2119,2111,1476,2105,2101,2113,6033,6226,159,774,290,2107,2378,366,288,198,133,2115,2103,537],"class_list":{"0":"post-23891","1":"product","2":"type-product","3":"status-publish","4":"has-post-thumbnail","6":"product_cat-disc-drives","7":"product_tag-blu-ray-drive","8":"product_tag-burnerwriterplayer","9":"product_tag-compatible","10":"product_tag-disc-drive-for-laptop","11":"product_tag-drive","12":"product_tag-dvd","13":"product_tag-dvd-drive-price","14":"product_tag-dvd-writer","15":"product_tag-external","16":"product_tag-external-cd-drive","17":"product_tag-external-dvd-drive","18":"product_tag-external-optical-drive","19":"product_tag-gp60","20":"product_tag-hitachilg","21":"product_tag-laptop","22":"product_tag-mac","23":"product_tag-portable","24":"product_tag-portable-disc-drive","25":"product_tag-readwrite","26":"product_tag-silver","27":"product_tag-slim","28":"product_tag-speed","29":"product_tag-usb","30":"product_tag-usb-cd-writer","31":"product_tag-usb-dvd-drive","32":"product_tag-windows","34":"first","35":"instock","36":"shipping-taxable","37":"product-type-external"},"_links":{"self":[{"href":"https:\/\/comprasyconsejos.store\/en\/wp-json\/wp\/v2\/product\/23891","targetHints":{"allow":["GET"]}}],"collection":[{"href":"https:\/\/comprasyconsejos.store\/en\/wp-json\/wp\/v2\/product"}],"about":[{"href":"https:\/\/comprasyconsejos.store\/en\/wp-json\/wp\/v2\/types\/product"}],"replies":[{"embeddable":true,"href":"https:\/\/comprasyconsejos.store\/en\/wp-json\/wp\/v2\/comments?post=23891"}],"version-history":[{"count":0,"href":"https:\/\/comprasyconsejos.store\/en\/wp-json\/wp\/v2\/product\/23891\/revisions"}],"wp:featuredmedia":[{"embeddable":true,"href":"https:\/\/comprasyconsejos.store\/en\/wp-json\/wp\/v2\/media\/23892"}],"wp:attachment":[{"href":"https:\/\/comprasyconsejos.store\/en\/wp-json\/wp\/v2\/media?parent=23891"}],"wp:term":[{"taxonomy":"product_brand","embeddable":true,"href":"https:\/\/comprasyconsejos.store\/en\/wp-json\/wp\/v2\/product_brand?post=23891"},{"taxonomy":"product_cat","embeddable":true,"href":"https:\/\/comprasyconsejos.store\/en\/wp-json\/wp\/v2\/product_cat?post=23891"},{"taxonomy":"product_tag","embeddable":true,"href":"https:\/\/comprasyconsejos.store\/en\/wp-json\/wp\/v2\/product_tag?post=23891"}],"curies":[{"name":"wp","href":"https:\/\/api.w.org\/{rel}","templated":true}]}}