{"id":23901,"date":"2026-02-19T02:39:32","date_gmt":"2026-02-19T02:39:32","guid":{"rendered":"https:\/\/comprasyconsejos.store\/product\/asus-rt-be55-aimesh-extendable-smart-router-with-wifi-7-802-11be-dual-band-3600-mbps-2-5g-port-up-to-3-ssids-for-iot-devices-parental-controls-and-vpn-network-security\/"},"modified":"2026-02-19T02:39:48","modified_gmt":"2026-02-19T02:39:48","slug":"asus-rt-be55-aimesh-extendable-smart-router-with-wifi-7-802-11be-dual-band-3600-mbps-2-5g-port-up-to-3-ssids-for-iot-devices-parental-controls-and-vpn-network-security","status":"publish","type":"product","link":"https:\/\/comprasyconsejos.store\/en\/product\/asus-rt-be55-aimesh-extendable-smart-router-with-wifi-7-802-11be-dual-band-3600-mbps-2-5g-port-up-to-3-ssids-for-iot-devices-parental-controls-and-vpn-network-security\/","title":{"rendered":"ASUS RT-BE55 &#8211; AiMesh Extendable Smart Router with WiFi 7 (802.11be) Dual Band, 3600 Mbps, 2.5G Port, up to 3 SSIDs for IoT Devices, Parental Controls and VPN, Network Security"},"content":{"rendered":"<p>Price: <span style=\"color:#b12704\">\u20ac99.90<\/span><br \/><i><small>(as of Feb 19, 2026 02:39:32 UTC &#8211; <span class=\"wp_automatic_amazon_disclaimer\" title=\"Product prices and availability are accurate as of the date\/time indicated and are subject to change. Any price and availability information displayed on [relevant Amazon Site(s), as applicable] at the time of purchase will apply to the purchase of this product.\">Details<\/span>)<\/small><\/i><\/p>\n<p><a href=\"https:\/\/amazon.es\/dp\/B09CMFCJKY?tag=man008-21\"><img decoding=\"async\" src=\"https:\/\/valvepress.s3.amazonaws.com\/imgs\/buy_now.png\"><\/a><br \/>\n<\/p>\n<p>                                             From the manufacturer   <\/p>\n<p>                                                                                                       <img decoding=\"async\" alt=\"aplus content image\" src=\"https:\/\/images-na.ssl-images-amazon.com\/images\/G\/01\/x-locale\/common\/grey-pixel.gif\" class=\"a-lazy-loaded\" data-src=\"https:\/\/m.media-amazon.com\/images\/S\/aplus-media-library-service-media\/9bed0ca8-4770-4965-b5ad-655a4de91fc4.__CR0,0,1464,600_PT0_SX1464_V1___.jpg\"><img decoding=\"async\" alt=\"aplus content image\" src=\"https:\/\/m.media-amazon.com\/images\/S\/aplus-media-library-service-media\/9bed0ca8-4770-4965-b5ad-655a4de91fc4.__CR0,0,1464,600_PT0_SX1464_V1___.jpg\">                                         <\/p>\n<p class=\"aplus-description aplus-container-3 aplus-p1\"> Mejora tu hogar inteligente con WiFi 7 de doble banda (3600 Mbps) y AiMesh. Con seguridad ASUS y tecnolog\u00edas como red IoT, el RT-BE55 protege tu red 24\/7. Disfruta de conexi\u00f3n r\u00e1pida y segura. <\/p>\n<p>                                                                                              <img decoding=\"async\" alt=\"aplus content image\" src=\"https:\/\/images-na.ssl-images-amazon.com\/images\/G\/01\/x-locale\/common\/grey-pixel.gif\" class=\"a-lazy-loaded\" data-src=\"https:\/\/m.media-amazon.com\/images\/S\/aplus-media-library-service-media\/b8fca642-7f3d-44fe-9415-63af84a2665f.__CR0,0,650,350_PT0_SX650_V1___.jpg\"><img decoding=\"async\" alt=\"aplus content image\" src=\"https:\/\/m.media-amazon.com\/images\/S\/aplus-media-library-service-media\/b8fca642-7f3d-44fe-9415-63af84a2665f.__CR0,0,650,350_PT0_SX650_V1___.jpg\">                                            WiFi 7 para el hogar: m\u00e1s r\u00e1pido y m\u00e1s inteligente                                         <\/p>\n<p class=\"aplus-p3\"> El ASUS RT-BE55 cuenta con la tecnolog\u00eda WiFi 7 de \u00faltima generaci\u00f3n. Disfruta de velocidades de \u00faltima generaci\u00f3n y experiencias conectadas para el entretenimiento dom\u00e9stico y la computaci\u00f3n en la nube, incluyendo streaming 8K, juegos HDR, creaci\u00f3n de contenidos y red AI. <\/p>\n<p>                                           <img decoding=\"async\" alt=\"aplus content image\" src=\"https:\/\/images-na.ssl-images-amazon.com\/images\/G\/01\/x-locale\/common\/grey-pixel.gif\" class=\"a-lazy-loaded\" data-src=\"https:\/\/m.media-amazon.com\/images\/S\/aplus-media-library-service-media\/7c6b8ea4-7177-4656-b1cd-ab336cbc6978.__CR0,0,650,350_PT0_SX650_V1___.jpg\"><img decoding=\"async\" alt=\"aplus content image\" src=\"https:\/\/m.media-amazon.com\/images\/S\/aplus-media-library-service-media\/7c6b8ea4-7177-4656-b1cd-ab336cbc6978.__CR0,0,650,350_PT0_SX650_V1___.jpg\">                                            Puerto 2.5G de alta velocidad                                         <\/p>\n<p class=\"aplus-p3\"> El RT-BE55 incluye un puerto WAN de 2,5G para entretenimiento de alta velocidad, oficinas dom\u00e9sticas y backhaul Ethernet ultrarr\u00e1pido. <\/p>\n<p>                                                                                              <img decoding=\"async\" alt=\"aplus content image\" src=\"https:\/\/images-na.ssl-images-amazon.com\/images\/G\/01\/x-locale\/common\/grey-pixel.gif\" class=\"a-lazy-loaded\" data-src=\"https:\/\/m.media-amazon.com\/images\/S\/aplus-media-library-service-media\/1e41fed0-e6cf-4b96-ab43-4fcb8356c18e.__CR0,0,650,350_PT0_SX650_V1___.jpg\"><img decoding=\"async\" alt=\"aplus content image\" src=\"https:\/\/m.media-amazon.com\/images\/S\/aplus-media-library-service-media\/1e41fed0-e6cf-4b96-ab43-4fcb8356c18e.__CR0,0,650,350_PT0_SX650_V1___.jpg\">                                            WiFi 7 potenciando AiMesh                                         <\/p>\n<p class=\"aplus-p3\"> RT-BE55 aprovecha la potencia de WiFi 7 MLO en la tecnolog\u00eda AiMesh de pr\u00f3xima generaci\u00f3n, lo que proporciona una cobertura m\u00e1s amplia, una red m\u00e1s estable y segura y una experiencia de red con numerosas funciones, todo ello bajo un \u00fanico nombre de red para todo tu hogar inteligente. <\/p>\n<p>                                           <img decoding=\"async\" alt=\"aplus content image\" src=\"https:\/\/images-na.ssl-images-amazon.com\/images\/G\/01\/x-locale\/common\/grey-pixel.gif\" class=\"a-lazy-loaded\" data-src=\"https:\/\/m.media-amazon.com\/images\/S\/aplus-media-library-service-media\/13f8f889-d0bc-4517-8112-73b73326b171.__CR0,0,650,350_PT0_SX650_V1___.jpg\"><img decoding=\"async\" alt=\"aplus content image\" src=\"https:\/\/m.media-amazon.com\/images\/S\/aplus-media-library-service-media\/13f8f889-d0bc-4517-8112-73b73326b171.__CR0,0,650,350_PT0_SX650_V1___.jpg\">                                            Dise\u00f1ado para una conexi\u00f3n siempre activa                                         <\/p>\n<p class=\"aplus-p3\"> El robusto dise\u00f1o del ASUS RT-BE55 proporciona un rendimiento WiFi y de red de \u00faltima generaci\u00f3n y una fiabilidad superior. Con cuatro antenas externas y cuatro m\u00f3dulos frontales de alta potencia, elimina las zonas sin cobertura WiFi y proporciona se\u00f1ales fiables en todas las direcciones. <\/p>\n<p>                                                                                                       <img decoding=\"async\" alt=\"aplus content image\" src=\"https:\/\/images-na.ssl-images-amazon.com\/images\/G\/01\/x-locale\/common\/grey-pixel.gif\" class=\"a-lazy-loaded\" data-src=\"https:\/\/m.media-amazon.com\/images\/S\/aplus-media-library-service-media\/7b3eebe2-62af-4d90-bdc6-766b528ed1ab.__CR0,0,1464,600_PT0_SX1464_V1___.jpg\"><img decoding=\"async\" alt=\"aplus content image\" src=\"https:\/\/m.media-amazon.com\/images\/S\/aplus-media-library-service-media\/7b3eebe2-62af-4d90-bdc6-766b528ed1ab.__CR0,0,1464,600_PT0_SX1464_V1___.jpg\">                                                                                    Seguridad de la red                                        <\/p>\n<p class=\"aplus-p2 aplus-module-2-description\"> ASUS Network Security protege tu red 24\/7 con triple nivel de protecci\u00f3n y base de datos en la nube. Esta seguridad avanzada te asegura una experiencia sin preocupaciones ante las ciberamenazas. Disfruta de tu red con tranquilidad. <\/p>\n<p>                                                                                              <img decoding=\"async\" alt=\"aplus content image\" src=\"https:\/\/images-na.ssl-images-amazon.com\/images\/G\/01\/x-locale\/common\/grey-pixel.gif\" class=\"a-lazy-loaded\" data-src=\"https:\/\/m.media-amazon.com\/images\/S\/aplus-media-library-service-media\/0b5f47a0-ba24-4c74-b0b0-39598fe13f1d.__CR0,0,300,225_PT0_SX300_V1___.jpg\"><img decoding=\"async\" alt=\"aplus content image\" src=\"https:\/\/m.media-amazon.com\/images\/S\/aplus-media-library-service-media\/0b5f47a0-ba24-4c74-b0b0-39598fe13f1d.__CR0,0,300,225_PT0_SX300_V1___.jpg\">                                            Smart Home Master                                         <\/p>\n<p class=\"aplus-p3\"> ASUS Smart Home Master simplifica la gesti\u00f3n de subredes, facilitando la creaci\u00f3n o conexi\u00f3n a SSID dedicados con funciones avanzadas como VPN. <\/p>\n<p>                                           <img decoding=\"async\" alt=\"aplus content image\" src=\"https:\/\/images-na.ssl-images-amazon.com\/images\/G\/01\/x-locale\/common\/grey-pixel.gif\" class=\"a-lazy-loaded\" data-src=\"https:\/\/m.media-amazon.com\/images\/S\/aplus-media-library-service-media\/abb3b4eb-0f89-4700-8078-f438c56ab473.__CR0,0,300,225_PT0_SX300_V1___.jpg\"><img decoding=\"async\" alt=\"aplus content image\" src=\"https:\/\/m.media-amazon.com\/images\/S\/aplus-media-library-service-media\/abb3b4eb-0f89-4700-8078-f438c56ab473.__CR0,0,300,225_PT0_SX300_V1___.jpg\">                                            Red infantil                                         <\/p>\n<p class=\"aplus-p3\"> Crea un SSID solo para los ni\u00f1os para gestionar f\u00e1cilmente su tiempo de pantalla sin necesidad de configurar cada dispositivo individualmente. <\/p>\n<p>                                           <img decoding=\"async\" alt=\"aplus content image\" src=\"https:\/\/images-na.ssl-images-amazon.com\/images\/G\/01\/x-locale\/common\/grey-pixel.gif\" class=\"a-lazy-loaded\" data-src=\"https:\/\/m.media-amazon.com\/images\/S\/aplus-media-library-service-media\/24505dc6-fd47-49cc-8a5e-e48757eee5fa.__CR0,0,300,225_PT0_SX300_V1___.jpg\"><img decoding=\"async\" alt=\"aplus content image\" src=\"https:\/\/m.media-amazon.com\/images\/S\/aplus-media-library-service-media\/24505dc6-fd47-49cc-8a5e-e48757eee5fa.__CR0,0,300,225_PT0_SX300_V1___.jpg\">                                            Red IoT                                         <\/p>\n<p class=\"aplus-p3\"> Configura y gestiona todos tus dispositivos IoT bajo un \u00fanico SSID seguro para proporcionar una seguridad mejorada con protecci\u00f3n de nivel comercial. <\/p>\n<p>                                           <img decoding=\"async\" alt=\"aplus content image\" src=\"https:\/\/images-na.ssl-images-amazon.com\/images\/G\/01\/x-locale\/common\/grey-pixel.gif\" class=\"a-lazy-loaded\" data-src=\"https:\/\/m.media-amazon.com\/images\/S\/aplus-media-library-service-media\/40e5fe80-1850-4f5f-a708-26ca341543f4.__CR0,0,300,225_PT0_SX300_V1___.jpg\"><img decoding=\"async\" alt=\"aplus content image\" src=\"https:\/\/m.media-amazon.com\/images\/S\/aplus-media-library-service-media\/40e5fe80-1850-4f5f-a708-26ca341543f4.__CR0,0,300,225_PT0_SX300_V1___.jpg\">                                            Red VPN                                         <\/p>\n<p class=\"aplus-p3\"> Con\u00e9ctate a tu servicio VPN preferido a trav\u00e9s de una subred dedicada con un solo clic. <\/p>\n<p>                                                                                              <img decoding=\"async\" alt=\"aplus content image\" src=\"https:\/\/images-na.ssl-images-amazon.com\/images\/G\/01\/x-locale\/common\/grey-pixel.gif\" class=\"a-lazy-loaded\" data-src=\"https:\/\/m.media-amazon.com\/images\/S\/aplus-media-library-service-media\/9bd0861c-cf0c-406c-89dc-d57268e056a4.__CR0,0,650,350_PT0_SX650_V1___.jpg\"><img decoding=\"async\" alt=\"aplus content image\" src=\"https:\/\/m.media-amazon.com\/images\/S\/aplus-media-library-service-media\/9bd0861c-cf0c-406c-89dc-d57268e056a4.__CR0,0,650,350_PT0_SX650_V1___.jpg\">                                            Protecci\u00f3n y gesti\u00f3n de routers simplificadas                                         <\/p>\n<p class=\"aplus-p3\"> ASUS Network Security ofrece an\u00e1lisis de seguridad con un toque, ajustes y notificaciones. La app ASUS Router facilita la gesti\u00f3n de la red desde tu m\u00f3vil. Controla tu red f\u00e1cilmente. <\/p>\n<p>                                           <img decoding=\"async\" alt=\"Colecci\u00f3n de im\u00e1genes que muestran tabletas que muestran gr\u00e1ficos e interfaces de an\u00e1lisis, con personas que colaboran mientras ven las pantallas en un entorno de oficina.\" src=\"https:\/\/images-na.ssl-images-amazon.com\/images\/G\/01\/x-locale\/common\/grey-pixel.gif\" class=\"a-lazy-loaded\" data-src=\"https:\/\/m.media-amazon.com\/images\/S\/aplus-media-library-service-media\/613f92df-8510-40ab-87eb-4fa6e9b07644.__CR0,0,650,350_PT0_SX650_V1___.jpg\"><img decoding=\"async\" alt=\"Colecci\u00f3n de im\u00e1genes que muestran tabletas que muestran gr\u00e1ficos e interfaces de an\u00e1lisis, con personas que colaboran mientras ven las pantallas en un entorno de oficina.\" src=\"https:\/\/m.media-amazon.com\/images\/S\/aplus-media-library-service-media\/613f92df-8510-40ab-87eb-4fa6e9b07644.__CR0,0,650,350_PT0_SX650_V1___.jpg\">                                            Protecci\u00f3n familiar m\u00e1s segura e inteligente                                         <\/p>\n<p class=\"aplus-p3\"> La protecci\u00f3n familiar avanzada y los controles parentales te permiten cultivar una vida digital equilibrada para ti y tus hijos. <\/p>\n<p> Language                                            \u200f                                            :                                            \u200e                                            German, German, German, German, German   <br \/> Product Dimensions                                            \u200f                                            :                                            \u200e                                            23.8 x 19.3 x 5.9 cm; 446 g   <br \/> Manufacturer                                            \u200f                                            :                                            \u200e                                            ASUS   <br \/> ASIN                                            \u200f                                            :                                            \u200e                                            B09CMFCJKY   <br \/> Item model number                                            \u200f                                            :                                            \u200e                                            90IG0A80-MO3C00   <br \/> Country of origin                                            \u200f                                            :                                            \u200e                                            China   <br \/> Guaranteed software updates until                                            \u200f                                            :                                            \u200e                                            unknown   <br \/>  Customer reviews:                                                                                            4.0               4.0 out of 5 stars                                  (2)                                              var dpAcrHasRegisteredArcLinkClickAction;                    P.when(&#8216;A&#8217;, &#8216;ready&#8217;).execute(function(A) {                        if (dpAcrHasRegisteredArcLinkClickAction !== true) {                            dpAcrHasRegisteredArcLinkClickAction = true;                            A.declarative(                                &#8216;acrLink-click-metrics&#8217;, &#8216;click&#8217;,                                { \u00aballowLinkDefault\u00bb: true },                                function (event) {                                    if (window.ue) {                                        ue.count(\u00abacrLinkClickCount\u00bb, (ue.count(\u00abacrLinkClickCount\u00bb) || 0) + 1);                                    }                                }                            );                        }                    });                                             P.when(&#8216;A&#8217;, &#8216;cf&#8217;).execute(function(A) {                A.declarative(&#8216;acrStarsLink-click-metrics&#8217;, &#8216;click&#8217;, { \u00aballowLinkDefault\u00bb : true },  function(event){                    if(window.ue) {                        ue.count(\u00abacrStarsLinkWithPopoverClickCount\u00bb, (ue.count(\u00abacrStarsLinkWithPopoverClickCount\u00bb) || 0) + 1);                    }                });            });                          <\/p>\n<p>Ultra-fast WiFi 7: The expandable dual-band WiFi 7 (802.11be) router boosts speed up to 3600Mbps, with 4096-QAM, which multiplies the transmission speed of a single frequency band by 1.2.<br \/>Multi-link operation (MLO) for ultra-smooth connectivity: Connect to multiple bands at the same time to ensure stable internet connections and efficient data transfers.<br \/>Hassle-free AiMesh Expandable Networking &#8211; AiMesh expandable routers allow seamless roaming throughout the home with advanced and comprehensive features.<br \/>Commercial-grade network security: Network security with commercial-grade AiProtection, plus one-touch security analysis and safe browsing.<\/p>\n\n","protected":false},"excerpt":{"rendered":"<p> From the manufacturer Mejora tu hogar inteligente con WiFi 7 de doble banda (3600 Mbps)<\/p>","protected":false},"featured_media":23902,"comment_status":"open","ping_status":"closed","template":"","meta":[],"product_brand":[],"product_cat":[71],"product_tag":[2302,2080,7083,3394,850,2217,2084,962,242,298,2078,2670,2079,2081,2083,5155,4511,2082,1719,1175,153,2088,2085,7082,2096,1593,7084,2306,543,2076,2077],"class_list":{"0":"post-23901","1":"product","2":"type-product","3":"status-publish","4":"has-post-thumbnail","6":"product_cat-wifi-routers","7":"product_tag-2-5g","8":"product_tag-5ghz-router","9":"product_tag-802-11be","10":"product_tag-aimesh","11":"product_tag-asus","12":"product_tag-band","13":"product_tag-best-wifi-router","14":"product_tag-controls","15":"product_tag-devices","16":"product_tag-dual","17":"product_tag-dual-band-router","18":"product_tag-extendable","19":"product_tag-gaming-wifi-router","20":"product_tag-high-speed-router","21":"product_tag-home-wifi-router","22":"product_tag-iot","23":"product_tag-mbps","24":"product_tag-mesh-wifi-router","25":"product_tag-network","26":"product_tag-parental","27":"product_tag-port","28":"product_tag-router","29":"product_tag-router-price","30":"product_tag-rtbe55","31":"product_tag-security","32":"product_tag-smart","33":"product_tag-ssids","34":"product_tag-vpn","35":"product_tag-wifi","36":"product_tag-wifi-router","37":"product_tag-wireless-router","39":"first","40":"instock","41":"shipping-taxable","42":"product-type-external"},"_links":{"self":[{"href":"https:\/\/comprasyconsejos.store\/en\/wp-json\/wp\/v2\/product\/23901","targetHints":{"allow":["GET"]}}],"collection":[{"href":"https:\/\/comprasyconsejos.store\/en\/wp-json\/wp\/v2\/product"}],"about":[{"href":"https:\/\/comprasyconsejos.store\/en\/wp-json\/wp\/v2\/types\/product"}],"replies":[{"embeddable":true,"href":"https:\/\/comprasyconsejos.store\/en\/wp-json\/wp\/v2\/comments?post=23901"}],"version-history":[{"count":0,"href":"https:\/\/comprasyconsejos.store\/en\/wp-json\/wp\/v2\/product\/23901\/revisions"}],"wp:featuredmedia":[{"embeddable":true,"href":"https:\/\/comprasyconsejos.store\/en\/wp-json\/wp\/v2\/media\/23902"}],"wp:attachment":[{"href":"https:\/\/comprasyconsejos.store\/en\/wp-json\/wp\/v2\/media?parent=23901"}],"wp:term":[{"taxonomy":"product_brand","embeddable":true,"href":"https:\/\/comprasyconsejos.store\/en\/wp-json\/wp\/v2\/product_brand?post=23901"},{"taxonomy":"product_cat","embeddable":true,"href":"https:\/\/comprasyconsejos.store\/en\/wp-json\/wp\/v2\/product_cat?post=23901"},{"taxonomy":"product_tag","embeddable":true,"href":"https:\/\/comprasyconsejos.store\/en\/wp-json\/wp\/v2\/product_tag?post=23901"}],"curies":[{"name":"wp","href":"https:\/\/api.w.org\/{rel}","templated":true}]}}