{"id":23960,"date":"2026-02-19T02:57:03","date_gmt":"2026-02-19T02:57:03","guid":{"rendered":"https:\/\/comprasyconsejos.store\/product\/expression-xp-4200-a4-multifunction-inkjet-printer-with-wireless-connectivity-and-3-months-free-readyprint-flex-subscription\/"},"modified":"2026-02-19T02:57:11","modified_gmt":"2026-02-19T02:57:11","slug":"expression-xp-4200-a4-multifunction-inkjet-printer-with-wireless-connectivity-and-3-months-free-readyprint-flex-subscription","status":"publish","type":"product","link":"https:\/\/comprasyconsejos.store\/en\/product\/expression-xp-4200-a4-multifunction-inkjet-printer-with-wireless-connectivity-and-3-months-free-readyprint-flex-subscription\/","title":{"rendered":"Expression XP-4200 A4 Multifunction Inkjet Printer with Wireless Connectivity and 3 Months Free ReadyPrint Flex Subscription"},"content":{"rendered":"<p>Price: <span style=\"color:#b12704\">\u20ac98.97<\/span><br \/><i><small>(as of Feb 19, 2026 02:57:03 UTC &#8211; <span class=\"wp_automatic_amazon_disclaimer\" title=\"Product prices and availability are accurate as of the date\/time indicated and are subject to change. Any price and availability information displayed on [relevant Amazon Site(s), as applicable] at the time of purchase will apply to the purchase of this product.\">Details<\/span>)<\/small><\/i><\/p>\n<p><a href=\"https:\/\/amazon.es\/dp\/B0B8X4K8N9?tag=man008-21\"><img decoding=\"async\" src=\"https:\/\/valvepress.s3.amazonaws.com\/imgs\/buy_now.png\"><\/a><br \/>\n<\/p>\n<p>                                             From the brand   <\/p>\n<p>                                              <img decoding=\"async\" alt=\"Epson Brand Story Background\" src=\"https:\/\/images-na.ssl-images-amazon.com\/images\/G\/01\/x-locale\/common\/grey-pixel.gif\" class=\"a-lazy-loaded\" data-src=\"https:\/\/m.media-amazon.com\/images\/S\/aplus-media-library-service-media\/0160aeeb-56d8-4b3a-9a23-8b39cffa6cbc.__CR0,0,1464,625_PT0_SX1464_V1___.jpg\"><img decoding=\"async\" alt=\"Epson Brand Story Background\" src=\"https:\/\/m.media-amazon.com\/images\/S\/aplus-media-library-service-media\/0160aeeb-56d8-4b3a-9a23-8b39cffa6cbc.__CR0,0,1464,625_PT0_SX1464_V1___.jpg\">  <\/p>\n<p>                                              <img decoding=\"async\" alt=\"\" src=\"https:\/\/images-na.ssl-images-amazon.com\/images\/G\/01\/x-locale\/common\/grey-pixel.gif\" class=\"a-lazy-loaded\" data-src=\"https:\/\/m.media-amazon.com\/images\/S\/aplus-media-library-service-media\/e9c400d4-d8bc-485c-8be0-495b58477eeb.__CR0,0,315,145_PT0_SX315_V1___.jpg\"><img decoding=\"async\" alt=\"\" src=\"https:\/\/m.media-amazon.com\/images\/S\/aplus-media-library-service-media\/e9c400d4-d8bc-485c-8be0-495b58477eeb.__CR0,0,315,145_PT0_SX315_V1___.jpg\">  <\/p>\n<p> Descubre las soluciones Epson <\/p>\n<p> Como l\u00edder de tecnolog\u00eda global, Epson trabaja de forma   continua en la investigaci\u00f3n y desarrollo de tecnolog\u00edas innovadoras   orientadas al ahorro de energ\u00eda y al cumplimiento de nuestros est\u00e1ndares   medioambientales. <\/p>\n<h3> Epson EcoTank <\/h3>\n<p class=\"apm-brand-story-stores-link\">\n<h3> Impresoras Epson Expression <\/h3>\n<p class=\"apm-brand-story-stores-link\">\n<h3> Gama Epson WorkForce <\/h3>\n<p class=\"apm-brand-story-stores-link\">\n<h3> Tintas Epson <\/h3>\n<p class=\"apm-brand-story-stores-link\">\n<h3> Proyectores Epson <\/h3>\n<p class=\"apm-brand-story-stores-link\">\n<h3> Esc\u00e1neres Epson <\/h3>\n<p class=\"apm-brand-story-stores-link\">\n<p>                                              <img decoding=\"async\" alt=\"\" src=\"https:\/\/images-na.ssl-images-amazon.com\/images\/G\/01\/x-locale\/common\/grey-pixel.gif\" class=\"a-lazy-loaded\" data-src=\"https:\/\/m.media-amazon.com\/images\/S\/aplus-media-library-service-media\/0bccf052-9e78-48d7-b08b-395127d2a38f.__CR0,16,327,151_PT0_SX315_V1___.jpg\"><img decoding=\"async\" alt=\"\" src=\"https:\/\/m.media-amazon.com\/images\/S\/aplus-media-library-service-media\/0bccf052-9e78-48d7-b08b-395127d2a38f.__CR0,16,327,151_PT0_SX315_V1___.jpg\">  <\/p>\n<p> Creaci\u00f3n de un futuro mejor <\/p>\n<p> Trabajamos comprometidos para ofrecer valor a nuestros clientes  a trav\u00e9s de iniciativas respetuosas con el medio ambiente.    Reducimos el nivel de emisiones contaminantes y el consumo de papel y agua   mediante el desarrollo de productos respetuosos con el medio ambiente. <\/p>\n<p> *Visita el sitio web de Epson para m\u00e1s detalles. <\/p>\n<p> Batteries                                            \u200f                                            :                                            \u200e                                            AA batteries required.   <br \/> Is discontinued by manufacturer                                            \u200f                                            :                                            \u200e                                            No   <br \/> Language                                            \u200f                                            :                                            \u200e                                            French   <br \/> Product Dimensions                                            \u200f                                            :                                            \u200e                                            30 x 39 x 14.6 cm; 4.3 kg   <br \/> Manufacturer                                            \u200f                                            :                                            \u200e                                            Epson   <br \/> ASIN                                            \u200f                                            :                                            \u200e                                            B0B8X4K8N9   <br \/> Item model number                                            \u200f                                            :                                            \u200e                                            C11CK65403   <br \/> Country of origin                                            \u200f                                            :                                            \u200e                                            China   <br \/> Guaranteed software updates until                                            \u200f                                            :                                            \u200e                                            unknown   <br \/>  Customer reviews:                                                                                            4.1               4.1 out of 5 stars                                  (1,255)                                              var dpAcrHasRegisteredArcLinkClickAction;                    P.when(&#8216;A&#8217;, &#8216;ready&#8217;).execute(function(A) {                        if (dpAcrHasRegisteredArcLinkClickAction !== true) {                            dpAcrHasRegisteredArcLinkClickAction = true;                            A.declarative(                                &#8216;acrLink-click-metrics&#8217;, &#8216;click&#8217;,                                { \u00aballowLinkDefault\u00bb: true },                                function (event) {                                    if (window.ue) {                                        ue.count(\u00abacrLinkClickCount\u00bb, (ue.count(\u00abacrLinkClickCount\u00bb) || 0) + 1);                                    }                                }                            );                        }                    });                                             P.when(&#8216;A&#8217;, &#8216;cf&#8217;).execute(function(A) {                A.declarative(&#8216;acrStarsLink-click-metrics&#8217;, &#8216;click&#8217;, { \u00aballowLinkDefault\u00bb : true },  function(event){                    if(window.ue) {                        ue.count(\u00abacrStarsLinkWithPopoverClickCount\u00bb, (ue.count(\u00abacrStarsLinkWithPopoverClickCount\u00bb) || 0) + 1);                    }                });            });                          <\/p>\n<p>Stylish and stylish &#8211; This affordable model makes the most of the available space by combining print, scanning and copying in one device.<br \/>Ease of Use With a wide variety of easy-to-use essential features, the XP-4200 lets you print and scan wirelessly from anywhere, and Wi-Fi Direct lets you print without connecting to a wireless network. Its 6 cm LCD screen allows for easy copying and printing without the need for a PC, and with double-sided printing you reduce paper cost.<br \/>Flexible wireless solutions &#8211; Print, scan and more directly from your mobile or tablet with the Epson Smart Panel app*. Plus, with the Epson Creative Print app, you can print photos directly from Facebook, create greeting cards, and more.<br \/>An affordable solution &#8211; Epson Pineapple 604 four-color ink set provides precise, sharp copies with minimal expense. Plus, they reduce printing costs with individual and affordable inks on standard and XL cartridges.<br \/>3 months free ReadyPrint Flex subscription* &#8211; For new customers, you can get the first 3 months free by signing up with code AMAZON3. Subscribe and save up to 70% on ink costs* with ReadyPrint Flex and never run out of it again. Your printer&#8217;s ink levels are monitored so you receive replacement ink directly to your doorstep before you run out!<\/p>\n\n","protected":false},"excerpt":{"rendered":"<p> From the brand Descubre las soluciones Epson Como l\u00edder de tecnolog\u00eda global, Epson trabaja de<\/p>","protected":false},"featured_media":23961,"comment_status":"open","ping_status":"closed","template":"","meta":[],"product_brand":[],"product_cat":[58],"product_tag":[1973,1967,1975,1968,1143,1972,4166,1971,1558,2537,1961,1964,1974,2150,2189,1970,1962,6053,1157,226,1969,4167],"class_list":{"0":"post-23960","1":"product","2":"type-product","3":"status-publish","4":"has-post-thumbnail","6":"product_cat-laser-printers","7":"product_tag-best-laser-printer","8":"product_tag-black-and-white-laser-printer","9":"product_tag-business-laser-printer","10":"product_tag-color-laser-printer","11":"product_tag-connectivity","12":"product_tag-duplex-laser-printer","13":"product_tag-expression","14":"product_tag-fast-laser-printer","15":"product_tag-flex","16":"product_tag-free","17":"product_tag-inkjet","18":"product_tag-laser-printer","19":"product_tag-laser-printer-price","20":"product_tag-months","21":"product_tag-multifunction","22":"product_tag-office-laser-printer","23":"product_tag-printer","24":"product_tag-readyprint","25":"product_tag-subscription","26":"product_tag-wireless","27":"product_tag-wireless-laser-printer","28":"product_tag-xp4200","30":"first","31":"instock","32":"shipping-taxable","33":"product-type-external"},"_links":{"self":[{"href":"https:\/\/comprasyconsejos.store\/en\/wp-json\/wp\/v2\/product\/23960","targetHints":{"allow":["GET"]}}],"collection":[{"href":"https:\/\/comprasyconsejos.store\/en\/wp-json\/wp\/v2\/product"}],"about":[{"href":"https:\/\/comprasyconsejos.store\/en\/wp-json\/wp\/v2\/types\/product"}],"replies":[{"embeddable":true,"href":"https:\/\/comprasyconsejos.store\/en\/wp-json\/wp\/v2\/comments?post=23960"}],"version-history":[{"count":0,"href":"https:\/\/comprasyconsejos.store\/en\/wp-json\/wp\/v2\/product\/23960\/revisions"}],"wp:featuredmedia":[{"embeddable":true,"href":"https:\/\/comprasyconsejos.store\/en\/wp-json\/wp\/v2\/media\/23961"}],"wp:attachment":[{"href":"https:\/\/comprasyconsejos.store\/en\/wp-json\/wp\/v2\/media?parent=23960"}],"wp:term":[{"taxonomy":"product_brand","embeddable":true,"href":"https:\/\/comprasyconsejos.store\/en\/wp-json\/wp\/v2\/product_brand?post=23960"},{"taxonomy":"product_cat","embeddable":true,"href":"https:\/\/comprasyconsejos.store\/en\/wp-json\/wp\/v2\/product_cat?post=23960"},{"taxonomy":"product_tag","embeddable":true,"href":"https:\/\/comprasyconsejos.store\/en\/wp-json\/wp\/v2\/product_tag?post=23960"}],"curies":[{"name":"wp","href":"https:\/\/api.w.org\/{rel}","templated":true}]}}