{"id":23970,"date":"2026-02-19T03:00:09","date_gmt":"2026-02-19T03:00:09","guid":{"rendered":"https:\/\/comprasyconsejos.store\/product\/canon-pixma-tr4755i-4-in-1-multifunction-printer-compatible-with-pixma-print-plan-scan-and-copy-wifi-automatic-double-sided-printing-black-includes-a4-photo-paper-gp-501-5-sheets\/"},"modified":"2026-02-19T03:00:11","modified_gmt":"2026-02-19T03:00:11","slug":"canon-pixma-tr4755i-4-in-1-multifunction-printer-compatible-with-pixma-print-plan-scan-and-copy-wifi-automatic-double-sided-printing-black-includes-a4-photo-paper-gp-501-5-sheets","status":"publish","type":"product","link":"https:\/\/comprasyconsejos.store\/en\/product\/canon-pixma-tr4755i-4-in-1-multifunction-printer-compatible-with-pixma-print-plan-scan-and-copy-wifi-automatic-double-sided-printing-black-includes-a4-photo-paper-gp-501-5-sheets\/","title":{"rendered":"Canon Pixma TR4755i 4-in-1 Multifunction Printer, Compatible with Pixma Print Plan, Scan and Copy, WiFi, Automatic Double-Sided Printing, Black \u2013 Includes A4 Photo Paper GP-501, 5 Sheets"},"content":{"rendered":"<p>Price: <span style=\"color:#b12704\">\u20ac64.49<\/span><br \/><i><small>(as of Feb 19, 2026 03:00:10 UTC &#8211; <span class=\"wp_automatic_amazon_disclaimer\" title=\"Product prices and availability are accurate as of the date\/time indicated and are subject to change. Any price and availability information displayed on [relevant Amazon Site(s), as applicable] at the time of purchase will apply to the purchase of this product.\">Details<\/span>)<\/small><\/i><\/p>\n<p><a href=\"https:\/\/amazon.es\/dp\/B0FJSLRQMK?tag=man008-21\"><img decoding=\"async\" src=\"https:\/\/valvepress.s3.amazonaws.com\/imgs\/buy_now.png\"><\/a><br \/>\n<\/p>\n<p>                                             From the manufacturer   <\/p>\n<p>                                                                                                       <img decoding=\"async\" alt=\"El texto dice \u00abCanon\u00bb. Imagen promocional de fondo rojo que muestra el equipo de c\u00e1mara y los efectos de iluminaci\u00f3n.\" src=\"https:\/\/images-na.ssl-images-amazon.com\/images\/G\/01\/x-locale\/common\/grey-pixel.gif\" class=\"a-lazy-loaded\" data-src=\"https:\/\/m.media-amazon.com\/images\/S\/aplus-media-library-service-media\/5ac7dfe9-e9be-4d04-88b4-5f5c22d17ae0.__CR0,0,3000,1230_PT0_SX1464_V1___.jpg\"><img decoding=\"async\" alt=\"El texto dice \u00abCanon\u00bb. Imagen promocional de fondo rojo que muestra el equipo de c\u00e1mara y los efectos de iluminaci\u00f3n.\" src=\"https:\/\/m.media-amazon.com\/images\/S\/aplus-media-library-service-media\/5ac7dfe9-e9be-4d04-88b4-5f5c22d17ae0.__CR0,0,3000,1230_PT0_SX1464_V1___.jpg\">                                               <\/p>\n<p>                                                                                                       <img decoding=\"async\" alt=\"El texto dice \u00abIMPRESIONES QUE DURAN TODA LA VIDA\u00bb. Colecci\u00f3n de fotos que muestran el proceso de creaci\u00f3n art\u00edstica o impresi\u00f3n con diversos materiales y equipos.\" src=\"https:\/\/images-na.ssl-images-amazon.com\/images\/G\/01\/x-locale\/common\/grey-pixel.gif\" class=\"a-lazy-loaded\" data-src=\"https:\/\/m.media-amazon.com\/images\/S\/aplus-media-library-service-media\/aa5651c7-4e97-4eee-b810-b6b6e0044a8a.__CR0,0,3000,1230_PT0_SX1464_V1___.jpg\"><img decoding=\"async\" alt=\"El texto dice \u00abIMPRESIONES QUE DURAN TODA LA VIDA\u00bb. Colecci\u00f3n de fotos que muestran el proceso de creaci\u00f3n art\u00edstica o impresi\u00f3n con diversos materiales y equipos.\" src=\"https:\/\/m.media-amazon.com\/images\/S\/aplus-media-library-service-media\/aa5651c7-4e97-4eee-b810-b6b6e0044a8a.__CR0,0,3000,1230_PT0_SX1464_V1___.jpg\">                                               <\/p>\n<p>                                                                                  <img decoding=\"async\" alt=\"El texto dice &amp;#39;DISE\u00d1ADA PARA CUMPLIR SIEMPRE&amp;#39;. Banner rojo que muestra dispositivos electr\u00f3nicos e im\u00e1genes promocionales.\" src=\"https:\/\/m.media-amazon.com\/images\/S\/aplus-media-library-service-media\/0a8280d3-0c24-4365-8543-18ecb73f8bf8.__CR0,0,3000,1230_PT0_SX1464_V1___.jpg\">       <\/p>\n<p>                                                                                  <img decoding=\"async\" alt=\"El texto dice: \u00abIMPRESORAS PARA OFICINAS DOM\u00c9STICAS\u00bb. Muestra la configuraci\u00f3n del espacio de trabajo con la configuraci\u00f3n de la impresora y el escritorio.\" src=\"https:\/\/m.media-amazon.com\/images\/S\/aplus-media-library-service-media\/906836f7-f67a-481e-8c9b-fc743ff89942.__CR0,0,3000,1230_PT0_SX1464_V1___.jpg\">       <\/p>\n<p>                                                                                  <img decoding=\"async\" alt=\"El texto dice \u00abEMPRESAS FOTOGR\u00c1FICAS\u00bb y \u00abDOM\u00c9STICAS\u00bb. Colecci\u00f3n de escenas dom\u00e9sticas que muestran actividades de cocina y preparaci\u00f3n de alimentos.\" src=\"https:\/\/m.media-amazon.com\/images\/S\/aplus-media-library-service-media\/9dfa5026-dae6-4bf9-ae9a-6c72b7c56f9c.__CR0,0,3000,1230_PT0_SX1464_V1___.jpg\">       <\/p>\n<p>                                                                                  <img decoding=\"async\" alt=\"El texto dice \u00abIMPRESORAS DOM\u00c9STICAS\u00bb. Se muestran varias impresoras en entornos de oficina dom\u00e9stica con papeles y accesorios de escritorio.\" src=\"https:\/\/m.media-amazon.com\/images\/S\/aplus-media-library-service-media\/775dfcd2-a610-4c86-9e21-975e6521b36e.__CR0,0,3000,1230_PT0_SX1464_V1___.jpg\">       <\/p>\n<p>                                                                                                       <img decoding=\"async\" alt=\"El texto dice \u00abFIABLE Y F\u00c1CIL DE USAR\u00bb. La impresora negra se muestra sobre el escritorio con materiales impresos, mostrando la funcionalidad de la impresora.\" src=\"https:\/\/images-na.ssl-images-amazon.com\/images\/G\/01\/x-locale\/common\/grey-pixel.gif\" class=\"a-lazy-loaded\" data-src=\"https:\/\/m.media-amazon.com\/images\/S\/aplus-media-library-service-media\/676fc5c7-58ad-4a16-9beb-a8ea8e9eb785.__CR0,0,3000,1230_PT0_SX1464_V1___.jpg\"><img decoding=\"async\" alt=\"El texto dice \u00abFIABLE Y F\u00c1CIL DE USAR\u00bb. La impresora negra se muestra sobre el escritorio con materiales impresos, mostrando la funcionalidad de la impresora.\" src=\"https:\/\/m.media-amazon.com\/images\/S\/aplus-media-library-service-media\/676fc5c7-58ad-4a16-9beb-a8ea8e9eb785.__CR0,0,3000,1230_PT0_SX1464_V1___.jpg\">                                               <\/p>\n<p>                                                                                                       <img decoding=\"async\" alt=\"aplus content image\" src=\"https:\/\/images-na.ssl-images-amazon.com\/images\/G\/01\/x-locale\/common\/grey-pixel.gif\" class=\"a-lazy-loaded\" data-src=\"https:\/\/m.media-amazon.com\/images\/S\/aplus-media-library-service-media\/a697e7c1-4d30-4a3d-b62b-ce53492e5468.__CR0,0,3000,1230_PT0_SX1464_V1___.jpg\"><img decoding=\"async\" alt=\"aplus content image\" src=\"https:\/\/m.media-amazon.com\/images\/S\/aplus-media-library-service-media\/a697e7c1-4d30-4a3d-b62b-ce53492e5468.__CR0,0,3000,1230_PT0_SX1464_V1___.jpg\">                                               <\/p>\n<p>                                                                                                       <img decoding=\"async\" alt=\"El texto dice \u00abAPPS PARA TU IMPRESORA\u00bb. Muestra la interfaz del dispositivo m\u00f3vil en la que se muestran las funciones de control de la impresora y las opciones de conectividad.\" src=\"https:\/\/images-na.ssl-images-amazon.com\/images\/G\/01\/x-locale\/common\/grey-pixel.gif\" class=\"a-lazy-loaded\" data-src=\"https:\/\/m.media-amazon.com\/images\/S\/aplus-media-library-service-media\/3eb51101-cd82-48e9-9ff2-3a786ec5b9f9.__CR0,0,3000,1230_PT0_SX1464_V1___.jpg\"><img decoding=\"async\" alt=\"El texto dice \u00abAPPS PARA TU IMPRESORA\u00bb. Muestra la interfaz del dispositivo m\u00f3vil en la que se muestran las funciones de control de la impresora y las opciones de conectividad.\" src=\"https:\/\/m.media-amazon.com\/images\/S\/aplus-media-library-service-media\/3eb51101-cd82-48e9-9ff2-3a786ec5b9f9.__CR0,0,3000,1230_PT0_SX1464_V1___.jpg\">                                               <\/p>\n<p>                                                                                                       <img decoding=\"async\" alt=\"aplus content image\" src=\"https:\/\/images-na.ssl-images-amazon.com\/images\/G\/01\/x-locale\/common\/grey-pixel.gif\" class=\"a-lazy-loaded\" data-src=\"https:\/\/m.media-amazon.com\/images\/S\/aplus-media-library-service-media\/194b6180-5a48-431e-9a95-f5a54f61a104.__CR0,0,3000,1230_PT0_SX1464_V1___.jpg\"><img decoding=\"async\" alt=\"aplus content image\" src=\"https:\/\/m.media-amazon.com\/images\/S\/aplus-media-library-service-media\/194b6180-5a48-431e-9a95-f5a54f61a104.__CR0,0,3000,1230_PT0_SX1464_V1___.jpg\">                                               <\/p>\n<p> Batteries                                            \u200f                                            :                                            \u200e                                            1 AAAA batteries required.   <br \/> Language                                            \u200f                                            :                                            \u200e                                            Spanish   <br \/> Product Dimensions                                            \u200f                                            :                                            \u200e                                            29.5 x 43.5 x 18.9 cm; 5.8 kg   <br \/> Manufacturer                                            \u200f                                            :                                            \u200e                                            Canon   <br \/> ASIN                                            \u200f                                            :                                            \u200e                                            B0FJSLRQMK   <br \/> Item model number                                            \u200f                                            :                                            \u200e                                            TR4755i   <br \/> Guaranteed software updates until                                            \u200f                                            :                                            \u200e                                            unknown   <br \/>  Customer reviews:                                                                                            4.3               4.3 out of 5 stars                                  (125)                                              var dpAcrHasRegisteredArcLinkClickAction;                    P.when(&#8216;A&#8217;, &#8216;ready&#8217;).execute(function(A) {                        if (dpAcrHasRegisteredArcLinkClickAction !== true) {                            dpAcrHasRegisteredArcLinkClickAction = true;                            A.declarative(                                &#8216;acrLink-click-metrics&#8217;, &#8216;click&#8217;,                                { \u00aballowLinkDefault\u00bb: true },                                function (event) {                                    if (window.ue) {                                        ue.count(\u00abacrLinkClickCount\u00bb, (ue.count(\u00abacrLinkClickCount\u00bb) || 0) + 1);                                    }                                }                            );                        }                    });                                             P.when(&#8216;A&#8217;, &#8216;cf&#8217;).execute(function(A) {                A.declarative(&#8216;acrStarsLink-click-metrics&#8217;, &#8216;click&#8217;, { \u00aballowLinkDefault\u00bb : true },  function(event){                    if(window.ue) {                        ue.count(\u00abacrStarsLinkWithPopoverClickCount\u00bb, (ue.count(\u00abacrStarsLinkWithPopoverClickCount\u00bb) || 0) + 1);                    }                });            });                          <\/p>\n<p>DON&#8217;T STAY OUT OF INK: Subscribe to the Pixma Print Plan subscription plan for automatic ink delivery to your door before it runs out, with different plans to suit your use. Includes A4 GP-501 Photo Paper, 5 Sheets<br \/>SMART PRINTER CONTROL: Control the functions of your Canon TR4755i printer from a Wi-Fi enabled mobile device and the Canon PRINT, AirPrint (iOS) and Mopria (Android) app; Easily switch to Wireless Direct when you&#8217;re not connected to Wi-Fi.<br \/>ANYTIME IN THE CLOUD: With Wi-Fi connectivity, you can easily scan and print from cloud storage using the Canon PRINT app via PIXMA Cloud Link.<br \/>GREATER PRODUCTIVITY: Benefit from automatic two-sided printing, copying and scanning, thanks to the 20-sheet automatic document feeder (ADF), and quickly print borderless photos in 10cm x 15cm format directly from the printer.<br \/>HOME OFFICE: This compact 4-in-1 color printer offers fast, high-quality printing from mobile devices, as well as scanning and copying options for maximum productivity in small offices and at home.<\/p>\n\n","protected":false},"excerpt":{"rendered":"<p> From the manufacturer Batteries \u200f : \u200e 1 AAAA batteries required. Language \u200f : \u200e<\/p>","protected":false},"featured_media":23971,"comment_status":"open","ping_status":"closed","template":"","meta":[],"product_brand":[],"product_cat":[57],"product_tag":[1585,1963,2140,307,2184,2134,2126,201,3476,5376,7096,2129,1196,1953,2145,2142,2189,2143,1965,2194,2132,2185,5374,1958,1962,2276,3475,2318,5858,543,2136],"class_list":{"0":"post-23970","1":"product","2":"type-product","3":"status-publish","4":"has-post-thumbnail","6":"product_cat-inkjet-printers","7":"product_tag-4in1","8":"product_tag-automatic","9":"product_tag-best-inkjet-printer","10":"product_tag-black","11":"product_tag-canon","12":"product_tag-cheap-inkjet-printer","13":"product_tag-color-inkjet-printer","14":"product_tag-compatible","15":"product_tag-copy","16":"product_tag-doublesided","17":"product_tag-gp501","18":"product_tag-home-inkjet-printer","19":"product_tag-includes","20":"product_tag-ink-tank-printer","21":"product_tag-inkjet-printer","22":"product_tag-inkjet-printer-price","23":"product_tag-multifunction","24":"product_tag-office-inkjet-printer","25":"product_tag-paper","26":"product_tag-photo","27":"product_tag-photo-inkjet-printer","28":"product_tag-pixma","29":"product_tag-plan","30":"product_tag-print","31":"product_tag-printer","32":"product_tag-printing","33":"product_tag-scan","34":"product_tag-sheets","35":"product_tag-tr4755i","36":"product_tag-wifi","37":"product_tag-wireless-inkjet-printer","39":"first","40":"instock","41":"shipping-taxable","42":"product-type-external"},"_links":{"self":[{"href":"https:\/\/comprasyconsejos.store\/en\/wp-json\/wp\/v2\/product\/23970","targetHints":{"allow":["GET"]}}],"collection":[{"href":"https:\/\/comprasyconsejos.store\/en\/wp-json\/wp\/v2\/product"}],"about":[{"href":"https:\/\/comprasyconsejos.store\/en\/wp-json\/wp\/v2\/types\/product"}],"replies":[{"embeddable":true,"href":"https:\/\/comprasyconsejos.store\/en\/wp-json\/wp\/v2\/comments?post=23970"}],"version-history":[{"count":0,"href":"https:\/\/comprasyconsejos.store\/en\/wp-json\/wp\/v2\/product\/23970\/revisions"}],"wp:featuredmedia":[{"embeddable":true,"href":"https:\/\/comprasyconsejos.store\/en\/wp-json\/wp\/v2\/media\/23971"}],"wp:attachment":[{"href":"https:\/\/comprasyconsejos.store\/en\/wp-json\/wp\/v2\/media?parent=23970"}],"wp:term":[{"taxonomy":"product_brand","embeddable":true,"href":"https:\/\/comprasyconsejos.store\/en\/wp-json\/wp\/v2\/product_brand?post=23970"},{"taxonomy":"product_cat","embeddable":true,"href":"https:\/\/comprasyconsejos.store\/en\/wp-json\/wp\/v2\/product_cat?post=23970"},{"taxonomy":"product_tag","embeddable":true,"href":"https:\/\/comprasyconsejos.store\/en\/wp-json\/wp\/v2\/product_tag?post=23970"}],"curies":[{"name":"wp","href":"https:\/\/api.w.org\/{rel}","templated":true}]}}