{"id":23986,"date":"2026-02-19T03:07:10","date_gmt":"2026-02-19T03:07:10","guid":{"rendered":"https:\/\/comprasyconsejos.store\/product\/aoc-24b31h-monitor-24-fhd-wled-120-hz-ips-1-ms-mprt-adaptive-sync-blue-light-1920x1080-1x-d-sub-1x-hdmi-1-4-black\/"},"modified":"2026-02-19T03:07:13","modified_gmt":"2026-02-19T03:07:13","slug":"aoc-24b31h-monitor-24-fhd-wled-120-hz-ips-1-ms-mprt-adaptive-sync-blue-light-1920x1080-1x-d-sub-1x-hdmi-1-4-black","status":"publish","type":"product","link":"https:\/\/comprasyconsejos.store\/en\/product\/aoc-24b31h-monitor-24-fhd-wled-120-hz-ips-1-ms-mprt-adaptive-sync-blue-light-1920x1080-1x-d-sub-1x-hdmi-1-4-black\/","title":{"rendered":"AOC 24B31H Monitor 24&#8243; FHD, WLED, 120 Hz, IPS, 1 ms MPRT, Adaptive Sync., Blue Light (1920X1080, 1x D-Sub, 1x HDMI 1.4) Black"},"content":{"rendered":"<p>Price: <span style=\"color:#b12704\">\u20ac84.52<\/span><br \/><i><small>(as of Feb 19, 2026 03:07:10 UTC &#8211; <span class=\"wp_automatic_amazon_disclaimer\" title=\"Product prices and availability are accurate as of the date\/time indicated and are subject to change. Any price and availability information displayed on [relevant Amazon Site(s), as applicable] at the time of purchase will apply to the purchase of this product.\">Details<\/span>)<\/small><\/i><\/p>\n<p><a href=\"https:\/\/amazon.es\/dp\/B0F1YWFNBT?tag=man008-21\"><img decoding=\"async\" src=\"https:\/\/valvepress.s3.amazonaws.com\/imgs\/buy_now.png\"><\/a><br \/>\n<\/p>\n<p>                                             From the manufacturer   <\/p>\n<p>                                                  <img decoding=\"async\" alt=\"altTextForImage\" src=\"https:\/\/images-na.ssl-images-amazon.com\/images\/G\/01\/x-locale\/common\/grey-pixel.gif\" class=\"a-lazy-loaded\" data-src=\"https:\/\/m.media-amazon.com\/images\/S\/aplus-media-library-service-media\/45e26aee-6a91-4191-863a-473bd4458ec9.__CR0,0,970,300_PT0_SX970_V1___.jpg\"><img decoding=\"async\" alt=\"altTextForImage\" src=\"https:\/\/m.media-amazon.com\/images\/S\/aplus-media-library-service-media\/45e26aee-6a91-4191-863a-473bd4458ec9.__CR0,0,970,300_PT0_SX970_V1___.jpg\">  <\/p>\n<h3> Monitor 24B31H <\/h3>\n<p> Potencia tu vista, con\u00e9ctate de forma inteligente <\/p>\n<p>                                                      <img decoding=\"async\" alt=\"altTextForImage\" src=\"https:\/\/images-na.ssl-images-amazon.com\/images\/G\/01\/x-locale\/common\/grey-pixel.gif\" class=\"a-spacing-mini a-lazy-loaded\" data-src=\"https:\/\/m.media-amazon.com\/images\/S\/aplus-media-library-service-media\/526e3f81-c81d-4638-9165-f88aa7bdeef1.__CR0,0,300,400_PT0_SX300_V1___.jpg\"><img decoding=\"async\" alt=\"altTextForImage\" src=\"https:\/\/m.media-amazon.com\/images\/S\/aplus-media-library-service-media\/526e3f81-c81d-4638-9165-f88aa7bdeef1.__CR0,0,300,400_PT0_SX300_V1___.jpg\">  <\/p>\n<p>                                                              <img decoding=\"async\" alt=\"altTextForImage\" src=\"https:\/\/images-na.ssl-images-amazon.com\/images\/G\/01\/x-locale\/common\/grey-pixel.gif\" class=\"a-spacing-mini a-lazy-loaded\" data-src=\"https:\/\/m.media-amazon.com\/images\/S\/aplus-media-library-service-media\/76947ba5-7476-4748-bf5f-c3fd523de2ef.__CR0,0,350,175_PT0_SX350_V1___.jpg\"><img decoding=\"async\" alt=\"altTextForImage\" src=\"https:\/\/m.media-amazon.com\/images\/S\/aplus-media-library-service-media\/76947ba5-7476-4748-bf5f-c3fd523de2ef.__CR0,0,350,175_PT0_SX350_V1___.jpg\">                                                                                                   Tama\u00f1o de la pantalla (pulgadas): 23.8       Resoluci\u00f3n del panel: 1920&#215;1080       Frecuencia de actualizaci\u00f3n: 120 Hz       Tecnolog\u00eda de sincronizaci\u00f3n (VRR): Adaptive sync       Tiempo de respuesta MPRT: 1 ms       <\/p>\n<p>                                                                                         Pantalla Full HD de 24&#8243; con 120 Hz y Adaptive Sync                                     <\/p>\n<p class=\"a-spacing-base\"> El AOC 24B31H tiene una pantalla Full HD de 24&#8243; con una frecuencia de actualizaci\u00f3n de 120 Hz, MPRT de 1 ms y sincronizaci\u00f3n Adaptive Sync. Consigue im\u00e1genes fluidas y gran capacidad de respuesta. Mejorado con tecnolog\u00eda de baja luz azul, sin parpadeo y un dise\u00f1o sin marco de 3 lados, garantiza comodidad visual y una experiencia visual inmersiva. <\/p>\n<p class=\"apm-text-center\">\n                                                      <img decoding=\"async\" alt=\"altTextForImage\" src=\"https:\/\/images-na.ssl-images-amazon.com\/images\/G\/01\/x-locale\/common\/grey-pixel.gif\" class=\"a-spacing-mini a-lazy-loaded\" data-src=\"https:\/\/m.media-amazon.com\/images\/S\/aplus-media-library-service-media\/cee1ccaf-6738-448b-a797-e734ab1d6aec.__CR0,0,860,860_PT0_SX300_V1___.jpg\"><img decoding=\"async\" alt=\"altTextForImage\" src=\"https:\/\/m.media-amazon.com\/images\/S\/aplus-media-library-service-media\/cee1ccaf-6738-448b-a797-e734ab1d6aec.__CR0,0,860,860_PT0_SX300_V1___.jpg\">  <\/p>\n<p>                                                    120Hz Tasa de Refresco                                       <\/p>\n<p> Equ\u00edpate con una frecuencia de fotogramas dos veces superior a la de otros monitores y desp\u00eddete de los seccionamientos de imagen y los movimientos borrosos. Con una frecuencia de actualizaci\u00f3n de 120 Hz cada fotograma se procesa con gran precisi\u00f3n y en suave sucesi\u00f3n, por lo que puedes alinear tus disparos con precisi\u00f3n y apreciar las carreras de alta velocidad en todo su esplendor. <\/p>\n<p class=\"apm-text-center\">\n                                                      <img decoding=\"async\" alt=\"altTextForImage\" src=\"https:\/\/images-na.ssl-images-amazon.com\/images\/G\/01\/x-locale\/common\/grey-pixel.gif\" class=\"a-spacing-mini a-lazy-loaded\" data-src=\"https:\/\/m.media-amazon.com\/images\/S\/aplus-media-library-service-media\/a725aa35-306d-4d38-8435-d3f57282fc9f.__CR0,0,860,860_PT0_SX300_V1___.jpg\"><img decoding=\"async\" alt=\"altTextForImage\" src=\"https:\/\/m.media-amazon.com\/images\/S\/aplus-media-library-service-media\/a725aa35-306d-4d38-8435-d3f57282fc9f.__CR0,0,860,860_PT0_SX300_V1___.jpg\">  <\/p>\n<p>                                                    Tiempo de respuesta MPRT de 1 ms                                       <\/p>\n<p> El monitor AOC con respuesta MPRT de 1 ms reduce significativamente el desenfoque del movimiento, haciendo que la acci\u00f3n de ritmo r\u00e1pido se vea n\u00edtida y clara, brindando una ventaja en juegos sensibles a la reacci\u00f3n. M\u00e1s que velocidad, el monitor AOC con MPRT de 1 ms es un movimiento fluido y fluido que te sumerge en el mundo virtual. Ya sea que navegues por un juego de carreras de ritmo r\u00e1pido o participes en una batalla de alto riesgo, cada milisegundo cuenta. <\/p>\n<p class=\"apm-text-center\">\n                                                      <img decoding=\"async\" alt=\"altTextForImage\" src=\"https:\/\/images-na.ssl-images-amazon.com\/images\/G\/01\/x-locale\/common\/grey-pixel.gif\" class=\"a-spacing-mini a-lazy-loaded\" data-src=\"https:\/\/m.media-amazon.com\/images\/S\/aplus-media-library-service-media\/31d989f3-d713-4905-8963-97b1267a6882.__CR0,0,860,860_PT0_SX300_V1___.jpg\"><img decoding=\"async\" alt=\"altTextForImage\" src=\"https:\/\/m.media-amazon.com\/images\/S\/aplus-media-library-service-media\/31d989f3-d713-4905-8963-97b1267a6882.__CR0,0,860,860_PT0_SX300_V1___.jpg\">  <\/p>\n<p>                                                    Adaptive sync                                       <\/p>\n<p> La sincronizaci\u00f3n adaptativa hace coincidir la tasa de refresco vertical de tu monitor con la velocidad de fotogramas de la GPU para eliminar el stuttering, el tearing y los temblores, y que la experiencia de juego y de ocio sea a\u00fan m\u00e1s fluida. Esta funci\u00f3n tambi\u00e9n es \u00fatil para disfrutar de v\u00eddeos y otros medios de entretenimiento de una forma m\u00e1s fluida. <\/p>\n<p class=\"apm-text-center\">\n                                                      <img decoding=\"async\" alt=\"altTextForImage\" src=\"https:\/\/images-na.ssl-images-amazon.com\/images\/G\/01\/x-locale\/common\/grey-pixel.gif\" class=\"a-spacing-mini a-lazy-loaded\" data-src=\"https:\/\/m.media-amazon.com\/images\/S\/aplus-media-library-service-media\/fbdff3cb-59d1-4f40-a3ad-289150b2a114.__CR0,0,860,860_PT0_SX300_V1___.jpg\"><img decoding=\"async\" alt=\"altTextForImage\" src=\"https:\/\/m.media-amazon.com\/images\/S\/aplus-media-library-service-media\/fbdff3cb-59d1-4f40-a3ad-289150b2a114.__CR0,0,860,860_PT0_SX300_V1___.jpg\">  <\/p>\n<p>                                                    Dise\u00f1o sin marcos                                       <\/p>\n<p> Adem\u00e1s de tener un aspecto moderno y atractivo, el dise\u00f1o sin marcos permite configuraciones integrales de varios monitores. No volver\u00e1s a perder el cursor o las ventanas en el abismo de los biseles oscuros cuando se coloquen muchas pantallas una junto a la otra. <\/p>\n<p class=\"apm-text-center\">\n                                                      <img decoding=\"async\" alt=\"altTextForImage\" src=\"https:\/\/images-na.ssl-images-amazon.com\/images\/G\/01\/x-locale\/common\/grey-pixel.gif\" class=\"a-spacing-mini a-lazy-loaded\" data-src=\"https:\/\/m.media-amazon.com\/images\/S\/aplus-media-library-service-media\/c08ff2f2-9fd9-4351-952d-45ef1cbe99dd.__CR0,0,860,860_PT0_SX300_V1___.jpg\"><img decoding=\"async\" alt=\"altTextForImage\" src=\"https:\/\/m.media-amazon.com\/images\/S\/aplus-media-library-service-media\/c08ff2f2-9fd9-4351-952d-45ef1cbe99dd.__CR0,0,860,860_PT0_SX300_V1___.jpg\">  <\/p>\n<p>                                                    Low Blue Light                                       <\/p>\n<p> La luz azul de onda corta puede ocasionar lesiones en la vista. La tecnolog\u00eda Anti Blue Light de AOC bloquea los rayos de luz azul da\u00f1inos sin alterar el color de la pantalla. Otros m\u00e9todos de reducci\u00f3n de la luz azul utilizan filtros o ajustes que oscurecen ligeramente o dan un tono amarillento a las im\u00e1genes. <\/p>\n<p class=\"apm-text-center\">\n                                                      <img decoding=\"async\" alt=\"altTextForImage\" src=\"https:\/\/images-na.ssl-images-amazon.com\/images\/G\/01\/x-locale\/common\/grey-pixel.gif\" class=\"a-spacing-mini a-lazy-loaded\" data-src=\"https:\/\/m.media-amazon.com\/images\/S\/aplus-media-library-service-media\/8dd372aa-c275-4f07-910e-f95e3e642dc5.__CR0,0,860,860_PT0_SX300_V1___.jpg\"><img decoding=\"async\" alt=\"altTextForImage\" src=\"https:\/\/m.media-amazon.com\/images\/S\/aplus-media-library-service-media\/8dd372aa-c275-4f07-910e-f95e3e642dc5.__CR0,0,860,860_PT0_SX300_V1___.jpg\">  <\/p>\n<p>                                                    Flicker Free                                       <\/p>\n<p> La tecnolog\u00eda Flicker-Free de AOC utiliza un panel de luz de fondo de corriente continua (corriente CC), que reduce los niveles de luz parpadeante. Al minimizar la fatiga visual y el cansancio, \u00a1prep\u00e1rate para disfrutar de esas largas e intensas sesiones de juego con incre\u00edble comodidad! <\/p>\n<p> Batteries                                            \u200f                                            :                                            \u200e                                            1 AAAA batteries required. (included)   <br \/> Language                                            \u200f                                            :                                            \u200e                                            English   <br \/> Product Dimensions                                            \u200f                                            :                                            \u200e                                            18.59 x 54.24 x 41 cm; 3.97 kg   <br \/> Manufacturer                                            \u200f                                            :                                            \u200e                                            AOC International   <br \/> ASIN                                            \u200f                                            :                                            \u200e                                            B0F1YWFNBT   <br \/> Item model number                                            \u200f                                            :                                            \u200e                                            24B31H   <br \/> Guaranteed software updates until                                            \u200f                                            :                                            \u200e                                            unknown   <br \/>  Customer reviews:                                                                                            4.2               4.2 out of 5 stars                                  (41)                                              var dpAcrHasRegisteredArcLinkClickAction;                    P.when(&#8216;A&#8217;, &#8216;ready&#8217;).execute(function(A) {                        if (dpAcrHasRegisteredArcLinkClickAction !== true) {                            dpAcrHasRegisteredArcLinkClickAction = true;                            A.declarative(                                &#8216;acrLink-click-metrics&#8217;, &#8216;click&#8217;,                                { \u00aballowLinkDefault\u00bb: true },                                function (event) {                                    if (window.ue) {                                        ue.count(\u00abacrLinkClickCount\u00bb, (ue.count(\u00abacrLinkClickCount\u00bb) || 0) + 1);                                    }                                }                            );                        }                    });                                             P.when(&#8216;A&#8217;, &#8216;cf&#8217;).execute(function(A) {                A.declarative(&#8216;acrStarsLink-click-metrics&#8217;, &#8216;click&#8217;, { \u00aballowLinkDefault\u00bb : true },  function(event){                    if(window.ue) {                        ue.count(\u00abacrStarsLinkWithPopoverClickCount\u00bb, (ue.count(\u00abacrStarsLinkWithPopoverClickCount\u00bb) || 0) + 1);                    }                });            });                          <\/p>\n<p>120Hz refresh rates for bright, ultra-smooth images<br \/>Sync the screen refresh rate with the graphics card to eliminate screen tearing and stuttering.<br \/>Reduces screen flicker to minimize eyestrain during prolonged use.<br \/>Reduces blue light emissions to decrease eye fatigue and improve comfort.<br \/>Fast 1ms response (MPRT) for crisp image and smooth gameplay<\/p>\n\n","protected":false},"excerpt":{"rendered":"<p> From the manufacturer Monitor 24B31H Potencia tu vista, con\u00e9ctate de forma inteligente Tama\u00f1o de la<\/p>","protected":false},"featured_media":23987,"comment_status":"open","ping_status":"closed","template":"","meta":[],"product_brand":[],"product_cat":[55],"product_tag":[1934,704,1936,1935,7100,1939,1802,247,2263,1940,307,367,1784,6951,639,1933,544,703,1937,248,844,2267,1938,200,7101],"class_list":{"0":"post-23986","1":"product","2":"type-product","3":"status-publish","4":"has-post-thumbnail","6":"product_cat-gaming-monitors","7":"product_tag-144hz-gaming-monitor","8":"product_tag-1920x1080","9":"product_tag-1ms-gaming-monitor","10":"product_tag-240hz-gaming-monitor","11":"product_tag-24b31h","12":"product_tag-27-inch-gaming-monitor","13":"product_tag-4k-gaming-monitor","14":"product_tag-adaptive","15":"product_tag-aoc","16":"product_tag-best-gaming-monitor","17":"product_tag-black","18":"product_tag-blue","19":"product_tag-curved-gaming-monitor","20":"product_tag-dsub","21":"product_tag-fhd","22":"product_tag-gaming-monitor","23":"product_tag-hdmi","24":"product_tag-ips","25":"product_tag-ips-gaming-monitor","26":"product_tag-light","27":"product_tag-monitor","28":"product_tag-mprt","29":"product_tag-rgb-gaming-monitor","30":"product_tag-sync","31":"product_tag-wled","33":"first","34":"instock","35":"shipping-taxable","36":"product-type-external"},"_links":{"self":[{"href":"https:\/\/comprasyconsejos.store\/en\/wp-json\/wp\/v2\/product\/23986","targetHints":{"allow":["GET"]}}],"collection":[{"href":"https:\/\/comprasyconsejos.store\/en\/wp-json\/wp\/v2\/product"}],"about":[{"href":"https:\/\/comprasyconsejos.store\/en\/wp-json\/wp\/v2\/types\/product"}],"replies":[{"embeddable":true,"href":"https:\/\/comprasyconsejos.store\/en\/wp-json\/wp\/v2\/comments?post=23986"}],"version-history":[{"count":0,"href":"https:\/\/comprasyconsejos.store\/en\/wp-json\/wp\/v2\/product\/23986\/revisions"}],"wp:featuredmedia":[{"embeddable":true,"href":"https:\/\/comprasyconsejos.store\/en\/wp-json\/wp\/v2\/media\/23987"}],"wp:attachment":[{"href":"https:\/\/comprasyconsejos.store\/en\/wp-json\/wp\/v2\/media?parent=23986"}],"wp:term":[{"taxonomy":"product_brand","embeddable":true,"href":"https:\/\/comprasyconsejos.store\/en\/wp-json\/wp\/v2\/product_brand?post=23986"},{"taxonomy":"product_cat","embeddable":true,"href":"https:\/\/comprasyconsejos.store\/en\/wp-json\/wp\/v2\/product_cat?post=23986"},{"taxonomy":"product_tag","embeddable":true,"href":"https:\/\/comprasyconsejos.store\/en\/wp-json\/wp\/v2\/product_tag?post=23986"}],"curies":[{"name":"wp","href":"https:\/\/api.w.org\/{rel}","templated":true}]}}