{"id":24018,"date":"2026-02-19T03:30:56","date_gmt":"2026-02-19T03:30:56","guid":{"rendered":"https:\/\/comprasyconsejos.store\/product\/lens-aid-camera-wrap-lens-etc-camera-bag-dslr-protection-digital-camera-wrap-bag-grey-casual\/"},"modified":"2026-02-19T03:31:01","modified_gmt":"2026-02-19T03:31:01","slug":"lens-aid-camera-wrap-lens-etc-camera-bag-dslr-protection-digital-camera-wrap-bag-grey-casual","status":"publish","type":"product","link":"https:\/\/comprasyconsejos.store\/en\/product\/lens-aid-camera-wrap-lens-etc-camera-bag-dslr-protection-digital-camera-wrap-bag-grey-casual\/","title":{"rendered":"LENS-AID Camera wrap, lens, etc., Camera bag, DSLR protection, Digital Camera, Wrap Bag, grey, Casual"},"content":{"rendered":"<p>Price: <span style=\"color:#b12704\">\u20ac9.90<\/span><br \/><i><small>(as of Feb 19, 2026 03:30:56 UTC &#8211; <span class=\"wp_automatic_amazon_disclaimer\" title=\"Product prices and availability are accurate as of the date\/time indicated and are subject to change. Any price and availability information displayed on [relevant Amazon Site(s), as applicable] at the time of purchase will apply to the purchase of this product.\">Details<\/span>)<\/small><\/i><\/p>\n<p><a href=\"https:\/\/amazon.es\/dp\/B07H736Z25?tag=man008-21\"><img decoding=\"async\" src=\"https:\/\/valvepress.s3.amazonaws.com\/imgs\/buy_now.png\"><\/a><br \/>\n<\/p>\n<p>                                             Product Description   <\/p>\n<p>                                                                                                       <img decoding=\"async\" alt=\"LA-TWP\" src=\"https:\/\/images-na.ssl-images-amazon.com\/images\/G\/01\/x-locale\/common\/grey-pixel.gif\" class=\"a-lazy-loaded\" data-src=\"https:\/\/m.media-amazon.com\/images\/S\/aplus-media-library-service-media\/a7e61c4e-4c1e-49b3-8cc0-1c0fd08807c6.__CR0,0,1464,600_PT0_SX1464_V1___.png\"><img decoding=\"async\" alt=\"LA-TWP\" src=\"https:\/\/m.media-amazon.com\/images\/S\/aplus-media-library-service-media\/a7e61c4e-4c1e-49b3-8cc0-1c0fd08807c6.__CR0,0,1464,600_PT0_SX1464_V1___.png\">                                               <\/p>\n<p>                                                                                                       <img decoding=\"async\" alt=\"LA-TWP\" src=\"https:\/\/images-na.ssl-images-amazon.com\/images\/G\/01\/x-locale\/common\/grey-pixel.gif\" class=\"a-lazy-loaded\" data-src=\"https:\/\/m.media-amazon.com\/images\/S\/aplus-media-library-service-media\/841d6b49-e177-43dd-a152-3bed60d48d90.__CR0,0,1464,600_PT0_SX1464_V1___.png\"><img decoding=\"async\" alt=\"LA-TWP\" src=\"https:\/\/m.media-amazon.com\/images\/S\/aplus-media-library-service-media\/841d6b49-e177-43dd-a152-3bed60d48d90.__CR0,0,1464,600_PT0_SX1464_V1___.png\">                                               <\/p>\n<p>                                                                                                       <img decoding=\"async\" alt=\"LA-TWP\" src=\"https:\/\/images-na.ssl-images-amazon.com\/images\/G\/01\/x-locale\/common\/grey-pixel.gif\" class=\"a-lazy-loaded\" data-src=\"https:\/\/m.media-amazon.com\/images\/S\/aplus-media-library-service-media\/fa882121-1899-43e4-811b-d863907d71d6.__CR0,0,1464,600_PT0_SX1464_V1___.png\"><img decoding=\"async\" alt=\"LA-TWP\" src=\"https:\/\/m.media-amazon.com\/images\/S\/aplus-media-library-service-media\/fa882121-1899-43e4-811b-d863907d71d6.__CR0,0,1464,600_PT0_SX1464_V1___.png\">                                               <\/p>\n<p>                                                                                                       <img decoding=\"async\" alt=\"LA-TWP\" src=\"https:\/\/images-na.ssl-images-amazon.com\/images\/G\/01\/x-locale\/common\/grey-pixel.gif\" class=\"a-lazy-loaded\" data-src=\"https:\/\/m.media-amazon.com\/images\/S\/aplus-media-library-service-media\/dc46f436-b202-4ece-880d-fb2a44c38fc4.__CR0,0,1464,600_PT0_SX1464_V1___.png\"><img decoding=\"async\" alt=\"LA-TWP\" src=\"https:\/\/m.media-amazon.com\/images\/S\/aplus-media-library-service-media\/dc46f436-b202-4ece-880d-fb2a44c38fc4.__CR0,0,1464,600_PT0_SX1464_V1___.png\">                                               <\/p>\n<p>                                                                                                       <img decoding=\"async\" alt=\"Team SP\" src=\"https:\/\/images-na.ssl-images-amazon.com\/images\/G\/01\/x-locale\/common\/grey-pixel.gif\" class=\"a-lazy-loaded\" data-src=\"https:\/\/m.media-amazon.com\/images\/S\/aplus-media-library-service-media\/14b67e5c-10ef-4af3-a747-fb4533d78935.__CR0,0,1464,600_PT0_SX1464_V1___.png\"><img decoding=\"async\" alt=\"Team SP\" src=\"https:\/\/m.media-amazon.com\/images\/S\/aplus-media-library-service-media\/14b67e5c-10ef-4af3-a747-fb4533d78935.__CR0,0,1464,600_PT0_SX1464_V1___.png\">                                               <\/p>\n<p>                                                            Descubre nuestros productos                                            <img decoding=\"async\" alt=\"Kamerabeutel\" src=\"https:\/\/images-na.ssl-images-amazon.com\/images\/G\/01\/x-locale\/common\/grey-pixel.gif\" class=\"a-lazy-loaded\" data-src=\"https:\/\/m.media-amazon.com\/images\/S\/aplus-media-library-service-media\/d9dc7584-4f86-4fcd-bc03-0ffffefb1b96.__CR0,0,300,225_PT0_SX300_V1___.png\"><img decoding=\"async\" alt=\"Kamerabeutel\" src=\"https:\/\/m.media-amazon.com\/images\/S\/aplus-media-library-service-media\/d9dc7584-4f86-4fcd-bc03-0ffffefb1b96.__CR0,0,300,225_PT0_SX300_V1___.png\">                                            Bolsa de c\u00e1mara de neopreno                                         <\/p>\n<p class=\"aplus-p3\"> Bolsa de neopreno con forro de felpa para proteger tu c\u00e1mara. Disponible en varios tama\u00f1os para modelos comunes. <\/p>\n<p>                                           <img decoding=\"async\" alt=\"Objektivbeutel\" src=\"https:\/\/images-na.ssl-images-amazon.com\/images\/G\/01\/x-locale\/common\/grey-pixel.gif\" class=\"a-lazy-loaded\" data-src=\"https:\/\/m.media-amazon.com\/images\/S\/aplus-media-library-service-media\/6cd897de-bc95-445e-bce8-a642105b8b15.__CR0,0,300,225_PT0_SX300_V1___.png\"><img decoding=\"async\" alt=\"Objektivbeutel\" src=\"https:\/\/m.media-amazon.com\/images\/S\/aplus-media-library-service-media\/6cd897de-bc95-445e-bce8-a642105b8b15.__CR0,0,300,225_PT0_SX300_V1___.png\">                                            Bolsa de objetivo de neopreno                                         <\/p>\n<p class=\"aplus-p3\"> Bolsa de neopreno con forro de felpa para proteger los objetivos de la c\u00e1mara. Disponible en varios tama\u00f1os. <\/p>\n<p>                                           <img decoding=\"async\" alt=\"Linsenpapier\" src=\"https:\/\/images-na.ssl-images-amazon.com\/images\/G\/01\/x-locale\/common\/grey-pixel.gif\" class=\"a-lazy-loaded\" data-src=\"https:\/\/m.media-amazon.com\/images\/S\/aplus-media-library-service-media\/1cfe39bc-2c9a-4592-b240-a6262899445e.__CR0,0,300,225_PT0_SX300_V1___.png\"><img decoding=\"async\" alt=\"Linsenpapier\" src=\"https:\/\/m.media-amazon.com\/images\/S\/aplus-media-library-service-media\/1cfe39bc-2c9a-4592-b240-a6262899445e.__CR0,0,300,225_PT0_SX300_V1___.png\">                                            Papel para lentes                                         <\/p>\n<p class=\"aplus-p3\"> Papel para lentes: 200 pa\u00f1os resistentes a desgarros, ideales para limpiezas r\u00e1pidas de objetivos, pantallas y gafas. <\/p>\n<p>                                           <img decoding=\"async\" alt=\"Objektivdeckel\" src=\"https:\/\/images-na.ssl-images-amazon.com\/images\/G\/01\/x-locale\/common\/grey-pixel.gif\" class=\"a-lazy-loaded\" data-src=\"https:\/\/m.media-amazon.com\/images\/S\/aplus-media-library-service-media\/54a9b3fb-8f15-4a3c-9e57-5a9694c81137.__CR0,0,300,225_PT0_SX300_V1___.png\"><img decoding=\"async\" alt=\"Objektivdeckel\" src=\"https:\/\/m.media-amazon.com\/images\/S\/aplus-media-library-service-media\/54a9b3fb-8f15-4a3c-9e57-5a9694c81137.__CR0,0,300,225_PT0_SX300_V1___.png\">                                            Tapa de objetivo                                         <\/p>\n<p class=\"aplus-p3\"> Tapa de objetivo de repuesto para todos los fabricantes de c\u00e1maras comunes. Disponible en diferentes tama\u00f1os, con un pr\u00e1ctico mecanismo de cierre. <\/p>\n<p> Is discontinued by manufacturer                                            \u200f                                            :                                            \u200e                                            No   <br \/> Product Dimensions                                            \u200f                                            :                                            \u200e                                            30 x 25 x 0.5 cm; 40.82 g   <br \/> Date First Available                                            \u200f                                            :                                            \u200e                                            20 Sept. 2018   <br \/> Manufacturer                                            \u200f                                            :                                            \u200e                                            Lens-Aid   <br \/> ASIN                                            \u200f                                            :                                            \u200e                                            B07H736Z25   <br \/> Item model number                                            \u200f                                            :                                            \u200e                                            LA-TW   <br \/> Country of origin                                            \u200f                                            :                                            \u200e                                            China   <br \/> Department                                            \u200f                                            :                                            \u200e                                            Unisex   <br \/>       Best Sellers Rank:  13 in Camera Lens Cases       <br \/>  Customer reviews:                                                                                            4.3               4.3 out of 5 stars                                  (590)                                              var dpAcrHasRegisteredArcLinkClickAction;                    P.when(&#8216;A&#8217;, &#8216;ready&#8217;).execute(function(A) {                        if (dpAcrHasRegisteredArcLinkClickAction !== true) {                            dpAcrHasRegisteredArcLinkClickAction = true;                            A.declarative(                                &#8216;acrLink-click-metrics&#8217;, &#8216;click&#8217;,                                { \u00aballowLinkDefault\u00bb: true },                                function (event) {                                    if (window.ue) {                                        ue.count(\u00abacrLinkClickCount\u00bb, (ue.count(\u00abacrLinkClickCount\u00bb) || 0) + 1);                                    }                                }                            );                        }                    });                                             P.when(&#8216;A&#8217;, &#8216;cf&#8217;).execute(function(A) {                A.declarative(&#8216;acrStarsLink-click-metrics&#8217;, &#8216;click&#8217;, { \u00aballowLinkDefault\u00bb : true },  function(event){                    if(window.ue) {                        ue.count(\u00abacrStarsLinkWithPopoverClickCount\u00bb, (ue.count(\u00abacrStarsLinkWithPopoverClickCount\u00bb) || 0) + 1);                    }                });            });                          <\/p>\n<p>\u2705 SAVE SPACE IN BACKPACK &#8211; Takes up less than a padded bag. Ideal for travel, excursions, city or carry-on luggage. Super lightweight, fits into any pocket.<br \/>Basic protection for your equipment \u2013 protects against dust, scratches and dirt. Ideal for storing your camera or lens securely without wearing it loosely.<br \/>\u2705 EASY TO USE &#8211; Wrap around your camera in seconds. Perfect for quickly changing targets or storing and removing equipment without wasting time.<br \/>\u2705 FLEXIBLE, WASHABLE AND DURABLE &#8211; The material adapts to the contents and can be washed at 40\u00b0C. Perfect for daily use, travel and outdoor photography.<br \/>\u2705 AVAILABLE IN 3 SIZES \u2013 From compact cameras to DSLR with long lenses. Sizes S, M and L &#8211; or as a complete set for maximum flexibility.<\/p>\n\n","protected":false},"excerpt":{"rendered":"<p> Product Description Descubre nuestros productos Bolsa de c\u00e1mara de neopreno Bolsa de neopreno con forro<\/p>","protected":false},"featured_media":24019,"comment_status":"open","ping_status":"closed","template":"","meta":[],"product_brand":[],"product_cat":[96],"product_tag":[1858,4236,681,1859,1861,3346,1865,1854,2503,1855,204,2160,7109,1856,1863,1860,882,1862,1857,7110],"class_list":{"0":"post-24018","1":"product","2":"type-product","3":"status-publish","4":"has-post-thumbnail","6":"product_cat-photo-video","7":"product_tag-action-cameras","8":"product_tag-bag","9":"product_tag-camera","10":"product_tag-camera-accessories","11":"product_tag-camera-lenses","12":"product_tag-casual","13":"product_tag-digital","14":"product_tag-digital-cameras","15":"product_tag-dslr","16":"product_tag-dslr-cameras","17":"product_tag-grey","18":"product_tag-lens","19":"product_tag-lensaid","20":"product_tag-mirrorless-cameras","21":"product_tag-photo-equipment","22":"product_tag-professional-camera","23":"product_tag-protection","24":"product_tag-tripods","25":"product_tag-video-cameras","26":"product_tag-wrap","28":"first","29":"instock","30":"shipping-taxable","31":"product-type-external"},"_links":{"self":[{"href":"https:\/\/comprasyconsejos.store\/en\/wp-json\/wp\/v2\/product\/24018","targetHints":{"allow":["GET"]}}],"collection":[{"href":"https:\/\/comprasyconsejos.store\/en\/wp-json\/wp\/v2\/product"}],"about":[{"href":"https:\/\/comprasyconsejos.store\/en\/wp-json\/wp\/v2\/types\/product"}],"replies":[{"embeddable":true,"href":"https:\/\/comprasyconsejos.store\/en\/wp-json\/wp\/v2\/comments?post=24018"}],"version-history":[{"count":0,"href":"https:\/\/comprasyconsejos.store\/en\/wp-json\/wp\/v2\/product\/24018\/revisions"}],"wp:featuredmedia":[{"embeddable":true,"href":"https:\/\/comprasyconsejos.store\/en\/wp-json\/wp\/v2\/media\/24019"}],"wp:attachment":[{"href":"https:\/\/comprasyconsejos.store\/en\/wp-json\/wp\/v2\/media?parent=24018"}],"wp:term":[{"taxonomy":"product_brand","embeddable":true,"href":"https:\/\/comprasyconsejos.store\/en\/wp-json\/wp\/v2\/product_brand?post=24018"},{"taxonomy":"product_cat","embeddable":true,"href":"https:\/\/comprasyconsejos.store\/en\/wp-json\/wp\/v2\/product_cat?post=24018"},{"taxonomy":"product_tag","embeddable":true,"href":"https:\/\/comprasyconsejos.store\/en\/wp-json\/wp\/v2\/product_tag?post=24018"}],"curies":[{"name":"wp","href":"https:\/\/api.w.org\/{rel}","templated":true}]}}